{"id":1078,"date":"2016-04-01T14:12:39","date_gmt":"2016-04-01T12:12:39","guid":{"rendered":"http:\/\/bkf.gdu.edu.az\/?page_id=1078"},"modified":"2016-05-16T14:16:13","modified_gmt":"2016-05-16T12:16:13","slug":"m%c9%99mm%c9%99dov-b%c9%99hruz-sahib-oglu","status":"publish","type":"page","link":"https:\/\/bkf.gdu.edu.az\/?page_id=1078","title":{"rendered":"M\u0259mm\u0259dov B\u0259hruz Sahib o\u011flu"},"content":{"rendered":"<p><a href=\"http:\/\/bkf.gdu.edu.az\/wp-content\/uploads\/2016\/05\/11111.jpg\"><img loading=\"lazy\" decoding=\"async\" class=\" wp-image-1079\" src=\"http:\/\/bkf.gdu.edu.az\/wp-content\/uploads\/2016\/05\/11111.jpg\" alt=\"????????????????????????????????????\" width=\"300\" height=\"383\" \/><\/a><\/p>\n<p style=\"text-align: justify;\">\u00a0B\u0259hruz M\u0259mm\u0259dov \u00a02004-2008 ci ill\u0259r aras\u0131 G\u0259nc\u0259 Dovl\u0259t Universit\u0259tinin Kimya-Biologiya fak\u00fclt\u0259sind\u0259 kimya ixtisas\u0131 \u00fczr\u0259 t\u0259hsil al\u0131b. \u00a0O h\u0259l\u0259 t\u0259l\u0259b\u0259lik ill\u0259ri \u0259rzind\u0259 \u201cBuxar m\u00fch\u0259ndislik \u201c \u015firk\u0259tind\u0259 \u00a0kimya\u00e7\u0131 olaraq \u00e7al\u0131\u015f\u0131rd\u0131.T\u0259hsilini bitirdikd\u0259n sonra, 2008-2009-cu ill\u0259rd\u0259 h\u0259rbi xidm\u0259td\u0259 olub. H\u0259rbi xidm\u0259ti bitirdikd\u0259n sonra Az\u0259rbaycan\u0131n ilk q\u0131z\u0131l m\u0259d\u0259ni olan Az\u0259rbaycan B\u0259yn\u0259lxalq M\u0259d\u0259n \u018fm\u0259liyyat \u015eirk\u0259tind\u0259 kimya\u00e7\u0131 laborant olaraq faliy\u0259t\u0259 ba\u015flam\u0131\u015fd\u0131r. Q\u0131sa m\u00fcdd\u0259t \u0259rzind\u0259 mis zavodunda \u0259m\u0259liyat i\u015fl\u0259ri \u00fczr\u0259 m\u00fch\u0259ndis v\u0259 n\u00f6vb\u0259ti 6 ay m\u00fcdd\u0259tind\u0259 h\u0259m q\u0131z\u0131l, h\u0259m d\u0259 mis zavodunda proses m\u00fch\u0259ndisi v\u0259zif\u0259sin\u0259 kimi y\u00fcks\u0259lmi\u015fdir. N\u00f6vb\u0259di 1 ild\u0259n sonra Az\u0259rbaycan Respublikasinin ilk v\u0259 t\u0259k q\u0131z\u0131l m\u0259d\u0259nind\u0259 apar\u0131c\u0131 m\u00fch\u0259ndis v\u0259zif\u0259sin\u0259 g\u0259tirildi.\u00dcmimilikd\u0259 \u00a0Az\u0259rbaycan B\u0259yn\u0259lxalq M\u0259d\u0259n \u018fm\u0259liyyat \u015eirk\u0259tind\u0259 3-4 il i\u015fl\u0259dikd\u0259n sonra t\u0259hsilini Avropada davam etdirm\u0259k q\u0259rar\u0131na g\u0259lmi\u015fdir. 2012 \u2013ci ilin Sentiyabr\u0131nda Niderland krall\u0131\u011f\u0131nda Kimya m\u00fch\u0259ndisliyi fak\u00fclt\u0259sinin material m\u00fch\u0259ndisliyi ixtisas\u0131 \u00fczr\u0259 t\u0259hsilini davam etdirmi\u015fdir. Bundan ba\u015fqa ixtisas kimi nanomateriallar istiqam\u0259tini \u0259sas g\u00f6t\u00fcrm\u00fc\u015fd\u00fcr. Bel\u0259 ki Twente Universitetinin n\u0259znind\u0259 olan M\u018fSA+ inistitu nanotexnalogiya \u00fczr\u0259 avropada \u0259n b\u00f6y\u00fck universitetdir. \u00a0B\u0259hruz M\u0259mm\u0259dov seramik nanolifl\u0259r \u00fczr\u0259 magistr m\u00f6vzusunu m\u00fcdafiy\u0259 etdikd\u0259n sonra, \u00a0praktika ke\u00e7m\u0259k \u00fc\u00e7\u00fcn Almaniyaya d\u00fcnyan\u0131n \u0259n b\u00f6y\u00fck kimy\u0259vi \u015firk\u0259ti olan BASF-a getmi\u015fdir. Yarim il burda praktika ke\u00e7dikd\u0259n sonra 2014-c\u00fc ild\u0259 Eur\u0259kit\u0259 \u015firk\u0259tinin \u0259sas\u0131n\u0131 qoymu\u015fdur. \u015eirk\u0259t seramik nanolifl\u0259r \u0259sas\u0131nd\u0259 y\u0259ni tip materiallar\u0131n haz\u0131lanmas\u0131 il\u0259 m\u0259s\u011fuldur. \u015eirk\u0259t \u00a02014-\u00fc ild\u0259 Niderland innovasiyalara d\u0259st\u0259k fondundan 40000 Euro ilkin investsiya aldi. \u018fld\u0259 olunan n\u0259tic\u0259l\u0259r Amerikanin \u0259n u\u011furlu \u00a0investisiya \u015firk\u0259ti olan Cottonwood-un diqq\u0259tini c\u0259lb etmi\u015fdir. Uzun s\u00fcr\u0259n dan\u0131\u015f\u0131qlardan sonra Cottonwood \u015fik\u0259ti 2.6 milyon dollar qiym\u0259tl\u0259ndirm\u0259d\u0259 1.15 milyon investisiya yat\u0131rm\u0131\u015fd\u0131r. B\u0259hruz M\u0259mm\u0259dov hal-haz\u0131rda Eurekit\u0259 \u015firk\u0259tinin \u0259sas s\u0259hmdarlar\u0131ndan biri olmaqla yana\u015f\u0131 maliyy\u0259 v\u0259 \u0259m\u0259liyyat i\u015fl\u0259ri \u00fczr\u0259 icra\u00e7i direktor i\u015fl\u0259yir. Hal-hazirda Eurekit\u0259 \u015firk\u0259ti ikinci round investisiyan\u0131n al\u0131nmasi v\u0259 bunulada \u015firk\u0259tin beyn\u0259lxalq baza cixmasi \u00fcz\u0259rind\u0259 calisir.<\/p>\n","protected":false},"excerpt":{"rendered":"<p>\u00a0B\u0259hruz M\u0259mm\u0259dov \u00a02004-2008 ci ill\u0259r aras\u0131 G\u0259nc\u0259 Dovl\u0259t Universit\u0259tinin Kimya-Biologiya fak\u00fclt\u0259sind\u0259 kimya ixtisas\u0131 \u00fczr\u0259 t\u0259hsil al\u0131b. \u00a0O h\u0259l\u0259 t\u0259l\u0259b\u0259lik ill\u0259ri \u0259rzind\u0259 \u201cBuxar m\u00fch\u0259ndislik \u201c \u015firk\u0259tind\u0259 \u00a0kimya\u00e7\u0131 olaraq \u00e7al\u0131\u015f\u0131rd\u0131.T\u0259hsilini bitirdikd\u0259n sonra, 2008-2009-cu ill\u0259rd\u0259 h\u0259rbi xidm\u0259td\u0259 olub. H\u0259rbi xidm\u0259ti bitirdikd\u0259n sonra Az\u0259rbaycan\u0131n ilk q\u0131z\u0131l m\u0259d\u0259ni olan Az\u0259rbaycan B\u0259yn\u0259lxalq M\u0259d\u0259n \u018fm\u0259liyyat \u015eirk\u0259tind\u0259 kimya\u00e7\u0131 laborant olaraq faliy\u0259t\u0259 ba\u015flam\u0131\u015fd\u0131r. Q\u0131sa [&hellip;]<\/p>\n","protected":false},"author":3,"featured_media":1079,"parent":0,"menu_order":0,"comment_status":"closed","ping_status":"closed","template":"","meta":{"footnotes":""},"categories":[42],"tags":[],"_links":{"self":[{"href":"https:\/\/bkf.gdu.edu.az\/index.php?rest_route=\/wp\/v2\/pages\/1078"}],"collection":[{"href":"https:\/\/bkf.gdu.edu.az\/index.php?rest_route=\/wp\/v2\/pages"}],"about":[{"href":"https:\/\/bkf.gdu.edu.az\/index.php?rest_route=\/wp\/v2\/types\/page"}],"author":[{"embeddable":true,"href":"https:\/\/bkf.gdu.edu.az\/index.php?rest_route=\/wp\/v2\/users\/3"}],"replies":[{"embeddable":true,"href":"https:\/\/bkf.gdu.edu.az\/index.php?rest_route=%2Fwp%2Fv2%2Fcomments&post=1078"}],"version-history":[{"count":1,"href":"https:\/\/bkf.gdu.edu.az\/index.php?rest_route=\/wp\/v2\/pages\/1078\/revisions"}],"predecessor-version":[{"id":1080,"href":"https:\/\/bkf.gdu.edu.az\/index.php?rest_route=\/wp\/v2\/pages\/1078\/revisions\/1080"}],"wp:featuredmedia":[{"embeddable":true,"href":"https:\/\/bkf.gdu.edu.az\/index.php?rest_route=\/wp\/v2\/media\/1079"}],"wp:attachment":[{"href":"https:\/\/bkf.gdu.edu.az\/index.php?rest_route=%2Fwp%2Fv2%2Fmedia&parent=1078"}],"wp:term":[{"taxonomy":"category","embeddable":true,"href":"https:\/\/bkf.gdu.edu.az\/index.php?rest_route=%2Fwp%2Fv2%2Fcategories&post=1078"},{"taxonomy":"post_tag","embeddable":true,"href":"https:\/\/bkf.gdu.edu.az\/index.php?rest_route=%2Fwp%2Fv2%2Ftags&post=1078"}],"curies":[{"name":"wp","href":"https:\/\/api.w.org\/{rel}","templated":true}]}}