{"id":1300,"date":"2016-04-04T13:04:04","date_gmt":"2016-04-04T11:04:04","guid":{"rendered":"http:\/\/bkf.gdu.edu.az\/?page_id=1300"},"modified":"2016-10-31T13:09:52","modified_gmt":"2016-10-31T11:09:52","slug":"1300-2","status":"publish","type":"page","link":"https:\/\/bkf.gdu.edu.az\/?page_id=1300","title":{"rendered":"AMEA A\u015fqarlar Kimyas\u0131 \u0130nstitutunun &#8220;A\u015fqarlar\u0131n sintezi v\u0259 t\u0259sir mexaniminin n\u0259z\u0259ri \u0259saslar\u0131&#8221; laboratoriyas\u0131n\u0131n m\u00fcdir \u0259v\u0259zi, G\u0259nc Alim v\u0259 M\u00fct\u0259x\u0259ssisl\u0259r \u015euras\u0131n\u0131n s\u0259dri, kimya \u00fczr\u0259 f\u0259ls\u0259f\u0259 doktoru \u018ffsun R\u0259zzaq o\u011flu Sucayev."},"content":{"rendered":"<p><a href=\"http:\/\/bkf.gdu.edu.az\/wp-content\/uploads\/2016\/10\/\u0420\u0438\u0441\u0443\u043d\u043e\u043a1.jpg\"><img loading=\"lazy\" decoding=\"async\" class=\"alignnone wp-image-1301 alignleft\" src=\"http:\/\/bkf.gdu.edu.az\/wp-content\/uploads\/2016\/10\/\u0420\u0438\u0441\u0443\u043d\u043e\u043a1.jpg\" alt=\"%d1%80%d0%b8%d1%81%d1%83%d0%bd%d0%be%d0%ba1\" width=\"246\" height=\"302\" \/><\/a><strong>QISA B\u0130OQRAF\u0130K M\u018fLUMAT<\/strong><\/p>\n<p>Sucayev \u018ffsun R\u0259zzaq o\u011flu 1979-cu ild\u0259 anadan olmu\u015fdur. 1997-ci ild\u0259 H.Z\u0259rdabi ad\u0131na G\u0259nc\u0259 D\u00f6vl\u0259t Pedaqoji \u0130nstitutuna daxil olmu\u015fam. 2001-ci ild\u0259 kimya v\u0259 biologiya ixtisas\u0131 \u00fczr\u0259 bakalavr, 2003-c\u00fc ild\u0259 is\u0259 \u00fczvi kimya ixtisas\u0131 \u00fczr\u0259 magistratura pill\u0259sini f\u0259rql\u0259nm\u0259 diplomu il\u0259 ba\u015fa vurmu\u015fdur. H\u0259min ild\u0259 Az\u0259rbaycan Milli Elml\u0259r Akademiyas\u0131n\u0131n (AMEA) akad. \u018f.M.Quliyev ad\u0131na A\u015fqarlar Kimyas\u0131 \u0130nstitutunun doktoranturas\u0131na daxil olmu\u015fdur. 2007-ci ild\u0259 m\u00fcdafi\u0259 ed\u0259r\u0259k kimya \u00fczr\u0259 f\u0259ls\u0259f\u0259 doktoru elmi d\u0259r\u0259c\u0259sin\u0259 layiq g\u00f6r\u00fclm\u00fc\u015fd\u00fcr.<br \/>\nHaz\u0131rda A\u015fqarlar Kimyas\u0131 \u0130nstitutunda \u201cA\u015fqarlarin sintezi v\u0259 t\u0259sir mexanizminin n\u0259z\u0259ri \u0259saslar\u0131\u201d laboratoriyas\u0131nda apar\u0131c\u0131 elmi i\u015f\u00e7i v\u0259 m\u00fcdir \u0259v\u0259zi v\u0259zif\u0259sind\u0259 \u00e7al\u0131\u015f\u0131r. 2012-ci ild\u0259n is\u0259 AK\u0130-nin elml\u0259r doktorlu\u011fu haz\u0131rl\u0131\u011f\u0131 \u00fczr\u0259 doktorant\u0131d\u0131r, doktorluq elmi i\u015fini m\u00fcdafi\u0259 \u0259r\u0259f\u0259sind\u0259dir.<br \/>\nOnun fund\u0430ment\u0430l t\u0259dqiq\u0430tl\u0430r s\u0430h\u0259sind\u0259 \u0430p\u0430rd\u0131\u011f\u0131 i\u015fl\u0259r n\u0259tic\u0259sind\u0259 m\u00fcxt\u0259lif funksiy\u0430l\u0131 \u0430\u015fq\u0430rl\u0430r\u0131n t\u0259sir mex\u0430nizmi \u00f6yr\u0259nilmi\u015f, \u0430\u015fq\u0430rl\u0430r\u0131n t\u0259rkibi, qurulu\u015fu v\u0259 funksi\u043en\u0430l x\u0430ss\u0259l\u0259ri \u0430r\u0430s\u0131nd\u0430k\u0131 \u0430s\u0131l\u0131l\u0131q m\u00fc\u0259yy\u0259nl\u0259\u015fdirilmi\u015fdir. Bu t\u0259dqiq\u0430tl\u0430r n\u0259tic\u0259sind\u0259 y\u00fcks\u0259k t\u0259sir\u0259 m\u0430lik \u0430\u015fq\u0430rl\u0430r\u0131n \u043eptim\u0430l qurulu\u015fu pr\u043eqn\u043ezl\u0430\u015fd\u0131r\u0131lm\u0131\u015f v\u0259 sintez edilmi\u015fdir. \u0130lk d\u0259f\u0259 \u0130taliya, T\u00fcrkiy\u0259 v\u0259 \u0130ran aliml\u0259ri il\u0259 m\u00fc\u015ft\u0259r\u0259k yerin\u0259 yetirdiyi t\u0259dqiqatlar n\u0259tic\u0259sind\u0259 50-d\u0259n art\u0131q di-, tetra-, heksahidroprimidintionlar, onlar\u0131n xlorlu v\u0259 sulfamidl\u0259rd\u0259n ibar\u0259t yeni t\u00f6r\u0259m\u0259l\u0259ri sintez edilmi\u015f v\u0259 f\u0259rqli metodla antioksidant, karboanhidraz I, II izoenziml\u0259r \u00fczr\u0259 y\u00fcks\u0259k inhibitor t\u0259sirl\u0259ri m\u00fc\u0259yy\u0259nl\u0259\u015fdirilmi\u015fdir.<br \/>\n\u018ffsun Sucayev b\u00f6y\u00fck t\u0259cr\u00fcb\u0259y\u0259 malik y\u00fcks\u0259k ixtisasl\u0131 elmi t\u0259dqiqat\u00e7\u0131d\u0131r. Onun apard\u0131\u011f\u0131 elmi-t\u0259dqiqat i\u015fl\u0259rinin yeniliyi Az\u0259rbaycan Respublikas\u0131 Standartla\u015fd\u0131rma, Metrologiya v\u0259 Patent \u00fczr\u0259 D\u00f6vl\u0259t Komit\u0259si t\u0259r\u0259find\u0259n verilmi\u015f 2 patentl\u0259 t\u0259sdiq edilir. Apard\u0131\u011f\u0131 t\u0259dqiqatlar\u0131n \u0259sas n\u0259tic\u0259l\u0259ri indiy\u0259 q\u0259d\u0259r 40 elmi \u0259s\u0259rd\u0259 \u00f6z \u0259ksini tapm\u0131\u015fd\u0131r. Son ill\u0259r 18 m\u0259qal\u0259si AB\u015e, B\u00f6y\u00fck Britaniya, Rusiya, T\u00fcrkiy\u0259, \u00c7exiyan\u0131n \u201cScience Citation \u0130ndex\u201d\u0259 daxil olan resenziyal\u0131 elmi jurnallar\u0131nda d\u0259rc edilmi\u015fdir. Eyni zamanda elm v\u0259 t\u0259hsilin m\u00fcxt\u0259lif sah\u0259l\u0259rin\u0259 aid 100-d\u0259n art\u0131q publisistik m\u0259qal\u0259l\u0259rin m\u00fc\u0259llifidir.<br \/>\n\u018f.R.Sucayev xarici \u00f6lk\u0259l\u0259rd\u0259 beyn\u0259lxalq konfrans v\u0259 elmi simpoziumlarda \u00f6lk\u0259mizi layiqinc\u0259 t\u0259msil edir. O, h\u0259m\u00e7inin A\u015fqarlar Kimyas\u0131 \u0130nstitutunun G\u0259nc Alim v\u0259 M\u00fct\u0259x\u0259ssisl\u0259r \u015euras\u0131n\u0131n s\u0259dri olaraq ictimai i\u015fl\u0259rd\u0259 d\u0259 f\u0259all\u0131q n\u00fcmayi\u015f etdirir, institutda \u00e7al\u0131\u015fan b\u00fct\u00fcn g\u0259nc aliml\u0259r, doktorant v\u0259 disertantlara yax\u0131ndan k\u00f6m\u0259klik g\u00f6st\u0259rir.<\/p>\n","protected":false},"excerpt":{"rendered":"<p>QISA B\u0130OQRAF\u0130K M\u018fLUMAT Sucayev \u018ffsun R\u0259zzaq o\u011flu 1979-cu ild\u0259 anadan olmu\u015fdur. 1997-ci ild\u0259 H.Z\u0259rdabi ad\u0131na G\u0259nc\u0259 D\u00f6vl\u0259t Pedaqoji \u0130nstitutuna daxil olmu\u015fam. 2001-ci ild\u0259 kimya v\u0259 biologiya ixtisas\u0131 \u00fczr\u0259 bakalavr, 2003-c\u00fc ild\u0259 is\u0259 \u00fczvi kimya ixtisas\u0131 \u00fczr\u0259 magistratura pill\u0259sini f\u0259rql\u0259nm\u0259 diplomu il\u0259 ba\u015fa vurmu\u015fdur. H\u0259min ild\u0259 Az\u0259rbaycan Milli Elml\u0259r Akademiyas\u0131n\u0131n (AMEA) akad. \u018f.M.Quliyev ad\u0131na A\u015fqarlar Kimyas\u0131 [&hellip;]<\/p>\n","protected":false},"author":3,"featured_media":1301,"parent":0,"menu_order":0,"comment_status":"closed","ping_status":"closed","template":"","meta":{"footnotes":""},"categories":[42],"tags":[],"_links":{"self":[{"href":"https:\/\/bkf.gdu.edu.az\/index.php?rest_route=\/wp\/v2\/pages\/1300"}],"collection":[{"href":"https:\/\/bkf.gdu.edu.az\/index.php?rest_route=\/wp\/v2\/pages"}],"about":[{"href":"https:\/\/bkf.gdu.edu.az\/index.php?rest_route=\/wp\/v2\/types\/page"}],"author":[{"embeddable":true,"href":"https:\/\/bkf.gdu.edu.az\/index.php?rest_route=\/wp\/v2\/users\/3"}],"replies":[{"embeddable":true,"href":"https:\/\/bkf.gdu.edu.az\/index.php?rest_route=%2Fwp%2Fv2%2Fcomments&post=1300"}],"version-history":[{"count":6,"href":"https:\/\/bkf.gdu.edu.az\/index.php?rest_route=\/wp\/v2\/pages\/1300\/revisions"}],"predecessor-version":[{"id":1307,"href":"https:\/\/bkf.gdu.edu.az\/index.php?rest_route=\/wp\/v2\/pages\/1300\/revisions\/1307"}],"wp:featuredmedia":[{"embeddable":true,"href":"https:\/\/bkf.gdu.edu.az\/index.php?rest_route=\/wp\/v2\/media\/1301"}],"wp:attachment":[{"href":"https:\/\/bkf.gdu.edu.az\/index.php?rest_route=%2Fwp%2Fv2%2Fmedia&parent=1300"}],"wp:term":[{"taxonomy":"category","embeddable":true,"href":"https:\/\/bkf.gdu.edu.az\/index.php?rest_route=%2Fwp%2Fv2%2Fcategories&post=1300"},{"taxonomy":"post_tag","embeddable":true,"href":"https:\/\/bkf.gdu.edu.az\/index.php?rest_route=%2Fwp%2Fv2%2Ftags&post=1300"}],"curies":[{"name":"wp","href":"https:\/\/api.w.org\/{rel}","templated":true}]}}