{"id":149,"date":"2016-02-24T08:26:42","date_gmt":"2016-02-24T06:26:42","guid":{"rendered":"http:\/\/bkf.gdu.edu.az\/?page_id=149"},"modified":"2019-12-19T11:05:46","modified_gmt":"2019-12-19T09:05:46","slug":"fotoalbom","status":"publish","type":"page","link":"https:\/\/bkf.gdu.edu.az\/?page_id=149","title":{"rendered":"Foto Albom"},"content":{"rendered":"<h3 style=\"text-align: left;\">LABORATOR\u0130YA A\u00c7ILI\u015eI<\/h3>\n<p style=\"text-align: left;\"><div id=\"metaslider-id-204\" style=\"max-width: 600px;\" class=\"ml-slider-3-60-1 metaslider metaslider-flex metaslider-204 ml-slider ms-theme-default\" role=\"region\" aria-roledescription=\"Slideshow\" aria-label=\"Laboratoriya acilisi\">\n    <div id=\"metaslider_container_204\">\n        <div id=\"metaslider_204\">\n            <ul aria-live=\"polite\" class=\"slides\">\n                <li style=\"display: block; width: 100%;\" class=\"slide-207 ms-image\" aria-roledescription=\"slide\" aria-label=\"slide-207\"><img loading=\"lazy\" decoding=\"async\" src=\"https:\/\/bkf.gdu.edu.az\/wp-content\/uploads\/2016\/02\/DSC_0815-600x400.jpg\" height=\"400\" width=\"600\" alt=\"\" class=\"slider-204 slide-207\" \/><\/li>\n                <li style=\"display: none; width: 100%;\" class=\"slide-210 ms-image\" aria-roledescription=\"slide\" aria-label=\"slide-210\"><img loading=\"lazy\" decoding=\"async\" src=\"https:\/\/bkf.gdu.edu.az\/wp-content\/uploads\/2016\/02\/DSC_0822-600x400.jpg\" height=\"400\" width=\"600\" alt=\"\" class=\"slider-204 slide-210\" \/><\/li>\n                <li style=\"display: none; width: 100%;\" class=\"slide-214 ms-image\" aria-roledescription=\"slide\" aria-label=\"slide-214\"><img loading=\"lazy\" decoding=\"async\" src=\"https:\/\/bkf.gdu.edu.az\/wp-content\/uploads\/2016\/02\/DSC_0832-600x400.jpg\" height=\"400\" width=\"600\" alt=\"\" class=\"slider-204 slide-214\" \/><\/li>\n                <li style=\"display: none; width: 100%;\" class=\"slide-209 ms-image\" aria-roledescription=\"slide\" aria-label=\"slide-209\"><img loading=\"lazy\" decoding=\"async\" src=\"https:\/\/bkf.gdu.edu.az\/wp-content\/uploads\/2016\/02\/DSC_0820-600x400.jpg\" height=\"400\" width=\"600\" alt=\"\" class=\"slider-204 slide-209\" \/><\/li>\n                <li style=\"display: none; width: 100%;\" class=\"slide-211 ms-image\" aria-roledescription=\"slide\" aria-label=\"slide-211\"><img loading=\"lazy\" decoding=\"async\" src=\"https:\/\/bkf.gdu.edu.az\/wp-content\/uploads\/2016\/02\/DSC_0823-600x400.jpg\" height=\"400\" width=\"600\" alt=\"\" class=\"slider-204 slide-211\" \/><\/li>\n                <li style=\"display: none; width: 100%;\" class=\"slide-842 ms-image\" aria-roledescription=\"slide\" aria-label=\"slide-842\"><img loading=\"lazy\" decoding=\"async\" src=\"https:\/\/bkf.gdu.edu.az\/wp-content\/uploads\/2016\/04\/PICT_20141128_151633-512x341.jpg\" height=\"400\" width=\"600\" alt=\"\" class=\"slider-204 slide-842\" \/><\/li>\n                <li style=\"display: none; width: 100%;\" class=\"slide-213 ms-image\" aria-roledescription=\"slide\" aria-label=\"slide-213\"><img loading=\"lazy\" decoding=\"async\" src=\"https:\/\/bkf.gdu.edu.az\/wp-content\/uploads\/2016\/02\/DSC_0825-600x400.jpg\" height=\"400\" width=\"600\" alt=\"\" class=\"slider-204 slide-213\" \/><\/li>\n                <li style=\"display: none; width: 100%;\" class=\"slide-843 ms-image\" aria-roledescription=\"slide\" aria-label=\"slide-843\"><img loading=\"lazy\" decoding=\"async\" src=\"https:\/\/bkf.gdu.edu.az\/wp-content\/uploads\/2016\/04\/PICT_20141128_151700-512x341.jpg\" height=\"400\" width=\"600\" alt=\"\" class=\"slider-204 slide-843\" \/><\/li>\n                <li style=\"display: none; width: 100%;\" class=\"slide-215 ms-image\" aria-roledescription=\"slide\" aria-label=\"slide-215\"><img loading=\"lazy\" decoding=\"async\" src=\"https:\/\/bkf.gdu.edu.az\/wp-content\/uploads\/2016\/02\/DSC_0842-600x400.jpg\" height=\"400\" width=\"600\" alt=\"\" class=\"slider-204 slide-215\" \/><\/li>\n                <li style=\"display: none; width: 100%;\" class=\"slide-870 ms-image\" aria-roledescription=\"slide\" aria-label=\"slide-870\"><img loading=\"lazy\" decoding=\"async\" src=\"https:\/\/bkf.gdu.edu.az\/wp-content\/uploads\/2016\/04\/PICT_20141128_151407-\u043a\u043e\u043f\u0438\u044f-512x341.jpg\" height=\"400\" width=\"600\" alt=\"\" class=\"slider-204 slide-870\" \/><\/li>\n                <li style=\"display: none; width: 100%;\" class=\"slide-871 ms-image\" aria-roledescription=\"slide\" aria-label=\"slide-871\"><img loading=\"lazy\" decoding=\"async\" src=\"https:\/\/bkf.gdu.edu.az\/wp-content\/uploads\/2016\/04\/PICT_20141128_151455-\u043a\u043e\u043f\u0438\u044f-512x341.jpg\" height=\"400\" width=\"600\" alt=\"\" class=\"slider-204 slide-871\" \/><\/li>\n            <\/ul>\n        <\/div>\n        \n    <\/div>\n<\/div><\/p>\n<h3 style=\"text-align: left;\">\u00a0<\/h3>\n<hr \/>\n<h3 style=\"text-align: left;\">\u00a0T\u018fBR\u0130ZL\u0130 QONAQLARLA G\u00d6R\u00dc\u015e<\/h3>\n<p style=\"text-align: left;\"><div id=\"metaslider-id-623\" style=\"max-width: 600px;\" class=\"ml-slider-3-60-1 metaslider metaslider-flex metaslider-623 ml-slider ms-theme-default nav-hidden nav-hidden\" role=\"region\" aria-roledescription=\"Slideshow\" aria-label=\"T\u0259brizli qonaqlarla g\u00f6r\u00fc\u015f\">\n    <div id=\"metaslider_container_623\">\n        <div id=\"metaslider_623\">\n            <ul aria-live=\"polite\" class=\"slides\">\n                <li style=\"display: block; width: 100%;\" class=\"slide-190 ms-image\" aria-roledescription=\"slide\" aria-label=\"slide-190\"><img loading=\"lazy\" decoding=\"async\" src=\"https:\/\/bkf.gdu.edu.az\/wp-content\/uploads\/2016\/02\/DSC_2763-600x400.jpg\" height=\"400\" width=\"600\" alt=\"\" class=\"slider-623 slide-190\" \/><\/li>\n                <li style=\"display: none; width: 100%;\" class=\"slide-191 ms-image\" aria-roledescription=\"slide\" aria-label=\"slide-191\"><img loading=\"lazy\" decoding=\"async\" src=\"https:\/\/bkf.gdu.edu.az\/wp-content\/uploads\/2016\/02\/DSC_2777-600x400.jpg\" height=\"400\" width=\"600\" alt=\"\" class=\"slider-623 slide-191\" \/><\/li>\n                <li style=\"display: none; width: 100%;\" class=\"slide-193 ms-image\" aria-roledescription=\"slide\" aria-label=\"slide-193\"><img loading=\"lazy\" decoding=\"async\" src=\"https:\/\/bkf.gdu.edu.az\/wp-content\/uploads\/2016\/02\/DSC_2790-600x400.jpg\" height=\"400\" width=\"600\" alt=\"\" class=\"slider-623 slide-193\" \/><\/li>\n                <li style=\"display: none; width: 100%;\" class=\"slide-194 ms-image\" aria-roledescription=\"slide\" aria-label=\"slide-194\"><img loading=\"lazy\" decoding=\"async\" src=\"https:\/\/bkf.gdu.edu.az\/wp-content\/uploads\/2016\/02\/DSC_2797-600x400.jpg\" height=\"400\" width=\"600\" alt=\"\" class=\"slider-623 slide-194\" \/><\/li>\n                <li style=\"display: none; width: 100%;\" class=\"slide-195 ms-image\" aria-roledescription=\"slide\" aria-label=\"slide-195\"><img loading=\"lazy\" decoding=\"async\" src=\"https:\/\/bkf.gdu.edu.az\/wp-content\/uploads\/2016\/02\/DSC_2807-600x400.jpg\" height=\"400\" width=\"600\" alt=\"\" class=\"slider-623 slide-195\" \/><\/li>\n                <li style=\"display: none; width: 100%;\" class=\"slide-212 ms-image\" aria-roledescription=\"slide\" aria-label=\"slide-212\"><img loading=\"lazy\" decoding=\"async\" src=\"https:\/\/bkf.gdu.edu.az\/wp-content\/uploads\/2016\/02\/DSC_0824-600x400.jpg\" height=\"400\" width=\"600\" alt=\"\" class=\"slider-623 slide-212\" \/><\/li>\n                <li style=\"display: none; width: 100%;\" class=\"slide-196 ms-image\" aria-roledescription=\"slide\" aria-label=\"slide-196\"><img loading=\"lazy\" decoding=\"async\" src=\"https:\/\/bkf.gdu.edu.az\/wp-content\/uploads\/2016\/02\/DSC_2817-600x400.jpg\" height=\"400\" width=\"600\" alt=\"\" class=\"slider-623 slide-196\" \/><\/li>\n                <li style=\"display: none; width: 100%;\" class=\"slide-197 ms-image\" aria-roledescription=\"slide\" aria-label=\"slide-197\"><img loading=\"lazy\" decoding=\"async\" src=\"https:\/\/bkf.gdu.edu.az\/wp-content\/uploads\/2016\/02\/DSC_2848-600x400.jpg\" height=\"400\" width=\"600\" alt=\"\" class=\"slider-623 slide-197\" \/><\/li>\n            <\/ul>\n        <\/div>\n        \n    <\/div>\n<\/div><\/p>\n<h3 style=\"text-align: left;\">\u00a0<\/h3>\n<hr \/>\n<h3>5\u0130LL\u0130K HESABAT<\/h3>\n<div id=\"metaslider-id-627\" style=\"max-width: 600px;\" class=\"ml-slider-3-60-1 metaslider metaslider-flex metaslider-627 ml-slider ms-theme-default nav-hidden nav-hidden nav-hidden\" role=\"region\" aria-roledescription=\"Slideshow\" aria-label=\"5 illik hesabat\">\n    <div id=\"metaslider_container_627\">\n        <div id=\"metaslider_627\">\n            <ul aria-live=\"polite\" class=\"slides\">\n                <li style=\"display: block; width: 100%;\" class=\"slide-255 ms-image\" aria-roledescription=\"slide\" aria-label=\"slide-255\"><img loading=\"lazy\" decoding=\"async\" src=\"https:\/\/bkf.gdu.edu.az\/wp-content\/uploads\/2016\/02\/DSC_0468-1024x685-600x400.jpg\" height=\"400\" width=\"600\" alt=\"\" class=\"slider-627 slide-255\" \/><\/li>\n                <li style=\"display: none; width: 100%;\" class=\"slide-252 ms-image\" aria-roledescription=\"slide\" aria-label=\"slide-252\"><img loading=\"lazy\" decoding=\"async\" src=\"https:\/\/bkf.gdu.edu.az\/wp-content\/uploads\/2016\/02\/DSC_0485-600x400.jpg\" height=\"400\" width=\"600\" alt=\"\" class=\"slider-627 slide-252\" \/><\/li>\n                <li style=\"display: none; width: 100%;\" class=\"slide-250 ms-image\" aria-roledescription=\"slide\" aria-label=\"slide-250\"><img loading=\"lazy\" decoding=\"async\" src=\"https:\/\/bkf.gdu.edu.az\/wp-content\/uploads\/2016\/02\/DSC_0471-600x400.jpg\" height=\"400\" width=\"600\" alt=\"\" class=\"slider-627 slide-250\" \/><\/li>\n                <li style=\"display: none; width: 100%;\" class=\"slide-249 ms-image\" aria-roledescription=\"slide\" aria-label=\"slide-249\"><img loading=\"lazy\" decoding=\"async\" src=\"https:\/\/bkf.gdu.edu.az\/wp-content\/uploads\/2016\/02\/DSC_0468-600x400.jpg\" height=\"400\" width=\"600\" alt=\"\" class=\"slider-627 slide-249\" \/><\/li>\n            <\/ul>\n        <\/div>\n        \n    <\/div>\n<\/div>\n<p>\u00a0<\/p>\n<h3 style=\"text-align: left;\">\u00a0<\/h3>\n<hr \/>\n<h3 style=\"text-align: left;\">\u00a0M\u018fZUNLARIMIZ &#8220;40 \u0130L&#8221; SONRA\u00a0B\u0130R ARAYA G\u018fLD\u0130L\u018fR<\/h3>\n<div id=\"metaslider-id-860\" style=\"max-width: 600px;\" class=\"ml-slider-3-60-1 metaslider metaslider-flex metaslider-860 ml-slider ms-theme-default nav-hidden nav-hidden nav-hidden nav-hidden\" role=\"region\" aria-roledescription=\"Slideshow\" aria-label=\"M\u0259zunlarla g\u00f6r\u00fc\u015f\">\n    <div id=\"metaslider_container_860\">\n        <div id=\"metaslider_860\">\n            <ul aria-live=\"polite\" class=\"slides\">\n                <li style=\"display: block; width: 100%;\" class=\"slide-868 ms-image\" aria-roledescription=\"slide\" aria-label=\"slide-868\"><img loading=\"lazy\" decoding=\"async\" src=\"https:\/\/bkf.gdu.edu.az\/wp-content\/uploads\/2016\/04\/DSC_8022-512x341.jpg\" height=\"400\" width=\"600\" alt=\"\" class=\"slider-860 slide-868\" \/><\/li>\n                <li style=\"display: none; width: 100%;\" class=\"slide-864 ms-image\" aria-roledescription=\"slide\" aria-label=\"slide-864\"><img loading=\"lazy\" decoding=\"async\" src=\"https:\/\/bkf.gdu.edu.az\/wp-content\/uploads\/2016\/04\/DSC_8006-512x341.jpg\" height=\"400\" width=\"600\" alt=\"\" class=\"slider-860 slide-864\" \/><\/li>\n                <li style=\"display: none; width: 100%;\" class=\"slide-865 ms-image\" aria-roledescription=\"slide\" aria-label=\"slide-865\"><img loading=\"lazy\" decoding=\"async\" src=\"https:\/\/bkf.gdu.edu.az\/wp-content\/uploads\/2016\/04\/DSC_8012-512x341.jpg\" height=\"400\" width=\"600\" alt=\"\" class=\"slider-860 slide-865\" \/><\/li>\n                <li style=\"display: none; width: 100%;\" class=\"slide-861 ms-image\" aria-roledescription=\"slide\" aria-label=\"slide-861\"><img loading=\"lazy\" decoding=\"async\" src=\"https:\/\/bkf.gdu.edu.az\/wp-content\/uploads\/2016\/04\/DSC_8001-512x341.jpg\" height=\"400\" width=\"600\" alt=\"\" class=\"slider-860 slide-861\" \/><\/li>\n                <li style=\"display: none; width: 100%;\" class=\"slide-862 ms-image\" aria-roledescription=\"slide\" aria-label=\"slide-862\"><img loading=\"lazy\" decoding=\"async\" src=\"https:\/\/bkf.gdu.edu.az\/wp-content\/uploads\/2016\/04\/DSC_8002.jpg\" height=\"400\" width=\"600\" alt=\"\" class=\"slider-860 slide-862\" \/><\/li>\n                <li style=\"display: none; width: 100%;\" class=\"slide-863 ms-image\" aria-roledescription=\"slide\" aria-label=\"slide-863\"><img loading=\"lazy\" decoding=\"async\" src=\"https:\/\/bkf.gdu.edu.az\/wp-content\/uploads\/2016\/04\/DSC_8005-512x341.jpg\" height=\"400\" width=\"600\" alt=\"\" class=\"slider-860 slide-863\" \/><\/li>\n                <li style=\"display: none; width: 100%;\" class=\"slide-866 ms-image\" aria-roledescription=\"slide\" aria-label=\"slide-866\"><img loading=\"lazy\" decoding=\"async\" src=\"https:\/\/bkf.gdu.edu.az\/wp-content\/uploads\/2016\/04\/DSC_8017.jpg\" height=\"400\" width=\"600\" alt=\"\" class=\"slider-860 slide-866\" \/><\/li>\n                <li style=\"display: none; width: 100%;\" class=\"slide-867 ms-image\" aria-roledescription=\"slide\" aria-label=\"slide-867\"><img loading=\"lazy\" decoding=\"async\" src=\"https:\/\/bkf.gdu.edu.az\/wp-content\/uploads\/2016\/04\/DSC_8019-512x341.jpg\" height=\"400\" width=\"600\" alt=\"\" class=\"slider-860 slide-867\" \/><\/li>\n            <\/ul>\n        <\/div>\n        \n    <\/div>\n<\/div>\n<p>\u00a0<\/p>\n<hr \/>\n<h3>\u018fM\u018fKDAR ELM XAD\u0130M\u0130, PROFESSOR NOVRUZOV VAQ\u0130F SEYF\u018fDD\u0130N O\u011eLUNUN \u015e\u018fH\u018fR \u0130CT\u0130MA\u0130YY\u018fT\u0130 \u00dc\u00c7\u00dcN A\u00c7IQ D\u018fRS\u0130<\/h3>\n<div id=\"metaslider-id-938\" style=\"max-width: 600px;\" class=\"ml-slider-3-60-1 metaslider metaslider-flex metaslider-938 ml-slider ms-theme-default\" role=\"region\" aria-roledescription=\"Slideshow\" aria-label=\"\u0130ctimaiyy\u0259t \u00fc\u00e7\u00fcn a\u00e7\u0131q d\u0259rs\">\n    <div id=\"metaslider_container_938\">\n        <div id=\"metaslider_938\">\n            <ul aria-live=\"polite\" class=\"slides\">\n                <li style=\"display: block; width: 100%;\" class=\"slide-944 ms-image\" aria-roledescription=\"slide\" aria-label=\"slide-944\"><img loading=\"lazy\" decoding=\"async\" src=\"https:\/\/bkf.gdu.edu.az\/wp-content\/uploads\/2016\/05\/PICT_20141127_153911-512x341.jpg\" height=\"400\" width=\"600\" alt=\"\" class=\"slider-938 slide-944\" \/><\/li>\n                <li style=\"display: none; width: 100%;\" class=\"slide-941 ms-image\" aria-roledescription=\"slide\" aria-label=\"slide-941\"><img loading=\"lazy\" decoding=\"async\" src=\"https:\/\/bkf.gdu.edu.az\/wp-content\/uploads\/2016\/05\/PICT_20141127_153530-512x341.jpg\" height=\"400\" width=\"600\" alt=\"\" class=\"slider-938 slide-941\" \/><\/li>\n                <li style=\"display: none; width: 100%;\" class=\"slide-943 ms-image\" aria-roledescription=\"slide\" aria-label=\"slide-943\"><img loading=\"lazy\" decoding=\"async\" src=\"https:\/\/bkf.gdu.edu.az\/wp-content\/uploads\/2016\/05\/PICT_20141127_153829-512x341.jpg\" height=\"400\" width=\"600\" alt=\"\" class=\"slider-938 slide-943\" \/><\/li>\n                <li style=\"display: none; width: 100%;\" class=\"slide-945 ms-image\" aria-roledescription=\"slide\" aria-label=\"slide-945\"><img loading=\"lazy\" decoding=\"async\" src=\"https:\/\/bkf.gdu.edu.az\/wp-content\/uploads\/2016\/05\/PICT_20141127_153937.jpg\" height=\"400\" width=\"600\" alt=\"\" class=\"slider-938 slide-945\" \/><\/li>\n                <li style=\"display: none; width: 100%;\" class=\"slide-940 ms-image\" aria-roledescription=\"slide\" aria-label=\"slide-940\"><img loading=\"lazy\" decoding=\"async\" src=\"https:\/\/bkf.gdu.edu.az\/wp-content\/uploads\/2016\/05\/PICT_20141127_153459-512x341.jpg\" height=\"400\" width=\"600\" alt=\"\" class=\"slider-938 slide-940\" \/><\/li>\n                <li style=\"display: none; width: 100%;\" class=\"slide-942 ms-image\" aria-roledescription=\"slide\" aria-label=\"slide-942\"><img loading=\"lazy\" decoding=\"async\" src=\"https:\/\/bkf.gdu.edu.az\/wp-content\/uploads\/2016\/05\/PICT_20141127_153815-512x341.jpg\" height=\"400\" width=\"600\" alt=\"\" class=\"slider-938 slide-942\" \/><\/li>\n                <li style=\"display: none; width: 100%;\" class=\"slide-946 ms-image\" aria-roledescription=\"slide\" aria-label=\"slide-946\"><img loading=\"lazy\" decoding=\"async\" src=\"https:\/\/bkf.gdu.edu.az\/wp-content\/uploads\/2016\/05\/PICT_20141127_162308-\u043a\u043e\u043f\u0438\u044f-\u043a\u043e\u043f\u0438\u044f.jpg\" height=\"400\" width=\"600\" alt=\"\" class=\"slider-938 slide-946\" \/><\/li>\n            <\/ul>\n        <\/div>\n        \n    <\/div>\n<\/div>\n<p>T\u018fL\u018fB\u018fL\u018fRL\u018f XAT\u0130R\u018f FOTOSU<\/p>\n<p>\u00a0<\/p>\n\n\n<ul class=\"wp-block-gallery columns-1 is-cropped wp-block-gallery-1 is-layout-flex wp-block-gallery-is-layout-flex\"><li class=\"blocks-gallery-item\"><figure><img loading=\"lazy\" decoding=\"async\" width=\"512\" height=\"384\" src=\"http:\/\/bkf.gdu.edu.az\/wp-content\/uploads\/2019\/12\/20191216_115850-1.jpg\" alt=\"\" data-id=\"3454\" data-link=\"http:\/\/bkf.gdu.edu.az\/?attachment_id=3454#main\" class=\"wp-image-3454\" srcset=\"https:\/\/bkf.gdu.edu.az\/wp-content\/uploads\/2019\/12\/20191216_115850-1.jpg 512w, https:\/\/bkf.gdu.edu.az\/wp-content\/uploads\/2019\/12\/20191216_115850-1-480x360.jpg 480w, https:\/\/bkf.gdu.edu.az\/wp-content\/uploads\/2019\/12\/20191216_115850-1-320x240.jpg 320w, https:\/\/bkf.gdu.edu.az\/wp-content\/uploads\/2019\/12\/20191216_115850-1-240x180.jpg 240w\" sizes=\"(max-width: 512px) 100vw, 512px\" \/><\/figure><\/li><\/ul>\n","protected":false},"excerpt":{"rendered":"<p>LABORATOR\u0130YA A\u00c7ILI\u015eI \u00a0 \u00a0T\u018fBR\u0130ZL\u0130 QONAQLARLA G\u00d6R\u00dc\u015e \u00a0 5\u0130LL\u0130K HESABAT \u00a0 \u00a0 \u00a0M\u018fZUNLARIMIZ &#8220;40 \u0130L&#8221; SONRA\u00a0B\u0130R ARAYA G\u018fLD\u0130L\u018fR \u00a0 \u018fM\u018fKDAR ELM XAD\u0130M\u0130, PROFESSOR NOVRUZOV VAQ\u0130F SEYF\u018fDD\u0130N O\u011eLUNUN \u015e\u018fH\u018fR \u0130CT\u0130MA\u0130YY\u018fT\u0130 \u00dc\u00c7\u00dcN A\u00c7IQ D\u018fRS\u0130 T\u018fL\u018fB\u018fL\u018fRL\u018f XAT\u0130R\u018f FOTOSU \u00a0<\/p>\n","protected":false},"author":1,"featured_media":0,"parent":0,"menu_order":0,"comment_status":"closed","ping_status":"closed","template":"","meta":{"footnotes":""},"categories":[11],"tags":[],"_links":{"self":[{"href":"https:\/\/bkf.gdu.edu.az\/index.php?rest_route=\/wp\/v2\/pages\/149"}],"collection":[{"href":"https:\/\/bkf.gdu.edu.az\/index.php?rest_route=\/wp\/v2\/pages"}],"about":[{"href":"https:\/\/bkf.gdu.edu.az\/index.php?rest_route=\/wp\/v2\/types\/page"}],"author":[{"embeddable":true,"href":"https:\/\/bkf.gdu.edu.az\/index.php?rest_route=\/wp\/v2\/users\/1"}],"replies":[{"embeddable":true,"href":"https:\/\/bkf.gdu.edu.az\/index.php?rest_route=%2Fwp%2Fv2%2Fcomments&post=149"}],"version-history":[{"count":20,"href":"https:\/\/bkf.gdu.edu.az\/index.php?rest_route=\/wp\/v2\/pages\/149\/revisions"}],"predecessor-version":[{"id":3455,"href":"https:\/\/bkf.gdu.edu.az\/index.php?rest_route=\/wp\/v2\/pages\/149\/revisions\/3455"}],"wp:attachment":[{"href":"https:\/\/bkf.gdu.edu.az\/index.php?rest_route=%2Fwp%2Fv2%2Fmedia&parent=149"}],"wp:term":[{"taxonomy":"category","embeddable":true,"href":"https:\/\/bkf.gdu.edu.az\/index.php?rest_route=%2Fwp%2Fv2%2Fcategories&post=149"},{"taxonomy":"post_tag","embeddable":true,"href":"https:\/\/bkf.gdu.edu.az\/index.php?rest_route=%2Fwp%2Fv2%2Ftags&post=149"}],"curies":[{"name":"wp","href":"https:\/\/api.w.org\/{rel}","templated":true}]}}