{"id":1569,"date":"2016-04-23T12:42:23","date_gmt":"2016-04-23T10:42:23","guid":{"rendered":"http:\/\/bkf.gdu.edu.az\/?page_id=1569"},"modified":"2024-02-05T14:08:37","modified_gmt":"2024-02-05T12:08:37","slug":"kimya-uzr%c9%99-f%c9%99ls%c9%99f%c9%99-doktoru-dosent-sahil-isa-oglu-ibrahimli","status":"publish","type":"page","link":"https:\/\/bkf.gdu.edu.az\/?page_id=1569","title":{"rendered":"K\u0130MYA \u00dcZR\u018f F\u018fLS\u018fF\u018f DOKTORU, DOSENT SAH\u0130L \u0130SA O\u011eLU \u0130BRAH\u0130ML\u0130"},"content":{"rendered":"<p><strong><img loading=\"lazy\" decoding=\"async\" class=\"alignnone size-full wp-image-5426\" src=\"http:\/\/bkf.gdu.edu.az\/wp-content\/uploads\/2024\/02\/sahil.jpg\" alt=\"\" width=\"213\" height=\"298\" \/>QISA B\u0130OQRAF\u0130K M\u018fLUMAT:<\/strong><\/p>\n<p>01 iyul 1959-cu ild\u0259 Da\u015fk\u0259s\u0259n rayon Qabaqt\u0259p\u0259 k\u0259ndind\u0259 f\u0259hl\u0259 ail\u0259sind\u0259 anadan olmu\u015fdur. Ail\u0259lidir, \u00fc\u00e7 \u00f6vlad\u0131 var.<br \/>\nT\u0259hsili:<br \/>\n1978-1983-c\u00fc ild\u0259 G\u0259nc\u0259 D\u00f6vl\u0259t Universitetinin Kimya-biologiya fak\u00fclt\u0259sini f\u0259rql\u0259nm\u0259 diplomu il\u0259 bitirmi\u015fdir<br \/>\n1987-1990-c\u0131 ild\u0259 AMEA Neft-kimya Prosesl\u0259ri \u0130nstitutunun \u0259yani aspirantura \u015f\u00f6b\u0259sini y\u00fcks\u0259k g\u00f6st\u0259ricil\u0259rl\u0259 bitirmi\u015fdir.<br \/>\nElmi d\u0259r\u0259c\u0259si v\u0259 adlar\u0131<br \/>\nY.H.M\u0259mm\u0259d\u0259liyev ad\u0131na Neft-kimya Prosesl\u0259ri \u0130nstutunun sovetind\u0259 08 may 1992-ci il tarixli (Pr.\u21169) q\u0259rar\u0131 il\u0259 Kimya elml\u0259ri namiz\u0259di elmi d\u0259r\u0259c\u0259si verilm\u0131\u015fdir.<br \/>\nAz\u0259rbaycan Respublikas\u0131 Prezidenti Yan\u0131nda Ali Attestasiya Komissiyas\u0131n\u0131n 14 oktyabr 2016-c\u0131 il tarixli (Pr. \u211621-k) q\u0259rar\u0131 il\u0259 Kimya kafedras\u0131 \u00fczr\u0259 dosent elmi ad\u0131 verilm\u0131\u015fdir.<br \/>\n\u018fm\u0259k f\u0259aliyy\u0259ti<br \/>\n1983-1987-ci ill\u0259rd\u0259 Da\u015fk\u0259s\u0259n rayon orta m\u0259kt\u0259bind\u0259 m\u00fc\u0259llim<br \/>\n1990-1992-c\u00fc ill\u0259rd\u0259Y.H.M\u0259mm\u0259d\u0259liyev ad\u0131na Neft-kimya Prosesl\u0259ri \u0130nstutunda ki\u00e7ik elmi i\u015f\u00e7i<br \/>\n2002-2010-ci ill\u0259rd\u0259 Y.H.M\u0259mm\u0259d\u0259liyev ad\u0131na Neft-kimya Prosesl\u0259ri \u0130nstutunda b\u00f6y\u00fck elmi i\u015f\u00e7i<br \/>\n2010-2011-c\u00fc ill\u0259rd\u0259n G\u0259nc\u0259 D\u00f6vl\u0259t Universitetinin Kimya kaderas\u0131nda ba\u015f m\u00fc\u0259llim<br \/>\n2011-2016-c\u0131 ill\u0259rd\u0259 G\u0259nc\u0259 D\u00f6vl\u0259t Universitetinin Kimya kaderas\u0131nda dosent \u0259v\u0259zi<br \/>\n2016-c\u0131 ild\u0259n G\u0259nc\u0259 D\u00f6vl\u0259t Universitetinin Kimya kadras\u0131nda dosent<br \/>\nT\u0259ltifl\u0259ri<br \/>\nG\u0259nc\u0259 D\u00f6v\u0259lt Universitetinin F\u0259xri f\u0259rman\u0131T\u0259dqiqat sah\u0259si<br \/>\nAlitsiklik tur\u015fular \u0259sas\u0131nda bioloji aktiv v\u0259 s\u0259thi aktiv madd\u0259l\u0259rin sintezi, t\u0259dqiqi v\u0259 t\u0259tbiq sah\u0259l\u0259rinin ara\u015fd\u0131r\u0131lmas\u0131<br \/>\nSe\u00e7ilmi\u015f elmi \u0259s\u0259rl\u0259ri:<br \/>\nOc\u043d\u043e\u0432\u0430\u043d\u0438\u044f \u041c\u0430\u043d\u043d\u0438\u0445\u0430 \u043d\u0430 \u043e\u0441\u043d\u043e\u0432\u0435 \u0431\u0438\u0446\u043c\u043a\u043b\u043e [2,2,1]\u0433\u0435\u043f\u0442-5-\u0435\u043d-2-\u0438\u043b\u043c\u0435\u0442\u0430\u043d\u043e\u043b\u0430, \u0432\u0442\u043e\u0440\u0438\u0447\u043d\u044b\u0445 \u0430\u043c\u0438\u043d\u043e\u0432 \u0438 \u0444\u043e\u0440\u043c\u0430\u043b\u044c\u0434\u0435\u0433\u0438\u0434\u0430. \u0416\u0443\u0440\u043d\u0430\u043b \u041e\u0431\u0449\u0435\u0439 \u0425\u0438\u043c\u0438\u0438, 2018, \u0442\u043e\u043c 88, \u211610, \u0441.1718-1722<br \/>\nCu\u043d\u0442\u0435\u0437 \u0438 \u0438\u0441\u0441\u043b\u0435\u0434\u043e\u0432\u0430\u043d\u0438\u0435 \u0430\u043d\u0442\u0438\u043c\u0438\u043a\u0440\u043e\u0431\u043d\u044b\u0445 \u0441\u0432\u043e\u0439\u0441\u0442\u0432 \u0445\u0438\u0440\u0430\u043b\u044c\u043d\u044b\u0445 \u0430\u043c\u0438\u043d\u043e\u043c\u0435\u0442\u043e\u043a\u0441\u0438\u043f\u0440\u043e\u0438\u0437\u0432\u043e\u0434\u043d\u044b\u0445 L-(-)-\u043c\u0435\u043d\u0442\u043e\u043b \u043d\u0430 \u043e\u0441\u043d\u043e\u0432\u0435 \u0432\u0442\u043e\u0440\u0438\u0447\u043d\u044b\u0445 \u0430\u043c\u0438\u043e\u0432. \u0416\u0443\u0440\u043d\u0430\u043b \u041e\u0440\u0433\u0430\u043d\u0438\u0447\u0435\u0441\u043a\u043e\u0439 \u0425\u0438\u043c\u0438\u0438, 2019, \u0442\u043e\u043c 55, \u211611, \u0441.1695-1702<br \/>\nCu\u043d\u0442\u0435\u0437 \u0438 \u0438\u0441\u0441\u043b\u0435\u0434\u043e\u0432\u0430\u043d\u0438\u0435 \u0430\u043d\u0442\u0438\u043c\u0438\u043a\u0440\u043e\u0431\u043d\u043e\u0439 \u0430\u043a\u0442\u0438\u0432\u043d\u043e\u0441\u0442\u0438 \u0430\u043c\u0438\u043d\u043e\u043c\u0435\u0442\u043e\u043a\u0441\u0438\u043f\u0440\u043e\u0438\u0437\u0432\u043e\u0434\u043d\u044b\u0445 \u0431\u0438\u0446\u0438\u043a\u043b\u043e [2,2,1]\u0433\u0435\u043f\u0442-2-\u0435\u043d\u0430. \u041d\u0435\u0444\u0442\u0435\u043f\u0435\u0440\u0435\u0440\u0430\u0431\u043e\u0442\u043a\u0430 \u0438 \u041d\u0435\u0444\u0442\u0435\u0445\u0438\u043c\u0438\u044f \u21164, 2019, \u0441.15-19<br \/>\nCu\u043d\u0442\u0435\u0437 \u0438 \u0438\u0441\u0441\u043b\u0435\u0434\u043e\u0432\u0430\u043d\u0438\u0435 \u0430\u043d\u0442\u0438\u043c\u0438\u043a\u0440\u043e\u0431\u043d\u043e\u0439\u0430\u043a\u0442\u0438\u0432\u043d\u043e\u0441\u0442\u0438 \u043d\u043e\u0440\u0431\u043e\u0440\u043d\u0435\u043d\u0441\u043e\u0434\u0435\u0440\u0436\u0430\u0436\u0430\u0449\u0438\u0445 \u043e\u0441\u043d\u043e\u0432\u0430\u043d\u0438\u0439 \u041c\u0430\u043d\u043d\u0438\u0445\u0430\u0416\u0443\u0440\u043d\u0430\u043b \u043f\u0440\u0438\u043a\u043b\u0430\u0434\u043d\u043e\u0439 \u0445\u0438\u043c\u0438\u0438. 2019.\u0422.92. \u0412\u044b\u043f.8. c.1070-1078<br \/>\n\u0410\u043c\u0438\u043d\u043e\u043c\u0435\u0442\u043e\u043a\u0441\u0438\u043f\u0440\u043e\u0438\u0437\u0432\u043e\u0434\u043d\u044b\u0435 \u0431\u0438\u0446\u0438\u043a\u043b\u043e[2.2.1]-\u0433\u0435\u043f\u0442-2-\u0435\u043d\u0430 \u0432 \u043a\u0430\u0447\u0435\u0441\u0442\u0432\u0435 \u0430\u043d\u0442\u0438\u043c\u0438\u043a\u0440\u043e\u0432\u043d\u044b\u0445 \u043f\u0440\u0438\u0441\u0430\u0434\u043e\u043a.\u041d\u0435\u0444\u0435\u043f\u0435\u0440\u0435\u0440\u0432\u0431\u043e\u0442\u043a\u0430 \u0438 \u041d\u0435\u0444\u0442\u0435\u0445\u0438\u043c\u0438\u044f. \u21161. 2020. \u041c\u043e\u0441\u043a\u0432\u0430.\u0441.41-44<br \/>\nBeyn\u0259lxalq seminar, simpozium v\u0259 konfranslarda i\u015ftirak\u0131<br \/>\n1.\u0421\u0438\u043d\u0442\u0435\u0437 \u0438 \u0431\u0438\u043e\u043b\u043e\u0433\u0438\u0447\u0435\u0441\u043a\u0430\u044f \u0430\u043a\u0442\u0438\u0432\u043d\u043e\u0441\u0442\u044c \u043d\u043e\u0440\u0431\u043e\u0440\u043d\u0435\u043d\u0441\u043e\u0434\u0435\u0440\u0436\u0430\u0449\u0438\u0445 \u043e\u0441\u043d\u043e\u0432\u0430\u043d\u0438\u0439 \u041c\u0430\u043d\u043d\u0438\u0445\u0430. \u0422\u0435\u0437\u0438\u0441\u044b \u0414\u043e\u043a\u043b\u0430\u0434\u043e\u0432 \u041a\u043b\u0430\u0441\u0442\u0435\u0440\u0430 \u043a\u043e\u043d\u0444\u0435\u0440\u0435\u043d\u0446\u0438\u0439 \u043f\u043e \u043e\u0440\u0433\u0430\u043d\u0438\u0447\u0435\u0441\u043a\u043e\u0439 \u0445\u0438\u043c\u0438\u0438 \u00ab\u041e\u0440\u0433\u0425\u0438\u043c-2016\u00bb, \u0421\u0430\u043d\u043a\u0442-\u041f\u0435\u0442\u0435\u0440\u0431\u0443\u0440\u0433, 27 \u0438\u044e\u043d\u044f-1 \u0438\u044e\u043b\u044f 2016. \u0441\u0442\u0440. 610<br \/>\n2.Norbornen karbon tur\u015fusunun qeyri-simmetrik propilen oksidl\u0259 reaksiya m\u0259hsullar\u0131n\u0131n t\u0259dqiqi I Beyn\u0259lxalq kimya v\u0259 kimya texnologiyalar\u0131n\u0131n aktual probleml\u0259ri konfrans\u0131. Bak\u0131. 2013, 17-21 aprel. s\u0259h. 37.<br \/>\n3.Norbornen karbon tur\u015fular\u0131n\u0131n polioksialkil efirl\u0259rinin sintezi v\u0259 t\u0259dqiqi I Beyn\u0259lxalq kimya v\u0259 kimya texnologiyalar\u0131n\u0131n aktual probleml\u0259ri konfrans\u0131.Bak\u0131. 2013, 17-2 1aprel. s\u0259h.38<br \/>\n4.Xirall\u0131\u011f\u0131n m\u00fcasir kimyada v\u0259 biologiyada \u0259h\u0259miyy\u0259tiGDU \u00dcmummilli lider H.\u018fliyevin anadan olmas\u0131n\u0131n 91-ci ild\u00f6n\u00fcm\u00fcn\u0259 h\u0259sr olunmu\u015f \u201cM\u00fcasir biologiya v\u0259 kimyan\u0131n aktual probleml\u0259ri\u201d elmi konfrans\u0131. 12-13 may 2014, s\u0259h. 192-196<br \/>\n5.\u0130kiqat rabit\u0259li tsiklik spirt v\u0259 ya\u011f tur\u015fular\u0131 aras\u0131nda elektrofil birl\u0259\u015fm\u0259 v\u0259 nukleofil \u0259v\u0259zl\u0259nm\u0259 reaksiyalar\u0131 G\u0259nc\u0259 D\u00f6vl\u0259t Universiteti. M\u00fcasir t\u0259bi\u0259t elml\u0259rinin aktual probleml\u0259ri. Beyn\u0259lxalq elmi konfrans. 4-5 may 2017.s\u0259h.242-244.<br \/>\nKitablar<br \/>\n\u00dczvi sintez v\u0259 onun n\u0259z\u0259ri m\u0259s\u0259l\u0259l\u0259ri. D\u0259rs v\u0259saiti. G\u0259nc\u0259-2016.<br \/>\nDil bilgil\u0259ri:<br \/>\nRus dili, T\u00fcrk dili, Az\u0259rbaycan dili<br \/>\nPartiyal\u0131\u011f\u0131:<br \/>\nYAP-\u0131n \u00fczv\u00fcd\u00fcr<\/p>\n","protected":false},"excerpt":{"rendered":"<p>QISA B\u0130OQRAF\u0130K M\u018fLUMAT: 01 iyul 1959-cu ild\u0259 Da\u015fk\u0259s\u0259n rayon Qabaqt\u0259p\u0259 k\u0259ndind\u0259 f\u0259hl\u0259 ail\u0259sind\u0259 anadan olmu\u015fdur. Ail\u0259lidir, \u00fc\u00e7 \u00f6vlad\u0131 var. T\u0259hsili: 1978-1983-c\u00fc ild\u0259 G\u0259nc\u0259 D\u00f6vl\u0259t Universitetinin Kimya-biologiya fak\u00fclt\u0259sini f\u0259rql\u0259nm\u0259 diplomu il\u0259 bitirmi\u015fdir 1987-1990-c\u0131 ild\u0259 AMEA Neft-kimya Prosesl\u0259ri \u0130nstitutunun \u0259yani aspirantura \u015f\u00f6b\u0259sini y\u00fcks\u0259k g\u00f6st\u0259ricil\u0259rl\u0259 bitirmi\u015fdir. Elmi d\u0259r\u0259c\u0259si v\u0259 adlar\u0131 Y.H.M\u0259mm\u0259d\u0259liyev ad\u0131na Neft-kimya Prosesl\u0259ri \u0130nstutunun sovetind\u0259 08 may [&hellip;]<\/p>\n","protected":false},"author":3,"featured_media":5426,"parent":0,"menu_order":0,"comment_status":"closed","ping_status":"closed","template":"","meta":{"footnotes":""},"categories":[24],"tags":[],"_links":{"self":[{"href":"https:\/\/bkf.gdu.edu.az\/index.php?rest_route=\/wp\/v2\/pages\/1569"}],"collection":[{"href":"https:\/\/bkf.gdu.edu.az\/index.php?rest_route=\/wp\/v2\/pages"}],"about":[{"href":"https:\/\/bkf.gdu.edu.az\/index.php?rest_route=\/wp\/v2\/types\/page"}],"author":[{"embeddable":true,"href":"https:\/\/bkf.gdu.edu.az\/index.php?rest_route=\/wp\/v2\/users\/3"}],"replies":[{"embeddable":true,"href":"https:\/\/bkf.gdu.edu.az\/index.php?rest_route=%2Fwp%2Fv2%2Fcomments&post=1569"}],"version-history":[{"count":2,"href":"https:\/\/bkf.gdu.edu.az\/index.php?rest_route=\/wp\/v2\/pages\/1569\/revisions"}],"predecessor-version":[{"id":5428,"href":"https:\/\/bkf.gdu.edu.az\/index.php?rest_route=\/wp\/v2\/pages\/1569\/revisions\/5428"}],"wp:featuredmedia":[{"embeddable":true,"href":"https:\/\/bkf.gdu.edu.az\/index.php?rest_route=\/wp\/v2\/media\/5426"}],"wp:attachment":[{"href":"https:\/\/bkf.gdu.edu.az\/index.php?rest_route=%2Fwp%2Fv2%2Fmedia&parent=1569"}],"wp:term":[{"taxonomy":"category","embeddable":true,"href":"https:\/\/bkf.gdu.edu.az\/index.php?rest_route=%2Fwp%2Fv2%2Fcategories&post=1569"},{"taxonomy":"post_tag","embeddable":true,"href":"https:\/\/bkf.gdu.edu.az\/index.php?rest_route=%2Fwp%2Fv2%2Ftags&post=1569"}],"curies":[{"name":"wp","href":"https:\/\/api.w.org\/{rel}","templated":true}]}}