{"id":157,"date":"2016-02-24T08:32:49","date_gmt":"2016-02-24T06:32:49","guid":{"rendered":"http:\/\/bkf.gdu.edu.az\/?page_id=157"},"modified":"2025-02-20T14:35:36","modified_gmt":"2025-02-20T12:35:36","slug":"kimya","status":"publish","type":"page","link":"https:\/\/bkf.gdu.edu.az\/?page_id=157","title":{"rendered":"K\u0130MYA KAFEDRASI"},"content":{"rendered":"\n<p>G\u0259nc\u0259 D\u00f6vl\u0259t Universtetinin (ke\u00e7mi\u015f Kirovabad D\u00f6vl\u0259t Pedaqoji \u0130nstitutu) Kimya kafedras\u0131n\u0131n yaranma tarixi t\u0259xmin\u0259n 1938-1950-ci ill\u0259r\u0259 t\u0259sad\u00fcf edir.<br>Kafedra f\u0259aliyy\u0259t\u0259 ba\u015flad\u0131\u011f\u0131 ilk ill\u0259rd\u0259n art\u0131q elm al\u0259mind\u0259 tan\u0131nm\u0131\u015f aliml\u0259r, o c\u00fcml\u0259d\u0259n, dos.\u018fl\u0259sg\u0259r M\u0259mm\u0259dov, prof.C\u00fcm\u015f\u00fcd Z\u00fclf\u00fcqarl\u0131, prof.Arif Mambetov, prof.H\u0259zr\u0259t S\u0259f\u0259rov, prof.\u0130smay\u0131l Q\u0259ribov, kafedra m\u00fcdiri Hac\u0131 Hac\u0131yev (o eyni zamanda t\u0259dris i\u015fl\u0259ri \u00fczr\u0259 prorektor idi) prof.Mirz\u0259 Sad\u0131qov, prof.\u0130smay\u0131l H\u00fcseynov, professor \u0130sf\u0259ndiyar Aslanov, dos. M\u0259mm\u0259d Kaz\u0131mov, dos. Rauf Mustafayev (sonralar professor elmi ad\u0131 alm\u0131\u015fd\u0131r), dos.F\u0259rhad R\u00fcst\u0259mov, dos.Abdulla Abdullayev, dos. S\u00fcleyman M\u0259mm\u0259dov, M\u0259mm\u0259dba\u011f\u0131r N\u0259biyev, k.e.n., b\/m. Firdovsi Muradzad\u0259 v\u0259 ba\u015fqalar\u0131 f\u0259aliyy\u0259t g\u00f6st\u0259rirdil\u0259r.<br>1957-ci ild\u0259n etibar\u0259n kafedran\u0131n problem m\u00f6vzusu \u00abPolifunksional t\u0259rkibli \u00fczvi v\u0259 element \u00fczvi (Si, Ge, Sn, N, S) birl\u0259\u015fm\u0259l\u0259rin sintezi v\u0259 t\u0259dqiqi\u00bb olmu\u015fdur. Son zamanlar is\u0259 kafedrada elmi-t\u0259dqiqat i\u015fl\u0259rinin m\u00fcxt\u0259lif sah\u0259l\u0259r \u00fczr\u0259 apar\u0131lmas\u0131 n\u0259tic\u0259sind\u0259 yeni istiqam\u0259tl\u0259rd\u0259 meydana g\u0259lmi\u015fdir.<br>2017-ci ild\u0259n kafedrada Kimy\u0259vi material\u015f\u00fcnasl\u0131q Elmi-t\u0259dqiqat laboratoriyas\u0131 f\u0259aliyy\u0259t g\u00f6st\u0259rir. H\u0259min d\u00f6vrd\u0259n elmi-t\u0259dqiqat laboratoriyas\u0131nda universitetin rektoru, kimya elml\u0259ri doktoru, professor Yusif Yusibovun r\u0259hb\u0259rliyi il\u0259 \u201cMis v\u0259 g\u00fcm\u00fc\u015f\u00fcn p2 elementl\u0259rl\u0259 xalkogenidl\u0259rinin v\u0259 onlar \u0259sas\u0131nda \u00e7oxkomponentli funksional materiallar\u0131n al\u0131nmas\u0131n\u0131n fiziki-kimy\u0259vi \u0259saslar\u0131n\u0131n i\u015fl\u0259nm\u0259si\u201d m\u00f6vzusunda t\u0259dqiqat i\u015fi yerin\u0259 yetirilmi\u015fdir.<\/p>\n\n\n\n<p>Haz\u0131rda elmi-t\u0259dqiqat laboratoriyas\u0131nda kimya elml\u0259ri doktoru, professor Yusif Yusibovun r\u0259hb\u0259rliyi il\u0259 ondan \u00e7ox doktorant v\u0259 dissertant \u201cArqirodit mineral\u0131n\u0131n sintetik analoqlar\u0131 \u0259sas\u0131nda yeni \u00e7oxkomponentli funksional materiallar\u0131n al\u0131nmas\u0131 v\u0259 fiziki-kimy\u0259vi t\u0259dqiqi\u201d m\u00f6vzusunda elmi-t\u0259dqiqat i\u015fi apar\u0131r.<br>Bu m\u00fcdd\u0259t \u0259rzind\u0259 elmi-t\u0259dqiqat laboratoriyas\u0131nda yerin\u0259 yetirilmi\u015f t\u0259dqiqat i\u015fl\u0259rinin n\u0259tic\u0259si olaraq kafedra \u0259m\u0259kda\u015flar\u0131ndan \u0130sf\u0259ndiyar Cavid o\u011flu Alverdiyev kimya elml\u0259ri doktoru, V\u00fcsal\u0259 Akif q\u0131z\u0131 Abbasova kimya \u00fczr\u0259 f\u0259ls\u0259f\u0259 doktoru elmi d\u0259r\u0259c\u0259si alm\u0131\u015flar. G\u00fcnel Samir q\u0131z\u0131 Zeynalova, Z\u0259hra M\u00fcseyib q\u0131z\u0131 \u018fliyeva is\u0259 t\u0259dqiqat i\u015fl\u0259rini tamamlayaraq m\u00fcdaf\u0259y\u0259 t\u0259qdim etmi\u015fl\u0259r.<br>Haz\u0131rda kafedrada m\u00fcxt\u0259lif istiqam\u0259tl\u0259rd\u0259 d\u0259 elmi-t\u0259dqiqat i\u015fl\u0259ri apar\u0131l\u0131r. Bunlara prof. \u0130.C.Alverdiyevin r\u0259hb\u0259rliyi alt\u0131nda kafedran\u0131n bir qrup \u0259m\u0259kda\u015f\u0131n\u0131n \u201cG\u0259d\u0259b\u0259y v\u0259 Dak\u0259s\u0259n q\u0131z\u0131l zavodlar\u0131nn\u0131n istehsal tulant\u0131llar\u0131ndan Au, Ag, Cu, Zn, Fe v\u0259 qiym\u0259tli metallar\u0131n \u00e7\u0131xar\u0131lmas\u0131 yollar\u0131n\u0131n t\u0259dqiqi\u201d, dos S.\u0130.\u0130brahimlinin r\u0259b\u0259rliyi alt\u0131nda bir qrup \u0259m\u0259kda\u015f\u0131n \u201cSintetik neft tur\u015fular\u0131n\u0131n epoksidl\u0259rl\u0259 i\u015fl\u0259nm\u0259sind\u0259n qeyri-ionogen SAM-lar\u0131n sintezi v\u0259 al\u0131nan oliqomerl\u0259rin t\u0259tbiq imkanlar\u0131n\u0131n ara\u015fd\u0131r\u0131lmas\u0131\u201d m\u00f6vzular\u0131n\u0131 g\u00f6st\u0259rm\u0259k olar.<br>F\u0259aliyy\u0259t\u0259 ba\u015flad\u0131\u011f\u0131 d\u00f6vrd\u0259n bu g\u00fcn\u0259 q\u0259d\u0259r kafedran\u0131n ad\u0131 bir ne\u00e7\u0259 d\u0259f\u0259 d\u0259yi\u015fmi\u015f, v\u0259 haz\u0131rda Kimya kafedras\u0131 adlan\u0131r. F\u0259aliyy\u0259ti d\u00f6vr\u00fcnd\u0259 kafedra \u0259m\u0259kda\u015flar\u0131n\u0131n \u00e7oxlu sayda d\u0259rslik, d\u0259rs v\u0259saiti, f\u0259nn proqramlar\u0131, metodik v\u0259saitl\u0259r v\u0259 s. \u00e7apdan \u00e7\u0131xm\u0131\u015fd\u0131r.<br>Son 5 ild\u0259 kafedrada 1 n\u0259f\u0259r elml\u0259r doktoru (\u0130sf\u0259ndiyar Alverdiyev), 5 n\u0259f\u0259r (Samir\u0259 Mehdiyeva, X\u0259yal\u0259 K\u0259s\u0259m\u0259nli, P\u0259rvan\u0259 H\u00fcseynova, Aynur\u0259 H\u0259s\u0259nova v\u0259 V\u00fcsal\u0259 Abbasova) kimya \u00fczr\u0259 f\u0259ls\u0259f\u0259 doktoru elmi d\u0259r\u0259c\u0259si, 4 n\u0259f\u0259r (Sahil \u0130brahimli, Aynur M\u0259mm\u0259dova, M\u0259tan\u0259t Rzayeva v\u0259 Samir\u0259 Mehdiyeva) dosent elmi ad\u0131 alm\u0131\u015flar.<br>Haz\u0131rda kafedran\u0131n 1 \u0259m\u0259kda\u015f\u0131 Sahil \u0130brahimli elml\u0259r doktoru, dissertantlardan Z\u0259hra \u018fliyeva, G\u00fcnel Zeynalova, h\u0259m\u00e7inin kafedran\u0131n 2 \u0259yani doktorantlar\u0131 H\u00fcseynova Aynur\u0259, N\u0259biyev Elnur, qiyabi dissertantlar Namazov Co\u015fqun, B\u0259kirova G\u00fclbac\u0131, Mahmudova Aypara v\u0259 ba\u015fqalar\u0131 kimya \u00fczr\u0259 f\u0259ls\u0259f\u0259 doktoru elmi d\u0259r\u0259c\u0259si almaq \u00fc\u00e7\u00fcn elmi t\u0259dqiqatlar\u0131n\u0131 tamamlayaraq m\u00fcdafiy\u0259 \u015furalar\u0131na t\u0259qdim etmi\u015fl\u0259r.<\/p>\n\n\n\n<p>Haz\u0131rda kimya kafedras\u0131n\u0131n AMEA-n\u0131n akademik Y.M\u0259mm\u0259d\u0259liyev ad\u0131na Neft-Kimya Prosesl\u0259ri \u0130nstitutu, Akademik \u018f.Quliyev ad\u0131na A\u015fqarlar Kimyas\u0131 \u0130nstitutu, Akademik Murtuza Na\u011f\u0131yev ad\u0131na Kataliz v\u0259 Qeyri-\u00dczvi Kimya \u0130nstitutu, Bak\u0131 D\u00f6vl\u0259t Universiteti, Az\u0259rbaycan D\u00f6vl\u0259t Pedaqoji Universiteti, Az\u0259rbaycan D\u00f6vl\u0259t Neft v\u0259 S\u0259naye Universiteti, AMEA-n\u0131n G\u0259nc\u0259 b\u00f6lm\u0259si il\u0259 elmi \u0259laq\u0259l\u0259ri geni\u015fl\u0259nir. Bu i\u015fd\u0259 kafedraya akademikl\u0259rd\u0259n Vaqif Abbasov, Vaqif F\u0259rz\u0259liyev, Dilq\u0259m Ta\u011f\u0131yev, professorlardan: M\u0259h\u0259mm\u0259d Babanl\u0131, Musa Bayramov Famil \u00c7\u0131raqov, Teymur \u0130lyasl\u0131, Oktay \u018fkb\u0259rov, Eldar \u018fhm\u0259dov, Eldar M\u0259mm\u0259db\u0259yli v\u0259 ba\u015fqalar\u0131 yax\u0131ndan v\u0259 f\u0259al k\u00f6m\u0259k edirl\u0259r.<br>Kafedrada apar\u0131lan elmi-t\u0259dqiqat i\u015fl\u0259rinin n\u0259tic\u0259l\u0259ri h\u0259r il t\u0259xmin\u0259n 200-\u0259 yax\u0131n elmi m\u0259qal\u0259, tezis v\u0259 monoqrafiyalarda \u00f6z \u0259ksini tapm\u0131\u015fd\u0131r.<br>Sintez edilmi\u015f madd\u0259l\u0259rin t\u0259tbiqin\u0259 g\u00f6r\u0259 kafedran\u0131n b\u0259zi \u0259m\u0259kda\u015flar\u0131 16 m\u00fc\u0259lliflik \u015f\u0259had\u0259tnam\u0259sin\u0259 v\u0259 8 patent-ixtiraya layiq g\u00f6r\u00fclm\u00fc\u015fl\u0259r.<br>Bundan ba\u015fqa Kimy\u0259vi material\u015f\u00fcnasl\u0131q Elmi-t\u0259dqiqat laboratoriyas\u0131nda apar\u0131lan t\u0259dqiqat i\u015fl\u0259rinin n\u0259tic\u0259si kimi kafedra elm v\u0259 t\u0259hsilin inteqrasiyas\u0131 m\u0259qs\u0259di il\u0259 2018-ci ild\u0259 Az\u0259rbaycan Respublikas\u0131 Prezidenti yan\u0131nda Elmin \u0130nki\u015faf\u0131 Fondunun elan etdiyi qrant m\u00fcsabiq\u0259sind\u0259 AMEA-n\u0131n akad. M.Na\u011f\u0131yev ad\u0131na Kataliz v\u0259 Qeyri-\u00fczvi kimya \u0130nstitunun v\u0259 G\u0259nc\u0259 D\u00f6vl\u0259t Universiteti il\u0259 birg\u0259 haz\u0131rlad\u0131\u011f\u0131 \u201cMis v\u0259 g\u00fcm\u00fc\u015f\u00fcn \u00e7oxkomponentli xalkogenidl\u0259ri \u0259sas\u0131nda yeni superion ke\u00e7iricil\u0259rinin v\u0259 termoelektrik materiallar\u0131n\u0131n al\u0131nmas\u0131 v\u0259 t\u0259dqiqi\u201d adl\u0131 layih\u0259d\u0259 i\u015ftirak ed\u0259r\u0259k, qalib olmu\u015fdur.<br>Haz\u0131rda kafedran\u0131n \u0259m\u0259kda\u015flar\u0131 \u0130sf\u0259ndiyar Alverdiyev v\u0259 G\u00fcnel Zeynalova Az\u0259rbaycan Elm Fondunun elan etdiyi \u00dcmummilli lider Heyd\u0259r \u018fliyevin 100 illik yubileyin\u0259 h\u0259sr olunmu\u015f \u201c\u018fsas Qrant M\u00fcsabiq\u0259si-2023\u201d (AEF-MCG-2023-1 (42) qrant m\u00fcsabiq\u0259sind\u0259 Az\u0259rbaycan Respublikas\u0131 Elm v\u0259 T\u0259hsil Nazirliyi G\u0259nc\u0259 D\u00f6vl\u0259t Universitetinin \u0259m\u0259kda\u015flar\u0131n\u0131n \u201cFotoelektrokimy\u0259vi yolla sudan hidrogen al\u0131nmas\u0131 \u00fc\u00e7\u00fcn mis v\u0259 g\u00fcm\u00fc\u015f\u00fcn m\u00fcr\u0259kk\u0259b xalkogenidl\u0259ri \u0259sas\u0131nda ekoloji t\u0259hl\u00fck\u0259siz fotoelektrod v\u0259 ionke\u00e7irici materiallar\u201d adl\u0131 layih\u0259 il\u0259 i\u015ftirak edirl\u0259r.<br>H\u0259r iki layih\u0259 m\u00fcasir kimy\u0259vi material\u015funasl\u0131\u011f\u0131n prioritet istiqam\u0259tl\u0259rin\u0259, y\u00fcks\u0259k texnologiyalar \u00fc\u00e7\u00fcn yeni qar\u0131\u015f\u0131q superion-elektron ke\u00e7iricil\u0259rinin v\u0259 termoelektrik materiallar\u0131n\u0131n al\u0131nmas\u0131n\u0131n fiziki-kimy\u0259vi \u0259saslar\u0131n\u0131n i\u015fl\u0259nm\u0259sin\u0259 h\u0259sr olunmu\u015fdur.<br>Haz\u0131rda Kimya kafedras\u0131n\u0131n \u015ftat t\u0259rkibi bel\u0259dir: 2 k.e.d., professor, 1 k.e.d., professor attestats\u0131z, 3 f\u0259xri professor, 6 dosent, 3 dosent attestats\u0131z, kimya \u00fczr\u0259 f\u0259ls\u0259f\u0259 doktoru, 10 ba\u015f m\u00fc\u0259llim, 4 assistent. Ba\u015fqa s\u00f6zl\u0259 kafedran\u0131n strukruru 31 n\u0259f\u0259r professor-m\u00fc\u0259llim v\u0259 20 n\u0259f\u0259r t\u0259dris-k\u00f6m\u0259k\u00e7i hey\u0259tind\u0259n ibar\u0259tdir.<br>Son 5 ild\u0259 kafedrada 100-dan art\u0131q f\u0259nn proqram\u0131 v\u0259 20-d\u0259n art\u0131q d\u0259rslik v\u0259 d\u0259rs v\u0259saiti, 4 monoqrafiya G\u0259nc\u0259 D\u00f6vl\u0259t Universitetinin v\u0259 Az\u0259rbaycan Respublikas\u0131 Elm v\u0259 T\u0259hsil Nazirliyinin qrifi il\u0259 n\u0259\u015fr olunmu\u015fdur. <\/p>\n\n\n\n<p>KAFEDRADA T\u018fDR\u0130S OLUNAN F\u018fNNL\u018fR HAQQINDA M\u018fLUMAT<br>(BAKALAVR V\u018f MAG\u0130STR AYRILIQDA)<br>Bakalavriat t\u0259hsil s\u0259viyy\u0259sind\u0259 t\u0259dris olunan \u0259sas f\u0259nl\u0259r<br>\u00dcmumi kimya<br>Qeyri-\u00fczvi kimya<br>Analitik kimya<br>\u00dczvi kimya<br>Fiziki kimya<br>Y\u00fcks\u0259k molekullu birl\u0259\u015fm\u0259l\u0259r kimyas\u0131<br>Kristallokimya<br>Neft kimyas\u0131 v\u0259 neft kimy\u0259vi sintez<br>Kimya texnologiyas\u0131<br>Fiziki t\u0259dqiqat metodlar\u0131<br>Kolloid kimya3<br>Kimyan\u0131n didaktikas\u0131<br>\u00dcmumi kimyan\u0131n t\u0259drisi metodikas\u0131<br>Qeyri-\u00fczvi v\u0259 \u00fczvi kimyan\u0131n t\u0259drisi metodikas\u0131<br>Qeyri-\u00fczvi kimyan\u0131n t\u0259drisi metodikas\u0131<br>Fiziki\u2013kolloid kimya<br>Kimya<br>Biokimya<br>Molekulyar biologiya<br>Bioloji kimya (Biokimya)<br>Biokimya v\u0259 molekulyar biologiya<br>Ekoloji kimya<br>Analitik kimya v\u0259 instrumental analiz<br>Kimy\u0259vi termodinamikan\u0131n \u0259saslar\u0131<br>Kimya m\u00fch\u0259ndisliyin\u0259 giri\u015f<br>Kimy\u0259vi reaksiyalar\u0131n m\u00fch\u0259ndisliyi<br>Kimya m\u00fch\u0259ndisliyind\u0259 qur\u011fular\u0131n texnoloji \u0259m\u0259lyatlar\u0131<br>Kimya m\u00fch\u0259ndisliyi laboratoriyas\u0131<\/p>\n\n\n\n<p>Kimy\u0259vi prosesl\u0259rin layih\u0259l\u0259ndirilm\u0259si<br>Kimya m\u00fch\u0259ndisliyind\u0259 riyazi modell\u0259\u015fm\u0259<br>\u018ftraf m\u00fchitin kimyas\u0131 v\u0259 toksikologiyan\u0131n \u0259saslar\u0131<br>Bakalavriat t\u0259hsil s\u0259viyy\u0259sind\u0259 t\u0259dris olunan se\u00e7m\u0259 f\u0259nl\u0259r<br>Fotoh\u0259ssas v\u0259 termodinamik materiallar<br>Kimy\u0259vi material\u015f\u00fcnasl\u0131q<br>T\u0259bii birl\u0259\u015fm\u0259l\u0259r kimyas\u0131<br>B\u0259rk cisiml\u0259r kimyas\u0131<br>Qeyri-\u00fczvi sintez<br>\u00dczvi sintez<br>Miqdari analiz \u00fcsullar\u0131 (H\u0259cmi analiz)<br>Z\u0259rif \u00fczvi sintez<br>T\u0259bii obyektl\u0259rin analizi<br>Nadir elementl\u0259r kimyas\u0131<br>Ekoloji kimya<br>Qeyri \u00fczvi kimyan\u0131n n\u0259z. \u0259saslar\u0131<br>Ke\u00e7id elementl\u0259r kimyas\u0131<br>\u00dczvi reagentl\u0259rin analitik kim. t\u0259t.<br>\u00dczvi kimyan\u0131n n\u0259z\u0259ri \u0259saslar\u0131<br>Qeyri \u00fczvi biokimya<br>Kimyan\u0131n tarixi<br>H\u0259yat f\u0259aliyy\u0259tinin kimy\u0259vi \u0259sas<br>Kompleks birl\u0259\u015fm\u0259l\u0259r kimyas\u0131<br>Analitik kimyan\u0131n n\u0259z\u0259ri \u0259saslar\u0131<br>T\u0259bii obyektl\u0259rin analizi<br>Fiziki kimy\u0259vi analiz \u00fcsullar\u0131<br>\u00dczvi reagentl\u0259rin analitik kimyada t\u0259tbiqi<br>Qapal\u0131 z\u0259ncirli karbohidrogenl\u0259r<br>Fiziki kimyan\u0131n n\u0259z\u0259ri \u0259saslar\u0131<br>\u00dczvi sintezin n\u0259z\u0259ri \u0259saslar\u0131<\/p>\n\n\n\n<p>Neft kimyas\u0131 v\u0259 karbohidrogenl\u0259rin termokatalitik \u00e7evrilm\u0259l\u0259ri<br>Biozvi v\u0259 i fizioloji f\u0259al birl\u0259\u015fm\u0259l\u0259r kimyas\u0131<br>\u00dczvi kimyadan semilmi\u015f b\u0259hsl\u0259r<br>H\u0259yat f\u0259aliyy\u0259tinin kimy\u0259vi \u0259saslar\u0131<br>Kristalloqrafiya v\u0259 mineralogiya. \u0259saslar\u0131<br>Praktiki \u0259h\u0259miyy\u0259tli polimer\u0259rin sintezi v\u0259 t\u0259tbiqi<br>Neft kimyas\u0131 v\u0259 neft kimy\u0259vi sintez<br>Kompleks birl\u0259\u015fm\u0259l\u0259rin tibbid\u0259 t\u0259tbiqi<br>D\u0259rman prep. kimy\u0259vi texnologiyas\u0131s\u0131<br>Biopolimerl\u0259rin kimyas\u0131 v\u0259 texnologiyas\u0131<br>Heterogen kataliz<br>Qeyri-\u00fczvi biokimya<br>Magistraturada t\u0259dris olunan \u0259sas f\u0259nl\u0259r<br>YMBK-n\u0131n m\u00fcasir probleml\u0259ri<br>YMBK-n\u0131n tarixi v\u0259 metodologiyas\u0131<br>AMMEF (S\u0259naye polimerl\u0259ri)<br>Nanokimya v\u0259 polimer nanokompozitl\u0259ri<br>Polimerl\u0259rin sintezi<br>Monomerl\u0259rin sintezi<br>Polimerl\u0259rin analizi<br>Polimerl\u0259rin fiziki kimyas\u0131<br>Polimerl\u0259rin kimy\u0259vi \u00e7evrilm\u0259l\u0259ri<br>Polimer m\u0259hlullar<br>Analitik kimyan\u0131n m\u00fcasir probleml\u0259ri<br>Analitik kimyan\u0131n tarixi v\u0259 metodologiyas\u0131<br>AMMEF (Konkret obyektl\u0259rin analizi)<br>Ayr\u0131lma v\u0259 qat\u0131la\u015fd\u0131rma metodikas\u0131<br>N\u00fcmun\u0259 \u00e7\u0259kisinin g\u00f6t\u00fcr\u00fclm\u0259si v\u0259 analiz\u0259 haz\u0131rlanmas\u0131<br>Analitik kimyadan kompleks birl\u0259\u015fm\u0259l\u0259rin t\u0259tqiqi<br>Nadir elementl\u0259rin analizi<br>Optik analiz metodlar\u0131<br>Elektrokimy\u0259vi analiz metodlar\u0131<br>\u00dczvi kimyan\u0131n m\u00fcasir probleml\u0259ri<br>\u00dczvi kimyan\u0131n tarixi metodologiyas\u0131<br>AMMEF (5 v\u0259 alt\u0131\u00fczvl\u00fc heterotsiklik birl\u0259\u015fm\u0259l\u0259r v\u0259 onlar\u0131n t\u00f6r\u0259m\u0259l\u0259ri)<br>\u00dczvi birl\u0259\u015fm\u0259l\u0259rin sintezi v\u0259 t\u0259dqiqi<br>Element\u00fczvi birl\u0259\u015fm\u0259l\u0259rin sintezi v\u0259 t\u0259dqiqi<br>\u00dczvi kimyan\u0131n fiziki t\u0259dqiqat \u00fcsullar\u0131<br>Z\u0259rif \u00fczvi sintez<\/p>\n\n\n\n<p>T\u0259bii birl\u0259\u015fm\u0259l\u0259r kimyas\u0131<br>Qeyri-\u00fczvi kimyan\u0131n m\u00fcasir probleml\u0259ri<br>Qeyri-\u00fczvi kimyan\u0131n tarixi v\u0259 metodologiyas\u0131<br>D\u0259rman madd\u0259l\u0259rinin sintezi<br>Kimyan\u0131n n\u0259z\u0259ri \u0259saslar\u0131<br>Fiziki-kimy\u0259vi analiz<br>Yar\u0131mke\u00e7iricil\u0259r kimyas\u0131<br>B\u0259rk cisiml\u0259r kimyas\u0131<br>T\u0259bii qeyri-\u00fczvi birl\u0259\u015fm\u0259l\u0259r<br>Qeyri-\u00fczvi material\u015f\u00fcnasl\u0131q<br>Kimyan\u0131n t\u0259drisi metodikas\u0131nln m\u00fcasir probleml\u0259r<br>Kimyan\u0131n t\u0259drisinin tarixi v\u0259 metodologiyas\u0131<br>AMMEF(kimyan\u0131n t\u0259drisind\u0259 fundamental anlay\u0131\u015flar\u0131)<br>Kimyan\u0131n t\u0259drisind\u0259 ekoloji t\u0259rbiy\u0259<br>Kimyanin s\u0259nayesind\u0259 v\u0259 laboratoriyalar\u0131nda \u0259m\u0259yin m\u00fchafiz\u0259si<br>Kimyan\u0131n t\u0259drisind\u0259 \u00e7\u0259tinl\u0259\u015fdirilmi\u015f m\u0259s\u0259ll\u0259rin h\u0259lli<br>Kimyan\u0131n t\u0259drisi prosesind\u0259n\u0259z\u0259ri v\u0259 eksperimental t\u0259dqiqatlar\u0131n t\u0259\u015fkili<br>M\u00fcasir kimya texnologiyalar\u0131<br>Ali m\u0259kt\u0259bl\u0259d\u0259 kimyan\u0131n t\u0259drisi metodikas\u0131<\/p>\n\n\n\n<p>Magistraturada t\u0259dris olunan se\u00e7m\u0259 f\u0259nl\u0259r<br>Polimer kompozisiya materiallar\u0131<\/p>\n\n\n\n<p>M\u00fcasir fiziki-t\u0259dqiqat \u00fcsullar\u0131 (NMR. \u0130Q)<br>Sintetik kau\u00e7uklar<br>Monimerl\u0259r kimyas\u0131<br>Polimer m\u0259hlullar\u0131<br>Analiz n\u0259tic\u0259l\u0259rinin i\u015fl\u0259nm\u0259si<br>Rentgenspektral analiz<br>\u00dczvi birl\u0259\u015fm\u0259l\u0259rin analizi<br>\u018ftraf m\u00fchitin obyektl\u0259rinin analizi<br>Atom absorbsion analiz<br>M\u00fcasir fiziki t\u0259dqiqat \u00fcsullar\u0131 (NMR<br>D\u0259rman madd\u0259l\u0259rinin sintezi<br>\u00dczvi kimyadan se\u00e7ilmi\u015f b\u0259hsl\u0259r<br>T\u0259bii birl\u0259\u015fm\u0259l\u0259r kimyas\u0131<br>Metal \u00fczvi birl\u0259\u015fm\u0259l\u0259r<br>T\u0259dqiqat \u00fcsullar\u0131<br>Ke\u00e7id elementl\u0259rin kristal kimyas\u0131<br>Qeyri-\u00fczvi sintezin \u0259saslar\u0131<br>Qeyri-\u00fczvi biokimya<br>X\u00fcsusi t\u0259miz qeyri-\u00fczvi madd\u0259l\u0259rin analizi<br>Koordinasion kimyan\u0131n \u0259saslar\u0131<br>Material\u015f\u00fcnasl\u0131\u011f\u0131n \u0259saslar\u0131<br>Az\u0259rbaycanda kimya s\u0259nayesinin m\u00fcasir v\u0259ziyy\u0259ti v\u0259 inki\u015faf persptivl\u0259ri<br>M\u0259kt\u0259b kimya kusunun elmi \u0259saslar\u0131<br>Kimyan\u0131n t\u0259limind\u0259 interaktiv metodlar\u0131<\/p>\n\n\n\n<p>KAFEDRA \u018fM\u018fKDA\u015eLARININ S\u0130YAHISI<\/p>\n\n\n\n<ol>\n<li>Professor Yusif Yusibov \u018fmiral\u0131 o.<\/li>\n\n\n\n<li><a href=\"https:\/\/bkf.gdu.edu.az\/?page_id=130\">Professor \u0130sf\u0259ndiyar Alverdiyev Cavid o.<\/a><\/li>\n\n\n\n<li><a href=\"https:\/\/bkf.gdu.edu.az\/?page_id=607\">Professor Ta\u011f\u0131 Ta\u011f\u0131yev \u0130brahim o.<\/a><\/li>\n\n\n\n<li>Dosent G\u00fcls\u00fcm F\u0259t\u0259liyeva \u0130sa q.<\/li>\n\n\n\n<li><a href=\"https:\/\/bkf.gdu.edu.az\/?page_id=449\">Dosent Aynur M\u0259mm\u0259dova Teyyub q.<\/a><\/li>\n\n\n\n<li><a href=\"https:\/\/bkf.gdu.edu.az\/?page_id=2223\">F\u0259xri professor Qulu Qurbanov Baba o.<\/a><\/li>\n\n\n\n<li><a href=\"https:\/\/bkf.gdu.edu.az\/?page_id=769\">F\u0259xri professor Elxan C\u0259f\u0259rov Firat o.<\/a><\/li>\n\n\n\n<li><a href=\"https:\/\/bkf.gdu.edu.az\/?page_id=1569\">Dosent Sahil \u0130brahimli \u0130sa o.<\/a><\/li>\n\n\n\n<li><a href=\"https:\/\/bkf.gdu.edu.az\/?page_id=735\">Dosent M\u0259tan\u0259t Rzayeva Firuddin q.<\/a><\/li>\n\n\n\n<li><a href=\"https:\/\/bkf.gdu.edu.az\/?page_id=743\">Dosent Samir\u0259 Mehdiyeva Tofiq q.<\/a><\/li>\n\n\n\n<li><a href=\"https:\/\/bkf.gdu.edu.az\/?page_id=905\">Dosent \u0259v\u0259zi X\u0259yal\u0259 K\u0259s\u0259m\u0259nli Hamlet q.<\/a><\/li>\n\n\n\n<li><a href=\"https:\/\/bkf.gdu.edu.az\/?page_id=885\">Dosent \u0259v\u0259zi P\u0259rvan\u0259 H\u00fcseynova Firuddin q.<\/a><\/li>\n\n\n\n<li><a href=\"https:\/\/bkf.gdu.edu.az\/?page_id=5468\">Kimya \u00fczr\u0259 f\u0259ls\u0259f\u0259 doktoru V\u00fcsal\u0259 Abbasova Akif q.<\/a><\/li>\n\n\n\n<li><a href=\"https:\/\/bkf.gdu.edu.az\/?page_id=900\">Kimya \u00fczr\u0259 f\u0259ls\u0259f\u0259 doktoru Aynur\u0259 H\u0259s\u0259nova Mikay\u0131l q.<\/a><\/li>\n\n\n\n<li><a href=\"https:\/\/bkf.gdu.edu.az\/?page_id=611\">Ba\u015f m\u00fc\u0259llim Yunis Hac\u0131yev H\u00fcseyn o.<\/a><\/li>\n\n\n\n<li><a href=\"https:\/\/bkf.gdu.edu.az\/?page_id=916\">Ba\u015f m\u00fc\u0259llim \u00dclviy\u0259 Sad\u0131qova Eyyub q.<\/a><\/li>\n\n\n\n<li><a href=\"https:\/\/bkf.gdu.edu.az\/?page_id=910\">Ba\u015f m\u00fc\u0259llim Sevinc Zeynalova Vilay\u0259t q.<\/a><\/li>\n\n\n\n<li><a href=\"https:\/\/bkf.gdu.edu.az\/?page_id=5476\">Ba\u015f m\u00fc\u0259llim Z\u0259hra \u018fliyeva M\u00fcsahib q.<\/a><\/li>\n\n\n\n<li><a href=\"https:\/\/bkf.gdu.edu.az\/?page_id=5479\">Ba\u015f m\u00fc\u0259llim Ayg\u00fcn Zeynalova Elxan q.<\/a><\/li>\n\n\n\n<li><a href=\"https:\/\/bkf.gdu.edu.az\/?page_id=919\">Ba\u015f m\u00fc\u0259llim V\u00fcqar\u0259 \u018fliyeva Surxay q.<\/a><\/li>\n\n\n\n<li><a href=\"https:\/\/bkf.gdu.edu.az\/?page_id=923\">Ba\u015f m\u00fc\u0259llim Leyli Namazova Oktay q.<\/a><\/li>\n\n\n\n<li><a href=\"https:\/\/bkf.gdu.edu.az\/?page_id=5482\">Ba\u015f m\u00fc\u0259llim F\u0259rid\u0259 M\u0259mm\u0259dova Oruc q.<\/a><\/li>\n\n\n\n<li><a href=\"https:\/\/bkf.gdu.edu.az\/?page_id=5487\">M\u00fc\u0259llim G\u00fcnel Zeynalova Samir q.<\/a><\/li>\n\n\n\n<li><a href=\"https:\/\/bkf.gdu.edu.az\/?page_id=5472\">M\u00fc\u0259llim El\u015f\u0259n Q\u0259hr\u0259manov Teymur o.<\/a><\/li>\n\n\n\n<li><a href=\"https:\/\/bkf.gdu.edu.az\/?page_id=5491\">M\u00fc\u0259llim \u0130lah\u0259 R\u0259himova Nadir q.<\/a><\/li>\n\n\n\n<li><a href=\"https:\/\/bkf.gdu.edu.az\/?page_id=5495\">M\u00fc\u0259llim Fir\u0259ngiz \u018flizad\u0259 As\u0259f q.<\/a><\/li>\n<\/ol>\n\n\n\n<p>KAFEDRANIN T\u018fDR\u0130S K\u00d6M\u018fK\u00c7\u0130 HEY\u018fT\u0130 HAQQINDA M\u018fLUMAT<\/p>\n\n\n\n<ol>\n<li>Laboratoriya m\u00fcdiri Rasif\u0259 H\u0259s\u0259nova Ba\u011f\u0131r q.<\/li>\n\n\n\n<li>Laboratoriya m\u00fcdiri G\u00fclnara Mehdiyeva Cahad q.<\/li>\n\n\n\n<li>B\u00f6y\u00fck laborant Z\u0259r\u0259f\u015fan Burcuyeva N\u0259riman q.<\/li>\n\n\n\n<li>B\u00f6y\u00fck laborant Nuriyy\u0259 \u018flizad\u0259 Qas\u0131m q.<\/li>\n\n\n\n<li>B\u00f6y\u00fck laborant Ayt\u0259kin M\u0259mm\u0259dova \u018fl\u0259kb\u0259r q.<\/li>\n\n\n\n<li>B\u00f6y\u00fck laborant Sevil Qurbanova Q\u0259z\u0259nf\u0259r q.<\/li>\n\n\n\n<li>B\u00f6y\u00fck laborant Fatma N\u0259biyeva Seyyub q.<\/li>\n\n\n\n<li>B\u00f6y\u00fck laborant N\u0259rmin\u0259 Yusibova Siyavu\u015f q.<\/li>\n\n\n\n<li>Laborant \u015e\u0259fay\u0259t Qurbanova \u015e\u0259fay\u0259t C\u0259lal q.<\/li>\n\n\n\n<li>B\u00f6y\u00fck laborant G\u00fclg\u00fcn \u0130brahimova Oleq q.<\/li>\n\n\n\n<li>B\u00f6y\u00fck laborant Sevinc Mahmudova Barat q.<\/li>\n\n\n\n<li>B\u00f6y\u00fck laborant Afaq Muradova Namiq q.<\/li>\n\n\n\n<li>Preparator K\u00f6n\u00fcl \u015eabanova Arif q.<\/li>\n\n\n\n<li>Preparator Aynur\u0259 \u018fliyeva Sal\u0259ddin q.<\/li>\n\n\n\n<li>Operator G\u00fclnur V\u0259liyeva Vaqif q.<\/li>\n\n\n\n<li>B\u00f6y\u00fck laborant Rafiq Abbasov R\u00f6v\u015f\u0259n o.<\/li>\n\n\n\n<li>Laborant Aytac Bayramova Q\u0259nim\u0259t q.<\/li>\n\n\n\n<li>Laborant G\u00fcltac Hac\u0131yeva G\u00fcnd\u00fcz q.<\/li>\n\n\n\n<li>Operator K\u0259mal\u0259 \u018fliyeva Tahir q.<\/li>\n<\/ol>\n","protected":false},"excerpt":{"rendered":"<p>G\u0259nc\u0259 D\u00f6vl\u0259t Universtetinin (ke\u00e7mi\u015f Kirovabad D\u00f6vl\u0259t Pedaqoji \u0130nstitutu) Kimya kafedras\u0131n\u0131n yaranma tarixi t\u0259xmin\u0259n 1938-1950-ci ill\u0259r\u0259 t\u0259sad\u00fcf edir.Kafedra f\u0259aliyy\u0259t\u0259 ba\u015flad\u0131\u011f\u0131 ilk ill\u0259rd\u0259n art\u0131q elm al\u0259mind\u0259 tan\u0131nm\u0131\u015f aliml\u0259r, o c\u00fcml\u0259d\u0259n, dos.\u018fl\u0259sg\u0259r M\u0259mm\u0259dov, prof.C\u00fcm\u015f\u00fcd Z\u00fclf\u00fcqarl\u0131, prof.Arif Mambetov, prof.H\u0259zr\u0259t S\u0259f\u0259rov, prof.\u0130smay\u0131l Q\u0259ribov, kafedra m\u00fcdiri Hac\u0131 Hac\u0131yev (o eyni zamanda t\u0259dris i\u015fl\u0259ri \u00fczr\u0259 prorektor idi) prof.Mirz\u0259 Sad\u0131qov, prof.\u0130smay\u0131l H\u00fcseynov, professor [&hellip;]<\/p>\n","protected":false},"author":1,"featured_media":0,"parent":0,"menu_order":0,"comment_status":"closed","ping_status":"closed","template":"","meta":{"footnotes":""},"categories":[12],"tags":[],"_links":{"self":[{"href":"https:\/\/bkf.gdu.edu.az\/index.php?rest_route=\/wp\/v2\/pages\/157"}],"collection":[{"href":"https:\/\/bkf.gdu.edu.az\/index.php?rest_route=\/wp\/v2\/pages"}],"about":[{"href":"https:\/\/bkf.gdu.edu.az\/index.php?rest_route=\/wp\/v2\/types\/page"}],"author":[{"embeddable":true,"href":"https:\/\/bkf.gdu.edu.az\/index.php?rest_route=\/wp\/v2\/users\/1"}],"replies":[{"embeddable":true,"href":"https:\/\/bkf.gdu.edu.az\/index.php?rest_route=%2Fwp%2Fv2%2Fcomments&post=157"}],"version-history":[{"count":19,"href":"https:\/\/bkf.gdu.edu.az\/index.php?rest_route=\/wp\/v2\/pages\/157\/revisions"}],"predecessor-version":[{"id":6194,"href":"https:\/\/bkf.gdu.edu.az\/index.php?rest_route=\/wp\/v2\/pages\/157\/revisions\/6194"}],"wp:attachment":[{"href":"https:\/\/bkf.gdu.edu.az\/index.php?rest_route=%2Fwp%2Fv2%2Fmedia&parent=157"}],"wp:term":[{"taxonomy":"category","embeddable":true,"href":"https:\/\/bkf.gdu.edu.az\/index.php?rest_route=%2Fwp%2Fv2%2Fcategories&post=157"},{"taxonomy":"post_tag","embeddable":true,"href":"https:\/\/bkf.gdu.edu.az\/index.php?rest_route=%2Fwp%2Fv2%2Ftags&post=157"}],"curies":[{"name":"wp","href":"https:\/\/api.w.org\/{rel}","templated":true}]}}