{"id":1857,"date":"2017-09-29T10:33:31","date_gmt":"2017-09-29T08:33:31","guid":{"rendered":"http:\/\/bkf.gdu.edu.az\/?page_id=1857"},"modified":"2017-09-29T10:34:58","modified_gmt":"2017-09-29T08:34:58","slug":"26-sentyabr-2017","status":"publish","type":"page","link":"https:\/\/bkf.gdu.edu.az\/?page_id=1857","title":{"rendered":"26 Sentyabr 2017"},"content":{"rendered":"<p style=\"text-align: center;\"><a href=\"http:\/\/bkf.gdu.edu.az\/wp-content\/uploads\/2017\/09\/20170926_100701.jpg\"><img loading=\"lazy\" decoding=\"async\" class=\"alignnone wp-image-1859\" src=\"http:\/\/bkf.gdu.edu.az\/wp-content\/uploads\/2017\/09\/20170926_100701-300x169.jpg\" alt=\"20170926_100701\" width=\"422\" height=\"238\" srcset=\"https:\/\/bkf.gdu.edu.az\/wp-content\/uploads\/2017\/09\/20170926_100701-300x169.jpg 300w, https:\/\/bkf.gdu.edu.az\/wp-content\/uploads\/2017\/09\/20170926_100701.jpg 512w\" sizes=\"(max-width: 422px) 100vw, 422px\" \/><\/a><\/p>\n<p style=\"text-align: center;\"><strong>PROTOKOL <\/strong><strong>\u00a0\u2116 <\/strong><strong>1<\/strong><\/p>\n<p style=\"text-align: center;\"><strong>B \u0130 L D \u0130 R \u0130 \u015e<\/strong><\/p>\n<p>\u00a0\u00a0\u00a0 \u00a0\u00a0\u00a0\u00a0 26 sentyabr 2017-ci il tarixd\u0259 saat 12<sup>30<\/sup>-da Biologiya-kimya fak\u00fclt\u0259si Elmi \u015furas\u0131n\u0131n iclas\u0131 olmu\u015fdur.<\/p>\n<p style=\"text-align: center;\"><strong>G\u00fcnd\u0259lik m\u0259s\u0259l\u0259l\u0259r<\/strong><\/p>\n<p style=\"text-align: center;\"><strong>I \u0130clas (Sentyabr 2017-c\u0131 il)<\/strong><\/p>\n<ol>\n<li>2016\/2017-ci t\u0259dris ilinin yekunlar\u0131. Fak\u00fclt\u0259 dekanl\u0131\u011f\u0131n\u0131n hesabat\u0131<\/li>\n<li>Yeni d\u0259rs ilind\u0259 (2017-2018) fak\u00fclt\u0259 kollektivinin qar\u015f\u0131s\u0131nda duran v\u0259zif\u0259l\u0259r<\/li>\n<li>Magistrantlara dissertasiya v\u0259 IV kurs t\u0259l\u0259b\u0259l\u0259rin\u0259 burax\u0131l\u0131\u015f i\u015fi m\u00f6vzular\u0131n\u0131n planla\u015fd\u0131r\u0131lmas\u0131. (m\u00f6vzu se\u00e7imind\u0259 t\u0259l\u0259b\u0259l\u0259rin arzu v\u0259 ist\u0259kl\u0259rinin \u0259sas g\u00f6t\u00fcr\u00fclm\u0259si)<\/li>\n<li>Kredit borcu olan t\u0259l\u0259b\u0259l\u0259rin f\u0259nng\u00f6t\u00fcrm\u0259 i\u015finin yekunla\u015fd\u0131r\u0131lma v\u0259ziyy\u0259ti, r\u0259smil\u0259\u015fdirm\u0259y\u0259 t\u0259qdim olunmas\u0131<\/li>\n<li>Birinci kurs t\u0259l\u0259b\u0259l\u0259ri il\u0259 apar\u0131lacaq ideya siyasi t\u0259rbiy\u0259 i\u015fl\u0259ri haqq\u0131nda<\/li>\n<li>Cari m\u0259sl\u0259l\u0259r<\/li>\n<\/ol>\n<p>&nbsp;<\/p>\n<p style=\"text-align: center;\"><strong><u>\u0130\u015eT\u0130RAK ETM\u018fL\u0130D\u0130RL\u018fR<\/u>:<\/strong><\/p>\n<p style=\"text-align: center;\"><strong>\u00a0<u>Elmi \u015fura \u00fczvl\u0259ri:<\/u><\/strong><\/p>\n<ol>\n<li>\u0130.Alverdiyev<\/li>\n<li>Dos.M.H\u0259s\u0259nov<\/li>\n<li>Prof.V.Novruzov<\/li>\n<li>V.M\u0259mm\u0259dova<\/li>\n<li>Dos.Q.Qurbanov<\/li>\n<li>S.\u018fhm\u0259dova<\/li>\n<li>Dos.Z.\u0130smay\u0131lova<\/li>\n<li>Dos.M.Qaz\u0131yev<\/li>\n<li>A.Bayramova<\/li>\n<li>B\/m.Y. Aslanova<\/li>\n<li>E.C\u0259f\u0259rov<\/li>\n<li>N.\u018fl\u0259kb\u0259rov<\/li>\n<li>M.V\u0259liyev<\/li>\n<li>T.Ta\u011f\u0131yev<\/li>\n<li>S.\u0130brahimli<\/li>\n<li>T.R\u00fcst\u0259mova<\/li>\n<li>B\/m.Z.\u018fliyeva<\/li>\n<li>Muradl\u0131<\/li>\n<\/ol>\n<p><strong>\u00a0<\/strong><\/p>\n","protected":false},"excerpt":{"rendered":"<p>PROTOKOL \u00a0\u2116 1 B \u0130 L D \u0130 R \u0130 \u015e \u00a0\u00a0\u00a0 \u00a0\u00a0\u00a0\u00a0 26 sentyabr 2017-ci il tarixd\u0259 saat 1230-da Biologiya-kimya fak\u00fclt\u0259si Elmi \u015furas\u0131n\u0131n iclas\u0131 olmu\u015fdur. G\u00fcnd\u0259lik m\u0259s\u0259l\u0259l\u0259r I \u0130clas (Sentyabr 2017-c\u0131 il) 2016\/2017-ci t\u0259dris ilinin yekunlar\u0131. Fak\u00fclt\u0259 dekanl\u0131\u011f\u0131n\u0131n hesabat\u0131 Yeni d\u0259rs ilind\u0259 (2017-2018) fak\u00fclt\u0259 kollektivinin qar\u015f\u0131s\u0131nda duran v\u0259zif\u0259l\u0259r Magistrantlara dissertasiya v\u0259 IV kurs t\u0259l\u0259b\u0259l\u0259rin\u0259 [&hellip;]<\/p>\n","protected":false},"author":3,"featured_media":0,"parent":0,"menu_order":0,"comment_status":"closed","ping_status":"closed","template":"","meta":{"footnotes":""},"categories":[9],"tags":[],"_links":{"self":[{"href":"https:\/\/bkf.gdu.edu.az\/index.php?rest_route=\/wp\/v2\/pages\/1857"}],"collection":[{"href":"https:\/\/bkf.gdu.edu.az\/index.php?rest_route=\/wp\/v2\/pages"}],"about":[{"href":"https:\/\/bkf.gdu.edu.az\/index.php?rest_route=\/wp\/v2\/types\/page"}],"author":[{"embeddable":true,"href":"https:\/\/bkf.gdu.edu.az\/index.php?rest_route=\/wp\/v2\/users\/3"}],"replies":[{"embeddable":true,"href":"https:\/\/bkf.gdu.edu.az\/index.php?rest_route=%2Fwp%2Fv2%2Fcomments&post=1857"}],"version-history":[{"count":1,"href":"https:\/\/bkf.gdu.edu.az\/index.php?rest_route=\/wp\/v2\/pages\/1857\/revisions"}],"predecessor-version":[{"id":1861,"href":"https:\/\/bkf.gdu.edu.az\/index.php?rest_route=\/wp\/v2\/pages\/1857\/revisions\/1861"}],"wp:attachment":[{"href":"https:\/\/bkf.gdu.edu.az\/index.php?rest_route=%2Fwp%2Fv2%2Fmedia&parent=1857"}],"wp:term":[{"taxonomy":"category","embeddable":true,"href":"https:\/\/bkf.gdu.edu.az\/index.php?rest_route=%2Fwp%2Fv2%2Fcategories&post=1857"},{"taxonomy":"post_tag","embeddable":true,"href":"https:\/\/bkf.gdu.edu.az\/index.php?rest_route=%2Fwp%2Fv2%2Ftags&post=1857"}],"curies":[{"name":"wp","href":"https:\/\/api.w.org\/{rel}","templated":true}]}}