{"id":2799,"date":"2018-11-28T12:24:47","date_gmt":"2018-11-28T10:24:47","guid":{"rendered":"http:\/\/bkf.gdu.edu.az\/?page_id=2799"},"modified":"2025-02-25T08:59:45","modified_gmt":"2025-02-25T06:59:45","slug":"h%c9%99s%c9%99nova-rasif%c9%99-bagir-qizi","status":"publish","type":"page","link":"https:\/\/bkf.gdu.edu.az\/?page_id=2799","title":{"rendered":"\u018fl\u0259kb\u0259rova Lal\u0259 V\u00fcsal q\u0131z\u0131"},"content":{"rendered":"<p><img loading=\"lazy\" decoding=\"async\" class=\"alignnone size-full wp-image-6204\" src=\"http:\/\/bkf.gdu.edu.az\/wp-content\/uploads\/2025\/02\/8.jpg\" alt=\"\" width=\"296\" height=\"414\" \/><\/p>\n<p>\u018fl\u0259kb\u0259rova Lal\u0259 V\u00fcsal q\u0131z\u0131\u00a014 iyul 2002-ci ild\u0259 G\u00f6yg\u00f6l rayonunda anadan olub. 2019-cu ild\u0259 G\u0259nc\u0259 D\u00f6vl\u0259t Universitetinin Kimya-biologiya fak\u00fclt\u0259sind\u0259 \u201cKimya v\u0259 Biologiya m\u00fc\u0259llimliyi\u201d ixtisas\u0131na y\u00fcks\u0259k balla q\u0259bul edilib. 2024-c\u00fc ild\u0259 h\u0259min ixtisas\u0131 \u201cF\u0259rql\u0259nm\u0259\u201d diplomu il\u0259 tamamlayaraq, G\u0259nc\u0259 D\u00f6vl\u0259t Universitetind\u0259 magistratura s\u0259viyy\u0259sind\u0259 \u201cBiokimya\u201d ixtisas\u0131nda t\u0259hsil\u0259 ba\u015flay\u0131b.<\/p>\n<p>Nizami G\u0259nc\u0259vinin 880 illiyi m\u00fcnasib\u0259til\u0259 t\u0259sis edilmi\u015f \u201cNizami G\u0259nc\u0259vi\u201d adl\u0131 t\u0259qa\u00fcd, \u201cHeyd\u0259r \u018fliyev ad\u0131na\u201d t\u0259qa\u00fcd v\u0259 Az\u0259rbaycan Respublikas\u0131 Prezidentinin 2022-ci il 28 noyabr tarixli 3623 n\u00f6mr\u0259li s\u0259r\u0259ncam\u0131 il\u0259 t\u0259sdiq edilmi\u015f \u201cAz\u0259rbaycan Respublikas\u0131nda 2023-c\u00fc ilin \u2018Heyd\u0259r \u018fliyev \u0130li\u2019 elan edilm\u0259si il\u0259 ba\u011fl\u0131 t\u0259qa\u00fcd\u201dl\u0259r\u0259 layiq g\u00f6r\u00fcl\u00fcb.<\/p>\n<p>Hal-haz\u0131rda G\u0259nc\u0259 D\u00f6vl\u0259t Universitetinin Kimya-biologiya fak\u00fclt\u0259sind\u0259 I kurs t\u0259l\u0259b\u0259l\u0259rin\u0259 akademik m\u0259sl\u0259h\u0259t\u00e7i kimi f\u0259aliyy\u0259t g\u00f6st\u0259rir v\u0259 eyni zamanda universitetin T\u0259l\u0259b\u0259 Elmi C\u0259miyy\u0259tinin s\u0259dridir.<\/p>\n<p>\u018flaq\u0259:<\/p>\n<p>Elektron po\u00e7t: <a href=\"mailto:lala.alekberova.021@student.gdu.edu.az\">lala.alekberova.021@student.gdu.edu.az<\/a><\/p>\n<p>\u018flaq\u0259 n\u00f6mr\u0259si: +994 841 55 79<\/p>\n","protected":false},"excerpt":{"rendered":"<p>\u018fl\u0259kb\u0259rova Lal\u0259 V\u00fcsal q\u0131z\u0131\u00a014 iyul 2002-ci ild\u0259 G\u00f6yg\u00f6l rayonunda anadan olub. 2019-cu ild\u0259 G\u0259nc\u0259 D\u00f6vl\u0259t Universitetinin Kimya-biologiya fak\u00fclt\u0259sind\u0259 \u201cKimya v\u0259 Biologiya m\u00fc\u0259llimliyi\u201d ixtisas\u0131na y\u00fcks\u0259k balla q\u0259bul edilib. 2024-c\u00fc ild\u0259 h\u0259min ixtisas\u0131 \u201cF\u0259rql\u0259nm\u0259\u201d diplomu il\u0259 tamamlayaraq, G\u0259nc\u0259 D\u00f6vl\u0259t Universitetind\u0259 magistratura s\u0259viyy\u0259sind\u0259 \u201cBiokimya\u201d ixtisas\u0131nda t\u0259hsil\u0259 ba\u015flay\u0131b. Nizami G\u0259nc\u0259vinin 880 illiyi m\u00fcnasib\u0259til\u0259 t\u0259sis edilmi\u015f \u201cNizami G\u0259nc\u0259vi\u201d adl\u0131 t\u0259qa\u00fcd, [&hellip;]<\/p>\n","protected":false},"author":3,"featured_media":6204,"parent":0,"menu_order":0,"comment_status":"closed","ping_status":"closed","template":"","meta":{"footnotes":""},"categories":[1],"tags":[],"_links":{"self":[{"href":"https:\/\/bkf.gdu.edu.az\/index.php?rest_route=\/wp\/v2\/pages\/2799"}],"collection":[{"href":"https:\/\/bkf.gdu.edu.az\/index.php?rest_route=\/wp\/v2\/pages"}],"about":[{"href":"https:\/\/bkf.gdu.edu.az\/index.php?rest_route=\/wp\/v2\/types\/page"}],"author":[{"embeddable":true,"href":"https:\/\/bkf.gdu.edu.az\/index.php?rest_route=\/wp\/v2\/users\/3"}],"replies":[{"embeddable":true,"href":"https:\/\/bkf.gdu.edu.az\/index.php?rest_route=%2Fwp%2Fv2%2Fcomments&post=2799"}],"version-history":[{"count":3,"href":"https:\/\/bkf.gdu.edu.az\/index.php?rest_route=\/wp\/v2\/pages\/2799\/revisions"}],"predecessor-version":[{"id":6205,"href":"https:\/\/bkf.gdu.edu.az\/index.php?rest_route=\/wp\/v2\/pages\/2799\/revisions\/6205"}],"wp:featuredmedia":[{"embeddable":true,"href":"https:\/\/bkf.gdu.edu.az\/index.php?rest_route=\/wp\/v2\/media\/6204"}],"wp:attachment":[{"href":"https:\/\/bkf.gdu.edu.az\/index.php?rest_route=%2Fwp%2Fv2%2Fmedia&parent=2799"}],"wp:term":[{"taxonomy":"category","embeddable":true,"href":"https:\/\/bkf.gdu.edu.az\/index.php?rest_route=%2Fwp%2Fv2%2Fcategories&post=2799"},{"taxonomy":"post_tag","embeddable":true,"href":"https:\/\/bkf.gdu.edu.az\/index.php?rest_route=%2Fwp%2Fv2%2Ftags&post=2799"}],"curies":[{"name":"wp","href":"https:\/\/api.w.org\/{rel}","templated":true}]}}