{"id":373,"date":"2016-04-12T14:37:14","date_gmt":"2016-04-12T12:37:14","guid":{"rendered":"http:\/\/bkf.gdu.edu.az\/?page_id=373"},"modified":"2024-01-29T12:14:03","modified_gmt":"2024-01-29T10:14:03","slug":"biologiya-elml%c9%99ri-doktoru-professor-%c9%99m%c9%99kdar-elm-xadimi-novruzov-vaqif-seyf%c9%99ddin-oglu","status":"publish","type":"page","link":"https:\/\/bkf.gdu.edu.az\/?page_id=373","title":{"rendered":"Biologiya elml\u0259ri doktoru, professor, \u0259m\u0259kdar elm xadimi Novruzov Vaqif Seyf\u0259ddin o\u011flu"},"content":{"rendered":"<div class=\"wp-block-image\">\n<figure class=\"alignright is-resized\"><a href=\"http:\/\/bkf.gdu.edu.az\/wp-content\/uploads\/2016\/04\/professor-Vaqif-Novruzov.jpg\"><img loading=\"lazy\" decoding=\"async\" width=\"480\" height=\"600\" src=\"http:\/\/bkf.gdu.edu.az\/wp-content\/uploads\/2016\/04\/professor-Vaqif-Novruzov.jpg\" alt=\"professor Vaqif Novruzov\" class=\"wp-image-374\" style=\"width:338px;height:auto\" srcset=\"https:\/\/bkf.gdu.edu.az\/wp-content\/uploads\/2016\/04\/professor-Vaqif-Novruzov.jpg 480w, https:\/\/bkf.gdu.edu.az\/wp-content\/uploads\/2016\/04\/professor-Vaqif-Novruzov-240x300.jpg 240w\" sizes=\"(max-width: 480px) 100vw, 480px\" \/><\/a><\/figure><\/div>\n\n\n<p>E-mail: vnovruzov1@rambler.ru<\/p>\n\n\n\n<p><strong>QISA B\u0130OQRAF\u0130K M\u018fLUMAT<\/strong> <br>* 1 iyul 1943- c\u00fc ild\u0259 Quba rayonu Rustov k\u0259ndind\u0259 anadan olmu\u015fdur.<br>* 1966-c\u0131 ild\u0259 Kirovabad (G\u0259nc\u0259) D\u00f6vl\u0259t Pedaqoji \u0130nstitunun (indiki GDU) biologiya v\u0259 k\u0259nd t\u0259s\u0259rr\u00fcfat\u0131 istehsal\u0131n\u0131n \u0259saslar\u0131 fak\u00fclt\u0259sini f\u0259rql\u0259nm\u0259 diplomu il\u0259 bitirmi\u015fdir.<br>* 1966-1981-ciu ill\u0259rd\u0259 AMEA Botanika \u0130nstitunda aspirant, ki\u00e7ik v\u0259 ba\u015f elmi i\u015f\u00e7i, 1982-1993-c\u00fc ill\u0259rd\u0259 Az\u0259rbaycan K\u0259nd T\u0259s\u0259rr\u00fcfat\u0131 Akademiyas\u0131nda (indiki ADAU) dosent, professor, elmi i\u015fl\u0259r \u00fczr\u0259 prorektor, rektor \u0259v\u0259zi v\u0259zif\u0259l\u0259rind\u0259 i\u015fl\u0259mi\u015fdir.<br>* 2003-c\u00fc ild\u0259 m\u00fcsabiq\u0259 yolu il\u0259 G\u0259nc\u0259 D\u00f6vl\u0259t Universitetinin Botanika kafedras\u0131nda professor, 2006-c\u0131 ilin aprel ay\u0131ndan h\u0259min kafedran\u0131n m\u00fcdiri v\u0259zif\u0259sind\u0259 \u00e7al\u0131\u015f\u0131r.<br>* 1970-ci ild\u0259 namiz\u0259dlik, 1985-ci ild\u0259 doktorluq dissertasiyalar\u0131n\u0131 m\u00fcdafi\u0259 etmi\u015fdir. 1978-ci ild\u0259 ba\u015f elmi i\u015f\u00e7i, 1986-c\u0131 ild\u0259 dosent, 1988-ci ild\u0259 professor elmi adlar\u0131n\u0131 alm\u0131\u015fd\u0131r.<br>* \u201dAz\u0259rbaycan\u0131n 100 g\u00f6rk\u0259mli alimi\u201d Ensiklopedik n\u0259\u015fr\u0259 daxil edilmi\u015fdir (2001), GDU-nun inki\u015faf\u0131nda x\u00fcsusi xidm\u0259tl\u0259rin\u0259 g\u00f6r\u0259 mealla t\u0259ltif edilmi\u015fdir (2009). AMEA Botanika \u0130nstitu, ADAU, GDU-nun f\u0259xrfi f\u0259rmanlar\u0131 verilmi\u015fdir.<\/p>\n\n\n\n<p>* Az\u0259rbaycan Respublikas\u0131 Prezidentinin 22 sentyabr 2008-ci il tarixli S\u0259r\u0259ncam\u0131 il\u0259 \u201cAz\u0259rbaycan Respublikas\u0131n\u0131n \u0259m\u0259kdar elm xadimi\u201d f\u0259xri ad\u0131 verilmi\u015fdir.<\/p>\n\n\n\n<p>* 1996-2008-ci ill\u0259rd\u0259 Az\u0259rbaycan Respublikas\u0131 Prezidenti Yan\u0131nda Ali Attestasiya Komissiyas\u0131 \u00abBiologiya v\u0259 k\u0259nd t\u0259s\u0259rr\u00fcfat\u0131 elml\u0259ri \u00fczr\u0259\u00bb Ekspert \u015furas\u0131n\u0131n \u00fczv\u00fc olmu\u015f, haz\u0131rda AMEA Biologiya elml\u0259ri b\u00f6lm\u0259si \u00fczr\u0259 problem \u015euras\u0131n\u0131n, Az\u0259rbaycan Respublikas\u0131 Ekologiya v\u0259 T\u0259bii S\u0259rv\u0259tl\u0259r Nazirliyi \u00abHeyvan v\u0259 bitki n\u00f6vl\u0259ri \u00fczr\u0259\u00bb Komissiyan\u0131n, ADAU n\u0259zdind\u0259 Dissertasiya \u015euras\u0131n\u0131n, Az\u0259rbaycan Respublikas\u0131 T\u0259hsil Nazirliyi Biologiya elml\u0259ri \u00fczr\u0259 Elmi-metodiki \u015euras\u0131n\u0131n \u00fczv\u00fc, GDU v\u0259 Biologiya-kimya fak\u00fclt\u0259si Elmi \u015euralar\u0131n\u0131n \u00fczv\u00fcd\u00fcr. Biologiya-kimya fak\u00fclt\u0259si t\u0259dris-metodiki \u015euras\u0131n\u0131n s\u0259dridir. Universitet m\u00fcsabiq\u0259 Komissiyas\u0131n\u0131n s\u0259dridir. Az\u0259rbaycan\u0131n \u00abQ\u0131rm\u0131z\u0131 kitab\u0131\u201dn\u0131n\u201d yeni n\u0259\u015frinin redaksiya hey\u0259tinin \u00fczv\u00fcd\u00fcr.<br>* Ail\u0259lidir, iki \u00f6vlad\u0131,, 3 n\u0259v\u0259si var. H\u0259r 2 q\u0131z\u0131 h\u0259kimdir. H\u0259r 3 n\u0259v\u0259si Universitetl\u0259rin t\u0259l\u0259b\u0259l\u0259ridir. H\u0259yat yolda\u015f\u0131 Zilxumar \u0130smayilova GDU -nin dosentidir.<\/p>\n\n\n\n<p><strong>ELM\u0130-PEDAQOJ\u0130 F\u018fAL\u0130YY\u018fT\u0130<\/strong><br>Bitki \u00f6rt\u00fcy\u00fcn\u00fcn \u00fcmumi probleml\u0259rinin h\u0259llin\u0259 y\u00f6n\u0259ldilmi\u015f floristik-sistematik t\u0259dqiqatlar elmi axtar\u0131\u015flar\u0131n\u0131n \u0259sas istiqam\u0259tini t\u0259\u015fkil edir. B\u00f6y\u00fck v\u0259 Ki\u00e7ik Qafqaz, Nax\u00e7\u0131van MR-n\u0131n \u015fiby\u0259 floras\u0131, h\u0259m\u00e7inin \u00e7oxsayl\u0131 elmi ekspedisiya materiallar\u0131 \u0259sas\u0131nda Qafqaz \u015fiby\u0259l\u0259rind\u0259 n\u00f6v\u0259m\u0259l\u0259g\u0259lm\u0259 prosesini, floran\u0131n genezisi, formala\u015fmas\u0131 yollar\u0131n\u0131 elmi d\u0259lill\u0259rl\u0259 d\u0259qiql\u0259\u015fdirmi\u015fdir. Elm\u0259 m\u0259lum olmayan 15 yeni n\u00f6v\u00fcn\u00fcn ilk d\u0259f\u0259 botaniki t\u0259svirini ver\u0259r\u0259k, onlar\u0131 d\u00fcnya floras\u0131na daxil etmi\u015fdir. H\u0259min n\u00f6vl\u0259r d\u00fcnya botanikl\u0259ri t\u0259r\u0259find\u0259n q\u0259bul edil\u0259r\u0259k, monoqrafik m\u0259cmu\u0259l\u0259r\u0259 v\u0259 t\u0259yinedicil\u0259r\u0259 daxil edilmi\u015fdir.<br>Ke\u00e7mi\u015f SSR\u0130 (5 n\u00f6v), Qafqaz (98 n\u00f6v) v\u0259 Az\u0259rbaycan floras\u0131 \u00fc\u00e7\u00fcn 300- d\u0259n \u00e7ox yeni n\u00f6v m\u00fc\u0259yy\u0259nl\u0259\u015fdirmi\u015fdir. Qafqazda ilk d\u0259f\u0259 olaraq nadir v\u0259 m\u0259hvolma t\u0259hl\u00fck\u0259sind\u0259 qalan n\u00f6vl\u0259rin m\u00fchafiz\u0259si \u00fc\u00e7\u00fcn t\u0259dbirl\u0259r sistemi i\u015fl\u0259yib haz\u0131rlam\u0131\u015fd\u0131r.<br>35 il \u0259rzind\u0259 Arktikadan tutmu\u015f, Orta Asiya s\u0259hralar\u0131na q\u0259d\u0259r, M\u0259rk\u0259zi Avropa, Asiya me\u015f\u0259l\u0259rini, Qafqaz, Ural, Xibin, M\u0259rk\u0259zi Kopetdaq, Tyan-\u015ean, Ukraynan\u0131n Karpat, Pamir, Qafqaz da\u011f sisteml\u0259rind\u0259 t\u0259\u015fkil olunmu\u015f elmi ekspedisiyalarda i\u015ftirak ed\u0259r\u0259k, bitki \u00f6rt\u00fcy\u00fcn\u00fcn yay\u0131lma qanunauy\u011funluqlar\u0131n\u0131 v\u0259 n\u00f6v\u0259m\u0259l\u0259g\u0259lm\u0259 prosesl\u0259rin\u0259 dair qiym\u0259tli elmi d\u0259lill\u0259r toplay\u0131b. Elmi ekspedisiyalarda toplanm\u0131\u015f herbari materiallar\u0131 Rusiya EA Botanika \u0130nstitunun (Sankt-Peterburq), M.V.Lomonosov ad\u0131na MDU, Az\u0259rbaycan MEA Botanika institunun, Tartu D\u00f6vl\u0259t Universiteti (Estoniya), Az\u0259rbaycan K\u0259nd T\u0259s\u0259rr\u00fcfat\u0131 Akademiyas\u0131, G\u0259nc\u0259 D\u00f6vl\u0259t Universitetinin herbari fondlar\u0131n\u0131nda saxlan\u0131l\u0131r.<br>Botanikan\u0131n n\u0259z\u0259ri, praktiki v\u0259 metodik probleml\u0259rin\u0259 dair 200-d\u0259n \u00e7ox \u0259s\u0259ri, o c\u00fcml\u0259d\u0259n, \u00abB\u00f6y\u00fck Qafqaz\u0131n y\u00fcks\u0259k da\u011fl\u0131\u011f\u0131n\u0131n lixenofloras\u0131\u00bb\u201d (Bak\u0131, 1983), \u00abB\u00f6y\u00fck Qafqaz lixenofloras\u0131n\u0131n florogenetik analizi v\u0259 m\u00fchafiz\u0259si\u201d\u00bb (Bak\u0131, 1990), \u00abAz\u0259rbaycan t\u0259bi\u0259ti v\u0259 \u0259traf m\u00fchitin m\u00fchafiz\u0259si\u201d\u00bb (G\u0259nc\u0259, 1992), \u00ab\u015eiby\u0259l\u0259r\u00bb (Bak\u0131,2004) monoqrafiyalar\u0131, \u00abBitki ekologiyas\u0131\u00bb\u201d (G\u0259nc\u0259, 1988), \u00abBitki ekologiyas\u0131 geobotaniki \u0259saslarla\u201d\u00bb (Bak\u0131, 1998), \u00abM\u00fcasir bitki sistematikas\u0131 v\u0259 elmi-texniki t\u0259r\u0259qqi\u201d\u00bb (Bak\u0131, 1990), \u00ab\u0130zahl\u0131 botanika terminl\u0259ri l\u00fc\u011f\u0259ti\u201d\u00bb (Bak\u0131, 1999), \u00dcmumt\u0259hsil m\u0259kt\u0259bl\u0259ri \u00fc\u00e7\u00fcn biologiyadan izahl\u0131 terminl\u0259r l\u00fcg\u0259ti\u00bb (Bak\u0131,2004),\u00abD\u0259rman bitkil\u0259ri\u00bb (Bak\u0131,2005) kimi d\u0259rs v\u0259saitl\u0259ri \u201cFitosenologiyan\u0131n (Geobotanika) \u0259saslar\u0131 (Bak\u0131,2010) d\u0259rsliyi \u00e7ap olunub.<br>Onun \u0259s\u0259rl\u0259ri Moskva, Sankt-Peterburq, Vladivostok, Da\u015fk\u0259nd, Sverdlovsk, Novosibirsk, Stavropol, Kiyev, Ki\u015finyov, Minsk, Donetski, Apatit, Alma-Ata, A\u015fqabad, Tbilisi, Tartu, Tallin, Riqa, D\u00fc\u015f\u0259nb\u0259, Nalcik, Mahacqala, \u0130stanbul, Malatya, Avstriya (Vienna) v\u0259 s. \u00f6lk\u0259l\u0259rd\u0259 \u00e7ap olunmu\u015fdur. 30- dan \u00e7ox Beyn\u0259lxalq v\u0259 regional elmi konfrans, simpozium, qurultay v\u0259 konqresl\u0259rd\u0259 elmi m\u0259ruz\u0259l\u0259rl\u0259 \u00e7\u0131x\u0131\u015f etmi\u015fdir. 2004-c\u00fc ild\u0259 Avropa Universitetl\u0259rinin i\u015f t\u0259cr\u00fcbsinini \u00f6yr\u0259nm\u0259k \u00fc\u00e7\u00fcn Almaniyan\u0131n Hohenheym Universitetinin d\u0259v\u0259ti il\u0259 Almaniya, Fransa v\u0259 Avstriyada olmu\u015fdur. \u201cTempus-2009\u201d Beyn\u0259lxalq layih\u0259nin koordinatoru olmu\u015fdur.<br>M.V.Lomonosov ad\u0131na MDU, Rusiya EA Botanika \u0130nstitutu (Sankt-Peterburq), Ukrayna EA Botanika \u0130nstitutu (Kiyev), Tartu D\u00f6vl\u0259t Universiteti (Estoniya), Upsala (\u0130sve\u00e7r\u0259), Kopenhagen (Danimarka), Mark Blok ad\u0131na Strasburq (Fransa), \u0130stanbul, Adana, M\u0259rm\u0259r\u0259, Anadolu, Hac\u0131 T\u0259p\u0259, Bart\u0131n (T\u00fcrkiy\u0259), Hohenheym (Almaniya), v\u0259 Avstriya Universitetl\u0259ri (Vienna) il\u0259 elmi \u0259m\u0259kda\u015fl\u0131q \u0259laq\u0259l\u0259rini davam etdirir.<\/p>\n\n\n\n<p><strong>BEYN\u018fLXALQ V\u018f REG\u0130ONAL ELM\u0130 EKSPED\u0130S\u0130YALARDA \u0130\u015eT\u0130RAKI<\/strong><\/p>\n\n\n\n<p>1. Az\u0259rbaycan Respublikas\u0131 &#8211; B\u00f6y\u00fck v\u0259 Ki\u00e7ik Qafqaz\u0131n da\u011f sisteml\u0259ri, me\u015f\u0259, bozq\u0131r, \u00e7\u0259m\u0259n, s\u0259hra, yar\u0131ms\u0259hra ekosisteml\u0259ri. Tinovrosa zirv\u0259sind\u0259n Dibrara q\u0259d\u0259r. Bazard\u00fcz\u00fc, Babadaq, \u015eahda\u011f, Qaraqaya, Ezli, Qo\u015fp\u0259r\u0259, Quzayq\u0259ssab, Qat\u0131rqo\u015fun, Donuzqo\u015fun, Da\u015fu\u00e7an, Suvaqilba\u015f, Sar\u0131qaya, Xutor, A\u011fk\u0259mal, Qumba\u015f, Maala-Rassa, Veng\u0259, \u00c7obanyaylaq, Durja, \u0130landaq, Niyaldaq, Sar\u0131bulandaq, K\u0259p\u0259z, Murov, Tal\u0131\u015f (Zuvand).<br>G\u00f6y-g\u00f6l, Zaqatala, \u0130smay\u0131ll\u0131, \u0130lisu, Hirkan, T\u00fcryan\u00e7ay, Qarayaz\u0131,Eldar \u015faml\u0131\u011f\u0131, Kor\u00e7ay, Qobustan, T\u00fcryan\u00e7ay, Pirqulu, B\u0259sti\u00e7ay qoruqlar\u0131.<br>2. \u00d6zb\u0259kistan Respublikas\u0131 &#8211; Tyan-\u015ean da\u011f sistemi, Z\u0259r\u0259f\u015fan silsil\u0259sinin bitki \u00f6rt\u00fcy\u00fc (Da\u015fk\u0259nd, 1970).<br>3. Latviya Respublikas\u0131 \u2013 Moritsa adalar\u0131, Usmas g\u00f6l\u00fc \u0259traf\u0131n\u0131n bitki \u00f6rt\u00fcy\u00fc (Riqa, 1971, 1985).<br>4. T\u00fcrkm\u0259nistan respublikas\u0131 &#8211; Q\u0259rbi Koretdaq da\u011flar\u0131 Kuqitanqtau silsil\u0259si, Ampek, \u00c7ander\u00e7ay h\u00f6vz\u0259si v\u0259 Qaraqum s\u0259hralar\u0131n\u0131n bitki \u00f6rt\u00fcy\u00fc (A\u015fqabad, 1973).<br>5. \u015eimali Qafqaz &#8211; Mar\u0131 \u00e7ay\u0131 h\u00f6vz\u0259si boyu Kum\u0131\u015f, Kardoniks-Zelen\u00e7uk-Storojevaya-Kurdjinovo v\u0259 Beqas\u0131n yaylas\u0131 mar\u015frutu \u00fczr\u0259 bitki \u00f6rt\u00fcy\u00fc (Stavropol, 1974).<br>6. Q\u0131r\u011f\u0131z\u0131stan Respublikas\u0131 &#8211; Alatao da\u011f sistemi, Soy vadisi; Karakol, \u00c7onbulak \u00e7aylar\u0131 h\u00f6vz\u0259si v\u0259 \u0130ss\u0131k-Kul s\u0259hralar\u0131n\u0131n bitki \u00f6rt\u00fcy\u00fc (Frunze, 1976).<br>7. Q\u0259rbi Sibir &#8211; Altay da\u011fl\u0131\u011f\u0131n\u0131n \u015fimali-\u015f\u0259rqi; Sayan, \u015eori-Oysk da\u011f sisteml\u0259ri; Barabin d\u00fcz\u0259nliyinin flora v\u0259 bitkiliyi (Novosibirsk, 1977).<br>8. Q\u0131r\u011f\u0131z\u0131stan Respublikas\u0131 \u2013 Tyan-\u015ean ard\u0131c me\u015f\u0259l\u0259ri: T\u00fcrk\u00fcstan-Alay-\u00c7uysko-Kemin mar\u015frutu il\u0259; Tyan-\u015ean da\u011flar\u0131n\u0131n \u015fimali-q\u0259rb qolu Talass silsil\u0259sinin y\u00fcks\u0259k da\u011f \u00e7\u0259m\u0259nl\u0259ri (Frunze, 1975).<br>9. Tacikistan Respublikas\u0131 &#8211; Pamiro-Alay da\u011f sistemi: Varzob, Surxand\u0259rya mar\u015frutu il\u0259; Qissar silsil\u0259si: Kondara v\u0259 R\u0259nc\u0259 \u00e7aylar\u0131 vadisi mar\u015frutu \u00fczr\u0259 flora v\u0259 bitkilik (D\u00fc\u015f\u0259nb\u0259, 1978).<br>10. Estoniya Respublikas\u0131 &#8211; Baltik d\u0259nizi sahili boyu, N\u0131va, N\u0131mme, Saaremaa adalar\u0131 boyu subarktik flora il\u0259 tan\u0131\u015fl\u0131q (Tartu, 1974; Tallin, 1978).<br>11. Litva respublikas\u0131 &#8211; Baltik d\u0259nizinin \u015f\u0259rq hiss\u0259si Kur\u015fs zola\u011f\u0131 boyu me\u015f\u0259likl\u0259r (Vilnyus, 1980).<br>12. Murmanski vilay\u0259ti &#8211; Polyar-Alp botanika ba\u011f\u0131, Xibin da\u011f sistemind\u0259 arktoalpik, tundra bitki \u00f6rt\u00fcy\u00fc (Murmansk, 1981).<br>13. C\u0259nubi Ural-Yekaterinburq-Mias-\u0130lmen qoru\u011fu-\u0130remel da\u011f sistemi 450 km mar\u015frutla, ondan Karaqayl\u0131, Sobi, Kama \u00e7aylar\u0131 h\u00f6vz\u0259si boyu, 35 km piyada (Ekatirinburq, 1982).<br>14. Belorus Respublikas\u0131 &#8211; Berezin biosfer qoru\u011fu v\u0259 \u0259traf\u0131n\u0131n floras\u0131; Naro\u00e7an me\u015f\u0259 t\u0259s\u0259rr\u00fcfat\u0131, Prinyat \u00e7ay\u0131 h\u00f6vz\u0259si (Minsk, 1982).<br>15. G\u00fcrc\u00fcstan Respublikas\u0131 &#8211; Qarski-B\u0131z\u0131bski-Meqrel y\u00fcks\u0259kliyi; Potskovi v\u0259 Koblion \u00e7ay d\u0259r\u0259l\u0259ri, K\u00fcr \u00e7ay\u0131n\u0131n sol sahili kserofit kompleksl\u0259r (Tbilisi, 1983).<br>16. C\u0259nubi-\u015e\u0259rqi Qafqaz &#8211; Nikitin v\u0259 Kr\u0131m yaylalar\u0131 (Kr\u0131m, 1983).<br>17. Ukrayna Respublikas\u0131 &#8211; Karpat da\u011flar\u0131 v\u0259 Dnepr \u00e7ay\u0131 h\u00f6vz\u0259sinin flora v\u0259 bitkiliyi (Kiyev, 1984).<br>18. Uzaq \u015e\u0259rqin y\u00fcks\u0259k da\u011fl\u0131\u011f\u0131n\u0131n perevallar\u0131, Koz\u0131revski \u00e7ay h\u00f6vz\u0259si boyu, Led\u00e7noy y\u00fcks\u0259kliyi mar\u015frutu \u00fczr\u0259 (Petropavlovski-Kam\u00e7atka, 1985).<br>19. \u015e\u0259rqi Osetiya &#8211; Kasar vadisinin bitki \u00f6rt\u00fcy\u00fc (1987).<br>20. Qazaxstan Respublikas\u0131 &#8211; \u015e\u0259rqi Tyan-\u015ean, Zail Alatay, \u0130li \u00e7ay\u0131 h\u00f6vz\u0259sinin bitki \u00f6rt\u00fcy\u00fc (Alma-Ata, 1988).<br>21. Da\u011f\u0131stan Muxtar Respublikas\u0131 &#8211; Da\u011fl\u0131q Da\u011f\u0131stan, Qunib vadisi, Sar\u0131 Kum barxanlar\u0131n\u0131n bitki \u00f6rt\u00fcy\u00fc (Maha\u00e7qala, 1999).<br>22. Malatiya (T\u00fcrkiy\u0259) &#8211; Adiyaman-Kahta-Nemrut da\u011f\u0131 mar\u015frutu \u00fczr\u0259 flora v\u0259 bitkilikl\u0259 tan\u0131\u015fl\u0131q (Malatya, 2002).<br>23. Avstriya \u2013Alp da\u011flar\u0131 (Vienna,2004<br>24. Elburus zirv\u0259si- (Kabardina Balkariya,2012)<br>25. Maha\u00e7qala (2014)<br>25. Nal\u00e7ik (2015)<\/p>\n\n\n\n<p><strong>Prof. V.S.NOVRUZOVUN R\u018fHB\u018fRL\u0130Y\u0130 \u0130L\u018f M\u00dcDAF\u0130\u018f OLUNAN F\u018fLS\u018fF\u018f DOKTORU V\u018f ELML\u018fR DOKTORLARI<\/strong><\/p>\n\n\n\n<p>1.Z\u0259rb\u0259liyev S.M. \u015eirvan\u0131n \u015fiby\u0259 floras\u0131 d\u0259 onun m\u00fchafiz\u0259si yollar\u0131. Bak\u0131,1996 (Az\u0259rbaycan Aqrar Universiteti)<br>2.Novruzov E.A. Qarayaz\u0131 D\u00f6vl\u0259t Qoru\u011fu \u0259razisind\u0259 t\u0259bii v\u0259 aqroekosisteml\u0259rin epifit sinuziyalar\u0131, onlar\u0131n ekoloji monitorinqd\u0259 istifad\u0259 olunmas\u0131, Bak\u0131,2004 (Az\u0259rbaycan Tibb Universiteti)<br>3.\u018fslib\u0259yova T.M.G\u0259nc\u0259-Qazax b\u00f6lg\u0259sind\u0259 yay\u0131lan b\u0259zi yabani t\u0259r\u0259v\u0259z bitkil\u0259rinin bioekoloji x\u00fcsusiyy\u0259tl\u0259ri, introduksiyas\u0131 v\u0259 istifad\u0259 olunma perspektivl\u0259ri, Bak\u0131,2006 (G\u0259nc\u0259 D\u00f6vl\u0259t Universiteti )<br>4. C\u0259f\u0259rov \u0130.H. Az\u0259rbaycan\u0131n \u00e7\u0259yird\u0259kli meyv\u0259 bitkil\u0259rinin mikobiotas\u0131 (n\u00f6v t\u0259rkibi, x\u0259st\u0259lik t\u00f6r\u0259dicil\u0259rin biologiyas\u0131, z\u0259r\u0259rliliyi, m\u00fchafiz\u0259 t\u0259dbirl\u0259ri), Bak\u0131,2006 (k\/t elml\u0259ri doktoru Az\u0259rbaycan D\u00f6vl\u0259t Aqrar Universiteti)<br>5.Bayramova A.A.Ki\u00e7ik Qafqaz\u0131n \u015eimal-\u015f\u0259rq hiss\u0259sinin \u015fiby\u015f fliras\u0131 v\u0259 genofondun m\u00fchafiz\u0259si, Bak\u0131,2007 (G\u0259nc\u0259 D\u00f6vl\u0259t Universiteti )<br>6.Q\u0259nb\u0259rov D.\u015e. Nax\u00e7\u0131van Muxtar Respublikas\u0131n\u0131n epigey \u015fiby\u0259l\u0259ri v\u0259 onlar\u0131n indikatorluq x\u00fcsusiyy\u0259tl\u0259ri, Bak\u0131, 2007 (Nax\u00e7\u0131van D\u00f6vl\u0259t Universiteti)<br>7.\u018fl\u0259kb\u0259rov R.\u018f. Nax\u00e7\u0131van Muxtar Respublikas\u0131 \u0259razisind\u0259 mam\u0131rkimil\u0259rin t\u0259dqiqi, Bak\u0131. 2008 (AMEA Nax\u00e7\u0131van b\u00f6lm\u0259si, Bioresurslar \u0130nstitutu)<br>8.Pa\u015fayev T.Y. Nax\u00e7\u0131van Muxtar Respublikas\u0131n\u0131n \u015fiby\u0259 floras\u0131, Bak\u0131,2008<br>(AMEA Nax\u00e7\u0131van b\u00f6lm\u0259si, Bioresurslar \u0130nstitutu)<br>9.M\u0259mm\u0259dova A.V. G\u00f6y-G\u00f6l D\u00f6vl\u0259t qoru\u011funun yarpaq-g\u00f6vd\u0259li mam\u0131rlar\u0131,Bak\u0131, 2009 (AMEA Botanika \u0130nstitutu)<br>10.\u0130smay\u0131lova S.\u0130. A\u0259rbaycan floras\u0131n\u0131n rezenoidli \u015fiby\u0259l\u0259ri v\u0259 istifad\u0259 olunma perspektivl\u0259ri,Bak\u0131,2010 (G\u0259nc\u0259 D\u00f6vl\u0259t Universiteti)<br>11. N\u0259biyeb R.Q. G\u0259nc\u0259\u00e7ay h\u00f6vz\u0259sinin mam\u0131r floras\u0131. Bak\u0131,2012 ((G\u0259nc\u0259 D\u00f6vl\u0259t Universiteti)<br>12.Aslanova Y.A. Ki\u00e7ik Qafqaz\u0131n \u015fimali-\u015f\u0259rq hiss\u0259sinin qaya v\u0259 t\u00f6k\u00fcnt\u00fc bitkiliyinin biom\u00fcxt\u0259lifliyi (f\u0259ls\u0259f\u0259 doktoru &#8211; G\u0259nc\u0259 D\u00f6vl\u0259t Universiteti)<br>13. Quliyeva R.Z. Ki\u00e7ik Qafqaz\u0131n y\u00fcks\u0259k da\u011fl\u0131\u011f\u0131nda b\u0259zi nadir tax\u0131llar\u0131n (Poaceae) bioekoloji x\u00fcsusiyy\u0259tl\u0259ri v\u0259 senopopulyasiyalar\u0131n\u0131n qiym\u0259tl\u0259ndirilm\u0259si (F\u0259ls\u0259f\u0259 doktoru- G\u0259nc\u0259 D\u00f6vl\u0259t Universiteti)<\/p>\n\n\n\n<p>Prof. V.Novruzovun r\u0259hb\u0259rliyi f\u0259ls\u0259f\u0259 doktoru v\u0259 elml\u0259r doktoru elmi d\u0259r\u0259c\u0259si almaq \u00fc\u00e7\u00fcn dissertasiya i\u015fl\u0259ri ba\u015fa \u00e7atd\u0131rilm\u0131\u015fd\u0131r:<br>1. Alverdiyeva S.M. Az\u0259rbaycan\u0131n \u015fiby\u0259 floras\u0131 (e3lml\u0259r doktoru -AMEA Botanika institutu)<br>2. Bayramova A.A.X\u00fcsusi m\u00fchafiz\u0259 olunan \u0259razil\u0259rin flora biom\u00fcxt\u0259lifliyi genefondun m\u00fchafiz\u0259si (e3lml\u0259r doktoru -G\u0259nc\u0259 D\u00f6vl\u0259t Universiteti)<br>3. \u018fl\u0259kb\u0259rov R.\u018f. Az\u0259rbaycan\u0131n mam\u0131r floras\u0131 v\u0259 genofondun m\u00fchafiz\u0259si<br>(e3lml\u0259r doktoru &#8211; Nax\u00e7\u0131van D\u00f6vl\u0259t Universiteti)<br>4. Ta\u011f\u0131yeva A. Az\u0259rbaycan floras\u0131ndan baytarl\u0131q t\u0259bab\u0259tind\u0259 istifad\u0259 olunan d\u0259rman bitkil\u0259ri ( dissertant-Az\u0259rbaycan Aqrar Universiteti)<br>5. Mahmudova \u00dc.T. G\u0259nc\u0259 s\u0259h\u0259ri v\u0259 onun \u0259traf\u0131n\u0131n ekoloji \u00e7irkl\u0259nmi\u015f \u0259razil\u0259rinin bitki \u00f6rt\u00fcy\u00fc v\u0259 fitomeliorativ x\u00fcsusiyy\u0259tl\u0259ri (F\u0259ls\u0259f\u0259 doktoru -G\u0259nc\u0259 D\u00f6vl\u0259t Universiteti)<br>7. Mustafayeva V.S. G\u00fcl\u00e7i\u00e7\u0259klil\u0259r f\u0259sil\u0259sinin (Rosaceae) b\u0259zi n\u00f6vl\u0259rinin m\u00fcqayis\u0259li anatomik-morfoloji v\u0259 bioekoloji x\u00fcsusiyy\u0259tl\u0259ri (F\u0259ls\u0259f\u0259 doktoru G\u0259nc\u0259 D\u00f6vl\u0259t Universiteti)<br>8. Qas\u0131mov T.P. Bozq\u0131r yaylas\u0131n\u0131n mam\u0131r floras\u0131 v\u0259 genofondun m\u00fchafiz\u0259si . (F\u0259ls\u0259f\u0259 doktoru &#8211; G\u0259nc\u0259 D\u00f6vl\u0259t Universiteti)<\/p>\n","protected":false},"excerpt":{"rendered":"<p>E-mail: vnovruzov1@rambler.ru QISA B\u0130OQRAF\u0130K M\u018fLUMAT * 1 iyul 1943- c\u00fc ild\u0259 Quba rayonu Rustov k\u0259ndind\u0259 anadan olmu\u015fdur.* 1966-c\u0131 ild\u0259 Kirovabad (G\u0259nc\u0259) D\u00f6vl\u0259t Pedaqoji \u0130nstitunun (indiki GDU) biologiya v\u0259 k\u0259nd t\u0259s\u0259rr\u00fcfat\u0131 istehsal\u0131n\u0131n \u0259saslar\u0131 fak\u00fclt\u0259sini f\u0259rql\u0259nm\u0259 diplomu il\u0259 bitirmi\u015fdir.* 1966-1981-ciu ill\u0259rd\u0259 AMEA Botanika \u0130nstitunda aspirant, ki\u00e7ik v\u0259 ba\u015f elmi i\u015f\u00e7i, 1982-1993-c\u00fc ill\u0259rd\u0259 Az\u0259rbaycan K\u0259nd T\u0259s\u0259rr\u00fcfat\u0131 Akademiyas\u0131nda (indiki [&hellip;]<\/p>\n","protected":false},"author":1,"featured_media":375,"parent":0,"menu_order":0,"comment_status":"closed","ping_status":"closed","template":"","meta":{"footnotes":""},"categories":[23,42],"tags":[],"_links":{"self":[{"href":"https:\/\/bkf.gdu.edu.az\/index.php?rest_route=\/wp\/v2\/pages\/373"}],"collection":[{"href":"https:\/\/bkf.gdu.edu.az\/index.php?rest_route=\/wp\/v2\/pages"}],"about":[{"href":"https:\/\/bkf.gdu.edu.az\/index.php?rest_route=\/wp\/v2\/types\/page"}],"author":[{"embeddable":true,"href":"https:\/\/bkf.gdu.edu.az\/index.php?rest_route=\/wp\/v2\/users\/1"}],"replies":[{"embeddable":true,"href":"https:\/\/bkf.gdu.edu.az\/index.php?rest_route=%2Fwp%2Fv2%2Fcomments&post=373"}],"version-history":[{"count":7,"href":"https:\/\/bkf.gdu.edu.az\/index.php?rest_route=\/wp\/v2\/pages\/373\/revisions"}],"predecessor-version":[{"id":5224,"href":"https:\/\/bkf.gdu.edu.az\/index.php?rest_route=\/wp\/v2\/pages\/373\/revisions\/5224"}],"wp:featuredmedia":[{"embeddable":true,"href":"https:\/\/bkf.gdu.edu.az\/index.php?rest_route=\/wp\/v2\/media\/375"}],"wp:attachment":[{"href":"https:\/\/bkf.gdu.edu.az\/index.php?rest_route=%2Fwp%2Fv2%2Fmedia&parent=373"}],"wp:term":[{"taxonomy":"category","embeddable":true,"href":"https:\/\/bkf.gdu.edu.az\/index.php?rest_route=%2Fwp%2Fv2%2Fcategories&post=373"},{"taxonomy":"post_tag","embeddable":true,"href":"https:\/\/bkf.gdu.edu.az\/index.php?rest_route=%2Fwp%2Fv2%2Ftags&post=373"}],"curies":[{"name":"wp","href":"https:\/\/api.w.org\/{rel}","templated":true}]}}