{"id":383,"date":"2016-04-11T14:48:42","date_gmt":"2016-04-11T12:48:42","guid":{"rendered":"http:\/\/bkf.gdu.edu.az\/?page_id=383"},"modified":"2024-01-29T14:08:36","modified_gmt":"2024-01-29T12:08:36","slug":"%c9%99liyeva-afaq-%c9%99l%c9%99sg%c9%99r-qizi","status":"publish","type":"page","link":"https:\/\/bkf.gdu.edu.az\/?page_id=383","title":{"rendered":"Ba\u015f m\u00fc\u0259llim \u018fliyeva Afaq \u018fl\u0259sg\u0259r q\u0131z\u0131"},"content":{"rendered":"<p><a href=\"http:\/\/bkf.gdu.edu.az\/wp-content\/uploads\/2016\/04\/\u018fliyeva-Afaq-\u018fl\u0259sg\u0259r-q\u0131z\u0131.M\u00fcellim.jpg\"><img loading=\"lazy\" decoding=\"async\" class=\"size-full wp-image-384 alignleft\" src=\"http:\/\/bkf.gdu.edu.az\/wp-content\/uploads\/2016\/04\/\u018fliyeva-Afaq-\u018fl\u0259sg\u0259r-q\u0131z\u0131.M\u00fcellim.jpg\" alt=\"\u018fliyeva Afaq \u018fl\u0259sg\u0259r q\u0131z\u0131.M\u00fcellim\" width=\"250\" height=\"313\" srcset=\"https:\/\/bkf.gdu.edu.az\/wp-content\/uploads\/2016\/04\/\u018fliyeva-Afaq-\u018fl\u0259sg\u0259r-q\u0131z\u0131.M\u00fcellim.jpg 250w, https:\/\/bkf.gdu.edu.az\/wp-content\/uploads\/2016\/04\/\u018fliyeva-Afaq-\u018fl\u0259sg\u0259r-q\u0131z\u0131.M\u00fcellim-240x300.jpg 240w\" sizes=\"(max-width: 250px) 100vw, 250px\" \/><\/a><strong>QISA B\u0130OQRAF\u0130K M\u018fLUMAT<\/strong><\/p>\n<p>10 oktyabr 1987-ci ild\u0259 Samux rayonunda anadan olmu\u015fdur. Ail\u0259lidir, 2 \u00f6vlad\u0131 var. 2006-c\u0131 ild\u0259n YAP-\u0131n \u00fczv\u00fcd\u00fcr.<br \/>\n<strong>T\u0259hsili: <\/strong><\/p>\n<p>2009-cu ild\u0259 G\u0259nc\u0259 D\u00f6vl\u0259t Universitetinin Kimya-Biologiya fak\u00fclt\u0259sini f\u0259rql\u0259nm\u0259 diplomu il\u0259 bitirmi\u015fdir.<br \/>\n2012-ci ild\u0259 Az\u0259rbaycan D\u00f6vl\u0259t Aqrar Universitetinin magistratura t\u0259hsil s\u0259viyy\u0259sinin Aqrobiokimya ixtisas\u0131n\u0131 f\u0259rql\u0259nm\u0259 diplomu il\u0259 bitirmi\u015fdir.<br \/>\n<strong>\u2022 Elmi d\u0259r\u0259c\u0259si v\u0259 adlar\u0131:<\/strong><br \/>\n2017-ci ild\u0259 \u018fkin\u00e7ilik Elmi T\u0259dqiqat \u0130nstitutunda f\u0259ls\u0259f\u0259 doktorluq dissertasiyas\u0131n\u0131 m\u00fcdafi\u0259 etmi\u015fdir.<br \/>\n2018-ci ild\u0259n G\u0259nc\u0259 D\u00f6vl\u0259t Universitetind\u0259 Botanika kafedras\u0131n\u0131n ba\u015f m\u00fc\u0259llimi v\u0259zif\u0259sin\u0259 t\u0259yin edilmi\u015fdir.<br \/>\n<strong>\u018fm\u0259k f\u0259aliyy\u0259ti:<\/strong><br \/>\n2010-2014-c\u00fc ill\u0259rd\u0259 G\u0259nc\u0259 D\u00f6vl\u0259t Universitetind\u0259 Botanika kafedras\u0131nda laborant;<br \/>\n2018-ci ild\u0259n G\u0259nc\u0259 D\u00f6vl\u0259t Universitetind\u0259 Botanika kafedras\u0131nda ba\u015f m\u00fc\u0259llim.<br \/>\nBotanika, Bitki sistematikas\u0131, Mikologiya f\u0259nnl\u0259rind\u0259n m\u00fchazir\u0259 v\u0259 laboratoriya d\u0259rsl\u0259ri apar\u0131r.<br \/>\n<strong>T\u0259dqiqat sah\u0259si:<\/strong><br \/>\nG\u0259nc\u0259-Qazax b\u00f6lg\u0259sind\u0259 soya bitkisinin bec\u0259rm\u0259 texnologiyas\u0131n\u0131n b\u0259zi elementl\u0259rinin i\u015fl\u0259nib haz\u0131rlanmas\u0131n\u0131 \u00f6yr\u0259nmi\u015fdir.<br \/>\n<strong>Elmi \u0259s\u0259rl\u0259ri:<\/strong><br \/>\n\u2022 20-d\u0259n art\u0131q elmi \u0259s\u0259rin m\u00fc\u0259llifidir.<br \/>\n<strong>Se\u00e7ilmi\u015f \u0259s\u0259rl\u0259ri:<\/strong><br \/>\n1. A.A.Aliyeva, G.A.Aliyeva (2019): Effect to economic efficiency of sow duration, planting scheme and fertilizer soybean. Journal of Multidisciplinary Engineering Science and Technology (\u2116 5). P. 10081-10082.<br \/>\n2. A.A.Aliyeva, G.A.Aliyeva (2019): \u0130nternational Multidisciplinary Research Journal \u201cEuopean Academic Research\u201d. Vol. VII, \u0130ssue 7\/October (\u2116 7). P.3553-3558.<br \/>\n3. A.A.Aliyeva (2021): Effect on soybean growth of sowing time and fertilizers (\u2116 5). Bulletin of Science and Practice \u201cScientific Journal\u201d. P.121-126.<br \/>\n4. A.A.Aliyeva, G.A.Aliyeva (2022): Ways of increasing soil fertility used for vegetable growing in Samukh district. Bulletin of Science and Practice \u201cScientific Journal\u201d (\u2116 9). P.121-124.<\/p>\n<p><strong>BEYN\u018fLXALQ SEM\u0130NAR, S\u0130MPOZ\u0130UM V\u018f KONFRANSLARDA \u0130\u015eT\u0130RAKI<\/strong><br \/>\n\u2022 1. A.A.Aliyeva, G.A.Aliyeva (2021): Effect of application of fertilizers under sugar beet on the balance of nitrogen, phosphore and potassium. Fundamental and Applied Research in The Modern World \u201cProceedings of XI \u0130nternational Scientific and Practical Conference\u201d, Boston. P.19-25.<br \/>\n\u2022 Dil bilgisi: t\u00fcrk, ingilis.<\/p>\n","protected":false},"excerpt":{"rendered":"<p>QISA B\u0130OQRAF\u0130K M\u018fLUMAT 10 oktyabr 1987-ci ild\u0259 Samux rayonunda anadan olmu\u015fdur. Ail\u0259lidir, 2 \u00f6vlad\u0131 var. 2006-c\u0131 ild\u0259n YAP-\u0131n \u00fczv\u00fcd\u00fcr. T\u0259hsili: 2009-cu ild\u0259 G\u0259nc\u0259 D\u00f6vl\u0259t Universitetinin Kimya-Biologiya fak\u00fclt\u0259sini f\u0259rql\u0259nm\u0259 diplomu il\u0259 bitirmi\u015fdir. 2012-ci ild\u0259 Az\u0259rbaycan D\u00f6vl\u0259t Aqrar Universitetinin magistratura t\u0259hsil s\u0259viyy\u0259sinin Aqrobiokimya ixtisas\u0131n\u0131 f\u0259rql\u0259nm\u0259 diplomu il\u0259 bitirmi\u015fdir. \u2022 Elmi d\u0259r\u0259c\u0259si v\u0259 adlar\u0131: 2017-ci ild\u0259 \u018fkin\u00e7ilik Elmi [&hellip;]<\/p>\n","protected":false},"author":1,"featured_media":384,"parent":0,"menu_order":0,"comment_status":"closed","ping_status":"closed","template":"","meta":{"footnotes":""},"categories":[23],"tags":[],"_links":{"self":[{"href":"https:\/\/bkf.gdu.edu.az\/index.php?rest_route=\/wp\/v2\/pages\/383"}],"collection":[{"href":"https:\/\/bkf.gdu.edu.az\/index.php?rest_route=\/wp\/v2\/pages"}],"about":[{"href":"https:\/\/bkf.gdu.edu.az\/index.php?rest_route=\/wp\/v2\/types\/page"}],"author":[{"embeddable":true,"href":"https:\/\/bkf.gdu.edu.az\/index.php?rest_route=\/wp\/v2\/users\/1"}],"replies":[{"embeddable":true,"href":"https:\/\/bkf.gdu.edu.az\/index.php?rest_route=%2Fwp%2Fv2%2Fcomments&post=383"}],"version-history":[{"count":4,"href":"https:\/\/bkf.gdu.edu.az\/index.php?rest_route=\/wp\/v2\/pages\/383\/revisions"}],"predecessor-version":[{"id":5256,"href":"https:\/\/bkf.gdu.edu.az\/index.php?rest_route=\/wp\/v2\/pages\/383\/revisions\/5256"}],"wp:featuredmedia":[{"embeddable":true,"href":"https:\/\/bkf.gdu.edu.az\/index.php?rest_route=\/wp\/v2\/media\/384"}],"wp:attachment":[{"href":"https:\/\/bkf.gdu.edu.az\/index.php?rest_route=%2Fwp%2Fv2%2Fmedia&parent=383"}],"wp:term":[{"taxonomy":"category","embeddable":true,"href":"https:\/\/bkf.gdu.edu.az\/index.php?rest_route=%2Fwp%2Fv2%2Fcategories&post=383"},{"taxonomy":"post_tag","embeddable":true,"href":"https:\/\/bkf.gdu.edu.az\/index.php?rest_route=%2Fwp%2Fv2%2Ftags&post=383"}],"curies":[{"name":"wp","href":"https:\/\/api.w.org\/{rel}","templated":true}]}}