{"id":392,"date":"2016-04-11T14:53:07","date_gmt":"2016-04-11T12:53:07","guid":{"rendered":"http:\/\/bkf.gdu.edu.az\/?page_id=392"},"modified":"2024-01-29T13:30:02","modified_gmt":"2024-01-29T11:30:02","slug":"bas-mu%c9%99llim-tagiyeva-z%c9%99rif%c9%99-ibrahim-qizi","status":"publish","type":"page","link":"https:\/\/bkf.gdu.edu.az\/?page_id=392","title":{"rendered":"Ba\u015f m\u00fc\u0259llim Ta\u011f\u0131yeva Z\u0259rif\u0259 \u0130brahim q\u0131z\u0131"},"content":{"rendered":"<p><a href=\"http:\/\/bkf.gdu.edu.az\/wp-content\/uploads\/2016\/04\/Ta\u011f\u0131yeva-Z\u0259rif\u0259-\u0130brahim-q\u0131z\u0131.Ba\u015f-m\u00fcellim.jpg\"><img loading=\"lazy\" decoding=\"async\" class=\"size-full wp-image-393 alignleft\" src=\"http:\/\/bkf.gdu.edu.az\/wp-content\/uploads\/2016\/04\/Ta\u011f\u0131yeva-Z\u0259rif\u0259-\u0130brahim-q\u0131z\u0131.Ba\u015f-m\u00fcellim.jpg\" alt=\"Ta\u011f\u0131yeva Z\u0259rif\u0259 \u0130brahim q\u0131z\u0131.Ba\u015f m\u00fcellim\" width=\"250\" height=\"313\" srcset=\"https:\/\/bkf.gdu.edu.az\/wp-content\/uploads\/2016\/04\/Ta\u011f\u0131yeva-Z\u0259rif\u0259-\u0130brahim-q\u0131z\u0131.Ba\u015f-m\u00fcellim.jpg 250w, https:\/\/bkf.gdu.edu.az\/wp-content\/uploads\/2016\/04\/Ta\u011f\u0131yeva-Z\u0259rif\u0259-\u0130brahim-q\u0131z\u0131.Ba\u015f-m\u00fcellim-240x300.jpg 240w\" sizes=\"(max-width: 250px) 100vw, 250px\" \/><\/a><\/p>\n<p><strong>QISA B\u0130OQRAF\u0130K M\u018fLUMAT<\/strong><br \/>\n\u2022 24 dekabr 1973-c\u00fc ild\u0259 G\u0259nc\u0259 \u015f\u0259h\u0259rind\u0259 ziyal\u0131 ail\u0259sind\u0259 anadan olub. Subayd\u0131r.<br \/>\n\u2022 1991-ci ild\u0259 M.A.Abbaszad\u0259 ad\u0131na 20 sayl\u0131 D\/m\u0259kt\u0259bini g\u00fcm\u00fc\u015f medalla bitirib.<br \/>\n<strong>T\u018fHS\u0130L\u0130. ELM\u0130 D\u018fR\u018fC\u018fS\u0130, ELM\u0130 ADLARI<\/strong><br \/>\n\u2022 1996-c\u0131 ild\u0259 Bak\u0131 D\u00f6vl\u0259t Universitetinin Biologiya fak\u00fclt\u0259sini bitir\u0259r\u0259k. Bioloq, biologiya v\u0259 kimya m\u00fc\u0259llimi ixtisas\u0131n\u0131 alm\u0131\u015fd\u0131r.<br \/>\n\u2022 2016-c\u0131 ild\u0259 Aqrar Elml\u0259r \u00dczr\u0259 F\u0259ls\u0259f\u0259 doktoru ad\u0131n\u0131 alm\u0131\u015fd\u0131r.<br \/>\n\u2022 2023-c\u00fc ild\u0259 Elmi pedaqoji f\u0259aliyy\u0259t\u0259 g\u00f6r\u0259 aqrar elml\u0259r Elm sah\u0259sinin Aqrotorpaq\u015f\u00fcnasl\u0131q v\u0259 aqrofizika ixtisas\u0131 \u00fczr\u0259 dosent ad\u0131 verilmi\u015fdir.<br \/>\n<strong>\u018fM\u018fK F\u018fAL\u0130YY\u018fT\u0130<\/strong><br \/>\n\u2022 1995-1998-ci ill\u0259r G\u0259nc\u0259 \u015f\u0259h\u0259r Gigiyena v\u0259 Epidemiologiya m\u0259rk\u0259zinin Bakteriologiya laboratoriyas\u0131nda \u2013 laborant<br \/>\n\u2022 1998-2001-ci ild\u0259n G\u0259nc\u0259 D\u00f6vl\u0259t Universitetinin Botanika kafedras\u0131nda &#8211; m\u00fc\u0259llim<br \/>\n\u2022 2004-2020-ci ild\u0259n G\u0259nc\u0259 D\u00f6vl\u0259t Universitetinin Botanika kafedras\u0131nda \u2013 ba\u015f m\u00fc\u0259llim<br \/>\n\u2022 2020-2022-ci ild\u0259n dosent (attestats\u0131z)<br \/>\n\u2022 2023-c\u00fc ild\u0259n dosent<\/p>\n<p>\u201cTorpaq\u015f\u00fcnasl\u0131q\u201d, \u201cBitki ehtiyat\u0131\u201d, \u201cD\u0259rman bitkil\u0259ri\u201d, \u201cAz\u0259rbaycan floras\u0131\u201d, \u201cEntomologiya\u201d, v\u0259 \u201cBitki sistematikas\u0131\u201d f\u0259nnl\u0259ri \u00fczr\u0259 m\u00fchazir\u0259 v\u0259 laboratoriya d\u0259rsl\u0259ri t\u0259dris edir.<br \/>\n<strong>T\u018fDQ\u0130QAT SAH\u018fS\u0130<\/strong><br \/>\n\u2022 \u201cKi\u00e7ik Qafqaz\u0131n \u015fimal hiss\u0259sind\u0259 g\u00fcbr\u0259 normalar\u0131n\u0131n optimalla\u015fd\u0131r\u0131lmas\u0131n\u0131n bi\u00e7\u0259n\u0259kl\u0259rin ot m\u0259hsuluna v\u0259 keyfiyy\u0259tin\u0259 t\u0259siri.\u201d m\u00f6vzusunda dissertasiya i\u015fini tamamlam\u0131\u015fd\u0131r.<br \/>\n\u2022 50-y\u0259 yax\u0131n elmi \u0259s\u0259ri var, 2 kitab, 4 proqram m\u00fc\u0259llifidir.<br \/>\nBEYN\u018fLXALQ SEM\u0130NAR, S\u0130MPOZ\u0130UM V\u018f KONFRANSLARDA \u0130\u015eT\u0130RAKI<br \/>\n\u2022 \u0412\u043b\u0438\u044f\u043d\u0438\u0435 \u043c\u0438\u043d\u0435\u0440\u0430\u043b\u044c\u043d\u044b\u0445 \u0438 \u043e\u0440\u0433\u0430\u043d\u0438\u0447\u0435\u0441\u043a\u0438\u0445 \u0443\u0434\u043e\u0431\u0440\u0435\u043d\u0438\u0439 \u043d\u0430 \u0443\u0440\u043e\u0436\u0430\u0439\u043d\u043e\u0441\u0442\u044c \u0442\u0440\u0430\u0432\u043e\u0441\u0442\u043e\u0435\u0432 \/\/ \u0410\u0433\u0440\u0430\u0440\u043d\u0430\u044f \u043d\u0430\u0443\u043a\u0430, \u041c\u043e\u0441\u043a\u0432\u0430 2011, 17-18 \u0441.<br \/>\n\u2022 \u0130mportant Fodder Crops Growing in the Watered Haylands of Norther Territories of the lower Caucasus. EVROPEAN ACADEMIC RESEARCH, vol.11, \u0130ssue, 2\/May, 2137-2143 p.<br \/>\n\u2022 Raising the Productivity of the Natural Hayfields in the North Part of the Lesser Caucasus. Europian academic reserch. 2016.<br \/>\n\u2022 Agroflora of the Watered Areas in the Lesser Caucases. The 4th international symposium on euroasian biodiversity. Abstact ebook Kiev \/Ukraine. July 03-06. 2018. 327 p.<br \/>\n\u2022 The role of the specially protected natural teriroies of the small Caucasus in the protection ofancient relics. JMEST. Journal of multidisciplinary engineering Science and Technology. (JMEST) \u0130SSN: 2458-9403. 2019.<br \/>\n\u2022 Biological properties of weeds spread in the natural and irrigated areas of the Small Caucasus. Europian academic reserch. \u21166(12). 2019. 6896-6900 p.<br \/>\n\u2022 The florogenetical analysis of the vegetation of the specially protected natural territories of the small caucasus. International Journal of Botany Studies. vol. 5, \u0130ssue 3. 2020, 443-446 p.<br \/>\n\u2022 Efficient use and protection of the lesser Caucasus nature reser ver plant cover. Bulletin of Science and Practice https: \/\/\u0411\u044e\u043b\u043b\u0435\u0442\u0435\u043d\u044c \u043d\u0430\u0443\u043a\u0438 \u0438 \u043f\u0440\u0430\u043a\u0442\u0438\u043a\u0438. 2020, \u21166. 73-77 p.<br \/>\n\u2022 Formation and distribution of wetland vegetation in the specially protected natural areas of the Small Caucasus. International Journal of Botany Studies. Volume 5, issue 5. 2020, 333-335 p.<br \/>\n\u2022 Various Herbs Biological Characteristics Distributed in the \u0130rrigated Areas of the Northern Part of Lesser Caucasus. Bulletin of Science and Practice Scientific Journal. \u0422\u043e\u043c 8, \u21162(75).2020, 43-46 p.<br \/>\n\u2022 Basic Concepts, Problems and Theories Occurring in the Plant Cover of Specially Protected Areas of the Small Caucasus. \u201cActual Trends of Modern Scientific Research\u201d, Proceedings of XI international scientific and practical conference. Munich. June 6-8. 2021, 47-54 p.<\/p>\n<p><strong>SE\u00c7\u0130LM\u0130\u015e \u018fS\u018fRL\u018fR\u0130<\/strong><br \/>\n\u2022 Boz-q\u0259hv\u0259yi torpaqlarda g\u00fcbr\u0259l\u0259rin bi\u00e7iml\u0259r \u00fczr\u0259 bi\u00e7\u0259n\u0259kl\u0259rin boyuna t\u0259siri \/\/ ADAU-nun Elmi \u0259s\u0259rl\u0259ri, G\u0259nc\u0259 2013. ADAU n\u0259\u015friyyat\u0131, \u21163, 36-39 s.<br \/>\n\u2022 Boz-q\u0259hv\u0259yi torpaqlarda g\u00fcbr\u0259l\u0259rin bi\u00e7iml\u0259r \u00fczr\u0259 bi\u00e7\u0259n\u0259kl\u0259rin yer\u00fcst\u00fc k\u00fctl\u0259sind\u0259 \u00fcmumi azot, fosfor v\u0259 kaliumum toplanmas\u0131na t\u0259siri \/\/ Az\u0259rbaycan Aqrar Elmi, \u21163, Bak\u0131 2013, 23-26 s.<br \/>\n\u2022 Ki\u00e7ik Qafqaz\u0131n \u015eimal hiss\u0259sind\u0259 g\u00fcbr\u0259 normalar\u0131n\u0131n bi\u00e7\u0259n\u0259kl\u0259rin k\u00f6k v\u0259 g\u00f6vd\u0259 qal\u0131qlar\u0131 il\u0259 torpa\u011fa daxil olan qida madd\u0259l\u0259rinin miqdar\u0131na t\u0259siri \/\/ Az\u0259rbaycan Aqrar Elmi, Bak\u0131, \u21161, 2014, 136-138 s.<br \/>\n\u2022 Ki\u00e7ik Qafqaz\u0131n \u015eimal hiss\u0259sind\u0259 g\u00fcbr\u0259 normalar\u0131n\u0131n optimalla\u015fd\u0131r\u0131lmas\u0131n\u0131n bi\u00e7\u0259n\u0259kl\u0259rin ot m\u0259hsulunun keyfiyy\u0259tin\u0259 t\u0259siri \/\/ ADAU-nun 85 illiyin\u0259 h\u0259sr olunmu\u015f \u201cM\u00fcasir aqrar elm: qloballa\u015fma \u015f\u0259raitind\u0259 \u0259srin aktual probleml\u0259ri v\u0259 inki\u015faf perspektivl\u0259ri\u201d. Beyn\u0259lxalq elmi-praktik konfrans 22-24 sentyabr, I cild, G\u0259nc\u0259 2014, 189-190 s.<br \/>\n\u2022 G\u0259nc\u0259-Qazax b\u00f6lg\u0259sind\u0259 yay\u0131lan \u00e7\u0259t\u0259n\u0259kimil\u0259r (Cannabaceae) f\u0259sil\u0259si n\u00fcmay\u0259nd\u0259l\u0259rinin bioloji x\u00fcsusiyy\u0259tl\u0259ri. AMEA G\u0259nc\u0259 B\u00f6lm\u0259si. X\u0259b\u0259rl\u0259r m\u0259cmu\u0259si. G\u0259nc\u0259 2017. \u21162(68). 16-18 s.<br \/>\n\u2022 Ki\u00e7ik Qafqaz t\u0259bii v\u0259 suvar\u0131lan \u0259razil\u0259rd\u0259 yay\u0131lan paxlal\u0131lar\u0131n t\u0259s\u0259rr\u00fcfat \u0259h\u0259miyy\u0259ti. GDU. M\u00fcasir t\u0259bi\u0259t elml\u0259rinin aktual probleml\u0259ri, Beyn\u0259lxalq elmi konfrans. G\u0259nc\u0259 2017. 04-05 may. 39-41 s.<\/p>\n<p><strong>D\u0130L B\u0130LG\u0130S\u0130:<\/strong><br \/>\n\u2022 Az\u0259rbaycan, Rus, \u0130ngilis, Alman (l\u00fc\u011f\u0259tl\u0259)<br \/>\n<strong>PART\u0130YALI\u011eI:<\/strong><br \/>\n\u2022 2000-ci ild\u0259n YAP-\u0131n \u00fczv\u00fcd\u00fcr.<\/p>\n","protected":false},"excerpt":{"rendered":"<p>QISA B\u0130OQRAF\u0130K M\u018fLUMAT \u2022 24 dekabr 1973-c\u00fc ild\u0259 G\u0259nc\u0259 \u015f\u0259h\u0259rind\u0259 ziyal\u0131 ail\u0259sind\u0259 anadan olub. Subayd\u0131r. \u2022 1991-ci ild\u0259 M.A.Abbaszad\u0259 ad\u0131na 20 sayl\u0131 D\/m\u0259kt\u0259bini g\u00fcm\u00fc\u015f medalla bitirib. T\u018fHS\u0130L\u0130. ELM\u0130 D\u018fR\u018fC\u018fS\u0130, ELM\u0130 ADLARI \u2022 1996-c\u0131 ild\u0259 Bak\u0131 D\u00f6vl\u0259t Universitetinin Biologiya fak\u00fclt\u0259sini bitir\u0259r\u0259k. Bioloq, biologiya v\u0259 kimya m\u00fc\u0259llimi ixtisas\u0131n\u0131 alm\u0131\u015fd\u0131r. \u2022 2016-c\u0131 ild\u0259 Aqrar Elml\u0259r \u00dczr\u0259 F\u0259ls\u0259f\u0259 doktoru [&hellip;]<\/p>\n","protected":false},"author":1,"featured_media":393,"parent":0,"menu_order":0,"comment_status":"closed","ping_status":"closed","template":"","meta":{"footnotes":""},"categories":[23],"tags":[],"_links":{"self":[{"href":"https:\/\/bkf.gdu.edu.az\/index.php?rest_route=\/wp\/v2\/pages\/392"}],"collection":[{"href":"https:\/\/bkf.gdu.edu.az\/index.php?rest_route=\/wp\/v2\/pages"}],"about":[{"href":"https:\/\/bkf.gdu.edu.az\/index.php?rest_route=\/wp\/v2\/types\/page"}],"author":[{"embeddable":true,"href":"https:\/\/bkf.gdu.edu.az\/index.php?rest_route=\/wp\/v2\/users\/1"}],"replies":[{"embeddable":true,"href":"https:\/\/bkf.gdu.edu.az\/index.php?rest_route=%2Fwp%2Fv2%2Fcomments&post=392"}],"version-history":[{"count":2,"href":"https:\/\/bkf.gdu.edu.az\/index.php?rest_route=\/wp\/v2\/pages\/392\/revisions"}],"predecessor-version":[{"id":5243,"href":"https:\/\/bkf.gdu.edu.az\/index.php?rest_route=\/wp\/v2\/pages\/392\/revisions\/5243"}],"wp:featuredmedia":[{"embeddable":true,"href":"https:\/\/bkf.gdu.edu.az\/index.php?rest_route=\/wp\/v2\/media\/393"}],"wp:attachment":[{"href":"https:\/\/bkf.gdu.edu.az\/index.php?rest_route=%2Fwp%2Fv2%2Fmedia&parent=392"}],"wp:term":[{"taxonomy":"category","embeddable":true,"href":"https:\/\/bkf.gdu.edu.az\/index.php?rest_route=%2Fwp%2Fv2%2Fcategories&post=392"},{"taxonomy":"post_tag","embeddable":true,"href":"https:\/\/bkf.gdu.edu.az\/index.php?rest_route=%2Fwp%2Fv2%2Ftags&post=392"}],"curies":[{"name":"wp","href":"https:\/\/api.w.org\/{rel}","templated":true}]}}