{"id":445,"date":"2016-04-12T15:47:40","date_gmt":"2016-04-12T13:47:40","guid":{"rendered":"http:\/\/bkf.gdu.edu.az\/?page_id=445"},"modified":"2016-04-21T16:20:02","modified_gmt":"2016-04-21T14:20:02","slug":"fakult%c9%99-haqqinda","status":"publish","type":"page","link":"https:\/\/bkf.gdu.edu.az\/?page_id=445","title":{"rendered":"Fak\u00fclt\u0259 haqq\u0131nda"},"content":{"rendered":"<p style=\"text-align: center;\"><strong>FAK\u00dcLT\u018fN\u0130N QISA TAR\u0130X\u0130<\/strong><\/p>\n<p style=\"text-align: justify;\"><strong>Biologiya kimya fak\u00fclt\u0259sinin \u0259sas\u0131 1938-ci ild\u0259 qoyulmu\u015fdur. Hal-haz\u0131ra q\u0259d\u0259r fak\u00fclt\u0259d\u0259 17500-\u0259 q\u0259d\u0259r m\u00fct\u0259x\u0259sis haz\u0131rlanm\u0131\u015fd\u0131r. Fak\u00fclt\u0259nin 4 ixtisas\u0131nda 4 elml\u0259r doktoru, professor, 22 elml\u0259r namiz\u0259di, dosent, 124 elml\u0259r namiz\u0259di, ba\u015f m\u00fc\u0259llim, 39 n\u0259f\u0259r ba\u015f m\u00fc\u0259llim, 16 m\u00fc\u0259llim, 1 assistent, 55 t\u0259dris-k\u00f6m\u0259k\u00e7i hey\u0259ti \u00e7al\u0131\u015f\u0131r. Fak\u00fclt\u0259 \u0259m\u0259kda\u015flar\u0131 y\u00fcks\u0259k ixtisasl\u0131 elmi-pedaqoji kadrlar\u0131n haz\u0131rlanmas\u0131, yeni f\u0259nn proqramlar\u0131n\u0131n, d\u0259rslik v\u0259 d\u0259rs v\u0259saitl\u0259rinin yaz\u0131lmas\u0131 istiqam\u0259tind\u0259 m\u0259qs\u0259dy\u00f6nl\u00fc i\u015f apar\u0131l\u0131r.<\/strong><\/p>\n","protected":false},"excerpt":{"rendered":"<p>FAK\u00dcLT\u018fN\u0130N QISA TAR\u0130X\u0130 Biologiya kimya fak\u00fclt\u0259sinin \u0259sas\u0131 1938-ci ild\u0259 qoyulmu\u015fdur. Hal-haz\u0131ra q\u0259d\u0259r fak\u00fclt\u0259d\u0259 17500-\u0259 q\u0259d\u0259r m\u00fct\u0259x\u0259sis haz\u0131rlanm\u0131\u015fd\u0131r. Fak\u00fclt\u0259nin 4 ixtisas\u0131nda 4 elml\u0259r doktoru, professor, 22 elml\u0259r namiz\u0259di, dosent, 124 elml\u0259r namiz\u0259di, ba\u015f m\u00fc\u0259llim, 39 n\u0259f\u0259r ba\u015f m\u00fc\u0259llim, 16 m\u00fc\u0259llim, 1 assistent, 55 t\u0259dris-k\u00f6m\u0259k\u00e7i hey\u0259ti \u00e7al\u0131\u015f\u0131r. Fak\u00fclt\u0259 \u0259m\u0259kda\u015flar\u0131 y\u00fcks\u0259k ixtisasl\u0131 elmi-pedaqoji kadrlar\u0131n haz\u0131rlanmas\u0131, yeni f\u0259nn proqramlar\u0131n\u0131n, [&hellip;]<\/p>\n","protected":false},"author":3,"featured_media":0,"parent":0,"menu_order":0,"comment_status":"closed","ping_status":"closed","template":"","meta":{"footnotes":""},"categories":[],"tags":[],"_links":{"self":[{"href":"https:\/\/bkf.gdu.edu.az\/index.php?rest_route=\/wp\/v2\/pages\/445"}],"collection":[{"href":"https:\/\/bkf.gdu.edu.az\/index.php?rest_route=\/wp\/v2\/pages"}],"about":[{"href":"https:\/\/bkf.gdu.edu.az\/index.php?rest_route=\/wp\/v2\/types\/page"}],"author":[{"embeddable":true,"href":"https:\/\/bkf.gdu.edu.az\/index.php?rest_route=\/wp\/v2\/users\/3"}],"replies":[{"embeddable":true,"href":"https:\/\/bkf.gdu.edu.az\/index.php?rest_route=%2Fwp%2Fv2%2Fcomments&post=445"}],"version-history":[{"count":4,"href":"https:\/\/bkf.gdu.edu.az\/index.php?rest_route=\/wp\/v2\/pages\/445\/revisions"}],"predecessor-version":[{"id":804,"href":"https:\/\/bkf.gdu.edu.az\/index.php?rest_route=\/wp\/v2\/pages\/445\/revisions\/804"}],"wp:attachment":[{"href":"https:\/\/bkf.gdu.edu.az\/index.php?rest_route=%2Fwp%2Fv2%2Fmedia&parent=445"}],"wp:term":[{"taxonomy":"category","embeddable":true,"href":"https:\/\/bkf.gdu.edu.az\/index.php?rest_route=%2Fwp%2Fv2%2Fcategories&post=445"},{"taxonomy":"post_tag","embeddable":true,"href":"https:\/\/bkf.gdu.edu.az\/index.php?rest_route=%2Fwp%2Fv2%2Ftags&post=445"}],"curies":[{"name":"wp","href":"https:\/\/api.w.org\/{rel}","templated":true}]}}