{"id":5324,"date":"2024-01-30T13:21:16","date_gmt":"2024-01-30T11:21:16","guid":{"rendered":"https:\/\/bkf.gdu.edu.az\/?page_id=5324"},"modified":"2024-01-30T13:23:23","modified_gmt":"2024-01-30T11:23:23","slug":"mu%c9%99llim-mahmudova-sevinc-ilqar-qizi","status":"publish","type":"page","link":"https:\/\/bkf.gdu.edu.az\/?page_id=5324","title":{"rendered":"m\u00fc\u0259llim mahmudova sevinc ilqar q\u0131z\u0131"},"content":{"rendered":"\n<figure class=\"wp-block-image size-full\"><img loading=\"lazy\" decoding=\"async\" width=\"256\" height=\"360\" src=\"https:\/\/bkf.gdu.edu.az\/wp-content\/uploads\/2024\/01\/sevinc.jpg\" alt=\"\" class=\"wp-image-5325\"\/><\/figure>\n\n\n\n<p>Q\u0131sa bioqrafik m\u0259lumat: Mahmudova Sevinc \u0130lqar q\u0131z\u0131 1978-ci ild\u0259 G\u0259nc\u0259 \u015f\u0259h\u0259rind\u0259 anadan olub.<br>T\u0259hsili:<br>1999-cu ild\u0259 Az\u0259rbaycan K\u0259nd T\u0259s\u0259rr\u00fcfat\u0131 Akademiyas\u0131n\u0131n bitki m\u00fchafiz\u0259si ixtisas\u0131n\u0131,<br>2007-ci ild\u0259 magistr pill\u0259sini birib.<br>2012-ci ild\u0259 ild\u0259 AMEA-n\u0131n Mikrobiologiya Institutuna dissertant q\u0259bul olub.<br>2020-ci ild\u0259 Biologiya \u00fczr\u0259 f\u0259ls\u0259f\u0259 doktoru elmi d\u0259r\u0259c\u0259si alm\u0131\u015fd\u0131r.<\/p>\n\n\n\n<p>\u018fm\u0259k f\u0259aliyy\u0259ti: 2005-ci ild\u0259n G\u0259nc\u0259 D\u00f6vl\u0259t Universitetinin Ekologiya v\u0259 t\u0259bi\u0259ti m\u00fchafiz\u0259 kafedras\u0131nda b\u00f6y\u00fck laborant , 2021-2023-c\u00fc il\u0259d\u0259k \u0259v\u0259z\u00e7i m\u00fc\u0259llim,2023-2024-c\u00fc t\u0259dris ilind\u0259n h\u0259min kafedrada m\u00fc\u0259llim v\u0259zif\u0259sind\u0259 \u00e7al\u0131\u015f\u0131r.<\/p>\n\n\n\n<p>Dil bilgisi:<br>Rus(orta)<br>\u0130ngilis(orta)<br>T\u00fcrk (\u0259la)<\/p>\n\n\n\n<p>Partiyal\u0131\u011f\u0131: YAP<\/p>\n","protected":false},"excerpt":{"rendered":"<p>Q\u0131sa bioqrafik m\u0259lumat: Mahmudova Sevinc \u0130lqar q\u0131z\u0131 1978-ci ild\u0259 G\u0259nc\u0259 \u015f\u0259h\u0259rind\u0259 anadan olub.T\u0259hsili:1999-cu ild\u0259 Az\u0259rbaycan K\u0259nd T\u0259s\u0259rr\u00fcfat\u0131 Akademiyas\u0131n\u0131n bitki m\u00fchafiz\u0259si ixtisas\u0131n\u0131,2007-ci ild\u0259 magistr pill\u0259sini birib.2012-ci ild\u0259 ild\u0259 AMEA-n\u0131n Mikrobiologiya Institutuna dissertant q\u0259bul olub.2020-ci ild\u0259 Biologiya \u00fczr\u0259 f\u0259ls\u0259f\u0259 doktoru elmi d\u0259r\u0259c\u0259si alm\u0131\u015fd\u0131r. \u018fm\u0259k f\u0259aliyy\u0259ti: 2005-ci ild\u0259n G\u0259nc\u0259 D\u00f6vl\u0259t Universitetinin Ekologiya v\u0259 t\u0259bi\u0259ti m\u00fchafiz\u0259 kafedras\u0131nda b\u00f6y\u00fck laborant [&hellip;]<\/p>\n","protected":false},"author":3,"featured_media":5325,"parent":0,"menu_order":0,"comment_status":"closed","ping_status":"closed","template":"","meta":{"footnotes":""},"categories":[26],"tags":[],"_links":{"self":[{"href":"https:\/\/bkf.gdu.edu.az\/index.php?rest_route=\/wp\/v2\/pages\/5324"}],"collection":[{"href":"https:\/\/bkf.gdu.edu.az\/index.php?rest_route=\/wp\/v2\/pages"}],"about":[{"href":"https:\/\/bkf.gdu.edu.az\/index.php?rest_route=\/wp\/v2\/types\/page"}],"author":[{"embeddable":true,"href":"https:\/\/bkf.gdu.edu.az\/index.php?rest_route=\/wp\/v2\/users\/3"}],"replies":[{"embeddable":true,"href":"https:\/\/bkf.gdu.edu.az\/index.php?rest_route=%2Fwp%2Fv2%2Fcomments&post=5324"}],"version-history":[{"count":2,"href":"https:\/\/bkf.gdu.edu.az\/index.php?rest_route=\/wp\/v2\/pages\/5324\/revisions"}],"predecessor-version":[{"id":5327,"href":"https:\/\/bkf.gdu.edu.az\/index.php?rest_route=\/wp\/v2\/pages\/5324\/revisions\/5327"}],"wp:featuredmedia":[{"embeddable":true,"href":"https:\/\/bkf.gdu.edu.az\/index.php?rest_route=\/wp\/v2\/media\/5325"}],"wp:attachment":[{"href":"https:\/\/bkf.gdu.edu.az\/index.php?rest_route=%2Fwp%2Fv2%2Fmedia&parent=5324"}],"wp:term":[{"taxonomy":"category","embeddable":true,"href":"https:\/\/bkf.gdu.edu.az\/index.php?rest_route=%2Fwp%2Fv2%2Fcategories&post=5324"},{"taxonomy":"post_tag","embeddable":true,"href":"https:\/\/bkf.gdu.edu.az\/index.php?rest_route=%2Fwp%2Fv2%2Ftags&post=5324"}],"curies":[{"name":"wp","href":"https:\/\/api.w.org\/{rel}","templated":true}]}}