{"id":5479,"date":"2024-02-05T15:41:34","date_gmt":"2024-02-05T13:41:34","guid":{"rendered":"https:\/\/bkf.gdu.edu.az\/?page_id=5479"},"modified":"2024-02-05T15:41:34","modified_gmt":"2024-02-05T13:41:34","slug":"bas-mu%c9%99llim-zeynalova-aygun-elxan-qizi","status":"publish","type":"page","link":"https:\/\/bkf.gdu.edu.az\/?page_id=5479","title":{"rendered":"ba\u015f m\u00fc\u0259llim zeynalova ayg\u00fcn elxan q\u0131z\u0131"},"content":{"rendered":"\n<figure class=\"wp-block-image size-full\"><img loading=\"lazy\" decoding=\"async\" width=\"236\" height=\"331\" src=\"https:\/\/bkf.gdu.edu.az\/wp-content\/uploads\/2024\/02\/aygunn.jpg\" alt=\"\" class=\"wp-image-5480\"\/><\/figure>\n\n\n\n<p>Q\u0131sa bioqrafik m\u0259lumat<br>25.12.1981 -c\u0131 il G\u0259nc\u0259 \u015f\u0259h\u0259rind\u0259 ziyal\u0131 ail\u0259sind\u0259 anadan olmu\u015fdur. Ail\u0259lidir, iki \u00f6vlad\u0131 var.<br>T\u0259hsili:<br>16.06. 2003-ci ild\u0259 G\u0259nc\u0259 D\u00f6vl\u0259t Universitetinin Kimya-biologiya ixtisas\u0131n\u0131 bitirmi\u015fdir.<br>11.06.2005-ci il \u0130xtisasla\u015fd\u0131r\u0131lm\u0131\u015f Elmi \u015euran\u0131n q\u0259rar\u0131 il\u0259 GDU-nun magistratura \u015f\u00f6b\u0259sinin Qeyri-\u00fczvi kimya ixtisas\u0131n\u0131 f\u0259rql\u0259nm\u0259 diplomu il\u0259 bitirmi\u015fdir.<br>Elmi d\u0259r\u0259c\u0259si v\u0259 adlar\u0131<br>\u018fM\u018fK F\u018fAL\u0130YY\u018fT\u0130<br>2005-ci ild\u0259nG\u0259nc\u0259 D\u00f6vl\u0259t Universitetinin Kimya kafdras\u0131nda m\u00fc\u0259llim<br>2012-ci ild\u0259n hal-haz\u0131ra kimiG\u0259nc\u0259 D\u00f6vl\u0259t Universitetinin Kimya kafdras\u0131nda ba\u015f m\u00fc\u0259llim<br>T\u0259ltifl\u0259ri<br>G\u0259nc\u0259 D\u00f6v\u0259ltinin Universitetin 14 mart 2018-c\u00fc il tarixli 2\/53 sayl\u0131 \u0259mri il\u0259 F\u0259xri f\u0259rmanla t\u0259ltif edilmi\u015fdir.<br>T\u018fDQ\u0130QAT SAH\u018fS\u0130<br>SE\u00c7\u0130LM\u0130\u015e ELM\u0130 \u018fS\u018fRL\u018fR\u0130:<br>Q\u0259rb regionunun Da\u015f karxanalar\u0131 tullant\u0131lar\u0131ndan kompozision materiallar\u0131n\u0131n al\u0131nmas\u0131AMEA GREM-in \u201cX\u0259b\u0259rl\u0259r\u201d m\u0259cmu\u0259si, G\u0259nc\u0259 s\u0259h 43-46 2000 E.F.C\u0259f\u0259rov M.\u018f.Hac\u0131yeva A.Q.\u0130lyasova <\/p>\n\n\n\n<p>Ge-N \u0259laq\u0259li endik s\u0131ras\u0131 germanium\u00fczvi birl\u0259\u015fm\u0259l\u0259rinin sintezi Az\u0259rbaycan Milli EA GREAM \u201cX\u0259b\u0259rl\u0259r\u201d m\u0259cmu\u0259si G\u0259nc\u0259 2002 \u21167 E.F.C\u0259f\u0259rov<br>Ge-N \u0259laq\u0259li mono- di-, tri- endik tur\u015fusunun germanium\u00fczvi birl\u0259\u015fm\u0259l\u0259rinin sintezi AMEA GREM-in \u201cX\u0259b\u0259rl\u0259r\u201d m\u0259cmu\u0259si, G\u0259nc\u0259 2003 s\u0259h 43-46 T.M.\u018fliyeva M.Q.C\u0259f\u0259rov<br>Germanium(qalay) \u00fczvl\u00fc karbofunksional doymam\u0131\u015f birl\u0259\u015fm\u0259l\u0259rin sintezi Kimya probleml\u0259ri-3 Bak\u0131 S.\u0130.\u0130brahimli E.F.C\u0259f\u0259rov 2013 I hiss\u0259<br>3,5-dinitrobenzoy. Parabrombenzoy tur\u015fular\u0131n\u0131n Cu(II), Ni(II), Ag(II) kompleksl\u0259rinin sintezi v\u0259 qurulu\u015flar\u0131n\u0131n t\u0259dqiqi AMEA-n\u0131n G\u0259nc\u0259 b\u00f6lm\u0259si X\u0259b\u0259rl\u0259r m\u0259cmu\u0259si \u21162 S\u0259h 23-28 2015 A.T.M\u0259mm\u0259dova<br>Analiysis of sea wather taken the area Caspian sea International Scientific and practical conference Cutting-Edge Science (January-Februaru ) Shawnee USA p. 33-35 2021<br>\u041f\u0440\u0438\u0440\u043e\u0434\u043d\u044b\u0439 \u0422\u0430\u0432\u0443\u0437\u0441\u043a\u0438\u0439 \u0446\u0435\u043e\u043b\u0438\u0442 \u0438 \u043e\u0445\u0440\u0430\u043d\u0430 \u043e\u043a\u0440\u0443\u0436\u0430\u044e\u0449\u0435\u0439 \u0441\u0440\u0435\u0434\u044b \u041c\u0435\u0436\u0434\u0443\u043d\u0430\u0440\u043e\u0434\u043d\u044b\u0439 \u043d\u0430\u0443\u0447\u043d\u044b\u0439 \u0436\u0443\u0440\u043d\u0430\u043b \u00ab\u0412\u0435\u0441\u0442\u043d\u0438\u043a \u043d\u0430\u0443\u043a\u0438 \u0438 \u0442\u0432\u043e\u0440\u0447\u0435\u0441\u0442\u0432\u0430\u00bb \u041a\u0430\u0437\u0430\u043d\u044c \u0412\u044b\u043f\u0443\u0441\u043a \u2116 6 \u0421\u0442\u0440.48-49 \u041d.\u0413.\u041d\u0430\u0433\u0438\u0435\u0432<br>B\u0259zi germanium v\u0259 qalay karbofunksional birl\u0259\u015fm\u0259l\u0259rin t\u0259tbiq sah\u0259l\u0259rinin t\u0259dqiqiAMEA GREM-in \u201cX\u0259b\u0259rl\u0259r\u201d m\u0259cmu\u0259si, G\u0259nc\u0259 s\u0259h 43-46 \u211633 Q.B.QurbanovE.F.C\u0259f\u0259rov M.\u018f.N\u0259biyeva \u0412.\u041d.\u041c\u0430\u043c\u0435\u0434\u043e\u0432<br>Q\u0259rb regionunda termal sular\u0131n analizi v\u0259 t\u0259dqiqi AMEA Akademik \u018fli Musa o\u011flu Quliyevin 110 illik yubileyin\u0259 h\u0259sr olunmu\u015f Elmi-praktik konfrans M\u00fcasir neft kimyas\u0131n\u0131n aktual probleml\u0259ri s\u0259h 26-29 G\u0259nc\u0259 Elm n\u0259\u015friyyat\u013117 may 2022 Na\u011f\u0131yev N.Q M\u0259mm\u0259dova A.T M\u0259mm\u0259dova M.\u0130. Zeynalova A.T. 4 s\u0259h<br>BEYN\u018fLXALQ SEM\u0130NAR, S\u0130MPOZ\u0130UM V\u018f KONFRANSLARDA \u0130\u015eT\u0130RAKI<br>1.Analiysis of sea wather taken the area Caspian seaInternational Scientific and practical conference Cutting-Edge Science (January-Februaru ) Shawnee USAp. 33-35 2021<\/p>\n\n\n\n<ol start=\"2\">\n<li>\u041f\u0440\u0438\u0440\u043e\u0434\u043d\u044b\u0439 \u0422\u0430\u0432\u0443\u0437\u0441\u043a\u0438\u0439 \u0446\u0435\u043e\u043b\u0438\u0442 \u0438 \u043e\u0445\u0440\u0430\u043d\u0430 \u043e\u043a\u0440\u0443\u0436\u0430\u044e\u0449\u0435\u0439 \u0441\u0440\u0435\u0434\u044b\u041c\u0435\u0436\u0434\u0443\u043d\u0430\u0440\u043e\u0434\u043d\u044b\u0439 \u043d\u0430\u0443\u0447\u043d\u044b\u0439 \u0436\u0443\u0440\u043d\u0430\u043b \u00ab\u0412\u0435\u0441\u0442\u043d\u0438\u043a \u043d\u0430\u0443\u043a\u0438 \u0438 \u0442\u0432\u043e\u0440\u0447\u0435\u0441\u0442\u0432\u0430\u00bb \u041a\u0430\u0437\u0430\u043d\u044c\u0412\u044b\u043f\u0443\u0441\u043a \u2116 6\u0421\u0442\u0440.48-49\u041d.\u0413.\u041d\u0430\u0433\u0438\u0435\u0432, M.\u018f.N\u0259biyeva, \u0412.\u041d.\u041c\u0430\u043c\u0435\u0434\u043e\u0432<br>B\u0259zi germanium v\u0259 qalay karbofunksional birl\u0259\u015fm\u0259l\u0259rin t\u0259tbiq sah\u0259l\u0259rinin t\u0259dqiqiAMEA GREM-in \u201cX\u0259b\u0259rl\u0259r\u201d m\u0259cmu\u0259si, G\u0259nc\u0259 s\u0259h 43-46 \u211633Q.B.QurbanovE.F.C\u0259f\u0259rov<br>K\u0130TABLAR<br>\u201c\u00dczvi birl\u0259\u015fm\u0259l\u0259rin sintezi v\u0259 t\u0259dqiqi\u201d 2019<br>PART\u0130YALILI\u011eI:<br>2012-ci ild\u0259n Yeni Az\u0259rbaycan Partiyas\u0131n\u0131n \u00fczv\u00fcd\u00fcr.<br>D\u0130L B\u0130LG\u0130L\u018fR\u0130:<br>\u0130ngilis dili<\/li>\n<\/ol>\n","protected":false},"excerpt":{"rendered":"<p>Q\u0131sa bioqrafik m\u0259lumat25.12.1981 -c\u0131 il G\u0259nc\u0259 \u015f\u0259h\u0259rind\u0259 ziyal\u0131 ail\u0259sind\u0259 anadan olmu\u015fdur. Ail\u0259lidir, iki \u00f6vlad\u0131 var.T\u0259hsili:16.06. 2003-ci ild\u0259 G\u0259nc\u0259 D\u00f6vl\u0259t Universitetinin Kimya-biologiya ixtisas\u0131n\u0131 bitirmi\u015fdir.11.06.2005-ci il \u0130xtisasla\u015fd\u0131r\u0131lm\u0131\u015f Elmi \u015euran\u0131n q\u0259rar\u0131 il\u0259 GDU-nun magistratura \u015f\u00f6b\u0259sinin Qeyri-\u00fczvi kimya ixtisas\u0131n\u0131 f\u0259rql\u0259nm\u0259 diplomu il\u0259 bitirmi\u015fdir.Elmi d\u0259r\u0259c\u0259si v\u0259 adlar\u0131\u018fM\u018fK F\u018fAL\u0130YY\u018fT\u01302005-ci ild\u0259nG\u0259nc\u0259 D\u00f6vl\u0259t Universitetinin Kimya kafdras\u0131nda m\u00fc\u0259llim2012-ci ild\u0259n hal-haz\u0131ra kimiG\u0259nc\u0259 D\u00f6vl\u0259t Universitetinin Kimya [&hellip;]<\/p>\n","protected":false},"author":3,"featured_media":5480,"parent":0,"menu_order":0,"comment_status":"closed","ping_status":"closed","template":"","meta":{"footnotes":""},"categories":[24],"tags":[],"_links":{"self":[{"href":"https:\/\/bkf.gdu.edu.az\/index.php?rest_route=\/wp\/v2\/pages\/5479"}],"collection":[{"href":"https:\/\/bkf.gdu.edu.az\/index.php?rest_route=\/wp\/v2\/pages"}],"about":[{"href":"https:\/\/bkf.gdu.edu.az\/index.php?rest_route=\/wp\/v2\/types\/page"}],"author":[{"embeddable":true,"href":"https:\/\/bkf.gdu.edu.az\/index.php?rest_route=\/wp\/v2\/users\/3"}],"replies":[{"embeddable":true,"href":"https:\/\/bkf.gdu.edu.az\/index.php?rest_route=%2Fwp%2Fv2%2Fcomments&post=5479"}],"version-history":[{"count":1,"href":"https:\/\/bkf.gdu.edu.az\/index.php?rest_route=\/wp\/v2\/pages\/5479\/revisions"}],"predecessor-version":[{"id":5481,"href":"https:\/\/bkf.gdu.edu.az\/index.php?rest_route=\/wp\/v2\/pages\/5479\/revisions\/5481"}],"wp:featuredmedia":[{"embeddable":true,"href":"https:\/\/bkf.gdu.edu.az\/index.php?rest_route=\/wp\/v2\/media\/5480"}],"wp:attachment":[{"href":"https:\/\/bkf.gdu.edu.az\/index.php?rest_route=%2Fwp%2Fv2%2Fmedia&parent=5479"}],"wp:term":[{"taxonomy":"category","embeddable":true,"href":"https:\/\/bkf.gdu.edu.az\/index.php?rest_route=%2Fwp%2Fv2%2Fcategories&post=5479"},{"taxonomy":"post_tag","embeddable":true,"href":"https:\/\/bkf.gdu.edu.az\/index.php?rest_route=%2Fwp%2Fv2%2Ftags&post=5479"}],"curies":[{"name":"wp","href":"https:\/\/api.w.org\/{rel}","templated":true}]}}