{"id":5620,"date":"2024-04-13T13:03:59","date_gmt":"2024-04-13T11:03:59","guid":{"rendered":"https:\/\/bkf.gdu.edu.az\/?page_id=5620"},"modified":"2024-04-13T13:09:03","modified_gmt":"2024-04-13T11:09:03","slug":"telebe-elmi-cemiyyeti","status":"publish","type":"page","link":"https:\/\/bkf.gdu.edu.az\/?page_id=5620","title":{"rendered":"T\u018fL\u018fB\u018f ELM\u0130 C\u018fM\u0130YY\u018fT\u0130"},"content":{"rendered":"\n<figure class=\"wp-block-gallery has-nested-images columns-default is-cropped wp-block-gallery-1 is-layout-flex wp-block-gallery-is-layout-flex\">\n<figure class=\"wp-block-image size-large\"><img loading=\"lazy\" decoding=\"async\" width=\"296\" height=\"414\" data-id=\"5621\" src=\"https:\/\/bkf.gdu.edu.az\/wp-content\/uploads\/2024\/04\/4.jpg\" alt=\"\" class=\"wp-image-5621\"\/><\/figure>\n<\/figure>\n\n\n\n<p><strong>S\u00fcleymanova Leyla Hiday\u0259t q\u0131z\u0131-S\u018fDR<\/strong><\/p>\n\n\n\n<p>14 iyul 2004-c\u00fc ild\u0259 G\u0259nc\u0259 \u015f\u0259h\u0259rind\u0259 anadan olmu\u015fdur. 2010-cu ild\u0259 G\u0259nc\u0259 \u015f\u0259h\u0259ri M.A.Abbaszad\u0259 ad\u0131na 20 n\u00f6mr\u0259li tam orta m\u0259kt\u0259b\u0259 daxil olub v\u0259 2021-ci ild\u0259 h\u0259min m\u0259kt\u0259bi t\u0259hsil ald\u0131\u011f\u0131 m\u00fcdd\u0259t boyunca t\u0259drisd\u0259 qazand\u0131\u011f\u0131 nailiyy\u0259tl\u0259r\u0259 v\u0259 imtahan n\u0259tic\u0259sin\u0259 \u0259sas\u0259n F\u0259rql\u0259nm\u0259 Attestat\u0131 il\u0259 bitmi\u015fdir. 2021-ci ild\u0259 G\u0259nc\u0259 D\u00f6vl\u0259t Universitetinin Kimya-biologiya fak\u00fclt\u0259sinin Kimya v\u0259 biologiya m\u00fc\u0259llimliyi ixtisas\u0131na y\u00fcks\u0259k balla daxil olmu\u015fdur. Hal-haz\u0131rda d\u0259rs \u0259la\u00e7\u0131s\u0131d\u0131r. 2024-c\u00fc ild\u0259 T\u0259l\u0259b\u0259 Elmi C\u0259miyy\u0259tinin Kimya-biologiya fak\u00fclt\u0259sinin TEC s\u0259dri se\u00e7ilmi\u015fdir.<\/p>\n\n\n\n<p><a href=\"mailto:leyla14072004@gmail.com\">leyla14072004@gmail.com<\/a><\/p>\n\n\n\n<h1 class=\"wp-block-heading\">TEC-in \u0259sas m\u0259qs\u0259di ali t\u0259hsilli m\u00fct\u0259x\u0259ssisl\u0259rin haz\u0131rlanmas\u0131n\u0131n keyfiyy\u0259tinin y\u00fcks\u0259ldilm\u0259sin\u0259 y\u00f6n\u0259ldilmi\u015f elmi-t\u0259\u015fkilati t\u0259dbirl\u0259rin h\u0259yata ke\u00e7irilm\u0259si, elmi-texniki potensial\u0131n qorunub saxlan\u0131lmas\u0131 v\u0259 t\u0259hsilalanlar\u0131n elmi t\u0259dqiqat f\u0259aliyy\u0259tinin yeni sosial- iqtisadi \u015f\u0259rait\u0259 uy\u011funla\u015fd\u0131r\u0131lmas\u0131nda G\u0259nc\u0259 D\u00f6vl\u0259t Universitetinin i\u015fin\u0259 k\u00f6m\u0259k etm\u0259kd\u0259n ibar\u0259tdir.<\/h1>\n\n\n\n<p>TEC \u00f6z f\u0259aliyy\u0259tind\u0259 elm v\u0259 t\u0259hsil sah\u0259sind\u0259 m\u00fcvafiq normative h\u00fcquqi aktlar\u0131, \u201cT\u0259hsil haqq\u0131nda\u201d Az\u0259rbaycan Respublikas\u0131n\u0131n Qanununu, \u201cAli t\u0259hsil m\u00fc\u0259ssis\u0259sind\u0259 t\u0259hsilalanlar\u0131n elmi t\u0259dqiqat i\u015finin t\u0259\u015fkili haqq\u0131nda \u018fsasnam\u0259\u201dni, ali t\u0259hsil m\u00fc\u0259ssis\u0259sinin Nizamnam\u0259sini v\u0259 bu N\u00fcmun\u0259vi \u018fsasnam\u0259ni r\u0259hb\u0259r tutur v\u0259 bu \u0259sasnam\u0259 Az\u0259rbaycan Respublikas\u0131 Elm v\u0259 T\u0259hsil Nazirliyinin 27 iyun 2014-c\u00fc il tarixli 752 n\u00f6mr\u0259li \u0259mri il\u0259 t\u0259sdiq edilmi\u015f \u201cAli m\u00fc\u0259ssis\u0259l\u0259rind\u0259 t\u0259hsilalanlar\u0131n elmi-t\u0259dqiqat i\u015finin t\u0259\u015fkili haqq\u0131nda \u018fsasnam\u0259\u201dy\u0259 uy\u011fun \u015f\u0259kild\u0259 i\u015fl\u0259nib haz\u0131rlanm\u0131\u015fd\u0131r.<\/p>\n\n\n\n<h1 class=\"wp-block-heading\">TEC-in strukturu, \u00fczvl\u00fck qaydalar\u0131 v\u0259 ayr\u0131-ayr\u0131 struktur vahidl\u0259rinin formala\u015fd\u0131r\u0131lmas\u0131 prinsipi, f\u0259aliyy\u0259tinin konkret \u015f\u0259rtl\u0259ri \u201cAli t\u0259hsil m\u00fc\u0259ssis\u0259sind\u0259 t\u0259hsilalanlar\u0131n elmi t\u0259dqiqat i\u015finin t\u0259\u015fkili haqq\u0131nda \u018fsasnam\u0259\u201dy\u0259, habel\u0259 GDU-nun Nizamnam\u0259sin\u0259 uy\u011fun olaraq m\u00fc\u0259yy\u0259n edilir.<strong><\/strong><\/h1>\n\n\n\n<p><strong>TEC-in v\u0259zif\u0259l\u0259ri a\u015fa\u011f\u0131dak\u0131lard\u0131r:<\/strong><\/p>\n\n\n\n<ul>\n<li>t\u0259l\u0259b\u0259l\u0259rin elmi t\u0259dqiqat f\u0259aliyy\u0259tin\u0259 c\u0259lb edilm\u0259si v\u0259 bu f\u0259aliyy\u0259tin t\u0259\u015fkil olunmas\u0131;<\/li>\n\n\n\n<li>elm, t\u0259hsil v\u0259 t\u0259cr\u00fcb\u0259nin v\u0259hd\u0259ti prinsipin\u0259 \u0259saslanaraq t\u0259l\u0259b\u0259l\u0259r aras\u0131nda elmi yarad\u0131c\u0131l\u0131\u011f\u0131n m\u00fcxt\u0259lif formalar\u0131n\u0131n t\u0259bli\u011f edilm\u0259si, h\u0259min formalara v\u0259 fundamental t\u0259dqiqatlar\u0131n apar\u0131lmas\u0131na g\u0259ncl\u0259rin mara\u011f\u0131n\u0131n art\u0131r\u0131lmas\u0131na k\u00f6m\u0259klik g\u00f6st\u0259rilm\u0259si;<\/li>\n\n\n\n<li>t\u0259l\u0259b\u0259l\u0259rd\u0259 t\u0259dqiqat\u00e7\u0131l\u0131q f\u0259aliyy\u0259tin\u0259 v\u0259 elmi metodlar\u0131n \u00f6yr\u0259nilm\u0259sin\u0259 motivasiyan\u0131n yarad\u0131lmas\u0131, t\u0259dris materiallar\u0131n\u0131n d\u0259rind\u0259n v\u0259 yarad\u0131c\u0131 \u015f\u0259kild\u0259 m\u0259nims\u0259nilm\u0259sin\u0259 k\u00f6m\u0259klik g\u00f6st\u0259rilm\u0259si;<\/li>\n\n\n\n<li>t\u0259dqiqat\u00e7\u0131l\u0131q f\u0259aliyy\u0259tinin k\u00f6m\u0259yi il\u0259 t\u0259l\u0259b\u0259l\u0259rd\u0259 se\u00e7il\u0259n pe\u015f\u0259y\u0259 yarad\u0131c\u0131 m\u00fcnasib\u0259tin formala\u015fd\u0131r\u0131lmas\u0131;<\/li>\n\n\n\n<li>t\u0259l\u0259b\u0259l\u0259r\u0259 elmi-texniki v\u0259 iqtisadi m\u0259s\u0259l\u0259l\u0259rin m\u00fcst\u0259qil h\u0259lli yollar\u0131n\u0131n \u00fcsul v\u0259 vasit\u0259l\u0259rinin \u00f6yr\u0259dilm\u0259si;<\/li>\n\n\n\n<li>istedadl\u0131 g\u0259ncl\u0259rin m\u0259qs\u0259dy\u00f6nl\u00fc \u015f\u0259kild\u0259 elmi t\u0259dqiqat v\u0259 elmi-t\u0259\u015fkilati i\u015fin\u0259, y\u00fcks\u0259k texnologiyalar\u0131n m\u0259nims\u0259nilm\u0259sin\u0259 c\u0259lb edilm\u0259si;<\/li>\n\n\n\n<li>elmi v\u0259 elmi-pedaqoji kadr haz\u0131rl\u0131\u011f\u0131 sistemi \u00fc\u00e7\u00fcn perspektivli g\u0259ncl\u0259rin se\u00e7ilm\u0259si v\u0259 onlar\u0131n t\u0259dqiqat\u00e7\u0131l\u0131q f\u0259aliyy\u0259tin\u0259 haz\u0131rlanmas\u0131;<\/li>\n\n\n\n<li>dig\u0259r ali t\u0259hsil m\u00fc\u0259ssis\u0259l\u0259rinin TEC-l\u0259ri il\u0259 \u0259m\u0259kda\u015fl\u0131\u011f\u0131n h\u0259yata ke\u00e7irilm\u0259si, t\u0259l\u0259b\u0259 elmi t\u0259dqiqat i\u015finin t\u0259\u015fkilin\u0259 dair m\u00fct\u0259r\u0259qqi m\u00fcasir forma v\u0259 metodlar\u0131n t\u0259l\u0259b\u0259l\u0259rin elmi t\u0259dqiqat i\u015fin\u0259 t\u0259tbiq edilm\u0259si;<\/li>\n\n\n\n<li>m\u00fcxt\u0259lif s\u0259viyy\u0259li t\u0259dbirl\u0259rin-elmi seminar v\u0259 konfranslar, t\u0259l\u0259b\u0259 elmi i\u015fl\u0259rin\u0259, habel\u0259 kurs, burax\u0131l\u0131\u015f, dissertasiya i\u015fl\u0259rin\u0259 bax\u0131\u015f m\u00fcsabiq\u0259l\u0259ri, m\u00fcxt\u0259lif ixtisas v\u0259 f\u0259nl\u0259r \u00fczr\u0259 olimpiadalar, diskussiya klublar\u0131, simpoziumlar, tan\u0131nm\u0131\u015f aliml\u0259rin seminar v\u0259 m\u00fchazir\u0259l\u0259rinin dinl\u0259nilm\u0259si v\u0259 s. t\u0259dbirl\u0259rin t\u0259\u015fkili v\u0259 ke\u00e7irilm\u0259sind\u0259 t\u0259l\u0259b\u0259l\u0259rin i\u015ftirak\u0131n\u0131n t\u0259min edilm\u0259si;<\/li>\n\n\n\n<li>t\u0259l\u0259b\u0259l\u0259rin elmi t\u0259dqiqat i\u015fl\u0259rinin n\u0259\u015fr\u0259 haz\u0131rlanmas\u0131;<\/li>\n\n\n\n<li>innovasiya biznesi v\u0259 sahibkarl\u0131q v\u0259rdi\u015fl\u0259rinin formala\u015fmas\u0131 m\u0259qs\u0259dil\u0259 t\u0259l\u0259b\u0259l\u0259rin innovasiya f\u0259aliyy\u0259tin\u0259 c\u0259lb edilm\u0259sin\u0259 k\u00f6m\u0259klik g\u00f6st\u0259rilm\u0259si;<\/li>\n\n\n\n<li>t\u0259l\u0259b\u0259l\u0259rin elmi m\u0259rk\u0259zl\u0259r,&nbsp;&nbsp; texnoparklar,&nbsp;&nbsp; ideya inkubatoru v\u0259 s. m\u00fc\u0259ssis\u0259l\u0259rd\u0259 apar\u0131lan i\u015fl\u0259r\u0259 (o c\u00fcml\u0259d\u0259n \u00f6d\u0259ni\u015fli) c\u0259lb edilm\u0259si;<\/li>\n\n\n\n<li>GDU-da v\u0259 Universitetd\u0259nk\u0259nar elmi t\u0259dbirl\u0259r haqq\u0131nda m\u0259lumatlar\u0131n toplan\u0131lmas\u0131, yay\u0131lmas\u0131 v\u0259 ali t\u0259hsil m\u00fc\u0259ssis\u0259sinin internet s\u0259hif\u0259sind\u0259 yerl\u0259\u015fdirilm\u0259sinin t\u0259\u015fkil edilm\u0259si.<\/li>\n<\/ul>\n\n\n\n<p>T\u0259dris plan\u0131n\u0131 m\u00fcv\u0259ff\u0259qiyy\u0259tl\u0259 yerin\u0259 yetir\u0259n v\u0259 f\u0259al elmi t\u0259dqiqat i\u015fi il\u0259 m\u0259\u015f\u011ful olan t\u0259l\u0259b\u0259l\u0259r TEC-in \u00fczv\u00fc ola bil\u0259rl\u0259r. TEC-\u0259 yeni \u00fczvl\u0259rin q\u0259bul edilm\u0259si t\u0259l\u0259b\u0259l\u0259rin elmi i\u015fin\u0259 r\u0259hb\u0259rlik ed\u0259n bir m\u00fc\u0259llimin (elmi d\u0259rn\u0259yin v\u0259 ya g\u0259nc aliml\u0259r birliyinin r\u0259hb\u0259rinin) r\u0259yi \u0259sas\u0131nda TEC-in \u015euras\u0131 t\u0259r\u0259find\u0259n h\u0259yata ke\u00e7irilir. TEC-in \u00fczvl\u0259rinin&nbsp; TEC t\u0259r\u0259find\u0259n ke\u00e7iril\u0259n b\u00fct\u00fcn t\u0259dbirl\u0259rd\u0259 i\u015ftirak etm\u0259k, TEC-in orqanlar\u0131n\u0131n formala\u015fmas\u0131nda, konfranslar\u0131n\u0131n i\u015find\u0259 i\u015ftirak etm\u0259k TEC-in v\u0259 onun struktur b\u00f6lm\u0259l\u0259rinin f\u0259aliyy\u0259tin\u0259 dair r\u0259y v\u0259 t\u0259klifl\u0259rini bildirm\u0259k, TEC-in f\u0259aliyy\u0259tin\u0259 dair informasiya \u0259ld\u0259 etm\u0259k, TEC-in \u015euras\u0131na se\u00e7m\u0259k v\u0259 se\u00e7ilm\u0259k, yerli v\u0259 beyn\u0259lxalq qrant proqramlar\u0131nda i\u015ftirak etm\u0259k kimi h\u00fcquqlar\u0131 vard\u0131r.<\/p>\n\n\n\n<p>TEC-in strukturuna kafedra n\u0259zdind\u0259 f\u0259aliyy\u0259t g\u00f6st\u0259r\u0259n t\u0259l\u0259b\u0259 elmi d\u0259rn\u0259kl\u0259ri, elmi d\u0259rn\u0259kl\u0259ri profil \u00fczr\u0259 birl\u0259\u015fdir\u0259n g\u0259nc aliml\u0259r birliyi (b\u00f6lm\u0259l\u0259ri), h\u0259r kursda (patokda) t\u0259hsilalanlar\u0131n elmi i\u015fin\u0259 cavabdeh olan TEC-in kurs (patok)&nbsp; b\u00f6lm\u0259l\u0259ri, TEC-in fak\u00fclt\u0259 b\u00f6lm\u0259l\u0259ri daxildir.<\/p>\n\n\n\n<p>TEC-in karg\u00fczarl\u0131q f\u0259aliyy\u0259tin\u0259 onun i\u015finin m\u0259zmununa uy\u011fun olan s\u0259n\u0259dl\u0259\u015fm\u0259l\u0259rin apar\u0131lmas\u0131 daxildir. Bu s\u0259n\u0259dl\u0259r a\u015fa\u011f\u0131dak\u0131lar ola bil\u0259r: m\u00fcvafiq normative h\u00fcquqi aktlar, Az\u0259rbaycan Respublikas\u0131 T\u0259hsil Nazirliyinin v\u0259 ali t\u0259hsil m\u00fc\u0259ssis\u0259sinin rektorunun t\u0259l\u0259b\u0259 elmi i\u015fin\u0259 dair \u0259mr v\u0259 s\u0259r\u0259ncamlar\u0131, GDU-nun TEC-nin \u018fsasnam\u0259si, TEC-in illik i\u015f plan\u0131 v\u0259 hesabat\u0131, TEC-in iclaslar\u0131n\u0131n protokollar\u0131, t\u0259l\u0259b\u0259 elmi konfranslar\u0131n\u0131n s\u0259n\u0259dl\u0259ri v\u0259 materiallar\u0131 (haz\u0131rl\u0131q plan\u0131, m\u0259ruz\u0259l\u0259rin tezisl\u0259ri, iclas protokollar\u0131, konfrans\u0131n n\u0259\u015fr olunmu\u015f materiallar\u0131 v\u0259 s.) \u0259n yax\u015f\u0131 t\u0259l\u0259b\u0259 elmi t\u0259dqiqat i\u015fi, qrant v\u0259 s. m\u00fcsabiq\u0259l\u0259rin ke\u00e7irilm\u0259si haqq\u0131nda s\u0259n\u0259dl\u0259r v\u0259 foto\u015f\u0259kill\u0259r (i\u015fl\u0259rin siyah\u0131s\u0131, annotasiyalar, r\u0259yl\u0259r, q\u0259rar, m\u00fckafatland\u0131rma v\u0259 s.), TEC-in \u00fczvl\u0259ri haqq\u0131nda m\u0259lumat bazas\u0131, respublika t\u0259\u015fkilatlar\u0131 v\u0259 dig\u0259r ali t\u0259hsil m\u00fc\u0259ssis\u0259l\u0259ri il\u0259 yaz\u0131\u015fmalar v\u0259 s.<\/p>\n","protected":false},"excerpt":{"rendered":"<p>S\u00fcleymanova Leyla Hiday\u0259t q\u0131z\u0131-S\u018fDR 14 iyul 2004-c\u00fc ild\u0259 G\u0259nc\u0259 \u015f\u0259h\u0259rind\u0259 anadan olmu\u015fdur. 2010-cu ild\u0259 G\u0259nc\u0259 \u015f\u0259h\u0259ri M.A.Abbaszad\u0259 ad\u0131na 20 n\u00f6mr\u0259li tam orta m\u0259kt\u0259b\u0259 daxil olub v\u0259 2021-ci ild\u0259 h\u0259min m\u0259kt\u0259bi t\u0259hsil ald\u0131\u011f\u0131 m\u00fcdd\u0259t boyunca t\u0259drisd\u0259 qazand\u0131\u011f\u0131 nailiyy\u0259tl\u0259r\u0259 v\u0259 imtahan n\u0259tic\u0259sin\u0259 \u0259sas\u0259n F\u0259rql\u0259nm\u0259 Attestat\u0131 il\u0259 bitmi\u015fdir. 2021-ci ild\u0259 G\u0259nc\u0259 D\u00f6vl\u0259t Universitetinin Kimya-biologiya fak\u00fclt\u0259sinin Kimya v\u0259 biologiya [&hellip;]<\/p>\n","protected":false},"author":3,"featured_media":5621,"parent":0,"menu_order":0,"comment_status":"closed","ping_status":"closed","template":"","meta":{"footnotes":""},"categories":[10,13],"tags":[],"_links":{"self":[{"href":"https:\/\/bkf.gdu.edu.az\/index.php?rest_route=\/wp\/v2\/pages\/5620"}],"collection":[{"href":"https:\/\/bkf.gdu.edu.az\/index.php?rest_route=\/wp\/v2\/pages"}],"about":[{"href":"https:\/\/bkf.gdu.edu.az\/index.php?rest_route=\/wp\/v2\/types\/page"}],"author":[{"embeddable":true,"href":"https:\/\/bkf.gdu.edu.az\/index.php?rest_route=\/wp\/v2\/users\/3"}],"replies":[{"embeddable":true,"href":"https:\/\/bkf.gdu.edu.az\/index.php?rest_route=%2Fwp%2Fv2%2Fcomments&post=5620"}],"version-history":[{"count":1,"href":"https:\/\/bkf.gdu.edu.az\/index.php?rest_route=\/wp\/v2\/pages\/5620\/revisions"}],"predecessor-version":[{"id":5622,"href":"https:\/\/bkf.gdu.edu.az\/index.php?rest_route=\/wp\/v2\/pages\/5620\/revisions\/5622"}],"wp:featuredmedia":[{"embeddable":true,"href":"https:\/\/bkf.gdu.edu.az\/index.php?rest_route=\/wp\/v2\/media\/5621"}],"wp:attachment":[{"href":"https:\/\/bkf.gdu.edu.az\/index.php?rest_route=%2Fwp%2Fv2%2Fmedia&parent=5620"}],"wp:term":[{"taxonomy":"category","embeddable":true,"href":"https:\/\/bkf.gdu.edu.az\/index.php?rest_route=%2Fwp%2Fv2%2Fcategories&post=5620"},{"taxonomy":"post_tag","embeddable":true,"href":"https:\/\/bkf.gdu.edu.az\/index.php?rest_route=%2Fwp%2Fv2%2Ftags&post=5620"}],"curies":[{"name":"wp","href":"https:\/\/api.w.org\/{rel}","templated":true}]}}