{"id":563,"date":"2016-04-16T01:15:42","date_gmt":"2016-04-15T23:15:42","guid":{"rendered":"http:\/\/bkf.gdu.edu.az\/?page_id=563"},"modified":"2026-01-29T13:47:39","modified_gmt":"2026-01-29T11:47:39","slug":"professor-%c9%99v%c9%99zi-%c9%99hm%c9%99dova-sevda-zahid-qizi","status":"publish","type":"page","link":"https:\/\/bkf.gdu.edu.az\/?page_id=563","title":{"rendered":"PROFESSOR \u018fHM\u018fDOVA SEVDA ZAH\u0130D QIZI"},"content":{"rendered":"<p><img loading=\"lazy\" decoding=\"async\" class=\"wp-image-5290 alignleft\" src=\"http:\/\/bkf.gdu.edu.az\/wp-content\/uploads\/2024\/01\/sevda-m.jpg\" alt=\"\" width=\"231\" height=\"318\" \/><\/p>\n<p style=\"text-align: justify;\"><strong>Q\u0131sa bioqrafik m\u0259lumat:<\/strong><br \/>\nE-mail: sevda_axmedova@inbox.ru<br \/>\n\u018fhm\u0259dova Sevda Zahid q\u0131z\u0131 1960-c\u0131 ilin sentyabr ay\u0131n\u0131n 07-d\u0259 Xanlar rayonunda anadan olub.<br \/>\nT\u0259hsili: 1977-ci ild\u0259 11 sayl\u0131 orta m\u0259kt\u0259bin 10-cu sinfini bitirib.<br \/>\n1981-ci ild\u0259 H.Z\u0259rdabi ad\u0131na Kirovabad D\u00f6vl\u0259t Pedaqoji \u0130nstitutunun (indiki GDU) \u201cKimya-Biologiya\u201d fak\u00fclt\u0259sinin Kimya m\u00fc\u0259llimliyi ixtisas\u0131 \u00fczr\u0259 bakalavr pill\u0259sini bitirib.<br \/>\n1989-cu ild\u0259 AKTA-da Bitki\u00e7ilik kafedras\u0131nda dissertanturaya q\u0259bul olub.<br \/>\n1995-ci ild\u0259 \u201cAdi dolixosun qar\u0131\u015f\u0131q s\u0259pind\u0259 qar\u011f\u0131dal\u0131 il\u0259 yem kimi v\u0259 t\u0259miz s\u0259pind\u0259 d\u0259n m\u0259qs\u0259dil\u0259 \u00f6yr\u0259nilm\u0259si\u201d m\u00f6vzusunda namiz\u0259dlik dissertasiyas\u0131n\u0131 m\u00fcdafi\u0259 etmi\u015fdir. Bu y\u00fcks\u0259k m\u0259hsuldar bitki Az\u0259rbaycanda ilk d\u0259f\u0259 olaraq \u00f6yr\u0259nilmi\u015fdir.<\/p>\n<p><strong>Elmi d\u0259r\u0259c\u0259si v\u0259 adlar\u0131:<br \/>\n<\/strong>1995-ci ild\u0259 Genetika v\u0259 Seleksiya \u0130nstitutunda bird\u0259f\u0259lik m\u00fcdafi\u0259 \u015f\u00fcras\u0131nda namiz\u0259dlik dissertasiyas\u0131n\u0131 m\u00fcdafi\u0259 edib k\u0259nd t\u0259s\u0259rr\u00fcfat\u0131 elml\u0259r namiz\u0259di diplomuna layiq g\u00f6r\u00fclm\u00fc\u015fd\u00fcr.<br \/>\n1997-ci ilin iyun ay\u0131nda dosentlik diplomunu alm\u0131\u015fd\u0131r.<br \/>\n1998-ci ild\u0259n AKTA-n\u0131n Botanika kafedras\u0131n\u0131n doktorant\u0131 olmu\u015fdur.<br \/>\n2011-ci ild\u0259 Botanika \u0130nstitutunda \u00abAz\u0259rbaycan\u0131n Ceyran\u00e7\u00f6l v\u0259 Ac\u0131nohur q\u0131\u015f otlaqlar\u0131n\u0131n bitkiliyi v\u0259 onun bioekoloji v\u0259 aqrofitosenoloji x\u00fcsusiyy\u0259tl\u0259ri\u00bb m\u00f6vzusunda doktorluq dissertasiyas\u0131n\u0131 m\u00fcdafi\u0259 etmi\u015fdir.<br \/>\n2013-c\u00fc ild\u0259 Ali Attestasiya Komissiyas\u0131 t\u0259r\u0259find\u0259n Biologiya elml\u0259ri doktoru ad\u0131na layiq g\u00f6r\u00fclm\u00fc\u015fd\u00fcr.<br \/>\n2017-ci ild\u0259 professor elmi ad\u0131 alm\u0131\u015fd\u0131r.<\/p>\n<p><strong>\u018fm\u0259k f\u0259aliyy\u0259ti:<\/strong><br \/>\n1981-1983-c\u00fc ill\u0259rd\u0259 t\u0259yinat \u00fczr\u0259 \u015eamax\u0131 rayonunda orta m\u0259kt\u0259bd\u0259 kimya m\u00fc\u0259llimi<br \/>\n1983-1993-c\u00fc ill\u0259rd\u0259 AKTA-n\u0131n Bitki\u00e7ilik kafedras\u0131nda laborant,b\u00f6y\u00fck laborant,<br \/>\n1993-1997-ci ill\u0259rd\u0259 AKTA-n\u0131n Bitki\u00e7ilik kafedras\u0131nda assistent,dosent(attestats\u0131z)<br \/>\n1997-2004- ill\u0259rd\u0259 AKTA-n\u0131n Bitki\u00e7ilik kafedras\u0131nda dosent<br \/>\n2004-c\u00fc ild\u0259n hal-haz\u0131rad\u0259k G\u0259nc\u0259 D\u00f6vl\u0259t Universitetinin Ekologiya v\u0259 t\u0259bi\u0259ti m\u00fchafiz\u0259 kafedras\u0131na kafedra m\u00fcdiri v\u0259zif\u0259sind\u0259 \u00e7al\u0131\u015f\u0131r.<\/p>\n<p><strong>T\u0259ltifl\u0259ri<\/strong>:<br \/>\n2018 \u2013 ci ild\u0259 Az\u0259rbaycan Respublikas\u0131 Prezdentinin S\u0259r\u0259ncam\u0131 il\u0259 \u201c T\u0259r\u0259qqi medal\u0131 \u201d<br \/>\nil\u0259 t\u0259ltif edilmi\u015fdir. 2024-c\u00fc ilin noyabr ay\u0131nda Bak\u0131 \u015f\u0259h\u0259rind\u0259 ke\u00e7iril\u0259n COP-29 t\u0259dbirind\u0259 8 g\u00fcn m\u00fcdd\u0259tind\u0259 &#8220;Mavi&#8221; zonada d\u00f6vl\u0259t x\u0259tti il\u0259 i\u015ftirak etmi\u015f v\u0259 x\u00fcsusi ni\u015fanla t\u0259ltif edilmi\u015fdir.<\/p>\n<p><strong>T\u0259dqiqat sah\u0259si:<\/strong> \u00abAz\u0259rbaycan\u0131n Ceyran\u00e7\u00f6l v\u0259 Ac\u0131nohur q\u0131\u015f otlaqlar\u0131n\u0131n bitkiliyi v\u0259 onun bioekoloji v\u0259 aqrofitosenoloji x\u00fcsusiyy\u0259tl\u0259ri\u00bb<br \/>\n<strong>Elmi \u0259s\u0259rl\u0259ri:<\/strong> 150-d\u0259n \u00e7ox m\u00fcxt\u0259lif adl\u0131 m\u0259qal\u0259nin, bunlar\u0131n i\u00e7\u0259risind\u0259 3 monoqrafiya, 4 d\u0259rs v\u0259saiti, 3 d\u0259rslik 50-d\u0259n \u00e7ox f\u0259nn proqram\u0131 , 1 metodik g\u00f6st\u0259ri\u015fin v\u0259 m\u00fcxt\u0259lif xarici \u00f6lk\u0259l\u0259rd\u0259 v\u0259 \u00f6lk\u0259daxili jurnallarda n\u0259\u015fr olunmu\u015f elmi m\u0259qal\u0259l\u0259rin m\u00fc\u0259llifidir.<\/p>\n<p>Beyn\u0259lxalq v\u0259 respublika simpozium v\u0259 konfranslarda i\u015ftirak\u0131:<br \/>\n51 Beyn\u0259lxalq v\u0259 respublika simpozium v\u0259 konfranslarda i\u015ftirak edib.<\/p>\n<p>Dil bilgisi:<br \/>\nRus (yax\u015f\u0131)<br \/>\nT\u00fcrk (yax\u015f\u0131)<br \/>\n\u0130ngilis(orta)<\/p>\n<p><strong>Partiyal\u0131\u011f\u0131<\/strong>: YAP<\/p>\n","protected":false},"excerpt":{"rendered":"<p>Q\u0131sa bioqrafik m\u0259lumat: E-mail: sevda_axmedova@inbox.ru \u018fhm\u0259dova Sevda Zahid q\u0131z\u0131 1960-c\u0131 ilin sentyabr ay\u0131n\u0131n 07-d\u0259 Xanlar rayonunda anadan olub. T\u0259hsili: 1977-ci ild\u0259 11 sayl\u0131 orta m\u0259kt\u0259bin 10-cu sinfini bitirib. 1981-ci ild\u0259 H.Z\u0259rdabi ad\u0131na Kirovabad D\u00f6vl\u0259t Pedaqoji \u0130nstitutunun (indiki GDU) \u201cKimya-Biologiya\u201d fak\u00fclt\u0259sinin Kimya m\u00fc\u0259llimliyi ixtisas\u0131 \u00fczr\u0259 bakalavr pill\u0259sini bitirib. 1989-cu ild\u0259 AKTA-da Bitki\u00e7ilik kafedras\u0131nda dissertanturaya q\u0259bul olub. [&hellip;]<\/p>\n","protected":false},"author":3,"featured_media":5290,"parent":0,"menu_order":0,"comment_status":"closed","ping_status":"closed","template":"","meta":{"footnotes":""},"categories":[26],"tags":[],"_links":{"self":[{"href":"https:\/\/bkf.gdu.edu.az\/index.php?rest_route=\/wp\/v2\/pages\/563"}],"collection":[{"href":"https:\/\/bkf.gdu.edu.az\/index.php?rest_route=\/wp\/v2\/pages"}],"about":[{"href":"https:\/\/bkf.gdu.edu.az\/index.php?rest_route=\/wp\/v2\/types\/page"}],"author":[{"embeddable":true,"href":"https:\/\/bkf.gdu.edu.az\/index.php?rest_route=\/wp\/v2\/users\/3"}],"replies":[{"embeddable":true,"href":"https:\/\/bkf.gdu.edu.az\/index.php?rest_route=%2Fwp%2Fv2%2Fcomments&post=563"}],"version-history":[{"count":9,"href":"https:\/\/bkf.gdu.edu.az\/index.php?rest_route=\/wp\/v2\/pages\/563\/revisions"}],"predecessor-version":[{"id":7127,"href":"https:\/\/bkf.gdu.edu.az\/index.php?rest_route=\/wp\/v2\/pages\/563\/revisions\/7127"}],"wp:featuredmedia":[{"embeddable":true,"href":"https:\/\/bkf.gdu.edu.az\/index.php?rest_route=\/wp\/v2\/media\/5290"}],"wp:attachment":[{"href":"https:\/\/bkf.gdu.edu.az\/index.php?rest_route=%2Fwp%2Fv2%2Fmedia&parent=563"}],"wp:term":[{"taxonomy":"category","embeddable":true,"href":"https:\/\/bkf.gdu.edu.az\/index.php?rest_route=%2Fwp%2Fv2%2Fcategories&post=563"},{"taxonomy":"post_tag","embeddable":true,"href":"https:\/\/bkf.gdu.edu.az\/index.php?rest_route=%2Fwp%2Fv2%2Ftags&post=563"}],"curies":[{"name":"wp","href":"https:\/\/api.w.org\/{rel}","templated":true}]}}