{"id":5686,"date":"2024-04-25T10:40:57","date_gmt":"2024-04-25T08:40:57","guid":{"rendered":"https:\/\/bkf.gdu.edu.az\/?page_id=5686"},"modified":"2024-04-25T10:40:58","modified_gmt":"2024-04-25T08:40:58","slug":"t%c9%99l%c9%99b%c9%99-g%c9%99ncl%c9%99r-t%c9%99skilati","status":"publish","type":"page","link":"https:\/\/bkf.gdu.edu.az\/?page_id=5686","title":{"rendered":"t\u0259l\u0259b\u0259 g\u0259ncl\u0259r t\u0259\u015fkilat\u0131"},"content":{"rendered":"\n<figure class=\"wp-block-image size-full\"><img loading=\"lazy\" decoding=\"async\" width=\"366\" height=\"512\" src=\"https:\/\/bkf.gdu.edu.az\/wp-content\/uploads\/2024\/04\/WhatsApp-Image-2024-04-23-at-12.22.20.jpeg\" alt=\"\" class=\"wp-image-5687\"\/><\/figure>\n\n\n\n<p>Suliyev X\u0259lil V\u00fcqar o\u011flu-s\u0259dr. 25 sentyabr 2004-c\u00fc ild\u0259 Saatl\u0131 rayonunun Orta Mu\u011fan k\u0259ndind\u0259 anadan olmu\u015fdur. 2010-cu ild\u0259 Saatl\u0131 rayon Orta Mu\u011fan k\u0259nd orta m\u0259kt\u0259binin 1-ci sinfin\u0259 daxil olub 2021-ci ild\u0259 h\u0259min m\u0259kt\u0259bi bitirmi\u015fdir. 2021-ci ild\u0259 GDU-nun Kimya ixtisas\u0131na q\u0259bul olunmu\u015fdur. 2022-ci ild\u0259n fak\u00fclt\u0259 \u00fczr\u0259 T\u0259l\u0259b\u0259 G\u0259ncl\u0259r T\u0259\u015fkilat\u0131n\u0131n s\u0259dridir. H\u0259m\u00e7inin Universitet \u00fczr\u0259 T\u0259l\u0259b\u0259 H\u0259mkarlar \u0130ttifaq\u0131 Komit\u0259sinin s\u0259dr m\u00fcavinidir.<\/p>\n","protected":false},"excerpt":{"rendered":"<p>Suliyev X\u0259lil V\u00fcqar o\u011flu-s\u0259dr. 25 sentyabr 2004-c\u00fc ild\u0259 Saatl\u0131 rayonunun Orta Mu\u011fan k\u0259ndind\u0259 anadan olmu\u015fdur. 2010-cu ild\u0259 Saatl\u0131 rayon Orta Mu\u011fan k\u0259nd orta m\u0259kt\u0259binin 1-ci sinfin\u0259 daxil olub 2021-ci ild\u0259 h\u0259min m\u0259kt\u0259bi bitirmi\u015fdir. 2021-ci ild\u0259 GDU-nun Kimya ixtisas\u0131na q\u0259bul olunmu\u015fdur. 2022-ci ild\u0259n fak\u00fclt\u0259 \u00fczr\u0259 T\u0259l\u0259b\u0259 G\u0259ncl\u0259r T\u0259\u015fkilat\u0131n\u0131n s\u0259dridir. H\u0259m\u00e7inin Universitet \u00fczr\u0259 T\u0259l\u0259b\u0259 H\u0259mkarlar \u0130ttifaq\u0131 Komit\u0259sinin [&hellip;]<\/p>\n","protected":false},"author":3,"featured_media":5687,"parent":0,"menu_order":0,"comment_status":"closed","ping_status":"closed","template":"","meta":{"footnotes":""},"categories":[13],"tags":[],"_links":{"self":[{"href":"https:\/\/bkf.gdu.edu.az\/index.php?rest_route=\/wp\/v2\/pages\/5686"}],"collection":[{"href":"https:\/\/bkf.gdu.edu.az\/index.php?rest_route=\/wp\/v2\/pages"}],"about":[{"href":"https:\/\/bkf.gdu.edu.az\/index.php?rest_route=\/wp\/v2\/types\/page"}],"author":[{"embeddable":true,"href":"https:\/\/bkf.gdu.edu.az\/index.php?rest_route=\/wp\/v2\/users\/3"}],"replies":[{"embeddable":true,"href":"https:\/\/bkf.gdu.edu.az\/index.php?rest_route=%2Fwp%2Fv2%2Fcomments&post=5686"}],"version-history":[{"count":1,"href":"https:\/\/bkf.gdu.edu.az\/index.php?rest_route=\/wp\/v2\/pages\/5686\/revisions"}],"predecessor-version":[{"id":5688,"href":"https:\/\/bkf.gdu.edu.az\/index.php?rest_route=\/wp\/v2\/pages\/5686\/revisions\/5688"}],"wp:featuredmedia":[{"embeddable":true,"href":"https:\/\/bkf.gdu.edu.az\/index.php?rest_route=\/wp\/v2\/media\/5687"}],"wp:attachment":[{"href":"https:\/\/bkf.gdu.edu.az\/index.php?rest_route=%2Fwp%2Fv2%2Fmedia&parent=5686"}],"wp:term":[{"taxonomy":"category","embeddable":true,"href":"https:\/\/bkf.gdu.edu.az\/index.php?rest_route=%2Fwp%2Fv2%2Fcategories&post=5686"},{"taxonomy":"post_tag","embeddable":true,"href":"https:\/\/bkf.gdu.edu.az\/index.php?rest_route=%2Fwp%2Fv2%2Ftags&post=5686"}],"curies":[{"name":"wp","href":"https:\/\/api.w.org\/{rel}","templated":true}]}}