{"id":5693,"date":"2024-04-25T19:59:43","date_gmt":"2024-04-25T17:59:43","guid":{"rendered":"https:\/\/bkf.gdu.edu.az\/?page_id=5693"},"modified":"2025-11-03T14:38:53","modified_gmt":"2025-11-03T12:38:53","slug":"s%c9%99n%c9%99dl%c9%99r","status":"publish","type":"page","link":"https:\/\/bkf.gdu.edu.az\/?page_id=5693","title":{"rendered":"S\u0259n\u0259dl\u0259r"},"content":{"rendered":"\n<p>Strateji plan (2023\/2028)<\/p>\n\n\n\n<div data-wp-interactive=\"\" class=\"wp-block-file\"><object data-wp-bind--hidden=\"!selectors.core.file.hasPdfPreview\" hidden class=\"wp-block-file__embed\" data=\"https:\/\/bkf.gdu.edu.az\/wp-content\/uploads\/2025\/10\/Strateji-plan-2023-2028-1.pdf\" type=\"application\/pdf\" style=\"width:100%;height:600px\" aria-label=\"Embed of Strateji-plan-2023-2028-1.\"><\/object><a id=\"wp-block-file--media-36704832-e026-40f2-b8c8-ec21affe4994\" href=\"https:\/\/bkf.gdu.edu.az\/wp-content\/uploads\/2025\/10\/Strateji-plan-2023-2028-1.pdf\">Strateji-plan-2023-2028-1<\/a><a href=\"https:\/\/bkf.gdu.edu.az\/wp-content\/uploads\/2025\/10\/Strateji-plan-2023-2028-1.pdf\" class=\"wp-block-file__button wp-element-button\" download aria-describedby=\"wp-block-file--media-36704832-e026-40f2-b8c8-ec21affe4994\">Download<\/a><\/div>\n\n\n\n<p>S\u0259n\u0259dl\u0259r<\/p>\n\n\n\n<p>3.2.2.-1 T\u018fHS\u0130L PROQRAMLARI<\/p>\n\n\n\n<div data-wp-interactive=\"\" class=\"wp-block-file\"><object data-wp-bind--hidden=\"!selectors.core.file.hasPdfPreview\" hidden class=\"wp-block-file__embed\" data=\"https:\/\/bkf.gdu.edu.az\/wp-content\/uploads\/2024\/05\/Biologiya.pdf\" type=\"application\/pdf\" style=\"width:100%;height:600px\" aria-label=\"Embed of Biologiya.\"><\/object><a id=\"wp-block-file--media-a07e030d-a72b-4c57-8e51-63fd54d5fd18\" href=\"https:\/\/bkf.gdu.edu.az\/wp-content\/uploads\/2024\/05\/Biologiya.pdf\">Biologiya<\/a><a href=\"https:\/\/bkf.gdu.edu.az\/wp-content\/uploads\/2024\/05\/Biologiya.pdf\" class=\"wp-block-file__button wp-element-button\" download aria-describedby=\"wp-block-file--media-a07e030d-a72b-4c57-8e51-63fd54d5fd18\">Download<\/a><\/div>\n\n\n\n<div data-wp-interactive=\"\" class=\"wp-block-file\"><object data-wp-bind--hidden=\"!selectors.core.file.hasPdfPreview\" hidden class=\"wp-block-file__embed\" data=\"https:\/\/bkf.gdu.edu.az\/wp-content\/uploads\/2024\/05\/Biologiya-mu\u0259llimliyi.pdf\" type=\"application\/pdf\" style=\"width:100%;height:600px\" aria-label=\"Embed of Biologiya-mu\u0259llimliyi.\"><\/object><a id=\"wp-block-file--media-81b92fbe-fd98-4e55-b9bd-9ed997d5e7ce\" href=\"https:\/\/bkf.gdu.edu.az\/wp-content\/uploads\/2024\/05\/Biologiya-mu\u0259llimliyi.pdf\">Biologiya-mu\u0259llimliyi<\/a><a href=\"https:\/\/bkf.gdu.edu.az\/wp-content\/uploads\/2024\/05\/Biologiya-mu\u0259llimliyi.pdf\" class=\"wp-block-file__button wp-element-button\" download aria-describedby=\"wp-block-file--media-81b92fbe-fd98-4e55-b9bd-9ed997d5e7ce\">Download<\/a><\/div>\n\n\n\n<div data-wp-interactive=\"\" class=\"wp-block-file\"><object data-wp-bind--hidden=\"!selectors.core.file.hasPdfPreview\" hidden class=\"wp-block-file__embed\" data=\"https:\/\/bkf.gdu.edu.az\/wp-content\/uploads\/2024\/05\/Kimya.pdf\" type=\"application\/pdf\" style=\"width:100%;height:600px\" aria-label=\"Embed of Kimya.\"><\/object><a id=\"wp-block-file--media-efc3ace1-a5e1-44b6-8e84-32af25c29af2\" href=\"https:\/\/bkf.gdu.edu.az\/wp-content\/uploads\/2024\/05\/Kimya.pdf\">Kimya<\/a><a href=\"https:\/\/bkf.gdu.edu.az\/wp-content\/uploads\/2024\/05\/Kimya.pdf\" class=\"wp-block-file__button wp-element-button\" download aria-describedby=\"wp-block-file--media-efc3ace1-a5e1-44b6-8e84-32af25c29af2\">Download<\/a><\/div>\n\n\n\n<div data-wp-interactive=\"\" class=\"wp-block-file\"><object data-wp-bind--hidden=\"!selectors.core.file.hasPdfPreview\" hidden class=\"wp-block-file__embed\" data=\"https:\/\/bkf.gdu.edu.az\/wp-content\/uploads\/2024\/05\/Kimya-mu\u0259limliyi.pdf\" type=\"application\/pdf\" style=\"width:100%;height:600px\" aria-label=\"Embed of Kimya-mu\u0259limliyi.\"><\/object><a id=\"wp-block-file--media-27da57c0-5ce5-4406-a081-71cb79d54c05\" href=\"https:\/\/bkf.gdu.edu.az\/wp-content\/uploads\/2024\/05\/Kimya-mu\u0259limliyi.pdf\">Kimya-mu\u0259limliyi<\/a><a href=\"https:\/\/bkf.gdu.edu.az\/wp-content\/uploads\/2024\/05\/Kimya-mu\u0259limliyi.pdf\" class=\"wp-block-file__button wp-element-button\" download aria-describedby=\"wp-block-file--media-27da57c0-5ce5-4406-a081-71cb79d54c05\">Download<\/a><\/div>\n\n\n\n<div data-wp-interactive=\"\" class=\"wp-block-file\"><object data-wp-bind--hidden=\"!selectors.core.file.hasPdfPreview\" hidden class=\"wp-block-file__embed\" data=\"https:\/\/bkf.gdu.edu.az\/wp-content\/uploads\/2024\/05\/Kimya-muh\u0259ndisliyi.pdf\" type=\"application\/pdf\" style=\"width:100%;height:600px\" aria-label=\"Embed of Kimya-muh\u0259ndisliyi.\"><\/object><a id=\"wp-block-file--media-6350278b-620b-41ca-9763-4ee8606bbd2a\" href=\"https:\/\/bkf.gdu.edu.az\/wp-content\/uploads\/2024\/05\/Kimya-muh\u0259ndisliyi.pdf\">Kimya-muh\u0259ndisliyi<\/a><a href=\"https:\/\/bkf.gdu.edu.az\/wp-content\/uploads\/2024\/05\/Kimya-muh\u0259ndisliyi.pdf\" class=\"wp-block-file__button wp-element-button\" download aria-describedby=\"wp-block-file--media-6350278b-620b-41ca-9763-4ee8606bbd2a\">Download<\/a><\/div>\n\n\n\n<div data-wp-interactive=\"\" class=\"wp-block-file\"><object data-wp-bind--hidden=\"!selectors.core.file.hasPdfPreview\" hidden class=\"wp-block-file__embed\" data=\"https:\/\/bkf.gdu.edu.az\/wp-content\/uploads\/2024\/05\/Kimya-v\u0259-biologiya-mu\u0259llimliyi.pdf\" type=\"application\/pdf\" style=\"width:100%;height:600px\" aria-label=\"Embed of Kimya-v\u0259-biologiya-mu\u0259llimliyi.\"><\/object><a id=\"wp-block-file--media-02de18b9-78dc-4651-94c8-4877a90bf07d\" href=\"https:\/\/bkf.gdu.edu.az\/wp-content\/uploads\/2024\/05\/Kimya-v\u0259-biologiya-mu\u0259llimliyi.pdf\">Kimya-v\u0259-biologiya-mu\u0259llimliyi<\/a><a href=\"https:\/\/bkf.gdu.edu.az\/wp-content\/uploads\/2024\/05\/Kimya-v\u0259-biologiya-mu\u0259llimliyi.pdf\" class=\"wp-block-file__button wp-element-button\" download aria-describedby=\"wp-block-file--media-02de18b9-78dc-4651-94c8-4877a90bf07d\">Download<\/a><\/div>\n\n\n\n<div data-wp-interactive=\"\" class=\"wp-block-file\"><object data-wp-bind--hidden=\"!selectors.core.file.hasPdfPreview\" hidden class=\"wp-block-file__embed\" data=\"https:\/\/bkf.gdu.edu.az\/wp-content\/uploads\/2024\/05\/Ekologiya.pdf\" type=\"application\/pdf\" style=\"width:100%;height:600px\" aria-label=\"Embed of Ekologiya.\"><\/object><a id=\"wp-block-file--media-ac5c6575-d979-4030-81cd-f2d57b0fd983\" href=\"https:\/\/bkf.gdu.edu.az\/wp-content\/uploads\/2024\/05\/Ekologiya.pdf\">Ekologiya<\/a><a href=\"https:\/\/bkf.gdu.edu.az\/wp-content\/uploads\/2024\/05\/Ekologiya.pdf\" class=\"wp-block-file__button wp-element-button\" download aria-describedby=\"wp-block-file--media-ac5c6575-d979-4030-81cd-f2d57b0fd983\">Download<\/a><\/div>\n\n\n\n<div data-wp-interactive=\"\" class=\"wp-block-file\"><object data-wp-bind--hidden=\"!selectors.core.file.hasPdfPreview\" hidden class=\"wp-block-file__embed\" data=\"https:\/\/bkf.gdu.edu.az\/wp-content\/uploads\/2024\/05\/Ekologiya-Muh\u0259ndisliyi.pdf\" type=\"application\/pdf\" style=\"width:100%;height:600px\" aria-label=\"Embed of Ekologiya-Muh\u0259ndisliyi.\"><\/object><a id=\"wp-block-file--media-fd7f5c0a-32e4-4b78-acd4-bfa26336dfbf\" href=\"https:\/\/bkf.gdu.edu.az\/wp-content\/uploads\/2024\/05\/Ekologiya-Muh\u0259ndisliyi.pdf\">Ekologiya-Muh\u0259ndisliyi<\/a><a href=\"https:\/\/bkf.gdu.edu.az\/wp-content\/uploads\/2024\/05\/Ekologiya-Muh\u0259ndisliyi.pdf\" class=\"wp-block-file__button wp-element-button\" download aria-describedby=\"wp-block-file--media-fd7f5c0a-32e4-4b78-acd4-bfa26336dfbf\">Download<\/a><\/div>\n\n\n\n<p>3.2.2.-2 T\u018fDR\u0130S PLANLARI<\/p>\n\n\n\n<div data-wp-interactive=\"\" class=\"wp-block-file\"><object data-wp-bind--hidden=\"!selectors.core.file.hasPdfPreview\" hidden class=\"wp-block-file__embed\" data=\"https:\/\/bkf.gdu.edu.az\/wp-content\/uploads\/2025\/10\/biologiya-1.pdf\" type=\"application\/pdf\" style=\"width:100%;height:600px\" aria-label=\"Embed of biologiya-1.\"><\/object><a id=\"wp-block-file--media-08b813bf-c8a2-4a94-86ad-d109c07836d0\" href=\"https:\/\/bkf.gdu.edu.az\/wp-content\/uploads\/2025\/10\/biologiya-1.pdf\">biologiya-1<\/a><a href=\"https:\/\/bkf.gdu.edu.az\/wp-content\/uploads\/2025\/10\/biologiya-1.pdf\" class=\"wp-block-file__button wp-element-button\" download aria-describedby=\"wp-block-file--media-08b813bf-c8a2-4a94-86ad-d109c07836d0\">Download<\/a><\/div>\n\n\n\n<div data-wp-interactive=\"\" class=\"wp-block-file\"><object data-wp-bind--hidden=\"!selectors.core.file.hasPdfPreview\" hidden class=\"wp-block-file__embed\" data=\"https:\/\/bkf.gdu.edu.az\/wp-content\/uploads\/2025\/11\/Ogretimplani.pdf\" type=\"application\/pdf\" style=\"width:100%;height:600px\" aria-label=\"Embed of Ogretimplani.\"><\/object><a id=\"wp-block-file--media-7f39955e-351b-4ac4-a4d3-9661ea429b30\" href=\"https:\/\/bkf.gdu.edu.az\/wp-content\/uploads\/2025\/11\/Ogretimplani.pdf\">Ogretimplani<\/a><a href=\"https:\/\/bkf.gdu.edu.az\/wp-content\/uploads\/2025\/11\/Ogretimplani.pdf\" class=\"wp-block-file__button wp-element-button\" download aria-describedby=\"wp-block-file--media-7f39955e-351b-4ac4-a4d3-9661ea429b30\">Download<\/a><\/div>\n\n\n\n<div data-wp-interactive=\"\" class=\"wp-block-file\"><object data-wp-bind--hidden=\"!selectors.core.file.hasPdfPreview\" hidden class=\"wp-block-file__embed\" data=\"https:\/\/bkf.gdu.edu.az\/wp-content\/uploads\/2025\/10\/biologiya-muel.pdf\" type=\"application\/pdf\" style=\"width:100%;height:600px\" aria-label=\"Embed of biologiya-muel.\"><\/object><a id=\"wp-block-file--media-52cbd252-65a0-41c6-a463-747e501f70e6\" href=\"https:\/\/bkf.gdu.edu.az\/wp-content\/uploads\/2025\/10\/biologiya-muel.pdf\">biologiya-muel<\/a><a href=\"https:\/\/bkf.gdu.edu.az\/wp-content\/uploads\/2025\/10\/biologiya-muel.pdf\" class=\"wp-block-file__button wp-element-button\" download aria-describedby=\"wp-block-file--media-52cbd252-65a0-41c6-a463-747e501f70e6\">Download<\/a><\/div>\n\n\n\n<div data-wp-interactive=\"\" class=\"wp-block-file\"><object data-wp-bind--hidden=\"!selectors.core.file.hasPdfPreview\" hidden class=\"wp-block-file__embed\" data=\"https:\/\/bkf.gdu.edu.az\/wp-content\/uploads\/2025\/10\/kimya-1.pdf\" type=\"application\/pdf\" style=\"width:100%;height:600px\" aria-label=\"Embed of kimya-1.\"><\/object><a id=\"wp-block-file--media-e364e1b8-0cbb-47d1-99b5-db394ab28ef2\" href=\"https:\/\/bkf.gdu.edu.az\/wp-content\/uploads\/2025\/10\/kimya-1.pdf\">kimya-1<\/a><a href=\"https:\/\/bkf.gdu.edu.az\/wp-content\/uploads\/2025\/10\/kimya-1.pdf\" class=\"wp-block-file__button wp-element-button\" download aria-describedby=\"wp-block-file--media-e364e1b8-0cbb-47d1-99b5-db394ab28ef2\">Download<\/a><\/div>\n\n\n\n<div data-wp-interactive=\"\" class=\"wp-block-file\"><object data-wp-bind--hidden=\"!selectors.core.file.hasPdfPreview\" hidden class=\"wp-block-file__embed\" data=\"https:\/\/bkf.gdu.edu.az\/wp-content\/uploads\/2025\/10\/kimya-muellimliyi-1.pdf\" type=\"application\/pdf\" style=\"width:100%;height:600px\" aria-label=\"Embed of kimya-muellimliyi-1.\"><\/object><a id=\"wp-block-file--media-5406a57a-348e-4b9f-9133-5274aa4bb631\" href=\"https:\/\/bkf.gdu.edu.az\/wp-content\/uploads\/2025\/10\/kimya-muellimliyi-1.pdf\">kimya-muellimliyi-1<\/a><a href=\"https:\/\/bkf.gdu.edu.az\/wp-content\/uploads\/2025\/10\/kimya-muellimliyi-1.pdf\" class=\"wp-block-file__button wp-element-button\" download aria-describedby=\"wp-block-file--media-5406a57a-348e-4b9f-9133-5274aa4bb631\">Download<\/a><\/div>\n\n\n\n<div data-wp-interactive=\"\" class=\"wp-block-file\"><object data-wp-bind--hidden=\"!selectors.core.file.hasPdfPreview\" hidden class=\"wp-block-file__embed\" data=\"https:\/\/bkf.gdu.edu.az\/wp-content\/uploads\/2025\/10\/kimya-muhendisliyi.pdf\" type=\"application\/pdf\" style=\"width:100%;height:600px\" aria-label=\"Embed of kimya-muhendisliyi.\"><\/object><a id=\"wp-block-file--media-e3f927c5-10d9-4614-a355-e0ccea9ba041\" href=\"https:\/\/bkf.gdu.edu.az\/wp-content\/uploads\/2025\/10\/kimya-muhendisliyi.pdf\">kimya-muhendisliyi<\/a><a href=\"https:\/\/bkf.gdu.edu.az\/wp-content\/uploads\/2025\/10\/kimya-muhendisliyi.pdf\" class=\"wp-block-file__button wp-element-button\" download aria-describedby=\"wp-block-file--media-e3f927c5-10d9-4614-a355-e0ccea9ba041\">Download<\/a><\/div>\n\n\n\n<div data-wp-interactive=\"\" class=\"wp-block-file\"><object data-wp-bind--hidden=\"!selectors.core.file.hasPdfPreview\" hidden class=\"wp-block-file__embed\" data=\"https:\/\/bkf.gdu.edu.az\/wp-content\/uploads\/2025\/10\/kimya-ve-biologiya-muel.pdf\" type=\"application\/pdf\" style=\"width:100%;height:600px\" aria-label=\"Embed of kimya-ve-biologiya-muel.\"><\/object><a id=\"wp-block-file--media-3b8c8ff1-dd30-425e-b0b8-d605cd82f816\" href=\"https:\/\/bkf.gdu.edu.az\/wp-content\/uploads\/2025\/10\/kimya-ve-biologiya-muel.pdf\">kimya-ve-biologiya-muel<\/a><a href=\"https:\/\/bkf.gdu.edu.az\/wp-content\/uploads\/2025\/10\/kimya-ve-biologiya-muel.pdf\" class=\"wp-block-file__button wp-element-button\" download aria-describedby=\"wp-block-file--media-3b8c8ff1-dd30-425e-b0b8-d605cd82f816\">Download<\/a><\/div>\n\n\n\n<div data-wp-interactive=\"\" class=\"wp-block-file\"><object data-wp-bind--hidden=\"!selectors.core.file.hasPdfPreview\" hidden class=\"wp-block-file__embed\" data=\"https:\/\/bkf.gdu.edu.az\/wp-content\/uploads\/2025\/10\/Chemistry-and-biology-teaching-1.pdf\" type=\"application\/pdf\" style=\"width:100%;height:600px\" aria-label=\"Embed of Chemistry-and-biology-teaching-1.\"><\/object><a id=\"wp-block-file--media-69ced87f-8ed7-492b-912f-1c4c6e2192ab\" href=\"https:\/\/bkf.gdu.edu.az\/wp-content\/uploads\/2025\/10\/Chemistry-and-biology-teaching-1.pdf\">Chemistry-and-biology-teaching-1<\/a><a href=\"https:\/\/bkf.gdu.edu.az\/wp-content\/uploads\/2025\/10\/Chemistry-and-biology-teaching-1.pdf\" class=\"wp-block-file__button wp-element-button\" download aria-describedby=\"wp-block-file--media-69ced87f-8ed7-492b-912f-1c4c6e2192ab\">Download<\/a><\/div>\n\n\n\n<div data-wp-interactive=\"\" class=\"wp-block-file\"><object data-wp-bind--hidden=\"!selectors.core.file.hasPdfPreview\" hidden class=\"wp-block-file__embed\" data=\"https:\/\/bkf.gdu.edu.az\/wp-content\/uploads\/2025\/10\/Ekologiya-t\u0259dris-plani.pdf\" type=\"application\/pdf\" style=\"width:100%;height:600px\" aria-label=\"Embed of Ekologiya-t\u0259dris-plani.\"><\/object><a id=\"wp-block-file--media-1d659ba2-3d1f-49b3-82f3-8dc3b65d48bc\" href=\"https:\/\/bkf.gdu.edu.az\/wp-content\/uploads\/2025\/10\/Ekologiya-t\u0259dris-plani.pdf\">Ekologiya-t\u0259dris-plani<\/a><a href=\"https:\/\/bkf.gdu.edu.az\/wp-content\/uploads\/2025\/10\/Ekologiya-t\u0259dris-plani.pdf\" class=\"wp-block-file__button wp-element-button\" download aria-describedby=\"wp-block-file--media-1d659ba2-3d1f-49b3-82f3-8dc3b65d48bc\">Download<\/a><\/div>\n\n\n\n<div data-wp-interactive=\"\" class=\"wp-block-file\"><object data-wp-bind--hidden=\"!selectors.core.file.hasPdfPreview\" hidden class=\"wp-block-file__embed\" data=\"https:\/\/bkf.gdu.edu.az\/wp-content\/uploads\/2025\/10\/ekologiya-muhendisliyi-1.pdf\" type=\"application\/pdf\" style=\"width:100%;height:600px\" aria-label=\"Embed of ekologiya-muhendisliyi-1.\"><\/object><a id=\"wp-block-file--media-50d0dba5-beab-43b9-a639-8f1e93aab075\" href=\"https:\/\/bkf.gdu.edu.az\/wp-content\/uploads\/2025\/10\/ekologiya-muhendisliyi-1.pdf\">ekologiya-muhendisliyi-1<\/a><a href=\"https:\/\/bkf.gdu.edu.az\/wp-content\/uploads\/2025\/10\/ekologiya-muhendisliyi-1.pdf\" class=\"wp-block-file__button wp-element-button\" download aria-describedby=\"wp-block-file--media-50d0dba5-beab-43b9-a639-8f1e93aab075\">Download<\/a><\/div>\n\n\n\n<p>3.1.1. \u0130XT\u0130SASLAR \u00dcZR\u018f M\u00dcT\u018fX\u018fSS\u0130S HAZIRLI\u011eI<\/p>\n\n\n\n<div data-wp-interactive=\"\" class=\"wp-block-file\"><object data-wp-bind--hidden=\"!selectors.core.file.hasPdfPreview\" hidden class=\"wp-block-file__embed\" data=\"https:\/\/bkf.gdu.edu.az\/wp-content\/uploads\/2025\/10\/IXTISASLAR-UZRE-MUTEXESSIS-HAZIRLIGI.pdf\" type=\"application\/pdf\" style=\"width:100%;height:600px\" aria-label=\"Embed of IXTISASLAR-UZRE-MUTEXESSIS-HAZIRLIGI.\"><\/object><a id=\"wp-block-file--media-f492b613-d153-4bb6-828e-74d21873a428\" href=\"https:\/\/bkf.gdu.edu.az\/wp-content\/uploads\/2025\/10\/IXTISASLAR-UZRE-MUTEXESSIS-HAZIRLIGI.pdf\">IXTISASLAR-UZRE-MUTEXESSIS-HAZIRLIGI<\/a><a href=\"https:\/\/bkf.gdu.edu.az\/wp-content\/uploads\/2025\/10\/IXTISASLAR-UZRE-MUTEXESSIS-HAZIRLIGI.pdf\" class=\"wp-block-file__button wp-element-button\" download aria-describedby=\"wp-block-file--media-f492b613-d153-4bb6-828e-74d21873a428\">Download<\/a><\/div>\n\n\n\n<p>KBF.Pay\u0131z imtahan sessiyas\u0131 \u00fczr\u0259 t\u0259l\u0259b\u0259 m\u0259mnuniyy\u0259tinin \u00f6l\u00e7\u00fclm\u0259si sor\u011fusu.2024-2025.Diaqram<\/p>\n\n\n\n<div data-wp-interactive=\"\" class=\"wp-block-file\"><object data-wp-bind--hidden=\"!selectors.core.file.hasPdfPreview\" hidden class=\"wp-block-file__embed\" data=\"https:\/\/bkf.gdu.edu.az\/wp-content\/uploads\/2025\/10\/KBF.Payiz-imtahan-sessiyasi-uzr\u0259-t\u0259l\u0259b\u0259-m\u0259mnuniyy\u0259tinin-olculm\u0259si-sorgusu.2024-2025.Diaqram-1.pdf\" type=\"application\/pdf\" style=\"width:100%;height:600px\" aria-label=\"Embed of KBF.Payiz-imtahan-sessiyasi-uzr\u0259-t\u0259l\u0259b\u0259-m\u0259mnuniyy\u0259tinin-olculm\u0259si-sorgusu.2024-2025.Diaqram-1.\"><\/object><a id=\"wp-block-file--media-db5a72d0-3aa7-4dcf-8767-2c14e04703a2\" href=\"https:\/\/bkf.gdu.edu.az\/wp-content\/uploads\/2025\/10\/KBF.Payiz-imtahan-sessiyasi-uzr\u0259-t\u0259l\u0259b\u0259-m\u0259mnuniyy\u0259tinin-olculm\u0259si-sorgusu.2024-2025.Diaqram-1.pdf\">KBF.Payiz-imtahan-sessiyasi-uzr\u0259-t\u0259l\u0259b\u0259-m\u0259mnuniyy\u0259tinin-olculm\u0259si-sorgusu.2024-2025.Diaqram-1<\/a><a href=\"https:\/\/bkf.gdu.edu.az\/wp-content\/uploads\/2025\/10\/KBF.Payiz-imtahan-sessiyasi-uzr\u0259-t\u0259l\u0259b\u0259-m\u0259mnuniyy\u0259tinin-olculm\u0259si-sorgusu.2024-2025.Diaqram-1.pdf\" class=\"wp-block-file__button wp-element-button\" download aria-describedby=\"wp-block-file--media-db5a72d0-3aa7-4dcf-8767-2c14e04703a2\">Download<\/a><\/div>\n\n\n\n<p>KBF.T\u0259l\u0259b\u0259 M\u0259mnuniyy\u0259ti v\u0259 T\u0259lim-T\u0259dris Keyfiyy\u0259ti Sor\u011fusu.2025-2026.Diaqram<\/p>\n\n\n\n\n\n<p>3.7. PROFESSOR M\u00dc\u018fLL\u0130M HEY\u018fT\u0130<\/p>\n\n\n\n<div data-wp-interactive=\"\" class=\"wp-block-file\"><object data-wp-bind--hidden=\"!selectors.core.file.hasPdfPreview\" hidden class=\"wp-block-file__embed\" data=\"https:\/\/bkf.gdu.edu.az\/wp-content\/uploads\/2025\/10\/CEDVEL.pdf\" type=\"application\/pdf\" style=\"width:100%;height:600px\" aria-label=\"Embed of CEDVEL.\"><\/object><a id=\"wp-block-file--media-8bdaa19d-1040-41c7-a6f3-93768d220af2\" href=\"https:\/\/bkf.gdu.edu.az\/wp-content\/uploads\/2025\/10\/CEDVEL.pdf\">CEDVEL<\/a><a href=\"https:\/\/bkf.gdu.edu.az\/wp-content\/uploads\/2025\/10\/CEDVEL.pdf\" class=\"wp-block-file__button wp-element-button\" download aria-describedby=\"wp-block-file--media-8bdaa19d-1040-41c7-a6f3-93768d220af2\">Download<\/a><\/div>\n\n\n\n<p>3.8.4. T\u018fL\u018fB\u018f V\u018f M\u018fZUNLAR ARASINDA SOR\u011eU<\/p>\n\n\n\n<div data-wp-interactive=\"\" class=\"wp-block-file\"><object data-wp-bind--hidden=\"!selectors.core.file.hasPdfPreview\" hidden class=\"wp-block-file__embed\" data=\"https:\/\/bkf.gdu.edu.az\/wp-content\/uploads\/2024\/05\/384.pdf\" type=\"application\/pdf\" style=\"width:100%;height:600px\" aria-label=\"Embed of 384.\"><\/object><a id=\"wp-block-file--media-b758018c-a6a6-4620-b483-c4a93a453d33\" href=\"https:\/\/bkf.gdu.edu.az\/wp-content\/uploads\/2024\/05\/384.pdf\">384<\/a><a href=\"https:\/\/bkf.gdu.edu.az\/wp-content\/uploads\/2024\/05\/384.pdf\" class=\"wp-block-file__button wp-element-button\" download aria-describedby=\"wp-block-file--media-b758018c-a6a6-4620-b483-c4a93a453d33\">Download<\/a><\/div>\n","protected":false},"excerpt":{"rendered":"<p>Strateji plan (2023\/2028) S\u0259n\u0259dl\u0259r 3.2.2.-1 T\u018fHS\u0130L PROQRAMLARI 3.2.2.-2 T\u018fDR\u0130S PLANLARI 3.1.1. \u0130XT\u0130SASLAR \u00dcZR\u018f M\u00dcT\u018fX\u018fSS\u0130S HAZIRLI\u011eI KBF.Pay\u0131z imtahan sessiyas\u0131 \u00fczr\u0259 t\u0259l\u0259b\u0259 m\u0259mnuniyy\u0259tinin \u00f6l\u00e7\u00fclm\u0259si sor\u011fusu.2024-2025.Diaqram KBF.T\u0259l\u0259b\u0259 M\u0259mnuniyy\u0259ti v\u0259 T\u0259lim-T\u0259dris Keyfiyy\u0259ti Sor\u011fusu.2025-2026.Diaqram 3.7. PROFESSOR M\u00dc\u018fLL\u0130M HEY\u018fT\u0130 3.8.4. T\u018fL\u018fB\u018f V\u018f M\u018fZUNLAR ARASINDA SOR\u011eU<\/p>\n","protected":false},"author":1,"featured_media":0,"parent":0,"menu_order":0,"comment_status":"closed","ping_status":"closed","template":"","meta":{"footnotes":""},"categories":[],"tags":[],"_links":{"self":[{"href":"https:\/\/bkf.gdu.edu.az\/index.php?rest_route=\/wp\/v2\/pages\/5693"}],"collection":[{"href":"https:\/\/bkf.gdu.edu.az\/index.php?rest_route=\/wp\/v2\/pages"}],"about":[{"href":"https:\/\/bkf.gdu.edu.az\/index.php?rest_route=\/wp\/v2\/types\/page"}],"author":[{"embeddable":true,"href":"https:\/\/bkf.gdu.edu.az\/index.php?rest_route=\/wp\/v2\/users\/1"}],"replies":[{"embeddable":true,"href":"https:\/\/bkf.gdu.edu.az\/index.php?rest_route=%2Fwp%2Fv2%2Fcomments&post=5693"}],"version-history":[{"count":23,"href":"https:\/\/bkf.gdu.edu.az\/index.php?rest_route=\/wp\/v2\/pages\/5693\/revisions"}],"predecessor-version":[{"id":6919,"href":"https:\/\/bkf.gdu.edu.az\/index.php?rest_route=\/wp\/v2\/pages\/5693\/revisions\/6919"}],"wp:attachment":[{"href":"https:\/\/bkf.gdu.edu.az\/index.php?rest_route=%2Fwp%2Fv2%2Fmedia&parent=5693"}],"wp:term":[{"taxonomy":"category","embeddable":true,"href":"https:\/\/bkf.gdu.edu.az\/index.php?rest_route=%2Fwp%2Fv2%2Fcategories&post=5693"},{"taxonomy":"post_tag","embeddable":true,"href":"https:\/\/bkf.gdu.edu.az\/index.php?rest_route=%2Fwp%2Fv2%2Ftags&post=5693"}],"curies":[{"name":"wp","href":"https:\/\/api.w.org\/{rel}","templated":true}]}}