{"id":575,"date":"2016-04-13T19:15:05","date_gmt":"2016-04-13T17:15:05","guid":{"rendered":"http:\/\/bkf.gdu.edu.az\/?page_id=575"},"modified":"2024-01-30T12:40:13","modified_gmt":"2024-01-30T10:40:13","slug":"dosent-%c9%99v%c9%99zi-qasimova-f%c9%99rqan%c9%99-n%c9%99riman-qizi","status":"publish","type":"page","link":"https:\/\/bkf.gdu.edu.az\/?page_id=575","title":{"rendered":"DOSENT QASIMOVA F\u018fRQAN\u018f N\u018fR\u0130MAN QIZI"},"content":{"rendered":"<p><a href=\"http:\/\/bkf.gdu.edu.az\/wp-content\/uploads\/2016\/04\/a.e.f.d.-dos-\u0259v\u0259zi-F\u0259rqan\u0259-N\u0259riman-q\u0131z\u0131-Qas\u0131mova.jpg\"><img loading=\"lazy\" decoding=\"async\" class=\"wp-image-5298 alignleft\" src=\"http:\/\/bkf.gdu.edu.az\/wp-content\/uploads\/2024\/01\/ferqane.jpg\" alt=\"\" width=\"179\" height=\"250\" \/><\/a><\/p>\n<p style=\"text-align: justify;\">Q\u0131sa bioqrafik m\u0259lumat: Qas\u0131mova F\u0259rqan\u0259 N\u0259riman q\u0131z\u0131 1968-ci ilin iyul ay\u0131n\u0131n 10-da Sabirabad rayonunda anadan olub.<br \/>\nT\u0259hsili: 1986-c\u0131 ild\u0259 G\u0259nc\u0259 \u015f\u0259h\u0259ri 18 sayl\u0131 orta m\u0259kt\u0259bin onuncu sinfini bitirib.<br \/>\n1991-ci ild\u0259 H.Z\u0259rdabi ad\u0131na Kirovabad D\u00f6vl\u0259t Pedaqoji \u0130nstitutunun (indiki GDU) \u201cBiologiya v\u0259 k\u0259nd t\u0259s\u0259rr\u00fcfat\u0131 \u0259saslar\u0131\u201d fak\u00fclt\u0259sinin Biologiya ixtisas\u0131 \u00fczr\u0259 bakalavr pill\u0259sini bitirib.Elmi d\u0259r\u0259c\u0259si v\u0259 adlar\u0131: 2012-ci il yanvar 24-d\u0259 Torpaq\u015f\u00fcnasl\u0131q \u0130nstitutunda namiz\u0259dlik dissertasiyas\u0131n\u0131 m\u00fcdafi\u0259 edib.<br \/>\n03 iyul 2013-c\u00fc ild\u0259 aqrar elml\u0259r \u00fczr\u0259 f\u0259ls\u0259f\u0259 doktoru elmi d\u0259r\u0259c\u0259si al\u0131b.<br \/>\n10 mart 2017-ci il tarixind\u0259 dosent elmi ad\u0131 al\u0131b.\u018fm\u0259k f\u0259aliyy\u0259ti:<br \/>\n1991-2005- ci ill\u0259rd\u0259 ADAU-nin Bitki\u00e7ilik kafedras\u0131nda laborant,<br \/>\n2005-2007-ci ill\u0259rd\u0259 GDU-nun Ekologiya v\u0259 t\u0259bi\u0259ti m\u00fchafiz\u0259 kafedras\u0131nda laborant,<br \/>\n2007-2014-ci ill\u0259rd\u0259 ba\u015f m\u00fc\u0259llim,2014-c\u00fc ild\u0259n hal-haz\u0131rad\u0259k h\u0259min kafedrada dosent<\/p>\n<p>T\u0259ltifl\u0259ri: 3 t\u0259\u015f\u0259kk\u00fcr<br \/>\nT\u0259dqiqat sah\u0259si: T\u0259r\u0259v\u0259z bitkil\u0259rinin g\u00fcbr\u0259l\u0259nm\u0259si<br \/>\nElmi \u0259s\u0259rl\u0259ri: 1 d\u0259rs v\u0259saiti, 30 m\u0259qal\u0259, 1 metodik v\u0259sait, 12 proqram\u0131n m\u00fc\u0259llifidir.<br \/>\nBeyn\u0259lxalq v\u0259 respublika simpozium v\u0259 konfranslarda i\u015ftirak\u0131:<br \/>\nGDU-da t\u0259\u015fkil olunmu\u015f \u201cM\u00fcasir biologiya v\u0259 kimyan\u0131n aktual probleml\u0259ri\u201d adl\u0131 elmi-konfransda \u201cAz\u0259rbaycan\u0131n q\u0259rb b\u00f6lg\u0259sinin torpaq ekoloji \u015f\u0259raiti\u201d m\u00f6vzusunda m\u0259ruz\u0259 il\u0259 \u00e7\u0131x\u0131\u015f etmi\u015fdir.<\/p>\n<p>Dil bilgisi:<br \/>\nRus (orta)<br \/>\nT\u00fcrk (yax\u015f\u0131)<\/p>\n<p>Partiyal\u0131\u011f\u0131: YAP-\u0131n \u00fczv\u00fc<\/p>\n","protected":false},"excerpt":{"rendered":"<p>Q\u0131sa bioqrafik m\u0259lumat: Qas\u0131mova F\u0259rqan\u0259 N\u0259riman q\u0131z\u0131 1968-ci ilin iyul ay\u0131n\u0131n 10-da Sabirabad rayonunda anadan olub. T\u0259hsili: 1986-c\u0131 ild\u0259 G\u0259nc\u0259 \u015f\u0259h\u0259ri 18 sayl\u0131 orta m\u0259kt\u0259bin onuncu sinfini bitirib. 1991-ci ild\u0259 H.Z\u0259rdabi ad\u0131na Kirovabad D\u00f6vl\u0259t Pedaqoji \u0130nstitutunun (indiki GDU) \u201cBiologiya v\u0259 k\u0259nd t\u0259s\u0259rr\u00fcfat\u0131 \u0259saslar\u0131\u201d fak\u00fclt\u0259sinin Biologiya ixtisas\u0131 \u00fczr\u0259 bakalavr pill\u0259sini bitirib.Elmi d\u0259r\u0259c\u0259si v\u0259 adlar\u0131: 2012-ci il [&hellip;]<\/p>\n","protected":false},"author":3,"featured_media":5298,"parent":0,"menu_order":0,"comment_status":"closed","ping_status":"closed","template":"","meta":{"footnotes":""},"categories":[26],"tags":[],"_links":{"self":[{"href":"https:\/\/bkf.gdu.edu.az\/index.php?rest_route=\/wp\/v2\/pages\/575"}],"collection":[{"href":"https:\/\/bkf.gdu.edu.az\/index.php?rest_route=\/wp\/v2\/pages"}],"about":[{"href":"https:\/\/bkf.gdu.edu.az\/index.php?rest_route=\/wp\/v2\/types\/page"}],"author":[{"embeddable":true,"href":"https:\/\/bkf.gdu.edu.az\/index.php?rest_route=\/wp\/v2\/users\/3"}],"replies":[{"embeddable":true,"href":"https:\/\/bkf.gdu.edu.az\/index.php?rest_route=%2Fwp%2Fv2%2Fcomments&post=575"}],"version-history":[{"count":6,"href":"https:\/\/bkf.gdu.edu.az\/index.php?rest_route=\/wp\/v2\/pages\/575\/revisions"}],"predecessor-version":[{"id":5301,"href":"https:\/\/bkf.gdu.edu.az\/index.php?rest_route=\/wp\/v2\/pages\/575\/revisions\/5301"}],"wp:featuredmedia":[{"embeddable":true,"href":"https:\/\/bkf.gdu.edu.az\/index.php?rest_route=\/wp\/v2\/media\/5298"}],"wp:attachment":[{"href":"https:\/\/bkf.gdu.edu.az\/index.php?rest_route=%2Fwp%2Fv2%2Fmedia&parent=575"}],"wp:term":[{"taxonomy":"category","embeddable":true,"href":"https:\/\/bkf.gdu.edu.az\/index.php?rest_route=%2Fwp%2Fv2%2Fcategories&post=575"},{"taxonomy":"post_tag","embeddable":true,"href":"https:\/\/bkf.gdu.edu.az\/index.php?rest_route=%2Fwp%2Fv2%2Ftags&post=575"}],"curies":[{"name":"wp","href":"https:\/\/api.w.org\/{rel}","templated":true}]}}