{"id":583,"date":"2016-04-12T19:32:56","date_gmt":"2016-04-12T17:32:56","guid":{"rendered":"http:\/\/bkf.gdu.edu.az\/?page_id=583"},"modified":"2024-01-30T12:44:53","modified_gmt":"2024-01-30T10:44:53","slug":"bas-mu%c9%99llim-ibrahimova-sevda-ismayil-qizi","status":"publish","type":"page","link":"https:\/\/bkf.gdu.edu.az\/?page_id=583","title":{"rendered":"BA\u015e M\u00dc\u018fLL\u0130M \u0130BRAH\u0130MOVA SEVDA \u0130SMAYIL QIZI"},"content":{"rendered":"<p><img loading=\"lazy\" decoding=\"async\" class=\"size-full wp-image-5303 alignleft\" src=\"http:\/\/bkf.gdu.edu.az\/wp-content\/uploads\/2024\/01\/ibrah-sevda.jpg\" alt=\"\" width=\"237\" height=\"333\" \/><\/p>\n<p>Q\u0131sa bioqrafik m\u0259lumat:<br \/>\n\u0130brahimova Sevda \u0130smay\u0131l q\u0131z\u0131 1961-ci ilin noyabr ay\u0131n\u0131n 12-d\u0259 G\u0259nc\u0259 \u015f\u0259h\u0259rind\u0259 anadan olub.<br \/>\nT\u0259hsili: G\u0259nc\u0259 \u015f\u0259h\u0259ri 20 sayl\u0131 orta m\u0259kt\u0259bi bitirib.<br \/>\n1995-ci ild\u0259 H.Z\u0259rdabi ad\u0131na Kirovabad D\u00f6vl\u0259t Pedaqoji \u0130nstitutunun (indiki GDU) Kimya-biologiya fak\u00fclt\u0259sinin Biologiya ixtisas\u0131 \u00fczr\u0259 bakalavr pill\u0259sini bitirib.<\/p>\n<p>Elmi d\u0259r\u0259c\u0259si v\u0259 adlar\u0131:<br \/>\n2009-cu ild\u0259 AMEA-n\u0131n Botanika \u0130nstitutunda namiz\u0259dlik dissertasiyas\u0131n\u0131 m\u00fcdafi\u0259 edir.<\/p>\n<p>\u018fm\u0259k f\u0259aliyy\u0259ti:<br \/>\n1993-2004-c\u00fc il ill\u0259rd\u0259 G\u0259nc\u0259 \u015f\u0259h\u0259ri 19 sayl\u0131 orta m\u0259kt\u0259bd\u0259 biologiya m\u00fc\u0259llimi,<br \/>\n2004-2011-ci ill\u0259rd\u0259 G\u0259nc\u0259 D\u00f6vl\u0259t Universitetinin Ekologiya v\u0259 t\u0259bi\u0259ti m\u00fchafiz\u0259 kafedras\u0131nda m\u00fc\u0259llim,<br \/>\n2011-ci ild\u0259n hal-haz\u0131rad\u0259k ba\u015f m\u00fc\u0259llim v\u0259zif\u0259sind\u0259 \u00e7al\u0131\u015f\u0131r.<\/p>\n<p>T\u0259ltifl\u0259ri: T\u0259\u015f\u0259kk\u00fcr, F\u0259xri F\u0259rman<\/p>\n<p>T\u0259dqiqat sah\u0259si: G\u0259nc\u0259-Qazax b\u00f6lg\u0259sind\u0259 yovu\u015fan bitkisinin bioekoloji x\u00fcsusiyy\u0259tl\u0259rin t\u0259dqiqi<br \/>\nElmi \u0259s\u0259rl\u0259ri: 2 d\u0259rs v\u0259saiti, 20 m\u0259qal\u0259, 25 proqram\u0131n m\u00fc\u0259llifidir.<\/p>\n<p>Beyn\u0259lxalq v\u0259 respublika simpozium v\u0259 konfranslarda i\u015ftirak\u0131:<br \/>\n1. S.\u0130.\u0130brahimova, A.N.\u018fl\u0259sg\u0259rova, S.V.S\u0259rk\u0259rov Plant funqal Rserch \u201c Sesquiterpene laktones inthe aerial par of Artemisia maritima Published \u0130nstutiteof Botani , of Azerbaijan National Akademy of Sciences, L.\u0130SSN2617-8001 Volume 2 , 2018 \u21162, 2 s\u0259h.<br \/>\n2. S.\u0130.\u0130brahimova, A.N.\u018fl\u0259sg\u0259rova, S.V.S\u0259rk\u0259rov Artemisia maritima L. n\u00f6v\u00fcn\u00fcn bioloji f\u0259al madd\u0259l\u0259rinin t\u0259dqiqi Az\u0259rbaycanda mikoloji t\u0259dqiqatlar\u0131n ingi\u015faf\u0131nda akademik V.\u0130. Uiyani\u015fevin rolu. Sinpoziumun tezisl\u0259ri. Bak\u0131-25 dekabr, 2018. \u21162 S\u0259h 4<br \/>\n3. S.\u0130.\u0130brahimova , \u018fl\u0259sg\u0259rova \u018f.N. S\u0259rk\u0259rov S.V.Plant &amp; Funqal Reserch \u201c Sesquiterpene laktones inthe aerial par of Artemisia maritima National Acadeemy of Sciences , L.\u0130SSN2617-8001 Volume 2 Number Jule, 2019. \u21162 s\u0259h 3.<br \/>\n4. \u0421.\u0418.\u0418\u0431\u0440\u0430\u0433\u0438\u043c\u043e\u0432\u0430,\u0410.\u041d. \u0410\u043b\u0435\u0441\u043a\u0435\u0440\u043e\u0432\u0430\u0421. \u0412., \u0421\u0435\u0440\u043a\u0435\u0440\u043e\u0432\u0414.\u0422.,\u0421\u0430\u0434\u044b\u0440\u0431\u0435\u043a\u043e\u0432\u041e.\u0413.,\u0420\u044f\u0437\u0430\u043d\u0446\u0435\u0432\u0413.\u0410.\u0410\u0442\u0430\u0436\u0430\u043d\u043e\u0432\u0430 \u041a\u043e\u043c\u043f\u043e\u043d\u0435\u043d\u0442\u043d\u044b\u0439 \u0441\u043e\u0441\u0442\u0430\u0432 \u044d\u0444\u0438\u0440\u043d\u043e\u0433\u043e \u043c\u0430\u0441\u043b\u0430 Artemisia \u0130sayevi Rzazade \u00ab\u0418\u043d\u0441\u0442\u0438\u0442\u0443\u0442 \u0432\u043e\u0442\u0430\u043d\u0438\u043a\u0438 \u041d\u0410\u041d A\u0437\u0435\u0440b\u0430\u0439\u0434\u0436\u0430\u043d\u0430 \u041c\u0435\u0436\u0434\u0443\u043d\u0430\u0440\u043e\u0434\u043d\u043e\u0439 \u043d\u0430\u0443\u0447\u043d\u043e \u2013\u043f\u0440\u043e\u0438\u0437\u0432\u043e\u0434\u0441\u0442\u0432\u0435\u043d\u043d\u044b\u0439 \u0445\u043e\u043b\u0434\u0438\u043d\u0433 \u00ab \u0424\u0438\u0442\u043e\u0445\u0438\u043c\u0438\u044f \u2013\u041a\u0430\u0440\u0430\u043a\u0430\u043d\u0434\u04302012, \u0421\u0442-142-144<br \/>\n5. \u0421.\u0418.\u0418\u0431\u0440\u0430\u0433\u0438\u043c\u043e\u0432\u0430,\u0421\u0435\u0440\u043a\u0435\u0440\u043e\u0432 \u0421.\u0412, \u0410\u043b\u0435\u0441\u043a\u0435\u0440\u043e\u0432\u0430 \u0410.\u041d, \u0414\u0436\u0430\u043d\u0433\u0438\u0440\u043e\u0432\u0430 \u0418.\u0420\u0421\u0442\u0435\u0440\u043e\u0438\u0434\u044b \u0410rtemisia abrotanum L. \u041c\u0430\u0442\u0435\u0440\u0438\u0430\u043b\u044b X M\u0435\u0436\u0434\u0443\u043d\u0430-\u0440\u043e\u0434\u043d\u043e\u0439 \u043d\u0430\u0443\u0447\u043d\u043e\u043c\u0435\u0442\u043e\u0434\u0438-\u0447\u0435\u0441\u043a\u043e\u0439\u043a\u043e\u043d\u0444\u0435\u0440\u0435\u043d\u0446\u0438\u0438 \u201c\u0438\u043d\u0442\u0440\u043e-\u0434\u0443\u043a\u0446\u0438\u044f\u043d\u0435\u0442\u0440\u0430\u0434\u0438\u0446\u043e\u043d\u043d\u044b\u0445 \u0438 \u0440\u0435\u0434\u043a\u0438\u0445 \u0440\u0430\u0441\u0442\u0435\u043d\u0438\u0439\u201d 2012\u0423\u043b\u044f\u043d\u043e\u0432\u0441\u043a\u0421\u0442308-311<br \/>\n6. \u0421.\u0418.\u0418\u0431\u0440\u0430\u0433\u0438\u043c\u043e\u0432\u0430, \u0421. \u0412. \u0421\u0435\u0440\u043a\u0435\u0440\u043e\u0432\u041d\u043e\u0432\u043e\u0435 \u0441\u0442\u0435\u0440\u043e\u0438\u0434\u043d\u043e\u0435 \u0441\u043e\u0435\u0434\u0438\u043d\u0435\u043d\u0438\u0435 \u0438\u0437 Artemisia abrotanum\u0425\u0438\u043c.\u041f\u0440\u0438\u0440.\u0421\u043e\u0435\u0434. \u21163, \u0441\u0442\u0440. 343-508. \u0422\u0430\u0448\u043a\u0435\u043d\u0442, 2014.<br \/>\n7. \u0421.\u0418.\u0418\u0431\u0440\u0430\u0433\u0438\u043c\u043e\u0432\u0430 ,\u0410\u043b\u0435\u0441\u043a\u0435\u0440\u043e\u0432\u0430 \u0410. \u041d., \u0421\u0435\u0440\u043a\u0435\u0440\u043e\u0432 \u0421.\u0412. \u0410\u043b\u0438\u0439\u0435\u0432 \u041c.\u0418, \u0420\u0443\u0441\u0442\u0430\u043c\u043e\u0432\u0430 \u041b.\u0418\u041a\u043e\u043c\u043f\u043e\u043d\u0435\u043d\u0442\u043d\u044b\u0439 \u0441\u043e\u0441\u0442\u0430\u0432 \u0438 \u0424\u0443\u043c\u0438\u0433\u0430\u043d\u0442\u043d\u044b\u0439 \u0430\u043a\u0442\u0438\u0432\u043d\u043e\u0441\u0442\u044c \u0435\u0444\u0438\u0440\u043d\u044b\u0445 \u043c\u0430\u0441\u0435\u043b \u0432\u0438\u0434\u043e\u0432 \u0440\u043e\u0434\u0430 Artemisia L.\u0425\u0438\u043c\u0438\u044f \u0440\u0430\u0441\u0442\u0438\u0442\u0435\u043b\u043d\u043e\u0433\u043e \u0441\u044b\u0440\u044c\u044f \u0433.\u0412\u0430\u0440\u043d\u0430\u0443\u043b 2017, \u21161, \u0421\u0442.5.<br \/>\n8. \u0421.\u0418.\u0418\u0431\u0440\u0430\u0433\u0438\u043c\u043e\u0432\u0430, \u0410\u043b\u0435\u0441\u043a\u0435\u0440\u043e\u0432\u0430 \u0410.\u041d, \u0410\u0441\u0430\u0434\u043e\u0432\u0430 \u0410.\u0418, \u0420\u0443\u0441\u0442\u0430\u043c\u043e\u0432\u0430 \u041b.\u0418 \u0418\u0441\u0441\u043b\u0435\u0434\u043e\u0432\u0430\u043d\u0438\u0435 \u0411\u0438\u043e\u043b\u043e\u0433\u0438\u0447\u0435\u0441\u043a\u0438\u0445 \u043e\u0441\u043eb\u0435\u043d\u043d\u043e\u0441\u0442\u0435\u0439 ,\u0415\u0444\u0438\u0440\u043d\u043e\u043c\u0430\u0441\u043b\u0438\u0447\u043d\u043e\u0441\u0442\u0438 \u0438 \u0410\u043d\u0442\u0438\u0432\u0438\u0440\u0443\u0441\u043d\u043e\u0439 \u0410\u043a\u0442\u0438\u0432\u043d\u043e\u0441\u0442\u0438 ARTEMISIA FRAGRANS WILLD \u0413\u0418\u0413\u0418\u0415\u041d\u0410 ,\u0415\u0420\u0418\u0414\u0415\u041c\u0418\u041e\u041b\u041e\u0413\u0418\u042f \u0410\u043b\u043c\u0430\u0442\u044b-2015 \u21164, \u0441\u0442\u0440. 6<br \/>\n9. \u0421.\u0418.\u0418\u0431\u0440\u0430\u0433\u0438\u043c\u043e\u0432\u0430, \u0421. \u0412. \u0421\u0435\u0440\u043a\u0435\u0440\u043e\u0432\u041d\u041e\u0412\u041e\u0415 \u0421\u0422\u0420\u041e\u0418\u0414\u041d\u041e\u0415\u0421\u041e\u0415\u0414\u0418\u041d\u0415\u041d\u0418\u0415 \u0418\u0417 ARTEM\u0130S\u0130A abrotanium\u0425\u0438\u043c.\u041f\u0440\u0438\u0440.\u0421\u043e\u0435\u0434. \u21163, \u0441\u0442\u0440. 343-508. \u0422\u0430\u0448\u043a\u0435\u043d\u0442 2015<br \/>\n10. \u0421.\u0418.\u0418\u0431\u0440\u0430\u0433\u0438\u043c\u043e\u0432\u0430,\u0410.\u041d.\u0410\u043b\u0435\u0441\u043a\u0435\u0440\u043e\u0432\u0430,\u041d.\u041d.\u0410\u043b\u0438\u0435\u0432,,\u041d.\u0418.\u0410\u043b\u0438\u0435\u0432,\u041c.\u0418.\u0420\u0443\u0441\u0442\u0430\u043c\u043e\u0432\u0430,\u0428.\u0424.\u0410\u0441\u0432\u0430\u0440\u0433\u0438\u0430\u043d\u0424.\u0410.\u0420\u0430\u0441\u0443\u043b\u043e\u0432\u041a\u043e\u043c\u043f\u043e\u043d\u0435\u043d\u0442\u043d\u044b\u0439 \u0441\u043e\u0441\u0442\u0430\u0432 \u0438 \u0444\u0443\u043c\u0438\u0433\u0430\u043d\u0442\u043d\u0430\u044f \u0430\u043a\u0442\u0438\u0432\u043d\u043e\u0441\u0442\u044c \u043c\u0430\u0441\u0435\u043b \u0432\u0438\u0434\u043e\u0432\u0440\u043e\u0434\u0430ARTEM\u0130S\u0130A L,\u0425\u0438\u043c\u0438\u044f \u0440\u0430\u0441\u0442\u0438\u0442\u0435\u043b\u044c\u043d\u043e\u0433\u043e \u0441\u044b\u0440\u044c\u044f.\u0418\u0437\u0434\u0430\u0442\u0435\u043b\u044c\u0441\u0442\u0432\u043e \u0410\u043b\u0442\u0430\u0439\u0441\u043a\u043e\u0433\u043e \u0433\u043e\u0441\u0443\u0434\u0430\u0440\u0441\u0442\u0432\u0435\u043d\u043d\u043e\u0433\u043e \u0443\u043d\u0438\u0432\u0435\u0440\u0441\u0438\u0442\u0435\u0442\u0430\u0411a\u0440\u043d\u0430\u0443\u043b, 2017, \u21162, \u0441\u0442\u0440. 5<br \/>\nDil bilgisi:<br \/>\nRus (yax\u015f\u0131)<br \/>\nT\u00fcrk (yax\u015f\u0131)<br \/>\nFrans\u0131z(orta)<\/p>\n<p>Partiyal\u0131\u011f\u0131: YAP<\/p>\n","protected":false},"excerpt":{"rendered":"<p>Q\u0131sa bioqrafik m\u0259lumat: \u0130brahimova Sevda \u0130smay\u0131l q\u0131z\u0131 1961-ci ilin noyabr ay\u0131n\u0131n 12-d\u0259 G\u0259nc\u0259 \u015f\u0259h\u0259rind\u0259 anadan olub. T\u0259hsili: G\u0259nc\u0259 \u015f\u0259h\u0259ri 20 sayl\u0131 orta m\u0259kt\u0259bi bitirib. 1995-ci ild\u0259 H.Z\u0259rdabi ad\u0131na Kirovabad D\u00f6vl\u0259t Pedaqoji \u0130nstitutunun (indiki GDU) Kimya-biologiya fak\u00fclt\u0259sinin Biologiya ixtisas\u0131 \u00fczr\u0259 bakalavr pill\u0259sini bitirib. Elmi d\u0259r\u0259c\u0259si v\u0259 adlar\u0131: 2009-cu ild\u0259 AMEA-n\u0131n Botanika \u0130nstitutunda namiz\u0259dlik dissertasiyas\u0131n\u0131 m\u00fcdafi\u0259 edir. [&hellip;]<\/p>\n","protected":false},"author":3,"featured_media":5303,"parent":0,"menu_order":0,"comment_status":"closed","ping_status":"closed","template":"","meta":{"footnotes":""},"categories":[26],"tags":[],"_links":{"self":[{"href":"https:\/\/bkf.gdu.edu.az\/index.php?rest_route=\/wp\/v2\/pages\/583"}],"collection":[{"href":"https:\/\/bkf.gdu.edu.az\/index.php?rest_route=\/wp\/v2\/pages"}],"about":[{"href":"https:\/\/bkf.gdu.edu.az\/index.php?rest_route=\/wp\/v2\/types\/page"}],"author":[{"embeddable":true,"href":"https:\/\/bkf.gdu.edu.az\/index.php?rest_route=\/wp\/v2\/users\/3"}],"replies":[{"embeddable":true,"href":"https:\/\/bkf.gdu.edu.az\/index.php?rest_route=%2Fwp%2Fv2%2Fcomments&post=583"}],"version-history":[{"count":3,"href":"https:\/\/bkf.gdu.edu.az\/index.php?rest_route=\/wp\/v2\/pages\/583\/revisions"}],"predecessor-version":[{"id":5305,"href":"https:\/\/bkf.gdu.edu.az\/index.php?rest_route=\/wp\/v2\/pages\/583\/revisions\/5305"}],"wp:featuredmedia":[{"embeddable":true,"href":"https:\/\/bkf.gdu.edu.az\/index.php?rest_route=\/wp\/v2\/media\/5303"}],"wp:attachment":[{"href":"https:\/\/bkf.gdu.edu.az\/index.php?rest_route=%2Fwp%2Fv2%2Fmedia&parent=583"}],"wp:term":[{"taxonomy":"category","embeddable":true,"href":"https:\/\/bkf.gdu.edu.az\/index.php?rest_route=%2Fwp%2Fv2%2Fcategories&post=583"},{"taxonomy":"post_tag","embeddable":true,"href":"https:\/\/bkf.gdu.edu.az\/index.php?rest_route=%2Fwp%2Fv2%2Ftags&post=583"}],"curies":[{"name":"wp","href":"https:\/\/api.w.org\/{rel}","templated":true}]}}