{"id":585,"date":"2016-04-12T17:46:59","date_gmt":"2016-04-12T15:46:59","guid":{"rendered":"http:\/\/bkf.gdu.edu.az\/?page_id=585"},"modified":"2024-01-30T13:02:12","modified_gmt":"2024-01-30T11:02:12","slug":"bas-mu%c9%99llim-qasimova-gult%c9%99kin-qasim-qizi","status":"publish","type":"page","link":"https:\/\/bkf.gdu.edu.az\/?page_id=585","title":{"rendered":"Dosent (attestats\u0131z) QASIMOVA G\u00dcLT\u018fK\u0130N QASIM QIZI"},"content":{"rendered":"<p><a href=\"http:\/\/bkf.gdu.edu.az\/wp-content\/uploads\/2016\/04\/b.\u00fc.f.d.-ba\u015f-m\u00fc\u0259llim-G\u00fclt\u0259kin-Qas\u0131m-q\u0131z\u0131-Qas\u0131mova.jpg\"><img loading=\"lazy\" decoding=\"async\" class=\" wp-image-586 alignleft\" src=\"http:\/\/bkf.gdu.edu.az\/wp-content\/uploads\/2016\/04\/b.\u00fc.f.d.-ba\u015f-m\u00fc\u0259llim-G\u00fclt\u0259kin-Qas\u0131m-q\u0131z\u0131-Qas\u0131mova-240x300.jpg\" alt=\"b.\u00fc.f.d., ba\u015f m\u00fc\u0259llim G\u00fclt\u0259kin Qas\u0131m q\u0131z\u0131 Qas\u0131mova\" width=\"350\" height=\"438\" srcset=\"https:\/\/bkf.gdu.edu.az\/wp-content\/uploads\/2016\/04\/b.\u00fc.f.d.-ba\u015f-m\u00fc\u0259llim-G\u00fclt\u0259kin-Qas\u0131m-q\u0131z\u0131-Qas\u0131mova-240x300.jpg 240w, https:\/\/bkf.gdu.edu.az\/wp-content\/uploads\/2016\/04\/b.\u00fc.f.d.-ba\u015f-m\u00fc\u0259llim-G\u00fclt\u0259kin-Qas\u0131m-q\u0131z\u0131-Qas\u0131mova.jpg 250w\" sizes=\"(max-width: 350px) 100vw, 350px\" \/><\/a><\/p>\n<p>Q\u0131sa bioqrafik m\u0259lumat: Qas\u0131mova G\u00fclt\u0259kin Qas\u0131m q\u0131z\u0131 1978-ci ild\u0259 G\u0259nc\u0259 \u015f\u0259h\u0259rind\u0259 ziyal\u0131 ail\u0259sind\u0259 anadan olub.<br \/>\nT\u0259hsili: 1995-ci ild\u0259 1 sayl\u0131 orta m\u0259kt\u0259bi bitirib.<br \/>\n2001-ci ild\u0259 Az\u0259rbaycan K\u0259nd T\u0259s\u0259rr\u00fcfat\u0131 Akademiyas\u0131n\u0131n (indiki ADAU) Zoom\u00fch\u0259ndislik fak\u00fclt\u0259sinin Zoom\u00fch\u0259ndislik ixtisas\u0131n\u0131n bakalavr,<br \/>\n2003-c\u00fc ild\u0259 Az\u0259rbaycan K\u0259nd T\u0259s\u0259rr\u00fcfat\u0131 Akademiyas\u0131n\u0131n Aqronomluq v\u0259 Zoobaytarl\u0131q fak\u00fclt\u0259sinin Zoom\u00fch\u0259ndislik ixtisas\u0131 \u00fczr\u0259 magistratura pill\u0259sini \u201cF\u0259rql\u0259nm\u0259\u201d diplomu il\u0259 bitirib.<br \/>\nElmi d\u0259r\u0259c\u0259si v\u0259 adlar\u0131: 2014-c\u00fc ild\u0259 \u201cHeracleum pastinacifolium C. Koch v\u0259 Peucedanum ruthenicum Bieb. (Apiaceae) n\u00f6vl\u0259rinin kumarin t\u00f6r\u0259m\u0259l\u0259rinin t\u0259dqiqi\u201d m\u00f6vzusunda dissertasiya i\u015fini m\u00fcdafi\u0259 edib.<br \/>\n2015-ci ild\u0259 Biologiya \u00fczr\u0259 f\u0259ls\u0259f\u0259 doktoru elmi d\u0259r\u0259c\u0259si al\u0131b.<br \/>\n\u018fm\u0259k F\u0259aliyy\u0259ti: 2005-2010-cu ill\u0259rd\u0259 G\u0259nc\u0259 D\u00f6vl\u0259t Universitetinin Ekologiya v\u0259 t\u0259bi\u0259ti m\u00fchafiz\u0259 kafedras\u0131nda m\u00fc\u0259llim,<br \/>\n2010-2019-cu ill\u0259rd\u0259 ba\u015f m\u00fc\u0259llim,<br \/>\n2019-cu ild\u0259n hal-haz\u0131rad\u0259k h\u0259min kafedrada dosent (attestats\u0131z) v\u0259zif\u0259sind\u0259 \u00e7al\u0131\u015f\u0131r.<br \/>\nT\u0259ltifl\u0259ri: T\u0259\u015f\u0259kk\u00fcrnam\u0259<\/p>\n<p>T\u0259dqiqat sah\u0259si: Az\u0259rbaycan floras\u0131nda yay\u0131lm\u0131\u015f Apiaceae f\u0259sil\u0259si n\u00f6vl\u0259rinin bioloji f\u0259al madd\u0259l\u0259rin t\u0259dqiqi.<br \/>\nElmi \u0259s\u0259rl\u0259ri: 75-d\u0259n \u00e7ox elmi \u0259s\u0259rl\u0259rin m\u00fc\u0259llifidir, o c\u00fcml\u0259d\u0259n d\u00f6vri elmi n\u0259\u015frl\u0259rin daxil oldu\u011fu Beyn\u0259lxalq x\u00fclas\u0259l\u0259ndirm\u0259 v\u0259 indeksl\u0259m\u0259 sisteml\u0259ri bazalar\u0131na daxil olan 9, dig\u0259r beyn\u0259lxalq resenziyal\u0131 jurnallarda 46, 1 patent, 20 f\u0259nn proqram\u0131, 1 d\u0259rslik v\u0259 1 d\u0259rs v\u0259saitinin m\u00fc\u0259llifidir.<\/p>\n<p>Beyn\u0259lxalq v\u0259 respublika simpozium v\u0259 konfranslarda i\u015ftirak\u0131: \u201cAchievements and prospects for the development of phytochemistry\u201d Beyn\u0259lxalq elmi konfrans (Karaganda,Kazakhstan 2015), \u201c11th \u0130nternational Symposium on the Chemistry of Natural Compounds\u201d Beyn\u0259lxalq Simpozium (SCNC, Antalya, Turkey 2016), \u201cKoordinasion birl\u0259\u015fm\u0259l\u0259r kimyas\u0131: Analitik kimyan\u0131n aktual probleml\u0259ri\u201d m\u00f6vzusunda Akademik R\u0259fiq\u0259 \u018flirza q\u0131z\u0131 \u018fliyevan\u0131n 85 illik yubileyin\u0259 h\u0259sr olunmu\u015f Beyn\u0259lxalq elmi konfrans (Bak\u0131 2017), \u201c12th \u0130nternational Symposium on the Chemistry of Natural Compounds.\u201d Beyn\u0259lxalq Simpozium (Tashkent, Uzbekistan 2017), \u00ab\u041b\u0435\u043a\u0430\u0440\u0441\u0442\u0432\u0430-\u0447\u0435\u043b\u043e\u0432\u0435\u043a\u0443. \u0421\u043e\u0432\u0440\u0435\u043c\u0435\u043d\u043d\u044b\u0435 \u043f\u0440\u043e\u0431\u043b\u0435\u043c\u044b \u0444\u0430\u0440\u043c\u0430\u043a\u043e\u0442\u0435\u0440\u0430\u043f\u0438\u0438 \u0438 \u043d\u0430\u0437\u043d\u0430\u0447\u0435\u043d\u0438\u044f \u043b\u0435\u043a\u0430\u0440\u0441\u0442\u0432\u0435\u043d\u043d\u044b\u0445 \u0441\u0440\u0435\u0434\u0441\u0442\u0432\u0430\u00bb Beyn\u0259lxalq elmi konfrans (\u0423\u043a\u0440\u0430\u0438\u043d\u0430, \u0425\u0430\u0440\u044c\u043a\u043e\u0432 2018), \u0130nnovations in Biology and Agriculture to Solve Global Challenges\u201d Dedicated to the 90th Anniversary of Academician Jalal A. Aliyev., adl\u0131 elmi konfrans (Baku, Azerbaijan 2018), \u201cM\u00fcasir t\u0259bi\u0259t v\u0259 iqtisad elml\u0259rinin aktual probleml\u0259ri\u201d m\u00f6vzusunda Beyn\u0259lxalq elmi konfrans (G\u0259nc\u0259 2022) v\u0259 s.<br \/>\nDil bilgisi:<br \/>\nRus, T\u00fcrk, \u0130ngilis<br \/>\nPartiyal\u0131\u011f\u0131: YAP<\/p>\n","protected":false},"excerpt":{"rendered":"<p>Q\u0131sa bioqrafik m\u0259lumat: Qas\u0131mova G\u00fclt\u0259kin Qas\u0131m q\u0131z\u0131 1978-ci ild\u0259 G\u0259nc\u0259 \u015f\u0259h\u0259rind\u0259 ziyal\u0131 ail\u0259sind\u0259 anadan olub. T\u0259hsili: 1995-ci ild\u0259 1 sayl\u0131 orta m\u0259kt\u0259bi bitirib. 2001-ci ild\u0259 Az\u0259rbaycan K\u0259nd T\u0259s\u0259rr\u00fcfat\u0131 Akademiyas\u0131n\u0131n (indiki ADAU) Zoom\u00fch\u0259ndislik fak\u00fclt\u0259sinin Zoom\u00fch\u0259ndislik ixtisas\u0131n\u0131n bakalavr, 2003-c\u00fc ild\u0259 Az\u0259rbaycan K\u0259nd T\u0259s\u0259rr\u00fcfat\u0131 Akademiyas\u0131n\u0131n Aqronomluq v\u0259 Zoobaytarl\u0131q fak\u00fclt\u0259sinin Zoom\u00fch\u0259ndislik ixtisas\u0131 \u00fczr\u0259 magistratura pill\u0259sini \u201cF\u0259rql\u0259nm\u0259\u201d diplomu il\u0259 bitirib. [&hellip;]<\/p>\n","protected":false},"author":3,"featured_media":586,"parent":0,"menu_order":0,"comment_status":"closed","ping_status":"closed","template":"","meta":{"footnotes":""},"categories":[26],"tags":[],"_links":{"self":[{"href":"https:\/\/bkf.gdu.edu.az\/index.php?rest_route=\/wp\/v2\/pages\/585"}],"collection":[{"href":"https:\/\/bkf.gdu.edu.az\/index.php?rest_route=\/wp\/v2\/pages"}],"about":[{"href":"https:\/\/bkf.gdu.edu.az\/index.php?rest_route=\/wp\/v2\/types\/page"}],"author":[{"embeddable":true,"href":"https:\/\/bkf.gdu.edu.az\/index.php?rest_route=\/wp\/v2\/users\/3"}],"replies":[{"embeddable":true,"href":"https:\/\/bkf.gdu.edu.az\/index.php?rest_route=%2Fwp%2Fv2%2Fcomments&post=585"}],"version-history":[{"count":4,"href":"https:\/\/bkf.gdu.edu.az\/index.php?rest_route=\/wp\/v2\/pages\/585\/revisions"}],"predecessor-version":[{"id":5315,"href":"https:\/\/bkf.gdu.edu.az\/index.php?rest_route=\/wp\/v2\/pages\/585\/revisions\/5315"}],"wp:featuredmedia":[{"embeddable":true,"href":"https:\/\/bkf.gdu.edu.az\/index.php?rest_route=\/wp\/v2\/media\/586"}],"wp:attachment":[{"href":"https:\/\/bkf.gdu.edu.az\/index.php?rest_route=%2Fwp%2Fv2%2Fmedia&parent=585"}],"wp:term":[{"taxonomy":"category","embeddable":true,"href":"https:\/\/bkf.gdu.edu.az\/index.php?rest_route=%2Fwp%2Fv2%2Fcategories&post=585"},{"taxonomy":"post_tag","embeddable":true,"href":"https:\/\/bkf.gdu.edu.az\/index.php?rest_route=%2Fwp%2Fv2%2Ftags&post=585"}],"curies":[{"name":"wp","href":"https:\/\/api.w.org\/{rel}","templated":true}]}}