{"id":589,"date":"2016-04-12T17:06:52","date_gmt":"2016-04-12T15:06:52","guid":{"rendered":"http:\/\/bkf.gdu.edu.az\/?page_id=589"},"modified":"2024-01-30T13:17:21","modified_gmt":"2024-01-30T11:17:21","slug":"589-2","status":"publish","type":"page","link":"https:\/\/bkf.gdu.edu.az\/?page_id=589","title":{"rendered":"BA\u015e M\u00dc\u018fLL\u0130M \u0130SMAYILZAD\u018f NAT\u0130Q\u018f NAM\u0130Q QIZI"},"content":{"rendered":"<p><a href=\"http:\/\/bkf.gdu.edu.az\/wp-content\/uploads\/2016\/04\/ba\u015f-m\u00fc\u0259llim-Natiq\u0259-Namik-q\u0131z\u0131-\u0130smay\u0131lzad\u0259.jpg\"><img loading=\"lazy\" decoding=\"async\" class=\" wp-image-590 alignleft\" src=\"http:\/\/bkf.gdu.edu.az\/wp-content\/uploads\/2016\/04\/ba\u015f-m\u00fc\u0259llim-Natiq\u0259-Namik-q\u0131z\u0131-\u0130smay\u0131lzad\u0259-240x300.jpg\" alt=\"ba\u015f m\u00fc\u0259llim Natiq\u0259 Namik q\u0131z\u0131 \u0130smay\u0131lzad\u0259\" width=\"351\" height=\"439\" srcset=\"https:\/\/bkf.gdu.edu.az\/wp-content\/uploads\/2016\/04\/ba\u015f-m\u00fc\u0259llim-Natiq\u0259-Namik-q\u0131z\u0131-\u0130smay\u0131lzad\u0259-240x300.jpg 240w, https:\/\/bkf.gdu.edu.az\/wp-content\/uploads\/2016\/04\/ba\u015f-m\u00fc\u0259llim-Natiq\u0259-Namik-q\u0131z\u0131-\u0130smay\u0131lzad\u0259.jpg 250w\" sizes=\"(max-width: 351px) 100vw, 351px\" \/><\/a><\/p>\n<p>Q\u0131sa bioqrafik m\u0259lumat:<br \/>\n\u0130smay\u0131lzad\u0259 Natiq\u0259 Namiq q\u0131z\u0131, 1979-cu il oktyabr ay\u0131n\u0131n 16-da G\u0259nc\u0259 \u015f\u0259h\u0259rind\u0259 ziyal\u0131 ail\u0259sind\u0259 anadan olub.<\/p>\n<p>T\u0259hsili: 1997-ci ild\u0259 G\u0259nc\u0259 \u015f\u0259h\u0259ri 4 sayl\u0131 orta m\u0259kt\u0259bi bitirib.<br \/>\n2001- ci ild\u0259 Az\u0259rbaycan K\u0259nd T\u0259s\u0259rr\u00fcfat\u0131 Akademiyas\u0131n\u0131n (indiki Az\u0259rbaycan D\u00f6vl\u0259t Aqrar Universiteti) Agronomluq fak\u00fclt\u0259sini f\u0259rql\u0259nm\u0259 diplomu il\u0259 bitirib.<br \/>\n2001 &#8211; 2003 \u2013 c\u00fc il\u0259 q\u0259d\u0259r Az\u0259rbaycan K\u0259nd T\u0259s\u0259rr\u00fcfat\u0131 Akademiyas\u0131n\u0131n (indiki Az\u0259rbaycan D\u00f6vl\u0259t Aqrar Universiteti) \u201cBitki\u00e7ilik\u201d ixtisas\u0131nda magistraturan\u0131 f\u0259rql\u0259nm\u0259 diplomu il\u0259 bitirib.<\/p>\n<p>Elmi d\u0259r\u0259c\u0259si: 2018-ci ild\u0259 \u201cG\u0259nc\u0259-Qazax b\u00f6lg\u0259sind\u0259 texnogen \u00e7irkl\u0259nm\u0259 \u015f\u0259raitind\u0259 davaml\u0131 bitkil\u0259rin bioekoloji x\u00fcsusiyy\u0259tl\u0259ri\u201d m\u00f6vzusunda namiz\u0259dlik dissertasiyas\u0131 m\u00fcdafi\u0259 ed\u0259r\u0259k, biologiya \u00fczr\u0259 f\u0259ls\u0259f\u0259 doktoru ad\u0131 al\u0131b.<\/p>\n<p>\u018fm\u0259k f\u0259aliyy\u0259ti: 2004-2009-cu ill\u0259rd\u0259 G\u0259nc\u0259 D\u00f6vl\u0259t Universitetinin Ekologiya v\u0259 t\u0259bi\u0259ti m\u00fchafiz\u0259 kafedras\u0131nda m\u00fc\u0259llim,<br \/>\n2009-cu ild\u0259n hal-haz\u0131rad\u0259k is\u0259 h\u0259min kafedrada ba\u015f m\u00fc\u0259llim v\u0259zif\u0259sind\u0259 \u00e7al\u0131\u015f\u0131r.<\/p>\n<p>T\u0259ltifl\u0259ri: \u00fc\u00e7 sertifikat<br \/>\nT\u0259dqiqat sah\u0259si: Ekologiya, torpaq\u015f\u00fcnasl\u0131q<br \/>\nElmi \u0259s\u0259rl\u0259ri: 30 yax\u0131n elmi \u0259s\u0259rin m\u00fc\u0259llifidir<br \/>\nBeyn\u0259lxalq v\u0259 respublika simpozium v\u0259 konfranslarda i\u015ftirak\u0131:<br \/>\nBir Beyn\u0259lxalq simpoziumda i\u015ftirak edib<\/p>\n<p>Dil bilgisi:<br \/>\nRus (\u0259la)<br \/>\n\u0130ngilis (yax\u015f\u0131)<br \/>\nT\u00fcrk (\u0259la)<\/p>\n<p>Partiyal\u0131\u011f\u0131: YAP<\/p>\n","protected":false},"excerpt":{"rendered":"<p>Q\u0131sa bioqrafik m\u0259lumat: \u0130smay\u0131lzad\u0259 Natiq\u0259 Namiq q\u0131z\u0131, 1979-cu il oktyabr ay\u0131n\u0131n 16-da G\u0259nc\u0259 \u015f\u0259h\u0259rind\u0259 ziyal\u0131 ail\u0259sind\u0259 anadan olub. T\u0259hsili: 1997-ci ild\u0259 G\u0259nc\u0259 \u015f\u0259h\u0259ri 4 sayl\u0131 orta m\u0259kt\u0259bi bitirib. 2001- ci ild\u0259 Az\u0259rbaycan K\u0259nd T\u0259s\u0259rr\u00fcfat\u0131 Akademiyas\u0131n\u0131n (indiki Az\u0259rbaycan D\u00f6vl\u0259t Aqrar Universiteti) Agronomluq fak\u00fclt\u0259sini f\u0259rql\u0259nm\u0259 diplomu il\u0259 bitirib. 2001 &#8211; 2003 \u2013 c\u00fc il\u0259 q\u0259d\u0259r Az\u0259rbaycan K\u0259nd [&hellip;]<\/p>\n","protected":false},"author":3,"featured_media":590,"parent":0,"menu_order":0,"comment_status":"closed","ping_status":"closed","template":"","meta":{"footnotes":""},"categories":[26],"tags":[],"_links":{"self":[{"href":"https:\/\/bkf.gdu.edu.az\/index.php?rest_route=\/wp\/v2\/pages\/589"}],"collection":[{"href":"https:\/\/bkf.gdu.edu.az\/index.php?rest_route=\/wp\/v2\/pages"}],"about":[{"href":"https:\/\/bkf.gdu.edu.az\/index.php?rest_route=\/wp\/v2\/types\/page"}],"author":[{"embeddable":true,"href":"https:\/\/bkf.gdu.edu.az\/index.php?rest_route=\/wp\/v2\/users\/3"}],"replies":[{"embeddable":true,"href":"https:\/\/bkf.gdu.edu.az\/index.php?rest_route=%2Fwp%2Fv2%2Fcomments&post=589"}],"version-history":[{"count":4,"href":"https:\/\/bkf.gdu.edu.az\/index.php?rest_route=\/wp\/v2\/pages\/589\/revisions"}],"predecessor-version":[{"id":5323,"href":"https:\/\/bkf.gdu.edu.az\/index.php?rest_route=\/wp\/v2\/pages\/589\/revisions\/5323"}],"wp:featuredmedia":[{"embeddable":true,"href":"https:\/\/bkf.gdu.edu.az\/index.php?rest_route=\/wp\/v2\/media\/590"}],"wp:attachment":[{"href":"https:\/\/bkf.gdu.edu.az\/index.php?rest_route=%2Fwp%2Fv2%2Fmedia&parent=589"}],"wp:term":[{"taxonomy":"category","embeddable":true,"href":"https:\/\/bkf.gdu.edu.az\/index.php?rest_route=%2Fwp%2Fv2%2Fcategories&post=589"},{"taxonomy":"post_tag","embeddable":true,"href":"https:\/\/bkf.gdu.edu.az\/index.php?rest_route=%2Fwp%2Fv2%2Ftags&post=589"}],"curies":[{"name":"wp","href":"https:\/\/api.w.org\/{rel}","templated":true}]}}