{"id":593,"date":"2016-04-12T16:20:12","date_gmt":"2016-04-12T14:20:12","guid":{"rendered":"http:\/\/bkf.gdu.edu.az\/?page_id=593"},"modified":"2024-01-30T13:08:33","modified_gmt":"2024-01-30T11:08:33","slug":"bas-mu%c9%99llim-%c9%99l%c9%99kb%c9%99rova-zabit%c9%99-%c9%99v%c9%99z-qizi","status":"publish","type":"page","link":"https:\/\/bkf.gdu.edu.az\/?page_id=593","title":{"rendered":"DOSENT \u018fL\u018fKB\u018fROVA ZAB\u0130T\u018f \u018fV\u018fZ QIZI"},"content":{"rendered":"<p><a href=\"http:\/\/bkf.gdu.edu.az\/wp-content\/uploads\/2016\/04\/a.e.f.d.-ba\u015f-m\u00fc\u0259llim-Zabit\u0259-\u018fv\u0259z-q\u0131z\u0131-\u018fl\u0259kb\u0259rova.jpg\"><img loading=\"lazy\" decoding=\"async\" class=\"alignnone size-full wp-image-5317 alignleft\" src=\"http:\/\/bkf.gdu.edu.az\/wp-content\/uploads\/2024\/01\/zabite.jpg\" alt=\"\" width=\"283\" height=\"396\" \/><\/a><\/p>\n<p>Q\u0131sa bioqrafik m\u0259lumat:<br \/>\n\u018fl\u0259kb\u0259rova Zabit\u0259 \u0259v\u0259z q\u0131z\u0131, 1966-c\u0131 il oktyabr ay\u0131n\u0131n 14-d\u0259 Sumqay\u0131t \u015f\u0259h\u0259rind\u0259 ziyal\u0131 ail\u0259sind\u0259 anadan olub.<\/p>\n<p>T\u0259hsili: 1985-ci ild\u0259 Sumqay\u0131t \u015f\u0259h\u0259ri 13 sayl\u0131 orta m\u0259kt\u0259bi bitirib.<br \/>\n1990-c\u0131 ild\u0259 Lenin ad\u0131na Pedaqoji \u0130nstitutunun Co\u011frafiya-biologiya fak\u00fclt\u0259sinin Co\u011frafiya-biologiya m\u00fc\u0259llimliyi ixtisas\u0131 \u00fczr\u0259 bakalavr pill\u0259sini bitirib.<br \/>\nElmi d\u0259r\u0259c\u0259si: 2014-ci ild\u0259 \u201cG\u0259nc\u0259-Qazax b\u00f6lg\u0259sinin \u00f6rt\u00fcl\u00fc qrunt \u015f\u0259raitind\u0259 xiyar v\u0259 pomidor bitkisinin mineral qidalanmas\u0131 v\u0259 ekoloji saf m\u0259hsul al\u0131nmas\u0131\u201d m\u00f6vzusunda namiz\u0259dlik dissertasiyas\u0131n\u0131 m\u00fcdafi\u0259 edib.Aaqrar \u00fczr\u0259 f\u0259ls\u0259f\u0259 doktoru elmi d\u0259r\u0259c\u0259si al\u0131b.<br \/>\n2020-ci il tarixd\u0259 dosent elmi ad\u0131 alm\u0131\u015fd\u0131r.<\/p>\n<p>\u018fm\u0259k f\u0259aliyy\u0259ti:<br \/>\n2002-2004-c\u00fc ill\u0259rd\u0259 G\u0259nc\u0259 D\u00f6vl\u0259t Universitetinin Co\u011frafiya kafedras\u0131nda m\u00fc\u0259llim,<br \/>\n2004-2020-ci ill\u0259rd\u0259 Ekologiya v\u0259 t\u0259bi\u0259ti m\u00fchafiz\u0259 kafedras\u0131nda ba\u015f m\u00fc\u0259llim,<br \/>\n2020-ci ild\u0259n hal-haz\u0131rad\u0259k is\u0259 h\u0259m\u0259n kafedrada dosent v\u0259zif\u0259sind\u0259 i\u015fl\u0259yir.<br \/>\nT\u0259ltifl\u0259ri: 1 F\u0259xri F\u0259rman<br \/>\nT\u0259dqiqat sah\u0259si: Ekologiya, torpaq\u015f\u00fcnasl\u0131q<br \/>\nElmi \u0259s\u0259rl\u0259ri: 20 yax\u0131n elmi \u0259s\u0259rin m\u00fc\u0259llifidir<br \/>\nBeyn\u0259lxalq v\u0259 respublika simpozium v\u0259 konfranslarda i\u015ftirak\u0131: Bir ne\u00e7\u0259 Beyn\u0259lxalq konfranslarda i\u015ftirak edib.<br \/>\nDil bilgisi:<br \/>\nRus (\u0259la)<br \/>\nT\u00fcrk (yax\u015f\u0131)<\/p>\n<p>Partiyal\u0131\u011f\u0131: YAP<\/p>\n","protected":false},"excerpt":{"rendered":"<p>Q\u0131sa bioqrafik m\u0259lumat: \u018fl\u0259kb\u0259rova Zabit\u0259 \u0259v\u0259z q\u0131z\u0131, 1966-c\u0131 il oktyabr ay\u0131n\u0131n 14-d\u0259 Sumqay\u0131t \u015f\u0259h\u0259rind\u0259 ziyal\u0131 ail\u0259sind\u0259 anadan olub. T\u0259hsili: 1985-ci ild\u0259 Sumqay\u0131t \u015f\u0259h\u0259ri 13 sayl\u0131 orta m\u0259kt\u0259bi bitirib. 1990-c\u0131 ild\u0259 Lenin ad\u0131na Pedaqoji \u0130nstitutunun Co\u011frafiya-biologiya fak\u00fclt\u0259sinin Co\u011frafiya-biologiya m\u00fc\u0259llimliyi ixtisas\u0131 \u00fczr\u0259 bakalavr pill\u0259sini bitirib. Elmi d\u0259r\u0259c\u0259si: 2014-ci ild\u0259 \u201cG\u0259nc\u0259-Qazax b\u00f6lg\u0259sinin \u00f6rt\u00fcl\u00fc qrunt \u015f\u0259raitind\u0259 xiyar v\u0259 pomidor [&hellip;]<\/p>\n","protected":false},"author":3,"featured_media":5317,"parent":0,"menu_order":0,"comment_status":"closed","ping_status":"closed","template":"","meta":{"footnotes":""},"categories":[26],"tags":[],"_links":{"self":[{"href":"https:\/\/bkf.gdu.edu.az\/index.php?rest_route=\/wp\/v2\/pages\/593"}],"collection":[{"href":"https:\/\/bkf.gdu.edu.az\/index.php?rest_route=\/wp\/v2\/pages"}],"about":[{"href":"https:\/\/bkf.gdu.edu.az\/index.php?rest_route=\/wp\/v2\/types\/page"}],"author":[{"embeddable":true,"href":"https:\/\/bkf.gdu.edu.az\/index.php?rest_route=\/wp\/v2\/users\/3"}],"replies":[{"embeddable":true,"href":"https:\/\/bkf.gdu.edu.az\/index.php?rest_route=%2Fwp%2Fv2%2Fcomments&post=593"}],"version-history":[{"count":3,"href":"https:\/\/bkf.gdu.edu.az\/index.php?rest_route=\/wp\/v2\/pages\/593\/revisions"}],"predecessor-version":[{"id":5318,"href":"https:\/\/bkf.gdu.edu.az\/index.php?rest_route=\/wp\/v2\/pages\/593\/revisions\/5318"}],"wp:featuredmedia":[{"embeddable":true,"href":"https:\/\/bkf.gdu.edu.az\/index.php?rest_route=\/wp\/v2\/media\/5317"}],"wp:attachment":[{"href":"https:\/\/bkf.gdu.edu.az\/index.php?rest_route=%2Fwp%2Fv2%2Fmedia&parent=593"}],"wp:term":[{"taxonomy":"category","embeddable":true,"href":"https:\/\/bkf.gdu.edu.az\/index.php?rest_route=%2Fwp%2Fv2%2Fcategories&post=593"},{"taxonomy":"post_tag","embeddable":true,"href":"https:\/\/bkf.gdu.edu.az\/index.php?rest_route=%2Fwp%2Fv2%2Ftags&post=593"}],"curies":[{"name":"wp","href":"https:\/\/api.w.org\/{rel}","templated":true}]}}