{"id":596,"date":"2016-04-12T15:32:03","date_gmt":"2016-04-12T13:32:03","guid":{"rendered":"http:\/\/bkf.gdu.edu.az\/?page_id=596"},"modified":"2024-01-30T13:12:37","modified_gmt":"2024-01-30T11:12:37","slug":"mu%c9%99llim-c%c9%99f%c9%99rova-sevda-famil-qizi","status":"publish","type":"page","link":"https:\/\/bkf.gdu.edu.az\/?page_id=596","title":{"rendered":"Dosent (attestats\u0131z) C\u018fF\u018fROVA SEVDA FAM\u0130L QIZI"},"content":{"rendered":"<p style=\"text-align: justify;\"><a href=\"http:\/\/bkf.gdu.edu.az\/wp-content\/uploads\/2016\/04\/k.t.f.d-m\u00fc\u0259llim-C\u0259f\u0259rova-Sevda-Famil-q\u0131z\u0131-.jpg\"><img loading=\"lazy\" decoding=\"async\" class=\"size-full wp-image-5319 alignleft\" src=\"http:\/\/bkf.gdu.edu.az\/wp-content\/uploads\/2024\/01\/ceferova-sevda.jpg\" alt=\"\" width=\"243\" height=\"340\" \/><\/a><\/p>\n<p style=\"text-align: justify;\">Q\u0131sa bioqrafik m\u0259lumat:<br \/>\nC\u0259f\u0259rova Sevda Famil q\u0131z\u0131, 1971-ci avqust ay\u0131n\u0131n 15-d\u0259 Ming\u0259\u00e7evir \u015f\u0259h\u0259rind\u0259 qulluq\u00e7u ail\u0259sind\u0259 anadan olub.<br \/>\nT\u0259hsili: 1988-ci ild\u0259 Mig\u0259\u00e7evir \u015f\u0259h\u0259ri 1 sayl\u0131 orta m\u0259kt\u0259bi bitirib.<br \/>\n1994-c\u00fc ild\u0259 Az\u0259rbaycan Texnologiya \u0130nstitutunun \u201cY\u00fcng\u00fcl s\u0259naye\u201d fak\u00fclt\u0259sini,<br \/>\n2006-c\u0131 ild\u0259 Az\u0259rbaycan Texnologiya Universitetinin \u201c\u0130stehsalat v\u0259 xidm\u0259t sah\u0259l\u0259rinin iqtisadiyyat\u0131 v\u0259 idar\u0259edilm\u0259si\u201d ixtisas\u0131 \u00fczr\u0259 bakalavr pill\u0259sini bitirib.<br \/>\nElmi d\u0259r\u0259c\u0259si: 2011-ci ild\u0259 \u201c\u015eirvan zonas\u0131n\u0131n torpaq xass\u0259l\u0259rinin v\u0259 qida rejiminin pamb\u0131q bitkisinin m\u0259hsuldarl\u0131\u011f\u0131na v\u0259 keyfiyy\u0259tin\u0259 t\u0259siri\u201d m\u00f6vzusunda namiz\u0259dlik dissertasiyas\u0131n\u0131 m\u00fcdafi\u0259 ed\u0259r\u0259k, 2012 \u2013ci ild\u0259 k\u0259nd t\u0259s\u0259rr\u00fcfat\u0131 \u00fczr\u0259 f\u0259ls\u0259f\u0259 doktoru elmi d\u0259r\u0259c\u0259sini al\u0131b.<br \/>\n\u018fm\u0259k f\u0259aliyy\u0259ti: 2004-2013-c\u00fc ill\u0259rd\u0259 G\u0259nc\u0259 D\u00f6vl\u0259t Universitetinin Ekologiya v\u0259 t\u0259bi\u0259ti m\u00fchafiz\u0259 kafedras\u0131nda b\u00f6y\u00fck laborant,<br \/>\n2013- 2016- ill\u0259rd\u0259 m\u00fc\u0259llim, 2016-2022-ci ill\u0259rd\u0259 ba\u015f m\u00fc\u0259llim, 2022-ci ild\u0259n h\u0259min kafedrada dosent (attestats\u0131z) v\u0259zif\u0259sind\u0259 \u00e7al\u0131\u015f\u0131r.<\/p>\n<p>T\u0259ltifl\u0259ri: T\u0259\u015f\u0259kk\u00fcrnam\u0259<br \/>\nT\u0259dqiqat sah\u0259si: Aqrokimya, torpaq\u015f\u00fcnasl\u0131q<br \/>\nElmi \u0259s\u0259rl\u0259ri: 50 elmi \u0259s\u0259rin m\u00fc\u0259llifidir<br \/>\nBeyn\u0259lxalq v\u0259 respublika simpozium v\u0259 konfranslarda i\u015ftirak\u0131:<br \/>\nBir Beyn\u0259lxalq simpoziumda v\u0259 konfranslarda i\u015ftirak edib<\/p>\n<p>Dil bilgisi:<br \/>\nRus (yax\u015f\u0131)<br \/>\n\u0130ngilis (orta)<br \/>\nT\u00fcrk (\u0259la)<br \/>\nPartiyal\u0131\u011f\u0131: YAP<\/p>\n","protected":false},"excerpt":{"rendered":"<p>Q\u0131sa bioqrafik m\u0259lumat: C\u0259f\u0259rova Sevda Famil q\u0131z\u0131, 1971-ci avqust ay\u0131n\u0131n 15-d\u0259 Ming\u0259\u00e7evir \u015f\u0259h\u0259rind\u0259 qulluq\u00e7u ail\u0259sind\u0259 anadan olub. T\u0259hsili: 1988-ci ild\u0259 Mig\u0259\u00e7evir \u015f\u0259h\u0259ri 1 sayl\u0131 orta m\u0259kt\u0259bi bitirib. 1994-c\u00fc ild\u0259 Az\u0259rbaycan Texnologiya \u0130nstitutunun \u201cY\u00fcng\u00fcl s\u0259naye\u201d fak\u00fclt\u0259sini, 2006-c\u0131 ild\u0259 Az\u0259rbaycan Texnologiya Universitetinin \u201c\u0130stehsalat v\u0259 xidm\u0259t sah\u0259l\u0259rinin iqtisadiyyat\u0131 v\u0259 idar\u0259edilm\u0259si\u201d ixtisas\u0131 \u00fczr\u0259 bakalavr pill\u0259sini bitirib. Elmi d\u0259r\u0259c\u0259si: 2011-ci [&hellip;]<\/p>\n","protected":false},"author":3,"featured_media":5319,"parent":0,"menu_order":0,"comment_status":"closed","ping_status":"closed","template":"","meta":{"footnotes":""},"categories":[26],"tags":[],"_links":{"self":[{"href":"https:\/\/bkf.gdu.edu.az\/index.php?rest_route=\/wp\/v2\/pages\/596"}],"collection":[{"href":"https:\/\/bkf.gdu.edu.az\/index.php?rest_route=\/wp\/v2\/pages"}],"about":[{"href":"https:\/\/bkf.gdu.edu.az\/index.php?rest_route=\/wp\/v2\/types\/page"}],"author":[{"embeddable":true,"href":"https:\/\/bkf.gdu.edu.az\/index.php?rest_route=\/wp\/v2\/users\/3"}],"replies":[{"embeddable":true,"href":"https:\/\/bkf.gdu.edu.az\/index.php?rest_route=%2Fwp%2Fv2%2Fcomments&post=596"}],"version-history":[{"count":3,"href":"https:\/\/bkf.gdu.edu.az\/index.php?rest_route=\/wp\/v2\/pages\/596\/revisions"}],"predecessor-version":[{"id":5321,"href":"https:\/\/bkf.gdu.edu.az\/index.php?rest_route=\/wp\/v2\/pages\/596\/revisions\/5321"}],"wp:featuredmedia":[{"embeddable":true,"href":"https:\/\/bkf.gdu.edu.az\/index.php?rest_route=\/wp\/v2\/media\/5319"}],"wp:attachment":[{"href":"https:\/\/bkf.gdu.edu.az\/index.php?rest_route=%2Fwp%2Fv2%2Fmedia&parent=596"}],"wp:term":[{"taxonomy":"category","embeddable":true,"href":"https:\/\/bkf.gdu.edu.az\/index.php?rest_route=%2Fwp%2Fv2%2Fcategories&post=596"},{"taxonomy":"post_tag","embeddable":true,"href":"https:\/\/bkf.gdu.edu.az\/index.php?rest_route=%2Fwp%2Fv2%2Ftags&post=596"}],"curies":[{"name":"wp","href":"https:\/\/api.w.org\/{rel}","templated":true}]}}