{"id":6397,"date":"2025-04-15T11:20:53","date_gmt":"2025-04-15T09:20:53","guid":{"rendered":"https:\/\/bkf.gdu.edu.az\/?page_id=6397"},"modified":"2025-04-15T11:36:56","modified_gmt":"2025-04-15T09:36:56","slug":"mu%c9%99llim-quliyeva-m%c9%99kuf%c9%99-ayaz-qizi","status":"publish","type":"page","link":"https:\/\/bkf.gdu.edu.az\/?page_id=6397","title":{"rendered":"M\u00fc\u0259llim Quliyeva M\u0259kuf\u0259 Ayaz q\u0131z\u0131"},"content":{"rendered":"\n<figure class=\"wp-block-image size-full\"><img decoding=\"async\" src=\"https:\/\/bkf.gdu.edu.az\/wp-content\/uploads\/2025\/04\/IMG_75661.jpg\" alt=\"\" class=\"wp-image-6398\"\/><\/figure>\n\n\n\n<p>Q\u0131sa bioqrafik m\u0259lumat:<br>Quliyeva M\u0259kuf\u0259 Ayaz q\u0131z\u0131 1998 ci ild\u0259 Tovuz rayon Duz Q\u0131r\u0131ql\u0131 k\u0259ndind\u0259 anadan olub.<br>T\u0259hsili<br>2014-cu ild\u0259 Az\u0259rbaycan D\u00f6vl\u0259t Pedoqoji Universitetinin Biologiya m\u00fc\u0259llimliyi ixtisas\u0131n\u0131 bitirmi\u015fdir. 2018-ci ild\u0259 Az\u0259rbaycan Dovl\u0259t Aqrar Universitetinin Bitkil\u0259rin genetikas\u0131 ixtisas\u0131n\u0131n magistir pill\u0259sin\u0259 daxil olmus v\u0259 2020-ci ild\u0259 h\u0259min ixtisas\u0131 bitirmi\u015fdir.<br>\u018fm\u0259k f\u0259ailiyy\u0259ti-2024-cu ild\u0259n G\u0259nc\u0259 Dovl\u0259t Universitetinin Ekologiya v\u0259 t\u0259bi\u0259ti muhafiz\u0259 kafedras\u0131nda m\u00fc\u0259llim v\u0259zif\u0259sind\u0259 cal\u0131\u015f\u0131r.<br>Dil bilgisi<br>Rus(yaxs\u0131)<br>\u0130ngilis(orta)<br>T\u00fcrk(yaxs\u0131)<br>Partiyal\u0131\u011f\u0131-YAP<\/p>\n","protected":false},"excerpt":{"rendered":"<p>Q\u0131sa bioqrafik m\u0259lumat:Quliyeva M\u0259kuf\u0259 Ayaz q\u0131z\u0131 1998 ci ild\u0259 Tovuz rayon Duz Q\u0131r\u0131ql\u0131 k\u0259ndind\u0259 anadan olub.T\u0259hsili2014-cu ild\u0259 Az\u0259rbaycan D\u00f6vl\u0259t Pedoqoji Universitetinin Biologiya m\u00fc\u0259llimliyi ixtisas\u0131n\u0131 bitirmi\u015fdir. 2018-ci ild\u0259 Az\u0259rbaycan Dovl\u0259t Aqrar Universitetinin Bitkil\u0259rin genetikas\u0131 ixtisas\u0131n\u0131n magistir pill\u0259sin\u0259 daxil olmus v\u0259 2020-ci ild\u0259 h\u0259min ixtisas\u0131 bitirmi\u015fdir.\u018fm\u0259k f\u0259ailiyy\u0259ti-2024-cu ild\u0259n G\u0259nc\u0259 Dovl\u0259t Universitetinin Ekologiya v\u0259 t\u0259bi\u0259ti muhafiz\u0259 kafedras\u0131nda m\u00fc\u0259llim [&hellip;]<\/p>\n","protected":false},"author":3,"featured_media":6404,"parent":0,"menu_order":0,"comment_status":"closed","ping_status":"closed","template":"","meta":{"footnotes":""},"categories":[26],"tags":[],"_links":{"self":[{"href":"https:\/\/bkf.gdu.edu.az\/index.php?rest_route=\/wp\/v2\/pages\/6397"}],"collection":[{"href":"https:\/\/bkf.gdu.edu.az\/index.php?rest_route=\/wp\/v2\/pages"}],"about":[{"href":"https:\/\/bkf.gdu.edu.az\/index.php?rest_route=\/wp\/v2\/types\/page"}],"author":[{"embeddable":true,"href":"https:\/\/bkf.gdu.edu.az\/index.php?rest_route=\/wp\/v2\/users\/3"}],"replies":[{"embeddable":true,"href":"https:\/\/bkf.gdu.edu.az\/index.php?rest_route=%2Fwp%2Fv2%2Fcomments&post=6397"}],"version-history":[{"count":3,"href":"https:\/\/bkf.gdu.edu.az\/index.php?rest_route=\/wp\/v2\/pages\/6397\/revisions"}],"predecessor-version":[{"id":6406,"href":"https:\/\/bkf.gdu.edu.az\/index.php?rest_route=\/wp\/v2\/pages\/6397\/revisions\/6406"}],"wp:featuredmedia":[{"embeddable":true,"href":"https:\/\/bkf.gdu.edu.az\/index.php?rest_route=\/wp\/v2\/media\/6404"}],"wp:attachment":[{"href":"https:\/\/bkf.gdu.edu.az\/index.php?rest_route=%2Fwp%2Fv2%2Fmedia&parent=6397"}],"wp:term":[{"taxonomy":"category","embeddable":true,"href":"https:\/\/bkf.gdu.edu.az\/index.php?rest_route=%2Fwp%2Fv2%2Fcategories&post=6397"},{"taxonomy":"post_tag","embeddable":true,"href":"https:\/\/bkf.gdu.edu.az\/index.php?rest_route=%2Fwp%2Fv2%2Ftags&post=6397"}],"curies":[{"name":"wp","href":"https:\/\/api.w.org\/{rel}","templated":true}]}}