{"id":667,"date":"2016-04-18T14:25:42","date_gmt":"2016-04-18T12:25:42","guid":{"rendered":"http:\/\/bkf.gdu.edu.az\/?page_id=667"},"modified":"2016-04-19T13:51:37","modified_gmt":"2016-04-19T11:51:37","slug":"fiziki-v%c9%99-kolloid-kimya-laboratoriyasi","status":"publish","type":"page","link":"https:\/\/bkf.gdu.edu.az\/?page_id=667","title":{"rendered":"F\u0130Z\u0130K\u0130 V\u018f KOLLO\u0130D K\u0130MYA LABORATOR\u0130YASI"},"content":{"rendered":"<div id=\"metaslider-id-646\" style=\"max-width: 700px;\" class=\"ml-slider-3-60-1 metaslider metaslider-flex metaslider-646 ml-slider ms-theme-default nav-hidden\" role=\"region\" aria-roledescription=\"Slideshow\" aria-label=\"11\">\n    <div id=\"metaslider_container_646\">\n        <div id=\"metaslider_646\">\n            <ul aria-live=\"polite\" class=\"slides\">\n                <li style=\"display: block; width: 100%;\" class=\"slide-649 ms-image\" aria-roledescription=\"slide\" aria-label=\"slide-649\"><img loading=\"lazy\" decoding=\"async\" src=\"https:\/\/bkf.gdu.edu.az\/wp-content\/uploads\/2016\/04\/DSC00110-512x365.jpg\" height=\"500\" width=\"700\" alt=\"\" class=\"slider-646 slide-649\" \/><\/li>\n                <li style=\"display: none; width: 100%;\" class=\"slide-648 ms-image\" aria-roledescription=\"slide\" aria-label=\"slide-648\"><img loading=\"lazy\" decoding=\"async\" src=\"https:\/\/bkf.gdu.edu.az\/wp-content\/uploads\/2016\/04\/DSC00109-512x365.jpg\" height=\"500\" width=\"700\" alt=\"\" class=\"slider-646 slide-648\" \/><\/li>\n                <li style=\"display: none; width: 100%;\" class=\"slide-647 ms-image\" aria-roledescription=\"slide\" aria-label=\"slide-647\"><img loading=\"lazy\" decoding=\"async\" src=\"https:\/\/bkf.gdu.edu.az\/wp-content\/uploads\/2016\/04\/DSC00108-512x365.jpg\" height=\"500\" width=\"700\" alt=\"\" class=\"slider-646 slide-647\" \/><\/li>\n                <li style=\"display: none; width: 100%;\" class=\"slide-205 ms-image\" aria-roledescription=\"slide\" aria-label=\"slide-205\"><img loading=\"lazy\" decoding=\"async\" src=\"https:\/\/bkf.gdu.edu.az\/wp-content\/uploads\/2016\/02\/DSC_0807-600x400-560x400.jpg\" height=\"500\" width=\"700\" alt=\"\" class=\"slider-646 slide-205\" \/><\/li>\n                <li style=\"display: none; width: 100%;\" class=\"slide-206 ms-image\" aria-roledescription=\"slide\" aria-label=\"slide-206\"><img loading=\"lazy\" decoding=\"async\" src=\"https:\/\/bkf.gdu.edu.az\/wp-content\/uploads\/2016\/02\/DSC_0809-600x400-560x400.jpg\" height=\"500\" width=\"700\" alt=\"\" class=\"slider-646 slide-206\" \/><\/li>\n            <\/ul>\n        <\/div>\n        \n    <\/div>\n<\/div>\n","protected":false},"excerpt":{"rendered":"","protected":false},"author":3,"featured_media":0,"parent":0,"menu_order":0,"comment_status":"closed","ping_status":"closed","template":"","meta":{"footnotes":""},"categories":[14],"tags":[],"_links":{"self":[{"href":"https:\/\/bkf.gdu.edu.az\/index.php?rest_route=\/wp\/v2\/pages\/667"}],"collection":[{"href":"https:\/\/bkf.gdu.edu.az\/index.php?rest_route=\/wp\/v2\/pages"}],"about":[{"href":"https:\/\/bkf.gdu.edu.az\/index.php?rest_route=\/wp\/v2\/types\/page"}],"author":[{"embeddable":true,"href":"https:\/\/bkf.gdu.edu.az\/index.php?rest_route=\/wp\/v2\/users\/3"}],"replies":[{"embeddable":true,"href":"https:\/\/bkf.gdu.edu.az\/index.php?rest_route=%2Fwp%2Fv2%2Fcomments&post=667"}],"version-history":[{"count":1,"href":"https:\/\/bkf.gdu.edu.az\/index.php?rest_route=\/wp\/v2\/pages\/667\/revisions"}],"predecessor-version":[{"id":668,"href":"https:\/\/bkf.gdu.edu.az\/index.php?rest_route=\/wp\/v2\/pages\/667\/revisions\/668"}],"wp:attachment":[{"href":"https:\/\/bkf.gdu.edu.az\/index.php?rest_route=%2Fwp%2Fv2%2Fmedia&parent=667"}],"wp:term":[{"taxonomy":"category","embeddable":true,"href":"https:\/\/bkf.gdu.edu.az\/index.php?rest_route=%2Fwp%2Fv2%2Fcategories&post=667"},{"taxonomy":"post_tag","embeddable":true,"href":"https:\/\/bkf.gdu.edu.az\/index.php?rest_route=%2Fwp%2Fv2%2Ftags&post=667"}],"curies":[{"name":"wp","href":"https:\/\/api.w.org\/{rel}","templated":true}]}}