{"id":6711,"date":"2025-10-21T09:14:07","date_gmt":"2025-10-21T07:14:07","guid":{"rendered":"https:\/\/bkf.gdu.edu.az\/?page_id=6711"},"modified":"2025-10-31T13:33:14","modified_gmt":"2025-10-31T11:33:14","slug":"tyutorlar","status":"publish","type":"page","link":"https:\/\/bkf.gdu.edu.az\/?page_id=6711","title":{"rendered":"Tyutorlar"},"content":{"rendered":"\n<p>\u018fl\u0259kb\u0259rova Lal\u0259 V\u00fcsal q\u0131z\u0131<\/p>\n\n\n\n<figure class=\"wp-block-image size-full\"><img loading=\"lazy\" decoding=\"async\" width=\"296\" height=\"414\" src=\"https:\/\/bkf.gdu.edu.az\/wp-content\/uploads\/2025\/10\/8.jpg\" alt=\"\" class=\"wp-image-6736\"\/><\/figure>\n\n\n\n<p>\u018fl\u0259kb\u0259rova Lal\u0259 V\u00fcsal q\u0131z\u0131 G\u0259nc\u0259 D\u00f6vl\u0259t Universitetinin Kimya v\u0259 Biologiya fak\u00fclt\u0259sind\u0259 akademik m\u0259sl\u0259h\u0259t\u00e7i (tyutor) kimi f\u0259aliyy\u0259t g\u00f6st\u0259rir. O, II kurs t\u0259l\u0259b\u0259l\u0259rinin t\u0259dris prosesind\u0259 qar\u015f\u0131la\u015fd\u0131qlar\u0131 akademik v\u0259 t\u0259\u015fkilati m\u0259s\u0259l\u0259l\u0259rin h\u0259llin\u0259 k\u00f6m\u0259k edir, onlar\u0131n d\u0259rs\u0259 davamiyy\u0259tini v\u0259 akademik g\u00f6st\u0259ricil\u0259rini izl\u0259yir.<\/p>\n\n\n\n<p>Tyutorun \u0259sas m\u0259qs\u0259di t\u0259l\u0259b\u0259l\u0259rin t\u0259hsil prosesin\u0259 adaptasiyas\u0131na, akademik nailiyy\u0259tl\u0259rinin y\u00fcks\u0259ldilm\u0259sin\u0259 v\u0259 \u015f\u0259xsi inki\u015faf\u0131na d\u0259st\u0259k g\u00f6st\u0259rm\u0259kdir.<\/p>\n\n\n\n<p>\ud83d\udce7 E-po\u00e7t: lala.alekberova.021@student.gdu.edu.az<\/p>\n\n\n\n<p>\u018fbilova G\u00fcn\u0259\u015f F\u0259tia\u011fa q\u0131z\u0131<\/p>\n\n\n\n<figure class=\"wp-block-image size-full\"><img loading=\"lazy\" decoding=\"async\" width=\"277\" height=\"368\" src=\"https:\/\/bkf.gdu.edu.az\/wp-content\/uploads\/2025\/10\/IMG-20251020-WA0028.jpg\" alt=\"\" class=\"wp-image-6729\"\/><\/figure>\n\n\n\n<p>\u018fbilova G\u00fcn\u0259\u015f F\u0259tia\u011fa q\u0131z\u0131 13 fevral 1981-ci ild\u0259 G\u0259nc\u0259 \u015f\u0259h\u0259rind\u0259 anadan olub. 1998-ci ild\u0259 ADAU-nun \u0130stehlak mallar\u0131n\u0131n keyfiyy\u0259t Ekspertizas\u0131 ixtisas\u0131na q\u0259bul edilib. 2002-ci ild\u0259 h\u0259min ixtisas\u0131 bitirib. 2003-c\u00fc ild\u0259 h\u0259min ixtisas\u0131n magistraturas\u0131na q\u0259bul olunub. 2005-ci ild\u0259 magistraturan\u0131 f\u0259rql\u0259nm\u0259 diplomu il\u0259 bitirmi\u015fdir. 2007-ci ild\u0259 ADAU-nun Ekologiya ixtisas\u0131 \u00fczr\u0259 \u0259yani Aspiranturaya q\u0259bul olunub. 09.03.2006-c\u0131 ild\u0259n G\u0259nc\u0259 D\u00f6vl\u0259t Universiteti T\u0259dris metodik \u015f\u00f6b\u0259y\u0259 inspektor t\u0259yin olunmu\u015fdur. 12.09.2022-ci ild\u0259n Kimya v\u0259 biologiya fak\u00fclt\u0259sind\u0259 tyutor v\u0259zif\u0259sind\u0259 \u00e7al\u0131\u015f\u0131r.<\/p>\n\n\n\n<p>Sar\u0131yeva G\u00fcnel \u0130dris q\u0131z\u0131<\/p>\n\n\n\n<figure class=\"wp-block-image size-full\"><img loading=\"lazy\" decoding=\"async\" width=\"239\" height=\"358\" src=\"https:\/\/bkf.gdu.edu.az\/wp-content\/uploads\/2025\/10\/IMG-20251020-WA0024-1.jpg\" alt=\"\" class=\"wp-image-6792\"\/><\/figure>\n\n\n\n<p>Sar\u0131yeva G\u00fcnel \u0130dris q\u0131z\u0131\u00a024 mart 1982-ci ild\u0259 \u015e\u0259mkir rayonunda anadan olub. 2001-ci ild\u0259 G\u0259nc\u0259 D\u00f6vl\u0259t Universitetinin Kimya-biologiya\u00a0fak\u00fclt\u0259sinin Biologiya ixtisasina q\u0259bul olub. 2006-ci ild\u0259 h\u0259min ixtisas\u0131 f\u0259rql\u0259nm\u0259 diplomu il\u0259 bitirib. 2018-ci ild\u0259 G\u0259nc\u0259 D\u00f6vl\u0259t Universitetinin Pedaqoji fak\u00fclt\u0259sind\u0259 operator i\u015fl\u0259yib. 2021-ci ild\u0259 ADAU-nun Aqrogeobotanika ixtisas\u0131na q\u0259bul olub, 2023-c\u00fc ild\u0259 h\u0259min ixtisas\u0131n m\u0259zunu olub. 2023-c\u00fc ild\u0259 GDU-nun Botanika kafedras\u0131nda laborant i\u015fl\u0259yib. 2024-c\u00fc ild\u0259n is\u0259 Kimya v\u0259 biologiya fak\u00fclt\u0259sind\u0259 tyutor v\u0259zif\u0259sind\u0259 \u00e7al\u0131\u015f\u0131r.<\/p>\n\n\n\n<p>M\u0259mm\u0259dova Elvina Eld\u0259niz q\u0131z\u0131<\/p>\n\n\n\n<figure class=\"wp-block-image size-full\"><img loading=\"lazy\" decoding=\"async\" width=\"314\" height=\"393\" src=\"https:\/\/bkf.gdu.edu.az\/wp-content\/uploads\/2025\/10\/20251031_152159.jpg\" alt=\"\" class=\"wp-image-6901\"\/><\/figure>\n\n\n\n<p>M\u0259mm\u0259dova Elvina Eld\u0259niz q\u0131z\u0131 11 dekabr 1996-c\u0131 ild\u0259 G\u00fcrc\u00fcstan\u0131n Qardabani rayonunda anadan olub. 2015-ci ild\u0259 Az\u0259rbaycan D\u00f6vl\u0259t Aqrar Universitetinin Ekologiya ixtisas\u0131na q\u0259bul olub 2019-cu ild\u0259 h\u0259min ixtisas\u0131 f\u0259rql\u0259nm\u0259 diplomu il\u0259 bitirib. 2022-ci ild\u0259 Az\u0259rbaycan D\u00f6vl\u0259t Aqrar Universitetinin magistratura pill\u0259sinin \u018ftraf m\u00fchitin m\u00fchafiz\u0259 metodlar\u0131 v\u0259 b\u0259rpas\u0131 ixtisas\u0131 \u00fczr\u0259 q\u0259bul olub 2024-c\u00fc ild\u0259 h\u0259min ixtisas\u0131 bitirib. 2024-c\u00fc ild\u0259n is\u0259 Kimya v\u0259 biologiya fak\u00fclt\u0259sind\u0259 tyutor v\u0259zif\u0259sind\u0259 \u00e7al\u0131\u015f\u0131r.<\/p>\n","protected":false},"excerpt":{"rendered":"<p>\u018fl\u0259kb\u0259rova Lal\u0259 V\u00fcsal q\u0131z\u0131 \u018fl\u0259kb\u0259rova Lal\u0259 V\u00fcsal q\u0131z\u0131 G\u0259nc\u0259 D\u00f6vl\u0259t Universitetinin Kimya v\u0259 Biologiya fak\u00fclt\u0259sind\u0259 akademik m\u0259sl\u0259h\u0259t\u00e7i (tyutor) kimi f\u0259aliyy\u0259t g\u00f6st\u0259rir. O, II kurs t\u0259l\u0259b\u0259l\u0259rinin t\u0259dris prosesind\u0259 qar\u015f\u0131la\u015fd\u0131qlar\u0131 akademik v\u0259 t\u0259\u015fkilati m\u0259s\u0259l\u0259l\u0259rin h\u0259llin\u0259 k\u00f6m\u0259k edir, onlar\u0131n d\u0259rs\u0259 davamiyy\u0259tini v\u0259 akademik g\u00f6st\u0259ricil\u0259rini izl\u0259yir. Tyutorun \u0259sas m\u0259qs\u0259di t\u0259l\u0259b\u0259l\u0259rin t\u0259hsil prosesin\u0259 adaptasiyas\u0131na, akademik nailiyy\u0259tl\u0259rinin y\u00fcks\u0259ldilm\u0259sin\u0259 v\u0259 \u015f\u0259xsi inki\u015faf\u0131na [&hellip;]<\/p>\n","protected":false},"author":1,"featured_media":6729,"parent":0,"menu_order":0,"comment_status":"closed","ping_status":"closed","template":"","meta":{"footnotes":""},"categories":[11,283],"tags":[],"_links":{"self":[{"href":"https:\/\/bkf.gdu.edu.az\/index.php?rest_route=\/wp\/v2\/pages\/6711"}],"collection":[{"href":"https:\/\/bkf.gdu.edu.az\/index.php?rest_route=\/wp\/v2\/pages"}],"about":[{"href":"https:\/\/bkf.gdu.edu.az\/index.php?rest_route=\/wp\/v2\/types\/page"}],"author":[{"embeddable":true,"href":"https:\/\/bkf.gdu.edu.az\/index.php?rest_route=\/wp\/v2\/users\/1"}],"replies":[{"embeddable":true,"href":"https:\/\/bkf.gdu.edu.az\/index.php?rest_route=%2Fwp%2Fv2%2Fcomments&post=6711"}],"version-history":[{"count":5,"href":"https:\/\/bkf.gdu.edu.az\/index.php?rest_route=\/wp\/v2\/pages\/6711\/revisions"}],"predecessor-version":[{"id":6902,"href":"https:\/\/bkf.gdu.edu.az\/index.php?rest_route=\/wp\/v2\/pages\/6711\/revisions\/6902"}],"wp:featuredmedia":[{"embeddable":true,"href":"https:\/\/bkf.gdu.edu.az\/index.php?rest_route=\/wp\/v2\/media\/6729"}],"wp:attachment":[{"href":"https:\/\/bkf.gdu.edu.az\/index.php?rest_route=%2Fwp%2Fv2%2Fmedia&parent=6711"}],"wp:term":[{"taxonomy":"category","embeddable":true,"href":"https:\/\/bkf.gdu.edu.az\/index.php?rest_route=%2Fwp%2Fv2%2Fcategories&post=6711"},{"taxonomy":"post_tag","embeddable":true,"href":"https:\/\/bkf.gdu.edu.az\/index.php?rest_route=%2Fwp%2Fv2%2Ftags&post=6711"}],"curies":[{"name":"wp","href":"https:\/\/api.w.org\/{rel}","templated":true}]}}