{"id":722,"date":"2016-04-12T19:31:12","date_gmt":"2016-04-12T17:31:12","guid":{"rendered":"http:\/\/bkf.gdu.edu.az\/?page_id=722"},"modified":"2024-01-30T12:49:31","modified_gmt":"2024-01-30T10:49:31","slug":"bas-mu%c9%99llim-isg%c9%99nd%c9%99rova-tunzal%c9%99-h%c9%99s%c9%99n-qizi","status":"publish","type":"page","link":"https:\/\/bkf.gdu.edu.az\/?page_id=722","title":{"rendered":"DOSENT \u0130SG\u018fND\u018fROVA T\u00dcNZAL\u018f H\u018fS\u018fN QIZI"},"content":{"rendered":"<p><a href=\"http:\/\/bkf.gdu.edu.az\/wp-content\/uploads\/2016\/04\/b.f.d-ba\u015f-m\u00fc\u0259llim-\u0130sk\u0259nd\u0259rova-T\u00fcnzl\u0259-H\u0259s\u0259n-q\u0131z\u0131-.jpg\"><img loading=\"lazy\" decoding=\"async\" class=\"size-full wp-image-5306 alignleft\" src=\"http:\/\/bkf.gdu.edu.az\/wp-content\/uploads\/2024\/01\/tunzale.jpg\" alt=\"\" width=\"252\" height=\"354\" \/><\/a><\/p>\n<p>Q\u0131sa bioqrafik m\u0259lumat: \u0130sg\u0259nd\u0259rova T\u00fcnzal\u0259 H\u0259s\u0259n q\u0131z\u0131 1965-ci ilin iyun ay\u0131n\u0131n 14-d\u0259 G\u0259nc\u0259 \u015f\u0259h\u0259rind\u0259 ziyal\u0131 ail\u0259sind\u0259 anadan olub.<br \/>\nT\u0259hsili: 1982-c\u0131 ild\u0259 B\u0259rd\u0259 \u015f\u0259h\u0259ri 4 sayl\u0131 orta m\u0259kt\u0259bin onuncu sinfini bitirib.<br \/>\n1989-cu ild\u0259 S.A\u011famal\u0131o\u011flu ad\u0131na K\u0259nd T\u0259s\u0259rr\u00fcfat\u0131 Akademiyas\u0131n\u0131n indiki (ADAU) Alim aqranom ixtisas\u0131 \u00fczr\u0259 bakalavr pill\u0259sini bitirib.<\/p>\n<p>Elmi d\u0259r\u0259c\u0259si v\u0259 adlar\u0131:<br \/>\n1994-1997- ci ill\u0259rd\u0259 ADAU-nun Ekologiya v\u0259 me\u015f\u0259\u00e7ilik kafedras\u0131nda \u201cEkologiya \u201c ixtisas\u0131 \u00fczr\u0259 aspirantura t\u0259hsili al\u0131b.<br \/>\n12 dekabr\u0131n 2012-ci ild\u0259 AME-n\u0131n Botanika \u0130nstitutunda dissertasiyas\u0131n\u0131 m\u00fcdafi\u0259 edib.<br \/>\n29 aprel 2014-c\u00fc ild\u0259 biologiya \u00fczr\u0259 f\u0259ls\u0259f\u0259 doktoru elmi d\u0259r\u0259c\u0259si al\u0131b.<br \/>\n18 aprel 2018-ci il tarixind\u0259 dosent elmi ad\u0131 al\u0131b.<\/p>\n<p>\u018fm\u0259k f\u0259aliyy\u0259ti:<br \/>\n1992-2004-c\u00fc ill\u0259rd\u0259 ADAU-nun Ekologiya v\u0259 me\u015f\u0259\u00e7ilik kafedras\u0131nda laborant,b\u00f6y\u00fck laborant,asisstent,<br \/>\n2004-2018-ci ill\u0259rd\u0259 G\u0259nc\u0259 D\u00f6vl\u0259t Universitetinin Ekologiya v\u0259 t\u0259bi\u0259ti m\u00fchafiz\u0259 kafedras\u0131nda m\u00fc\u0259llim,ba\u015f m\u00fc\u0259llim<br \/>\n2018-ci ild\u0259n hal-haz\u0131rad\u0259k is\u0259 h\u0259min kafedrada dosent v\u0259zif\u0259sind\u0259 \u00e7al\u0131\u015f\u0131r.<\/p>\n<p>T\u0259ltifl\u0259ri: t\u0259\u015f\u0259kk\u00fcr, F\u0259xri F\u0259rman<\/p>\n<p>T\u0259dqiqat sah\u0259si: B\u0259z\u0259k a\u011fac v\u0259 kol bitkil\u0259ri,ba\u011f\u00e7\u0131l\u0131q<\/p>\n<p>Elmi \u0259s\u0259rl\u0259ri:<br \/>\nAli m\u0259kt\u0259bl\u0259r \u00fc\u00e7\u00fcn 3 d\u0259rslik, 2 d\u0259rs v\u0259saiti, 1 monoqrafiya, 40-q\u0259d\u0259r m\u00fcxt\u0259lif f\u0259nn proqramlar\u0131 v\u0259 metodik g\u00f6st\u0259ri\u015fl\u0259r m\u00fc\u0259llifidir.<\/p>\n<p>Beyn\u0259lxalq v\u0259 respublika simpozium v\u0259 konfranslarda i\u015ftirak\u0131:<br \/>\nGDU-da t\u0259\u015fkil olunmu\u015f bir \u00e7ox \u00e7\u0131x\u0131\u015flar.<\/p>\n<p>Dil bilgisi:<br \/>\nRus (orta)<br \/>\nT\u00fcrk (yax\u015f\u0131)<\/p>\n<p>Partiyal\u0131\u011f\u0131: YAP<\/p>\n","protected":false},"excerpt":{"rendered":"<p>Q\u0131sa bioqrafik m\u0259lumat: \u0130sg\u0259nd\u0259rova T\u00fcnzal\u0259 H\u0259s\u0259n q\u0131z\u0131 1965-ci ilin iyun ay\u0131n\u0131n 14-d\u0259 G\u0259nc\u0259 \u015f\u0259h\u0259rind\u0259 ziyal\u0131 ail\u0259sind\u0259 anadan olub. T\u0259hsili: 1982-c\u0131 ild\u0259 B\u0259rd\u0259 \u015f\u0259h\u0259ri 4 sayl\u0131 orta m\u0259kt\u0259bin onuncu sinfini bitirib. 1989-cu ild\u0259 S.A\u011famal\u0131o\u011flu ad\u0131na K\u0259nd T\u0259s\u0259rr\u00fcfat\u0131 Akademiyas\u0131n\u0131n indiki (ADAU) Alim aqranom ixtisas\u0131 \u00fczr\u0259 bakalavr pill\u0259sini bitirib. Elmi d\u0259r\u0259c\u0259si v\u0259 adlar\u0131: 1994-1997- ci ill\u0259rd\u0259 ADAU-nun Ekologiya [&hellip;]<\/p>\n","protected":false},"author":3,"featured_media":5306,"parent":0,"menu_order":0,"comment_status":"closed","ping_status":"closed","template":"","meta":{"footnotes":""},"categories":[26],"tags":[],"_links":{"self":[{"href":"https:\/\/bkf.gdu.edu.az\/index.php?rest_route=\/wp\/v2\/pages\/722"}],"collection":[{"href":"https:\/\/bkf.gdu.edu.az\/index.php?rest_route=\/wp\/v2\/pages"}],"about":[{"href":"https:\/\/bkf.gdu.edu.az\/index.php?rest_route=\/wp\/v2\/types\/page"}],"author":[{"embeddable":true,"href":"https:\/\/bkf.gdu.edu.az\/index.php?rest_route=\/wp\/v2\/users\/3"}],"replies":[{"embeddable":true,"href":"https:\/\/bkf.gdu.edu.az\/index.php?rest_route=%2Fwp%2Fv2%2Fcomments&post=722"}],"version-history":[{"count":4,"href":"https:\/\/bkf.gdu.edu.az\/index.php?rest_route=\/wp\/v2\/pages\/722\/revisions"}],"predecessor-version":[{"id":5308,"href":"https:\/\/bkf.gdu.edu.az\/index.php?rest_route=\/wp\/v2\/pages\/722\/revisions\/5308"}],"wp:featuredmedia":[{"embeddable":true,"href":"https:\/\/bkf.gdu.edu.az\/index.php?rest_route=\/wp\/v2\/media\/5306"}],"wp:attachment":[{"href":"https:\/\/bkf.gdu.edu.az\/index.php?rest_route=%2Fwp%2Fv2%2Fmedia&parent=722"}],"wp:term":[{"taxonomy":"category","embeddable":true,"href":"https:\/\/bkf.gdu.edu.az\/index.php?rest_route=%2Fwp%2Fv2%2Fcategories&post=722"},{"taxonomy":"post_tag","embeddable":true,"href":"https:\/\/bkf.gdu.edu.az\/index.php?rest_route=%2Fwp%2Fv2%2Ftags&post=722"}],"curies":[{"name":"wp","href":"https:\/\/api.w.org\/{rel}","templated":true}]}}