{"id":735,"date":"2016-04-21T11:13:12","date_gmt":"2016-04-21T09:13:12","guid":{"rendered":"http:\/\/bkf.gdu.edu.az\/?page_id=735"},"modified":"2024-02-05T14:42:15","modified_gmt":"2024-02-05T12:42:15","slug":"735-2","status":"publish","type":"page","link":"https:\/\/bkf.gdu.edu.az\/?page_id=735","title":{"rendered":"K\u0130MYA \u00dcZR\u018f F\u018fLS\u018fF\u018f DOKTORU, DOSENT RZAYEVA M\u018fTAN\u018fT F\u0130RUDD\u0130N QIZI"},"content":{"rendered":"<p><img loading=\"lazy\" decoding=\"async\" class=\"alignnone size-full wp-image-5439 alignleft\" src=\"http:\/\/bkf.gdu.edu.az\/wp-content\/uploads\/2024\/02\/metanett.jpg\" alt=\"\" width=\"214\" height=\"300\" \/><\/p>\n<p><strong>QISA B\u0130OQRAF\u0130K M\u018fLUMAT 15 aprel 1977-c\u0131 il Neft\u00e7ala rayonundaziyal\u0131 ail\u0259sind\u0259 anadan olmu\u015fdur. Ail\u0259lidir, iki \u00f6vlad\u0131 var.<br \/>\nT\u0259hsili:<br \/>\n1994-1998-ci ild\u0259 G\u0259nc\u0259 D\u00f6vl\u0259t Universitetinin Kimya fak\u00fclt\u0259sind\u0259t\u0259hsil alaraq f\u0259rql\u0259nm\u0259 diplomu il\u0259 bitirmi\u015fdir.<br \/>\n1998-2000-ci ild\u0259 G\u0259nc\u0259 D\u00f6vl\u0259t Universitetinin Kimya fak\u00fclt\u0259sinin \u00dczvi kimya ixtisas\u0131 \u00fczr\u0259 magistratura \u015f\u00f6b\u0259sind\u0259 t\u0259hsil alaraq f\u0259rql\u0259nm\u0259 diplomu il\u0259 bitirmi\u015fdir.<br \/>\nElmi d\u0259r\u0259c\u0259si v\u0259 adlar\u0131<br \/>\nAz\u0259rbaycan Respublikas\u0131 Prezidenti Yan\u0131nda Ali Attestasiya Komissiyas\u0131n\u0131n 3 iyun 2014- c\u00fc il tarixli (Pr. \u211617-k) q\u0259rar\u0131 il\u0259 Kimya \u00fczr\u0259 f\u0259ls\u0259f\u0259 doktoru elmi d\u0259r\u0259c\u0259si verilm\u0131\u015fdir.<br \/>\nRespublikas\u0131 Prezidenti Yan\u0131nda Ali Attestasiya Komissiyas\u0131n\u0131n 1fevral 2019-cu il tarixli (Pr. \u211602-k) q\u0259rar\u0131 il\u0259 Kimya kafedras\u0131 \u00fczr\u0259 dosent elmi ad\u0131 verilm\u0131\u015fdir.<br \/>\n\u018fM\u018fK F\u018fAL\u0130YY\u018fT\u0130<br \/>\n2001-2002-ci ill\u0259rd\u0259 H.Z\u0259rdabi adina KDP\u0130-d\u0259 (indiki G\u0259nc\u0259 D\u00f6vl\u0259t Universiteti) Kimya kafedras\u0131nda0.5 \u015ftaj\u00e7\u0131 m\u00fc\u0259llim<br \/>\n2002-2010-cu ill\u0259rd\u0259 G\u0259nc\u0259 D\u00f6vl\u0259t Universitetind\u0259 Kimya kafedras\u0131ndatam \u015ftaj m\u00fc\u0259llim<br \/>\n2010-2017-cu ill\u0259rd\u0259 G\u0259nc\u0259 D\u00f6vl\u0259t Universitetinin Kimya kafdras\u0131nda ba\u015f m\u00fc\u0259llim<br \/>\n2019-cu ill\u0259rd\u0259n G\u0259nc\u0259 D\u00f6vl\u0259t Universitetinin Kimya kadras\u0131nda dosent<br \/>\nT\u0259ltifl\u0259ri<br \/>\nG\u0259nc\u0259 D\u00f6v\u0259ltinin Universitetin 2014-c\u00fc il tarixli \u0259mri il\u0259 F\u0259xri f\u0259rmanla t\u0259ltif edilmi\u015fdir.<br \/>\nAz\u0259rbaycan Respublikas\u0131 T\u0259hsil Nazirliyinin 2018-ci il 1 noyabr tarixli K-1132 n\u00f6mr\u0259li \u0259mri il\u0259Az\u0259rbaycan Respublikas\u0131 Qabaqc\u0131l T\u0259hsil \u0130\u015f\u00e7isi d\u00f6\u015f ni\u015fan\u0131 il\u0259 t\u0259ltif olunmu\u015fdur. (\u2116 002342)T\u018fDQ\u0130QAT SAH\u018fS\u0130<br \/>\nMetallar\u0131n \u00fczvi t\u00fcr\u015fularla \u0259m\u0259l\u0259 g\u0259tirdiyi karboksilatlar\u0131n sintezi, pirazin v\u0259 piridin adduktlar\u0131n\u0131n sintezi v\u0259 qurulu\u015f t\u0259dqiqi.<br \/>\nSE\u00c7\u0130LM\u0130\u015e ELM\u0130 \u018fS\u018fRL\u018fR\u0130:<br \/>\nBis-akvo-o-aminbenzoato-p-aminbenzoato manqan (II) dihidrat toyuqlarda perozis x\u0259st\u0259liyin\u0259 qar\u015f\u0131 madd\u0259 kmi Az\u0259rbaycan Reaspublikas\u0131 Standartla\u015fd\u0131rma, Metrologiya v\u0259 Patent \u00fczr\u0259 D\u00f6vl\u0259t Komit\u0259si. S\u0259n\u0259din n\u00f6mr\u0259si: 2008 00 36<br \/>\nBis-akvo-p-aminbenzoato-o-aminbenzoato d\u0259mir (II) dihidrat \u00fcz\u00fcm\u00fcn xloroz x\u0259st\u0259liyin\u0259 qar\u015f\u0131 preparat kimi.Az\u0259rbaycan Reaspublikas\u0131 Standartla\u015fd\u0131rma, Metrologiya v\u0259 Patent \u00fczr\u0259 D\u00f6vl\u0259t Komit\u0259si. S\u0259n\u0259din n\u00f6mr\u0259si: 2008 00 37<br \/>\nMono-tereftalato-mono-pirazino mis (II) qapal\u0131 z\u0259ncirli olefinl\u0259rin oksidl\u0259\u015fm\u0259sind\u0259 katalizator kimi Az\u0259rbaycan Reaspublikas\u0131 Standartla\u015fd\u0131rma, Metrologiya v\u0259 Patent \u00fczr\u0259 D\u00f6vl\u0259t Komit\u0259si.<br \/>\nS\u0259n\u0259din n\u00f6mr\u0259si: 2008 00 57<br \/>\nCrystal and molecular structures of tetra aqua (di-para-oxybenzoato)iron (II) tetrahydrate Russian Journal of Coordination Chemistry, 2010, \u21161, pp.73-75.<br \/>\n\u0421\u0438\u043d\u0442\u0435\u0437 \u0438 \u0438\u0441\u0441\u043b\u0435\u0434\u043e\u0432\u0430\u043d\u0438\u0435 \u0430\u043a\u0432\u0430\u043a\u043e\u043c\u043f\u043b\u0435\u043a\u0441\u043e\u0432 \u043f\u0430\u0440\u0430-\u0445\u043b\u043e\u0440-\u043e\u0440\u0442\u043e-\u043d\u0438\u0442\u0440\u043e\u0431\u0435\u043d\u0437\u043e\u0430\u0442\u043e\u0432Co(II),Mn(II), Ni(II), Zn(II), Cd(II)\u041d\u0430\u0443\u0447\u043d\u043e\u0435 \u043e\u0431\u0435\u0441\u043f\u0435\u0447\u0435\u043d\u0438\u0435 \u0440\u0430\u0437\u0432\u0438\u0442\u0438\u044f \u0410\u041f\u041a \u0432 \u0443\u0441\u043b\u043e\u0432\u0438\u044f\u0445 \u0440\u0435\u0444\u043e\u0440\u043c\u0438\u0440\u043e\u0432\u0430\u043d\u0438\u044f.\u00ab\u0421\u0431\u043e\u0440\u043d\u0438\u0445 \u043d\u0430\u0443\u0447\u043d\u044b\u0445 \u0442\u0440\u0443\u0434\u043e\u0432 \u00bb. \u0421\u0430\u043d\u043a\u0442\u041f\u0435\u0442\u0435\u0440\u0431\u0443\u0440\u0433,2011, \u0441\u0442\u0440.409-410<br \/>\n\u041a\u0440\u0438\u0441\u0442\u0430\u043b\u043b\u0438\u0447\u0435\u0441\u043a\u0430\u044f \u0441\u0442\u0440\u0443\u043a\u0442\u0443\u0440\u0430 \u043a\u043e\u043c\u043f\u043b\u0435\u043a\u0441\u043e\u0432 \u0434\u0432\u0443\u0445\u0432\u0430\u043b\u0435\u043d\u0442\u043d\u044b\u0445 \u0421\u043e,Ni \u0438 Cd \u0441 \u0430\u043d\u0438\u043e\u043d\u0430\u043c\u0438 \u0431\u0435\u043d\u0437\u043e\u0439\u043d\u043e\u0439 \u0438 2-(\u0430\u0446\u0435\u0442\u0438\u043b\u0430\u043c\u0438\u043d\u043e)-5-\u043d\u0438\u0442\u0440\u043e\u0431\u0435\u043d\u0437\u043e\u0439\u043d\u043e\u0439 \u043a\u0438\u0441\u043b\u043e\u0442oK\u0440\u0438\u0441\u0442\u0430\u043b\u043b\u043e\u0433\u0440\u0430\u0444\u0438\u044f, 2012,\u0422\u043e\u043c 57, \u21162, \u0441\u0442\u0440.256-260<br \/>\n\u0421\u0438\u043d\u0442\u0435\u0437 \u0438 \u0441\u0442\u0440\u0443\u043a\u0442\u0443\u0440\u043d\u043e\u0435 \u0438\u0441\u0441\u043b\u0435\u0434\u043e\u0432\u0430\u043d\u0438\u0435 \u043d\u043e\u0432\u043e\u0433\u043e \u043a\u043e\u043c\u043f\u043b\u0435\u043a\u0441\u0430 3,5-\u0434\u0438\u043d\u0438\u0442\u0440\u043e\u0431\u0435\u043d\u0437\u043e\u0430\u0442\u043e Co(II).\u201cEuropean Applied Sciences\u201d . \u0413\u0435\u0440\u043c\u0430\u043d\u0438\u044f 2013 \u2116 5. s.70-74<br \/>\n\u0421\u0438\u043d\u0442\u0435\u0437 \u0438 \u0441\u0442\u0440\u0443\u043a\u0442\u0443\u0440\u043d\u043e\u0435 \u0438 \u0438\u0441\u0441\u043b\u0435\u0434\u043e\u0432\u0430\u043d\u0438\u0435 \u0434\u0438 \u2013\u043f\u0438\u0440\u0438\u0434\u0438\u043d\u0430\u2013\u0431\u0438\u0441\u2013 \u0434\u0438\u043d\u0438\u0442\u0440\u043e\u0431\u0435\u043d\u0437\u043e\u0430\u0442\u043e \u0421d(II).\u201cEuropean Applied Sciences\u201d. \u0413\u0435\u0440\u043c\u0430\u043d\u0438\u044f 2013 \u2116 6. s. 30-34<br \/>\n\u0421\u0438\u043d\u0442\u0435\u0437 \u0438 \u0438\u0441\u0441\u043b\u0435\u0434\u043e\u0432\u0430\u043d\u0438\u0435 \u043d\u043e\u0432\u044b\u0445 \u043a\u043e\u043c\u043f\u043b\u0435\u043a\u0441\u043e\u0432 \u043c\u0435\u0442\u0430\u043b\u043b\u043e\u0432 Pt (III), Au(III), Pd(II) \u0441 \u043f\u0430\u0440\u0430-\u0430\u043c\u0438\u043d\u043e\u0431\u0435\u043d\u0437\u043e\u0439\u043d\u043e\u0439 \u043a\u0438\u0441\u043b\u043e\u0442\u044b. Europeische Fachhoch-schule. European Applied Sciences \u21162, 2015. \u0421\u0442\u0440.40-42. Germany<br \/>\n\u0421\u0438\u043d\u0442\u0435\u0437 \u0438 \u0444\u0438\u0437\u0438\u043a\u043e-\u0445\u0438\u043c\u0438\u0447\u0435\u0441\u043a\u0438\u0435 \u0438\u0441\u0441\u043b\u0435\u0434\u043e\u0432\u0430\u043d\u0438\u0435 \u043d\u043e\u0432\u044b\u0445 \u043a\u043e\u043c\u043f\u043b\u0435\u043a\u0441\u043e\u0432 La(III), Sm(III), Dy(III) \u0441 3,5-\u0434\u0438\u043d\u0438\u0442\u0440\u043e\u0431\u0435\u043d\u0437\u043e\u0439\u043d\u043e\u0439 \u043a\u0438\u0441\u043b\u043e\u0442\u044b Europeische Fachhoch-schule. European Applied Sciences \u21162, 2015.\u0421\u0442\u0440.37-39. Germany<br \/>\nCrystal and molecular structure of bis (para-aminosalisilato)-di pyridine cadmium (II) The USA Journal of Applied Sciencas 2015. \u2116 6, p.26-29<br \/>\nKation boyaqlarla boyama prosesinin kimy\u0259vi x\u00fcsusiyy\u0259tl\u0259rinin t\u0259dqiqiF\u0131rat Universitesi Fen<br \/>\nBilmleri Dergisi,T\u00fcrkiyy\u0259.2016.S\u0259h. 111-113<br \/>\nBEYN\u018fLXALQ SEM\u0130NAR, S\u0130MPOZ\u0130UM V\u018f KONFRANSLARDA \u0130\u015eT\u0130RAKIKpuc\u0442a\u043b\u043b\u0438\u0447\u0435\u0441\u043a\u0430\u044f \u0438 \u043c\u043e\u043b\u0435\u043a\u0443\u043b\u044f\u0440\u043d\u0430\u044f \u0441\u0442\u0440\u0443\u043a\u0442\u0443\u0440\u0430 o\u0440\u0442\u0430-\u0430\u043a\u0432\u0430-\u0434\u0438-\u043f\u0430\u0440\u0430-\u043e\u043a\u0441\u0438\u0431\u0435\u043d\u0437\u043e\u0442\u0430 Fe(II)XXIV \u041c\u0435\u0436\u0434\u0443\u043d\u0430\u0440\u043e\u0434\u043d\u0430\u044f\u0427\u0443\u0433\u0430\u0435\u0432\u0441\u043a\u0430\u044f \u041a\u043e\u043d\u0444\u0435\u0440\u0435\u043d\u0446\u0438\u044f \u043f\u043e \u043a\u043e\u043e\u0440\u0434\u0438\u043d\u0430\u0446\u0438\u043e\u043d\u043d\u043e\u0439 \u0445\u0438\u043c\u0438\u0438. \u0421\u0430\u043d\u043a\u0442-\u041f\u0435\u0442\u0435\u0440\u0431\u0443\u0440\u0433, 2009, \u0441\u0442\u0440.147<br \/>\n\u041a\u0440\u0438\u0441\u0442\u0430\u043b\u043b\u0438\u0447\u0435\u0441\u043a\u0430\u044f \u0438 \u043c\u043e\u043b\u0435\u043a\u0443\u043b\u044f\u0440\u043d\u0430\u044f \u0441\u0442\u0440\u0443\u043a\u0442\u0443\u0440\u0430 \u0442\u0435\u0442\u0440\u0430-\u0430\u043a\u0432\u0430-\u0431\u0438\u0441-\u0434\u0438-\u043f\u0430\u0440\u0430-\u043d\u0438\u0442\u0440\u043e\u0441\u0430\u043b\u0438\u0441\u0438\u043b\u0430\u0442\u0430 Ni(II) XXIV \u041c\u0435\u0436\u0434\u0443\u043d\u0430\u0440\u043e\u0434\u043d\u0430\u044f \u0427\u0443\u0433\u0430\u0435\u0432\u0441\u043a\u0430\u044f \u043a\u043e\u043d\u0444\u0435\u0440\u0435\u043d-\u0446\u0438\u044f \u043f\u043e \u043a\u043e\u043e\u0440\u0434\u0438\u043d\u0430\u0446\u0438\u043e\u043d\u043d\u043e\u0439 \u0445\u0438\u043c\u0438\u0438. \u0422\u0435\u0437\u0438\u0441\u044b \u0434\u043e\u043a \u043b\u0430\u0434\u043e\u0432, \u0421\u0430\u043d\u043a\u0442-\u041f\u0435\u0442\u0435\u0440\u0431\u0443\u0440\u0433, 15-19 \u0438\u044e\u043d\u044f 2009, \u0441. 147<br \/>\nKpuc\u0442a\u043b\u043b\u0438\u0447\u0435\u0441\u043a\u0430\u044f \u0438 \u043c\u043e\u043b\u0435\u043a\u0443\u043b\u044f\u0440\u043d\u0430\u044f \u0441\u0442\u0440\u0443\u043a\u0442\u0443\u0440\u0430\u0434\u0438\u0430\u043a\u0432\u0430\u0431\u0438\u0441 5-\u043d\u0438\u0442\u0440\u043e, 2-\u0430\u0446\u0435\u0442\u0430\u043c\u0438\u0434\u043e\u0431\u0435\u043d\u0437\u043e\u0430\u0442\u043e \u043a\u0430\u0434\u043c\u0438\u044f(II) \u0434\u0438\u0433\u0438\u0434\u0440\u0430\u0442 XXV \u041c\u0435\u0436\u0434\u0443\u043d\u0430\u0440\u043e\u0434\u043d\u0430\u044f\u0427\u0443\u0433\u0430\u0435\u0432\u0441\u043a\u0430\u044f \u041a\u043e\u043d\u0444\u0435\u0440\u0435\u043d\u0446\u0438\u044f \u043f\u043e \u043a\u043e\u043e\u0440\u0434\u0438\u043d\u0430\u0446\u0438\u043e\u043d\u043d\u043e\u0439 \u0445\u0438\u043c\u0438\u0438. \u0421\u0443\u0437\u0434\u0430\u043b\u044c, 2011,\u0441\u0442\u0440.326<br \/>\n\u0421\u0438\u043d\u0442\u0435\u0437 \u0438 \u0441\u0442\u0440\u0443\u043a\u0442\u0443\u0440\u043d\u043e\u0435 \u0438\u0441\u0441\u043b\u0435\u0434\u043e\u0432\u0430\u043d\u0438\u0435 5- \u043d\u0438\u0442\u0440\u043e, 2-\u0430\u0446\u0435\u0442\u0430\u043c\u0438\u0434\u043e\u0431\u0435\u043d\u0437\u043e\u0430\u0442\u043eMn(II) \u0438 \u0435\u0433\u043e \u043f\u0438\u0440\u0438\u0434\u0438\u043d\u043e\u0433\u043e \u0430\u0434\u0434\u0443\u043a\u0442\u0430XXV \u041c\u0435\u0436\u0434\u0443\u043d\u0430\u0440\u043e\u0434\u043d\u0430\u044f \u0427\u0443\u0433\u0430\u0435\u0432\u0441\u043a\u0430\u044f \u041a\u043e\u043d\u0444\u0435\u0440\u0435\u043d\u0446\u0438\u044f \u043f\u043e \u043a\u043e\u043e\u0440\u0434\u0438\u043d\u0430\u0446\u0438\u043e\u043d\u043d\u043e\u0439 \u0445\u0438\u043c\u0438\u0438. \u0421\u0443\u0437\u0434\u0430\u043b\u044c, 2011,\u0441\u0442\u0440.347<br \/>\n\u201c\u0421\u0438\u043d\u0442\u0435\u0437 \u0438 \u0438\u0441\u0441\u043b\u0435\u0434\u043e\u0432\u0430\u043d\u0438\u0435 \u043a\u043e\u043c\u043f\u043b\u0435\u043a\u0441\u043d\u044b\u0445 \u0441\u043e\u0435\u0434\u0438\u043d\u0435\u043d\u0438\u0439 \u0430\u043d\u0442\u0440\u0430\u043d\u0438\u043b\u0430\u0442\u043e\u0432Zn(II), Cd(II) \u0438 \u0438\u0445 \u043f\u0438\u0440\u0430\u0437\u0438\u043d\u043e\u0432\u044b\u0445 \u0430\u0434\u0434\u0443\u043a\u0442\u043e\u0432VI \u041c\u0435\u0436\u0434\u0443\u043d\u0430\u0440\u043e\u0434\u043d\u0430\u044f \u0437\u0430\u043e\u0447\u043d\u0430\u044f \u043d\u0430\u0443\u0447\u043d\u043e-\u043f\u0440\u0430\u043a\u0442\u0438\u0447\u0435\u0441\u043a\u0430\u044f \u043a\u043e\u043d\u0444\u0435\u0440\u0435\u043d\u0446\u0438\u044f,\u041c\u043e\u0441\u043a\u0432\u0430 2013,\u0441\u0442\u0440. 16-20<br \/>\n\u0421\u0438\u043d\u0442\u0435\u0437 \u0438 \u0438\u0441\u0441\u043b\u0435\u0434\u043e\u0432\u0430\u043d\u0438\u0435 \u0430\u043a\u0432\u0430\u043a\u043e\u043c\u043f\u043b\u0435\u043a\u0441\u043e\u0432 \u0438 \u043f\u0438\u0440\u0430\u0437\u0438\u043d\u043e\u0432\u044b\u0445 5-\u043d\u0438\u0442\u0440\u043e, 2-\u0430\u0446\u0435\u0442\u0430\u043c\u0438\u0434\u043e\u0431\u0435\u043d\u0437\u043e\u0430\u0442\u043e\u0432 \u043c\u0435\u0442\u0430\u043b\u043b\u043e\u0432Zn(II), Cd(II) \u0412\u0441\u0435\u0440\u043e\u0441\u0441\u0438\u0439\u0441\u043a\u0430\u044f \u043a\u043e\u043d\u0444\u0435\u0440\u0435\u043d\u0446\u0438\u044f \u043c\u043e\u043b\u043e\u0434\u044b\u0445 \u0443\u0447\u0435\u043d\u044b\u0445, \u0430\u0441\u043f\u0438\u0440\u0430\u043d\u0442\u043e\u0432 \u0438 \u0441\u0442\u0443\u0434\u0435\u043d\u0442\u043e\u0432 \u043c\u0435\u0436\u0434\u0443\u043d\u0430\u0440\u043e\u0434\u043d\u044b\u043c \u0443\u0447\u0430\u0441\u0442\u0438\u0435\u043c \u043f\u043e \u0445\u0438\u043c\u0438\u0438 \u043d\u0430\u043d\u0430\u043c\u0430\u0442\u0435\u0440\u0438\u0430\u043b\u043e\u043c \u00ab\u041c\u0435\u043d\u0434\u0435\u043b\u0435\u0435\u0432-2013\u00bb. \u0421\u0430\u043d\u043a\u0442-\u041f\u0435\u0442\u0435\u0440\u0431\u0443\u0440\u0433,2013, \u0441\u0442\u0440.112-113<br \/>\n\u0421\u0438\u043d\u0442\u0435\u0437 \u0438 \u0438\u0441\u0441\u043b\u0435\u0434\u043e\u0432\u0430\u043d\u0438\u0435 \u043a\u043e\u043c\u043f\u043b\u0435\u043a\u0441\u043e\u0432 \u0438 \u043c\u0435\u0442\u0430\u043b\u043b\u043e\u0432Cu(II), Ag(I), Au(III), Zn(II), Cd(II) c 5- \u043d\u0438\u0442\u0440\u043e, 2-\u0430\u0446\u0435\u0442\u0430\u043c\u0438\u0434\u043e\u0431\u0435\u043d\u0437\u043e\u0439\u043d\u043e\u0439 \u043a\u0438\u0441\u043b\u043e\u0442\u044b\u041c\u0435\u0436\u0434\u0443\u043d\u0430\u0440\u043e\u0434\u043d\u0430\u044f\u041a\u043e\u043d\u0444\u0435\u0440\u0435\u043d\u0446\u0438\u044f \u00ab \u041f\u0435\u0440\u0441\u043f\u0435\u043a\u0442\u0438\u0432\u044b \u0440\u0430\u0437\u0432\u0438\u0442\u0438\u044f \u043d\u0430\u0443\u043a\u0438 \u0432 XXI \u0432\u0435\u043a\u0435\u00bb \u0414\u043e\u043d\u0435\u0446\u043a, 2013, \u0441\u0442\u0440. 8-11<br \/>\n\u0421\u0438\u043d\u0442\u0435\u0437 \u043d\u043e\u0432\u044b\u0445 \u043a\u043e\u043c\u043f\u043b\u0435\u043a\u0441\u043e\u0432 \u043f\u043b\u0430\u0442\u0438\u043d\u0430, \u043f\u0430\u043b\u043b\u0430\u0434\u0438\u044f \u0438 \u0437\u043e\u043b\u043e\u0442\u0430 \u0441 3,5-\u0434\u0438\u043d\u0438\u0442\u0440\u043e\u0431\u0435\u043d\u0437\u043e\u0439\u043d\u043e\u0439 \u043a\u0438\u0441\u043b\u043e\u0442\u043e\u0439VIII \u0412\u0441\u0435\u0440\u043e\u0441\u0441\u0438\u0439\u0441\u043a\u0430\u044f \u043a\u043e\u043d\u0444\u0435\u0440\u0435\u043d\u0446\u0438\u044f c \u043c\u0435\u0436\u0434\u0443\u043d\u0430\u0440\u043e\u0434\u043d\u044b\u043c \u0443\u0447\u0430\u0441\u0442\u0438\u0435\u043c \u043c\u043e\u043b\u043e\u0434\u044b\u0445 \u0443\u0447\u0435\u043d\u044b\u0445, \u043f\u043e \u0445\u0438\u043c\u0438\u0438 \u00ab\u041c\u0435\u043d\u0434\u0435\u043b\u0435\u0435\u0432-2014 \u00bb. \u0421\u0430\u043d\u043a\u0442-\u041f\u0435\u0442\u0435\u0440\u0431\u0443\u0440\u0433,2014, \u0441\u0442\u0440.200-201<br \/>\n\u041e\u0442\u0445\u043e\u0434\u043e \u0437\u0430\u043f\u0430\u0434\u043d\u043e\u0433\u043e \u0440\u0435\u0433\u0438\u043e\u043d\u0430 \u0410\u0437\u0435\u0440\u0431\u0430\u0439\u0434\u0436\u0430\u043d\u0441\u043a\u043e\u0439 \u0440\u0435\u0441\u043f\u0443\u0431\u043b\u0438\u043a\u0438\u041c\u0430\u0442\u0435\u0440\u0438\u0430\u043b\u044b \u041c\u0435\u0436\u0434\u0443\u043d\u0430\u0440\u043e\u0434\u043d\u044b\u0445 \u043d\u0430\u0443\u0447\u043d\u043e \u043f\u0440\u0430\u043a\u0442\u0438\u0447\u0435\u0441\u043a\u0438\u0445\u041a\u043e\u043d\u0444\u0435\u0440\u0435\u043d\u0446\u0438\u0439 \u043e\u0431\u0449\u0435\u0441\u0442\u0432\u0430 \u043d\u0430\u0443\u043a\u0438 \u0442\u0432\u043e\u0440\u0447\u0435\u0441\u0442\u0432\u0430, \u0420\u043e\u0441\u0441\u0438\u044f, \u0433.\u041a\u0430\u0437\u0430\u043d\u044c, 2015,\u2116 22. \u0441\u0442\u0440. 191-193<br \/>\n\u0422\u0435\u0440\u043c\u043e\u0433\u0440\u0430\u0432\u0438\u043c\u0435\u0442\u0440\u0438\u0447\u0435\u0441\u043a\u043e\u0435 \u0438\u0441\u0441\u043b\u0435\u0434\u043e\u0432\u0430\u043d\u0438\u0435 \u043c\u0435\u0442\u0430\u043b\u043b\u043e\u0440\u0433\u0430\u043d\u0438\u0447\u0435\u0441\u043a\u0438\u0445 \u0441\u043e\u0435\u0434\u0438\u043d\u0435\u043d\u0438\u0439 Eu(III), Gd(III), \u041a\u043b\u0430\u0441\u0442\u0435\u0440 \u043a\u043e\u043d\u0444\u0435\u0440\u0435\u043d\u0446\u0438\u0439 \u043f\u043e \u043e\u0440\u0433\u0430\u043d\u0438\u0447\u0435\u0441\u043a\u043e\u0439 \u0445\u0438\u043c\u0438\u0438\u00ab \u041e\u0440\u0433\u0425\u0438\u043c \u2013 2016\u00bb \u0421\u0430\u043d\u043a\u0442 \u041f\u0435\u0442\u0435\u0440\u0431\u0443\u0440\u0433 (\u043f\u043e\u0441. \u0420\u0435\u043f\u0438\u043d\u043e)27\u0438\u044e\u043d\u044f- 01 \u0438\u044e\u043b\u044f 2016 \u0433. \u0441\u0442\u0440.784 ,<br \/>\nStructural Features of Complexes of Rare- Earth Elements with BenzoicAcid Derivatives.3rd INTERNATIONAL TURKIC WORLD CONFERENCEONCHEMICAL SCIENCES AND TECHNOLOGIE (3rd ITWCCST) 10-13 SEPTEMBER2017BAKUAZERBAIJAN. S\u0259h. 29<br \/>\nStudy of the method of synthesis and properties of ethers adipic acid . IV International scientific conference. London. Great Britain. 09-10.02.2023. \u201cGhallenges and problems of modern science\u201d., p.14-17<br \/>\nK\u0130TABLAR<br \/>\n\u00dczvi kimyadan t\u0259cr\u00fcb\u0259 m\u0259\u015f\u011f\u0259l\u0259l\u0259ri. D\u0259rs v\u0259saiti 2011<br \/>\nKe\u00e7id elementl\u0259r kimyas\u0131 . D\u0259rs v\u0259saiti 2017<br \/>\nDil bilgil\u0259ri:<br \/>\nRus dili, \u0130ngilis dili<br \/>\nPartiyal\u0131\u011f\u0131:<br \/>\n2009-cu ild\u0259n YAP-\u0131n \u00fczv\u00fcd\u00fcr<\/strong><\/p>\n","protected":false},"excerpt":{"rendered":"<p>QISA B\u0130OQRAF\u0130K M\u018fLUMAT 15 aprel 1977-c\u0131 il Neft\u00e7ala rayonundaziyal\u0131 ail\u0259sind\u0259 anadan olmu\u015fdur. Ail\u0259lidir, iki \u00f6vlad\u0131 var. T\u0259hsili: 1994-1998-ci ild\u0259 G\u0259nc\u0259 D\u00f6vl\u0259t Universitetinin Kimya fak\u00fclt\u0259sind\u0259t\u0259hsil alaraq f\u0259rql\u0259nm\u0259 diplomu il\u0259 bitirmi\u015fdir. 1998-2000-ci ild\u0259 G\u0259nc\u0259 D\u00f6vl\u0259t Universitetinin Kimya fak\u00fclt\u0259sinin \u00dczvi kimya ixtisas\u0131 \u00fczr\u0259 magistratura \u015f\u00f6b\u0259sind\u0259 t\u0259hsil alaraq f\u0259rql\u0259nm\u0259 diplomu il\u0259 bitirmi\u015fdir. Elmi d\u0259r\u0259c\u0259si v\u0259 adlar\u0131 Az\u0259rbaycan Respublikas\u0131 Prezidenti [&hellip;]<\/p>\n","protected":false},"author":3,"featured_media":5439,"parent":0,"menu_order":0,"comment_status":"closed","ping_status":"closed","template":"","meta":{"footnotes":""},"categories":[24],"tags":[],"_links":{"self":[{"href":"https:\/\/bkf.gdu.edu.az\/index.php?rest_route=\/wp\/v2\/pages\/735"}],"collection":[{"href":"https:\/\/bkf.gdu.edu.az\/index.php?rest_route=\/wp\/v2\/pages"}],"about":[{"href":"https:\/\/bkf.gdu.edu.az\/index.php?rest_route=\/wp\/v2\/types\/page"}],"author":[{"embeddable":true,"href":"https:\/\/bkf.gdu.edu.az\/index.php?rest_route=\/wp\/v2\/users\/3"}],"replies":[{"embeddable":true,"href":"https:\/\/bkf.gdu.edu.az\/index.php?rest_route=%2Fwp%2Fv2%2Fcomments&post=735"}],"version-history":[{"count":7,"href":"https:\/\/bkf.gdu.edu.az\/index.php?rest_route=\/wp\/v2\/pages\/735\/revisions"}],"predecessor-version":[{"id":5441,"href":"https:\/\/bkf.gdu.edu.az\/index.php?rest_route=\/wp\/v2\/pages\/735\/revisions\/5441"}],"wp:featuredmedia":[{"embeddable":true,"href":"https:\/\/bkf.gdu.edu.az\/index.php?rest_route=\/wp\/v2\/media\/5439"}],"wp:attachment":[{"href":"https:\/\/bkf.gdu.edu.az\/index.php?rest_route=%2Fwp%2Fv2%2Fmedia&parent=735"}],"wp:term":[{"taxonomy":"category","embeddable":true,"href":"https:\/\/bkf.gdu.edu.az\/index.php?rest_route=%2Fwp%2Fv2%2Fcategories&post=735"},{"taxonomy":"post_tag","embeddable":true,"href":"https:\/\/bkf.gdu.edu.az\/index.php?rest_route=%2Fwp%2Fv2%2Ftags&post=735"}],"curies":[{"name":"wp","href":"https:\/\/api.w.org\/{rel}","templated":true}]}}