{"id":743,"date":"2016-04-06T10:15:15","date_gmt":"2016-04-06T08:15:15","guid":{"rendered":"http:\/\/bkf.gdu.edu.az\/?page_id=743"},"modified":"2024-02-05T14:59:27","modified_gmt":"2024-02-05T12:59:27","slug":"bas-mu%c9%99llim-mehdiyeva-samir%c9%99-tofiq-qizi","status":"publish","type":"page","link":"https:\/\/bkf.gdu.edu.az\/?page_id=743","title":{"rendered":"dosent MEHD\u0130YEVA SAM\u0130R\u018f TOF\u0130Q QIZI"},"content":{"rendered":"<p><img loading=\"lazy\" decoding=\"async\" class=\"size-full wp-image-5452 alignleft\" src=\"http:\/\/bkf.gdu.edu.az\/wp-content\/uploads\/2024\/02\/samirre.jpg\" alt=\"\" width=\"214\" height=\"299\" \/><\/p>\n<p style=\"text-align: justify;\"><strong>QISA B\u0130OQRAF\u0130K M\u018fLUMAT 25 fevral 1977-ci ild\u0259 Ming\u0259\u00e7evird\u0259 qulluq\u00e7u ail\u0259sind\u0259 anadan olmu\u015fdur. Ail\u0259lidir, iki \u00f6vlad\u0131 var.<br \/>\nT\u0259hsili:<br \/>\n1994-1998-ci ill\u0259rd\u0259 G\u0259nc\u0259 D\u00f6vl\u0259t Pedaqoji \u0130nstitunun Kimya-biologiya fakult\u0259sinin Kimya ixtisas\u0131nda t\u0259hsil alm\u0131\u015fd\u0131r.<br \/>\n1998-2000-ci ill\u0259rd\u0259 G\u0259nc\u0259 D\u00f6vl\u0259t Universitetinin Kimya-biologiya fak\u00fclt\u0259sinin \u00dczvi kimya ixtisas\u0131 \u00fczr\u0259 magistratura \u015f\u00f6b\u0259sind\u0259 t\u0259hsil alaraq f\u0259rql\u0259nm\u0259 diplomu il\u0259 bitirmi\u015fdir.<br \/>\nElmi d\u0259r\u0259c\u0259si v\u0259 adlar\u0131<br \/>\nAz\u0259rbaycan Respublikas\u0131 Prezidenti Yan\u0131nda Ali Attestasiya Komissiyas\u0131n\u0131n 16 dekabr 2016- c\u0131 il tarixli (Pr. \u211626-k) q\u0259rar\u0131 il\u0259 Kimya \u00fczr\u0259 f\u0259ls\u0259f\u0259 doktoru elmi d\u0259r\u0259c\u0259si verilm\u0131\u015fdir.<br \/>\nAz\u0259rbaycan Respublikas\u0131 Prezidenti Yan\u0131nda Ali Attestasiya Komissiyas\u0131n\u0131n 29 mart 2023-c\u00fc il tarixli q\u0259rar\u0131 il\u0259 Kimya elm sah\u0259sinin \u00dczvi kimya ixtisas\u0131 \u00fczr\u0259 dosent elmi ad\u0131 verilm\u0131\u015fdir.<br \/>\n\u018fM\u018fK F\u018fAL\u0130YY\u018fT\u0130<br \/>\n2001-2010-cu ill\u0259rd\u0259 H.Z\u0259rdabi adina KDP\u0130-d\u0259 (indiki G\u0259nc\u0259 D\u00f6vl\u0259t Universiteti) m\u00fc\u0259llim<br \/>\n2010-2023-ci ill\u0259rd\u0259 G\u0259nc\u0259 D\u00f6vl\u0259t Universitetinin Kimya kafedras\u0131nda ba\u015f m\u00fc\u0259llim<br \/>\n2023-ci ild\u0259n G\u0259nc\u0259 D\u00f6vl\u0259t Universitetinin Kimya kafedras\u0131nda dosent<br \/>\nT\u0259ltifl\u0259ri<br \/>\nG\u0259nc\u0259 D\u00f6v\u0259ltinin Universitetin 2016-c\u0131 il tarixli \u0259mri il\u0259 F\u0259xri f\u0259rmanla t\u0259ltif edilmi\u015fdir.T\u018fDQ\u0130QAT SAH\u018fS\u0130<br \/>\nC6-C10 alkilmetakrilatlar, \u03b1-olefinl\u0259r v\u0259 m\u00fcr\u0259kk\u0259b allil efirl\u0259ri \u0259sas\u0131nda polimer a\u015fqarlar\u0131n sintezi v\u0259 t\u0259dqiqi<br \/>\nSE\u00c7\u0130LM\u0130\u015e ELM\u0130 \u018fS\u018fRL\u018fR\u0130:<br \/>\nModifikasiya olunmu\u015f dipolialkiltiofosfat tipli \u00e7oxfunksiyal\u0131 a\u015fqarin al\u0131nmas\u0131AMEA G\u0259nc\u0259 b\u00f6lm\u0259si Elmi X\u0259b\u0259rl\u0259r jurnal\u0131 2017 \u2116 4<br \/>\nPolialkilmetakrilat tipli a\u015fqarlar\u0131n neft ya\u011flar\u0131n\u0131n t\u0259rkibind\u0259 t\u0259dqiqi.AMEA G\u0259nc\u0259 b\u00f6lm\u0259si Elmi X\u0259b\u0259rl\u0259r jurnal\u0131 2018 \u21162(13), Czesc 2<br \/>\nNeft ya\u011flar\u0131na \u00f6zl\u00fcl\u00fck a\u015fqarlar\u0131 kimi nonil-metakrilt-heksen-1 birg\u0259 polimerl\u0259rinin sintezi v\u0259 kimy\u0259vi qurulu\u015flar\u0131n\u0131n t\u0259dqiqiPedaqoji Universitetin X\u0259b\u0259rl\u0259ri 2018\u2116 2<br \/>\n\u0420\u0435\u0430\u043a\u0446\u0438\u0438\u043f\u0440\u043e\u0442\u0435\u043a\u0430\u044e\u0449\u0438\u0435\u043f\u043e\u0434\u0423\u0424\u0438\u0437\u043b\u0443\u0447\u0435\u043d\u0438\u0435\u043c \u041c\u0435\u0436\u0434\u0443\u043d\u0430\u0440\u043e\u0434\u043d\u044b\u0439 \u043d\u0430\u0443\u0447\u043d\u043e-\u0438\u0441\u0441\u043b\u0435\u0434\u043e\u0432\u0430\u0442\u0435\u043b\u044c\u0441\u043a\u0438\u0439 \u0436\u0443\u0440\u043d\u0430\u043b \u041c\u043e\u0441\u043a\u0432\u0430 201910\/67 \u0432\u044b\u043f\u0443\u0441\u043a \u0442\u043e\u043c \u211610<br \/>\nDesilmetakrilat\u0131n stabill\u0259\u015fdirici monomerl\u0259 birg\u0259 polimerl\u0259\u015fdirilm\u0259si v\u0259 neft ya\u011flar\u0131n\u0131n t\u0259rkibind\u0259 t\u0259dqiqi AMEA G\u0259nc\u0259 b\u00f6lm\u0259si Elmi X\u0259b\u0259rl\u0259r jurnal\u01312021<br \/>\nAllil monomerl\u0259rinin birg\u0259 polimerl\u0259\u015fm\u0259si v\u0259 neft ya\u011flar\u0131n\u0131n t\u0259rkibind\u0259 t\u0259dqiqi \u00dcmummilli lider Heyd\u0259r \u018fliyevin anadan olmas\u0131n\u0131n 95-ci ild\u00f6n\u00fcm\u00fcn\u0259 h\u0259sr olunan \u201c M\u00fcasir t\u0259bi\u0259t v\u0259 iqtisadi elml\u0259rinin aktual probleml\u0259ri\u201d GDU 2019, 04-05 may.<br \/>\nNeft ya\u011flar\u0131n\u0131n \u00f6zl\u00fcl\u00fck-temperatur xass\u0259l\u0259ri v\u0259onlar\u0131 yax\u015f\u0131la\u015fd\u0131rmaq yollar\u0131 AMEA G\u0259nc\u0259 b\u00f6lm\u0259si Elmi X\u0259b\u0259rl\u0259r jurnal\u01312022 Akademik \u018f.M.Quliyevin 110 illik yubioleyin\u0259 h\u0259sr olunmu\u015f Elmi-praktik konfrans<br \/>\nNew Synthesis of 3- and 1,3-pyrazole derivateives based on 1-cycloalkyl-2,3-chloro-1-propanones Kimya Probleml\u0259r Jurnal\u0131 17.08.2022 \u2116 7<br \/>\n\u0424\u0410\u0417\u041e\u0412\u041e\u0415 \u0420\u0410\u0412\u041d\u041e\u0412\u0415\u0421\u0418\u0415 \u0418 \u0421\u0422\u0415\u041a\u041b\u041e\u041e\u0411\u0420\u0410\u0417\u041e\u0412\u0410\u041d\u0418\u042f \u0412 \u0421\u0418\u0421\u0422\u0415\u041c\u0415 As2Se3-\u0421uCr2\u0422e4 .\u0415\u0432\u0440\u0430\u0437\u0438\u0439\u0441\u043a\u0438\u0439 \u0421\u043e\u044e\u0437 \u0423\u0447\u0435\u043d\u044b\u0445 \u2116 2 (71) \/ 2020<br \/>\nBEYN\u018fLXALQ SEM\u0130NAR, S\u0130MPOZ\u0130UM V\u018f KONFRANSLARDA \u0130\u015eT\u0130RAKI<br \/>\nAnalysis of sea water taken from the area Caspian sea.International scientific and practical conference. Gutting-Edge Science 2021 Shawnee, USA 2021, February<br \/>\n\u0130nvestigaion of the interaction in the InTe-Sb2Te3 system Kimya Probleml\u0259r Jurnal\u0131aprel 2020\u2116 1Ecological aspects ofthe use of ferrosenyl carbinolsJournal of Chemistry Letters 2021. Published by the Chemical Society of Japan Online ISSN 03667022, 13480715.3.<br \/>\nEnvironmental monitoring some areas of the Azerbaijan. 5thInternational Engineering and Natural Sciences Conference ( IENSC 2020) Proceeding Book. November 5-6, 2020 Dicle University, Diyarbekir\/Turkey<br \/>\nK\u0130TABLAR<br \/>\n\u00dczvi kimyadan t\u0259cr\u00fcb\u0259 m\u0259\u015f\u011f\u0259l\u0259l\u0259ri. D\u0259rs v\u0259saiti 2019<br \/>\n\u00dczvi kimya (Azotlu \u00fczvi birl\u0259\u015fm\u0259l\u0259r). D\u0259rs v\u0259saiti. 2021<br \/>\nDil bilgil\u0259ri:<br \/>\nRus dili, \u0130ngilis dili<br \/>\nPartiyal\u0131\u011f\u0131:<br \/>\n2001-ci ild\u0259n YAP-\u0131n \u00fczv\u00fcd\u00fcr<\/strong><\/p>\n","protected":false},"excerpt":{"rendered":"<p>QISA B\u0130OQRAF\u0130K M\u018fLUMAT 25 fevral 1977-ci ild\u0259 Ming\u0259\u00e7evird\u0259 qulluq\u00e7u ail\u0259sind\u0259 anadan olmu\u015fdur. Ail\u0259lidir, iki \u00f6vlad\u0131 var. T\u0259hsili: 1994-1998-ci ill\u0259rd\u0259 G\u0259nc\u0259 D\u00f6vl\u0259t Pedaqoji \u0130nstitunun Kimya-biologiya fakult\u0259sinin Kimya ixtisas\u0131nda t\u0259hsil alm\u0131\u015fd\u0131r. 1998-2000-ci ill\u0259rd\u0259 G\u0259nc\u0259 D\u00f6vl\u0259t Universitetinin Kimya-biologiya fak\u00fclt\u0259sinin \u00dczvi kimya ixtisas\u0131 \u00fczr\u0259 magistratura \u015f\u00f6b\u0259sind\u0259 t\u0259hsil alaraq f\u0259rql\u0259nm\u0259 diplomu il\u0259 bitirmi\u015fdir. Elmi d\u0259r\u0259c\u0259si v\u0259 adlar\u0131 Az\u0259rbaycan Respublikas\u0131 Prezidenti [&hellip;]<\/p>\n","protected":false},"author":3,"featured_media":5452,"parent":0,"menu_order":0,"comment_status":"closed","ping_status":"closed","template":"","meta":{"footnotes":""},"categories":[24],"tags":[],"_links":{"self":[{"href":"https:\/\/bkf.gdu.edu.az\/index.php?rest_route=\/wp\/v2\/pages\/743"}],"collection":[{"href":"https:\/\/bkf.gdu.edu.az\/index.php?rest_route=\/wp\/v2\/pages"}],"about":[{"href":"https:\/\/bkf.gdu.edu.az\/index.php?rest_route=\/wp\/v2\/types\/page"}],"author":[{"embeddable":true,"href":"https:\/\/bkf.gdu.edu.az\/index.php?rest_route=\/wp\/v2\/users\/3"}],"replies":[{"embeddable":true,"href":"https:\/\/bkf.gdu.edu.az\/index.php?rest_route=%2Fwp%2Fv2%2Fcomments&post=743"}],"version-history":[{"count":5,"href":"https:\/\/bkf.gdu.edu.az\/index.php?rest_route=\/wp\/v2\/pages\/743\/revisions"}],"predecessor-version":[{"id":5454,"href":"https:\/\/bkf.gdu.edu.az\/index.php?rest_route=\/wp\/v2\/pages\/743\/revisions\/5454"}],"wp:featuredmedia":[{"embeddable":true,"href":"https:\/\/bkf.gdu.edu.az\/index.php?rest_route=\/wp\/v2\/media\/5452"}],"wp:attachment":[{"href":"https:\/\/bkf.gdu.edu.az\/index.php?rest_route=%2Fwp%2Fv2%2Fmedia&parent=743"}],"wp:term":[{"taxonomy":"category","embeddable":true,"href":"https:\/\/bkf.gdu.edu.az\/index.php?rest_route=%2Fwp%2Fv2%2Fcategories&post=743"},{"taxonomy":"post_tag","embeddable":true,"href":"https:\/\/bkf.gdu.edu.az\/index.php?rest_route=%2Fwp%2Fv2%2Ftags&post=743"}],"curies":[{"name":"wp","href":"https:\/\/api.w.org\/{rel}","templated":true}]}}