{"id":769,"date":"2016-04-26T11:17:46","date_gmt":"2016-04-26T09:17:46","guid":{"rendered":"http:\/\/bkf.gdu.edu.az\/?page_id=769"},"modified":"2024-02-05T13:56:37","modified_gmt":"2024-02-05T11:56:37","slug":"dosent-c%c9%99f%c9%99rov-elxan-firad-oglu-2","status":"publish","type":"page","link":"https:\/\/bkf.gdu.edu.az\/?page_id=769","title":{"rendered":"DOSENT C\u018fF\u018fROV ELXAN F\u0130RAD O\u011eLU"},"content":{"rendered":"<p><strong><img loading=\"lazy\" decoding=\"async\" class=\"size-full wp-image-5421 alignleft\" src=\"http:\/\/bkf.gdu.edu.az\/wp-content\/uploads\/2024\/02\/elxann.jpg\" alt=\"\" width=\"207\" height=\"290\" \/>QISA B\u0130OQRAF\u0130K M\u018fLUMAT<\/strong><\/p>\n<p>02.011945 &#8211; tarixind\u0259 C\u0259bray\u0131l rayonunda ziyal\u0131 ail\u0259sind\u0259 anadan olmu\u015fdur. Ail\u0259lidir 5 \u00f6vlad\u0131 var.<br \/>\nT\u0259hsili:<br \/>\n1969-cu ild\u0259 Az\u0259rbaycan D\u00f6vl\u0259t Universitetinin kimya fak\u00fclt\u0259sinin \u00abKimya\u00bb ixtisas\u0131n\u0131 bitirmi\u015fdir.<br \/>\nElmi d\u0259r\u0259c\u0259si v\u0259 adlar\u0131<br \/>\n05.02.1992-ci ild\u0259 ( protokol \u21164) \u201cDoymam\u0131\u015f karbofunksional Germanium (Qalay) \u00fczvi birl\u0259\u015fm\u0259l\u0259rin sintezi v\u0259 xass\u0259l\u0259ri\u201d adl\u0131 m\u00f6vzunu m\u00fcdafi\u0259 ed\u0259r\u0259k kimya elml\u0259ri namiz\u0259di ad\u0131na layiq g\u00f6r\u00fclm\u00fc\u015fd\u00fcr.<br \/>\n06.2004-c\u00fc il tarixli ( protokol \u211621) q\u0259rar\u0131 il\u0259 Kimya kafedras\u0131 \u00fczr\u0259 \u201cDosent\u201d elmi ad\u0131 verilmi\u015fdir.<br \/>\n2004-c\u00fc ild\u0259n dosent v\u0259zif\u0259sind\u0259 \u00e7al\u0131\u015f\u0131r.<br \/>\n\u018fM\u018fK F\u018fAL\u0130YY\u018fT\u0130<br \/>\n1973-c\u00fc ild\u0259n G\u0259nc\u0259 D\u00f6vl\u0259t Universitetinin Kimya kafedras\u0131nda laborant, laboratoriya m\u00fcdiri, m\u00fc\u0259llim, ba\u015f m\u00fc\u0259llim, dosent, kafedra m\u00fcdiri v\u0259zif\u0259sind\u0259 i\u015fl\u0259mi\u015fdir. Bu d\u00f6vrl\u0259rd\u0259 \u00e7oxlu sayda t\u0259l\u0259b\u0259l\u0259rin kimya i\u015ftisas\u0131n\u0131 sevm\u0259sin\u0259 v\u0259 bir m\u00fct\u0259x\u0259ssis kimi yeti\u015fm\u0259sin\u0259 \u00f6z i\u015f t\u0259cr\u00fcb\u0259si \u0259sas\u0131nda k\u00f6m\u0259klik etmi\u015fdir.<br \/>\nT\u0259ltifl\u0259ri<br \/>\n04.02.2015-ci il \u21162569 sayl\u0131 \u0259mrl\u0259 Az\u0259rbaycan Respublikas\u0131 T\u0259hsil Nazirliyi y\u00fcks\u0259k ixtisasl\u0131 kadrlar\u0131n haz\u0131rlanmas\u0131nda uzun m\u00fcdd\u0259t s\u0259m\u0259r\u0259li elmi-pedaqoji f\u0259aliyy\u0259tin\u0259 g\u00f6r\u0259 F\u0259xri f\u0259rmanla t\u0259ltif edilmi\u015fdir.<br \/>\n13.11.2018-ci il tarixli 101 n\u00f6mr\u0259li q\u0259rar\u0131 il\u0259 G\u0259nc n\u0259slin t\u0259lim-t\u0259tbiy\u0259sind\u0259ki s\u0259m\u0259r\u0259li xidm\u0259tl\u0259rin\u0259, elmi-pedaqoji f\u0259aliyy\u0259tin\u0259 v\u0259 GDU-nun 85 illik yubileyi m\u00fcnasib\u0259til\u0259 F\u0259xri f\u0259rmanla t\u0259ltif edilmi\u015fdir.T\u018fDQ\u0130QAT SAH\u018fS\u0130<br \/>\n\u00abGe-N, Ge-O, Ge-S, Sn-N, Sn-S \u0259laq\u0259li \u00fczvi birl\u0259\u015fm\u0259l\u0259rin sintezi, xass\u0259l\u0259ri v\u0259 t\u0259tbiqi sah\u0259l\u0259ri\u00bb<br \/>\nElmi istiqam\u0259tin \u0259sas hiss\u0259l\u0259ri \u00abGe-N, Ge-O, Ge-S, Sn-N, Sn-S \u0259laq\u0259li \u00fczvi birl\u0259\u015fm\u0259l\u0259rin sintezi, xass\u0259l\u0259ri v\u0259 t\u0259tbiqi sah\u0259l\u0259ri\u00bbnin t\u0259dqiqin\u0259 h\u0259sr edilmi\u015fdir. Elmi f\u0259aliyy\u0259td\u0259 al\u0131nan n\u0259tic\u0259l\u0259r \u00f6z \u0259ksaini 35 elmi m\u0259qal\u0259l\u0259rd\u0259 tapm\u0131\u015fd\u0131r. Bunlardan \u0259n m\u00fch\u00fcm olanlar\u0131n siyah\u0131s\u0131 a\u015fa\u011f\u0131da verilmi\u015fdir:<br \/>\n1. Alkilgermanium halogenl\u0259rin b\u0259zi ikili aminl\u0259rl\u0259 reaksiyas\u0131. Az.kim.curn. \u21166 1986<br \/>\n2. T\u0259rkibind\u0259 Si-S v\u0259 Si-N \u0259laq\u0259 saxlayan \u00fczvi birl\u0259\u015fm\u0259l\u0259rin sintezi<br \/>\n3. Ge-N \u0259laq\u0259li birl\u0259\u015fm\u0259l\u0259rin sintezi Az.El.Ak.GREM G\u0259nc\u0259-2003 s\u0259h.38-39<br \/>\n4. Endik s\u0131ras\u0131 Germanium (qalay) \u00fczvi karbosilatlar\u0131n sintezi v\u0259 t\u0259dqiqi Az.E.Ak. GREM<br \/>\n5. Gs-S Sn-S \u0259laq\u0259li \u00fczvi birl\u0259\u015fm\u0259l\u0259rin sintezi GREM 2006 \u21163<br \/>\n6. B\u0259zi germanium v\u0259 qalay karbofunksional birl\u0259\u015fm\u0259l\u0259rin t\u0259tbiq sah\u0259l\u0259rinin t\u0259dqiqi Az.El.Ak. GREM G\u0259nc\u0259 2008 \u211633<br \/>\n7. Aromatik tiollar\u0131n Germanium (Qalay) \u00fczvi birl\u0259\u015fm\u0259l\u0259rin sintezi. Az.El.Ak. Kimya Probleml\u0259ri \u0130nstitutu 2012<br \/>\nSE\u00c7\u0130LM\u0130\u015e ELM\u0130 \u018fS\u018fRL\u018fR\u0130:<br \/>\nAlkilgermanium halogenl\u0259rin b\u0259zi ikili aminl\u0259rl\u0259 reaksiyas\u0131. Az.kim.curn. \u21166 1986<br \/>\n2. T\u0259rkibind\u0259 Si-S v\u0259 Si-N \u0259laq\u0259 saxlayan \u00fczvi birl\u0259\u015fm\u0259l\u0259rin sintezi<br \/>\n3. Ge-N \u0259laq\u0259li birl\u0259\u015fm\u0259l\u0259rin sintezi Az.El.Ak.GREM G\u0259nc\u0259-2003 s\u0259h.38-39<br \/>\n4. Endik s\u0131ras\u0131 Germanium (qalay) \u00fczvi karbosilatlar\u0131n sintezi v\u0259 t\u0259dqiqi Az.E.Ak. GREM<br \/>\n5. Gs-S Sn-S \u0259laq\u0259li \u00fczvi birl\u0259\u015fm\u0259l\u0259rin sintezi GREM 2006 \u21163<br \/>\n6. B\u0259zi germanium v\u0259 qalay karbofunksional birl\u0259\u015fm\u0259l\u0259rin t\u0259tbiq sah\u0259l\u0259rinin t\u0259dqiqi Az.El.Ak. GREM G\u0259nc\u0259 2008 \u211633<br \/>\n7. Aromatik tiollar\u0131n Germanium (Qalay) \u00fczvi birl\u0259\u015fm\u0259l\u0259rin sintezi. Az.El.Ak. Kimya Probleml\u0259ri \u0130nstitutu 2012<br \/>\nBEYN\u018fLXALQ SEM\u0130NAR, S\u0130MPOZ\u0130UM V\u018f KONFRANSLARDA \u0130\u015eT\u0130RAKI<br \/>\n\u0420\u0435\u0430\u043a\u0446\u0438\u044f \u0444\u0435\u043d\u0438\u043b\u0442\u0438\u043e\u0432\u0438\u043d\u0438\u043b\u044c\u043d\u044b\u0445 \u044d\u0444\u0438\u0440\u043e\u0432 \u0442\u0440\u0438\u0430\u043b\u043a\u0438\u043b\u0433\u0435\u0440\u043c\u0430\u043d\u0438\u0439 \u0433\u0430\u043b\u043e\u0433\u0435\u043d\u043e\u0432 \u041a\u043e\u043d. 150-\u043b\u0435\u0442 \u0414.\u0418.\u041c\u0435\u043d\u0434\u0435\u043b\u0435\u0435\u0432\u0430 \u0411\u0430\u043a\u0443 1984 1 \u0441\u0435\u043a\u0446\u0438\u044f<br \/>\n2. \u0421\u0438\u043d\u0442\u0435\u0437 \u0438 \u0438\u0437\u0443\u0447\u0435\u043d\u0438\u0435 \u0431\u0438\u043e\u043b\u043e\u0433\u0438\u0447\u0435\u0441\u043a\u043e\u0439 \u0430\u043a\u0442\u0438\u0432\u043d\u043e\u0441\u0442\u0438 \u0441\u0435\u0440\u043e\u043e\u0440\u0433\u0430\u043d\u0438\u0447\u0435\u0441\u043a\u0438\u0445 \u0441\u043e\u0435\u0434\u0438\u043d\u0435\u043d\u0438\u0439. \u041c\u0435\u0436\u0432\u0443\u0437\u043e\u0432\u0441\u043a\u043e\u0439 \u041d\u0430\u0443\u0447. \u041a\u043e\u043d\u0444. \u0422\u0431\u0438\u043b\u0438\u0441\u0438 1981 2 \u0441\u0435\u043a. \u0421\u0442\u0440.181-183<br \/>\nK\u0130TABLAR<br \/>\n\u201cB\u0259zi kimy\u0259vi birl\u0259\u015fm\u0259l\u0259rin canl\u0131 al\u0259m\u0259 v\u0259 \u0259traf m\u00fchit\u0259 t\u0259siri\u201d 2003<br \/>\n\u201c\u00dczvi birl\u0259\u015fm\u0259l\u0259rin sintezi v\u0259 t\u0259dqiqi\u201d A.E.Zeynalova, M.\u018f.N\u0259biyeva 2019<br \/>\nPART\u0130YALILI\u011eI:<br \/>\nYAP<br \/>\nD\u0130L B\u0130LG\u0130L\u018fR\u0130:<br \/>\nRus dili<\/p>\n","protected":false},"excerpt":{"rendered":"<p>QISA B\u0130OQRAF\u0130K M\u018fLUMAT 02.011945 &#8211; tarixind\u0259 C\u0259bray\u0131l rayonunda ziyal\u0131 ail\u0259sind\u0259 anadan olmu\u015fdur. Ail\u0259lidir 5 \u00f6vlad\u0131 var. T\u0259hsili: 1969-cu ild\u0259 Az\u0259rbaycan D\u00f6vl\u0259t Universitetinin kimya fak\u00fclt\u0259sinin \u00abKimya\u00bb ixtisas\u0131n\u0131 bitirmi\u015fdir. Elmi d\u0259r\u0259c\u0259si v\u0259 adlar\u0131 05.02.1992-ci ild\u0259 ( protokol \u21164) \u201cDoymam\u0131\u015f karbofunksional Germanium (Qalay) \u00fczvi birl\u0259\u015fm\u0259l\u0259rin sintezi v\u0259 xass\u0259l\u0259ri\u201d adl\u0131 m\u00f6vzunu m\u00fcdafi\u0259 ed\u0259r\u0259k kimya elml\u0259ri namiz\u0259di ad\u0131na layiq g\u00f6r\u00fclm\u00fc\u015fd\u00fcr. [&hellip;]<\/p>\n","protected":false},"author":3,"featured_media":5421,"parent":0,"menu_order":0,"comment_status":"closed","ping_status":"closed","template":"","meta":{"footnotes":""},"categories":[24],"tags":[],"_links":{"self":[{"href":"https:\/\/bkf.gdu.edu.az\/index.php?rest_route=\/wp\/v2\/pages\/769"}],"collection":[{"href":"https:\/\/bkf.gdu.edu.az\/index.php?rest_route=\/wp\/v2\/pages"}],"about":[{"href":"https:\/\/bkf.gdu.edu.az\/index.php?rest_route=\/wp\/v2\/types\/page"}],"author":[{"embeddable":true,"href":"https:\/\/bkf.gdu.edu.az\/index.php?rest_route=\/wp\/v2\/users\/3"}],"replies":[{"embeddable":true,"href":"https:\/\/bkf.gdu.edu.az\/index.php?rest_route=%2Fwp%2Fv2%2Fcomments&post=769"}],"version-history":[{"count":2,"href":"https:\/\/bkf.gdu.edu.az\/index.php?rest_route=\/wp\/v2\/pages\/769\/revisions"}],"predecessor-version":[{"id":5423,"href":"https:\/\/bkf.gdu.edu.az\/index.php?rest_route=\/wp\/v2\/pages\/769\/revisions\/5423"}],"wp:featuredmedia":[{"embeddable":true,"href":"https:\/\/bkf.gdu.edu.az\/index.php?rest_route=\/wp\/v2\/media\/5421"}],"wp:attachment":[{"href":"https:\/\/bkf.gdu.edu.az\/index.php?rest_route=%2Fwp%2Fv2%2Fmedia&parent=769"}],"wp:term":[{"taxonomy":"category","embeddable":true,"href":"https:\/\/bkf.gdu.edu.az\/index.php?rest_route=%2Fwp%2Fv2%2Fcategories&post=769"},{"taxonomy":"post_tag","embeddable":true,"href":"https:\/\/bkf.gdu.edu.az\/index.php?rest_route=%2Fwp%2Fv2%2Ftags&post=769"}],"curies":[{"name":"wp","href":"https:\/\/api.w.org\/{rel}","templated":true}]}}