{"id":796,"date":"2016-04-21T13:04:18","date_gmt":"2016-04-21T11:04:18","guid":{"rendered":"http:\/\/bkf.gdu.edu.az\/?page_id=796"},"modified":"2025-02-25T09:31:01","modified_gmt":"2025-02-25T07:31:01","slug":"dosent-%c9%99l%c9%99kb%c9%99rov-nazim-mustafa-oglu-2","status":"publish","type":"page","link":"https:\/\/bkf.gdu.edu.az\/?page_id=796","title":{"rendered":"Sar\u0131yeva G\u00fcnel \u0130dris q\u0131z\u0131"},"content":{"rendered":"<p><img loading=\"lazy\" decoding=\"async\" class=\"alignnone size-full wp-image-6208\" src=\"http:\/\/bkf.gdu.edu.az\/wp-content\/uploads\/2025\/02\/20250225_111652.jpg\" alt=\"\" width=\"335\" height=\"418\" \/><\/p>\n\n\n<p>Sar\u0131yeva Ginel \u0130dris q\u0131z\u0131 24 mart 1982-ci ild\u0259 \u015e\u0259mkir rayonu Bayraml\u0131 k\u0259ndind\u0259 anadan olub. 2001-ci ild\u0259  G\u0259nc\u0259 D\u00f6vl\u0259t Universitetinin Kimya-biologiya fak\u00fclt\u0259sinin Biologiya ixtisas\u0131na (Qiyabi t\u0259hsil \u00fczr\u0259) q\u0259bul olmu\u015f, 2006-ci ild\u0259 h\u0259min ixtisas\u0131 f\u0259rql\u0259nm\u0259 diplomu il\u0259 bitirmi\u015fdir. 2018-ci ild\u0259n G\u0259nc\u0259 D\u00f6vl\u0259t Universitetinin Pedaqoji fak\u00fclt\u0259sind\u0259 Operator\u00a0 i\u015fl\u0259mi\u015fdir. 2021-ild\u0259 ADAU-nun Aqrogeobotanika ixtisas\u0131n\u0131n Magistraturas\u0131na q\u0259bul olmu\u015f v\u0259 2023-c\u00fc ild\u0259 mudafi\u0259 edib m\u0259zun olmu\u015fdur.   <\/p>\n\n\n\n<p>Hal-haz\u0131rda G\u0259nc\u0259 D\u00f6vl\u0259t Universitetinin Kimya-biologiya fak\u00fclt\u0259sind\u0259 V kurs t\u0259l\u0259b\u0259l\u0259rin\u0259 akademik m\u0259sl\u0259h\u0259t\u00e7i kimi f\u0259aliyy\u0259t g\u00f6st\u0259rir.<\/p>\n","protected":false},"excerpt":{"rendered":"<p>Sar\u0131yeva Ginel \u0130dris q\u0131z\u0131 24 mart 1982-ci ild\u0259 \u015e\u0259mkir rayonu Bayraml\u0131 k\u0259ndind\u0259 anadan olub. 2001-ci ild\u0259 G\u0259nc\u0259 D\u00f6vl\u0259t Universitetinin Kimya-biologiya fak\u00fclt\u0259sinin Biologiya ixtisas\u0131na (Qiyabi t\u0259hsil \u00fczr\u0259) q\u0259bul olmu\u015f, 2006-ci ild\u0259 h\u0259min ixtisas\u0131 f\u0259rql\u0259nm\u0259 diplomu il\u0259 bitirmi\u015fdir. 2018-ci ild\u0259n G\u0259nc\u0259 D\u00f6vl\u0259t Universitetinin Pedaqoji fak\u00fclt\u0259sind\u0259 Operator\u00a0 i\u015fl\u0259mi\u015fdir. 2021-ild\u0259 ADAU-nun Aqrogeobotanika ixtisas\u0131n\u0131n Magistraturas\u0131na q\u0259bul olmu\u015f v\u0259 2023-c\u00fc ild\u0259 [&hellip;]<\/p>\n","protected":false},"author":3,"featured_media":6208,"parent":0,"menu_order":0,"comment_status":"closed","ping_status":"closed","template":"","meta":{"footnotes":""},"categories":[1],"tags":[],"_links":{"self":[{"href":"https:\/\/bkf.gdu.edu.az\/index.php?rest_route=\/wp\/v2\/pages\/796"}],"collection":[{"href":"https:\/\/bkf.gdu.edu.az\/index.php?rest_route=\/wp\/v2\/pages"}],"about":[{"href":"https:\/\/bkf.gdu.edu.az\/index.php?rest_route=\/wp\/v2\/types\/page"}],"author":[{"embeddable":true,"href":"https:\/\/bkf.gdu.edu.az\/index.php?rest_route=\/wp\/v2\/users\/3"}],"replies":[{"embeddable":true,"href":"https:\/\/bkf.gdu.edu.az\/index.php?rest_route=%2Fwp%2Fv2%2Fcomments&post=796"}],"version-history":[{"count":5,"href":"https:\/\/bkf.gdu.edu.az\/index.php?rest_route=\/wp\/v2\/pages\/796\/revisions"}],"predecessor-version":[{"id":6209,"href":"https:\/\/bkf.gdu.edu.az\/index.php?rest_route=\/wp\/v2\/pages\/796\/revisions\/6209"}],"wp:featuredmedia":[{"embeddable":true,"href":"https:\/\/bkf.gdu.edu.az\/index.php?rest_route=\/wp\/v2\/media\/6208"}],"wp:attachment":[{"href":"https:\/\/bkf.gdu.edu.az\/index.php?rest_route=%2Fwp%2Fv2%2Fmedia&parent=796"}],"wp:term":[{"taxonomy":"category","embeddable":true,"href":"https:\/\/bkf.gdu.edu.az\/index.php?rest_route=%2Fwp%2Fv2%2Fcategories&post=796"},{"taxonomy":"post_tag","embeddable":true,"href":"https:\/\/bkf.gdu.edu.az\/index.php?rest_route=%2Fwp%2Fv2%2Ftags&post=796"}],"curies":[{"name":"wp","href":"https:\/\/api.w.org\/{rel}","templated":true}]}}