{"id":807,"date":"2016-04-12T14:20:40","date_gmt":"2016-04-12T12:20:40","guid":{"rendered":"http:\/\/bkf.gdu.edu.az\/?page_id=807"},"modified":"2025-10-08T11:47:26","modified_gmt":"2025-10-08T09:47:26","slug":"kimya-t%c9%99drisi-uzr%c9%99-pedaqoji-elml%c9%99r-namiz%c9%99di-dosent-qabaqcil-t%c9%99hsil-iscisi-alverdiyev-isf%c9%99ndiyar-cavid-oglu","status":"publish","type":"page","link":"https:\/\/bkf.gdu.edu.az\/?page_id=807","title":{"rendered":"Kimya elml\u0259ri doktoru, professor, qabaqc\u0131l t\u0259hsil i\u015f\u00e7isi, ALVERD\u0130YEV \u0130SF\u018fND\u0130YAR CAV\u0130D O\u011eLU"},"content":{"rendered":"<h3><strong><a href=\"http:\/\/bkf.gdu.edu.az\/wp-content\/uploads\/2015\/12\/DSC_6838.jpg\"><img loading=\"lazy\" decoding=\"async\" class=\"size-full wp-image-702 alignright\" src=\"http:\/\/bkf.gdu.edu.az\/wp-content\/uploads\/2015\/12\/DSC_6838.jpg\" alt=\"DSC_6838\" width=\"343\" height=\"410\" srcset=\"https:\/\/bkf.gdu.edu.az\/wp-content\/uploads\/2015\/12\/DSC_6838.jpg 343w, https:\/\/bkf.gdu.edu.az\/wp-content\/uploads\/2015\/12\/DSC_6838-251x300.jpg 251w\" sizes=\"(max-width: 343px) 100vw, 343px\" \/><\/a><\/strong><strong>Kimya elml\u0259ri doktoru, professor, qabaqc\u0131l t\u0259hsil i\u015f\u00e7isi,<\/strong><br \/>\n<strong>Kimya v\u0259 biologiya fak\u00fclt\u0259sinin dekan\u0131<\/strong><br \/>\n<em><span style=\"color: #3366ff;\">E-mail: ialverdiyev@mail.ru<\/span><\/em><br \/>\n<em><span style=\"color: #3366ff;\">Telefon i\u015f: (022) 256 11 18, 050 660 57 17<\/span><\/em><\/h3>\n<p><strong>QISA B\u0130OQRAF\u0130K M\u018fLUMAT<\/strong><br \/>\n21noyabr 1973-c\u00fc ild\u0259 G\u0259nc\u0259 \u015f\u0259h\u0259rind\u0259 anadan olub. 1980-1990-c\u0131 ill\u0259rd\u0259 G\u0259nc\u0259 \u015f\u0259h\u0259r Mir C\u0259lal ad\u0131na 39 sayl\u0131 orta m\u0259kt\u0259bind\u0259 t\u0259hsil alm\u0131\u015fd\u0131r.<br \/>\n1991-ci ild\u0259 G\u0259nc\u0259 D\u00f6vl\u0259t Universitetinin Biologiya-kimya ixtisas\u0131na \u0259la qiym\u0259tl\u0259rl\u0259 daxil olmu\u015f. 1996-c\u0131 ild\u0259 f\u0259rql\u0259nm\u0259 diplomu il\u0259 oran\u0131 bitirmi\u015fdir.<br \/>\n2003-c\u00fc ild\u0259 Bak\u0131 D\u00f6vl\u0259t Universitetind\u0259 dissertasiya i\u015fini tamamlayaraq m\u00fcdafi\u0259 etmi\u015fdir. 2009-cu ild\u0259n G\u0259nc\u0259 D\u00f6vl\u0259t Universitetinin Kimya kafedras\u0131n\u0131n dosentidir.<br \/>\n2010-cu ild\u0259 \u0130nteraktiv t\u0259lim \u00fczr\u0259 sertifikat alm\u0131\u015fd\u0131r.<br \/>\n2014-c\u00fc ild\u0259n 23.03.01-Qeyri \u00fczvi kimya ixtisas\u0131 \u00fczr\u0259 AMEA G\u0259nc\u0259 b\u00f6lm\u0259sinin elml\u0259r doktoru proqram\u0131 \u00fczr\u0259 (qiyabi) doktorant\u0131d\u0131r.<br \/>\n2014-c\u00fc ild\u0259 T\u0259hsil Nazirliyi t\u0259r\u0259find\u0259n qabaqc\u0131l t\u0259hsil i\u015f\u00e7isi ad\u0131na layiq g\u00f6r\u00fclm\u00fc\u015fd\u00fcr.<br \/>\nAil\u0259lidir \u00fc\u00e7 \u00f6vlad\u0131 var.<\/p>\n<p><strong>T\u018f<\/strong><strong>HS<\/strong><strong>\u0130<\/strong><strong>L<\/strong><strong>\u0130<\/strong><strong>, ELM<\/strong><strong>\u0130<\/strong><strong> D\u018f<\/strong><strong>R\u018f<\/strong><strong>C\u018f<\/strong><strong> V\u018f<\/strong><strong> ELM<\/strong><strong>\u0130<\/strong><strong> ADLARI<\/strong><\/p>\n<p>1996-c\u0131 ild\u0259 G\u0259nc\u0259 D\u00f6vl\u0259t Universitetinin Biologiya-kimya fak\u00fclt\u0259sini bitirmi\u015fdir. 2003-c\u00fc ild\u0259 Bak\u0131 D\u00f6vl\u0259t Universitetind\u0259 \u201cPedaqoji Universitetl\u0259rd\u0259 kimyan\u0131n t\u0259drisi prosesind\u0259 h\u0259rbi bilikl\u0259rin verilm\u0259si m\u00f6vzusunda dissertasiya m\u00fcdafi\u0259 etmi\u015fdir.<br \/>\n2009-cu ild\u0259 dosent ad\u0131 alm\u0131\u015fd\u0131r.<br \/>\n2014-c\u00fc ild\u0259 qabaqc\u0131l t\u0259hsil i\u015f\u00e7isi d\u00f6\u015f ni\u015fan\u0131 il\u0259 m\u00fckafatland\u0131r\u0131lm\u0131\u015fd\u0131r.<br \/>\n2014-c\u00fc ild\u0259 elml\u0259r doktoru proqram\u0131 \u00fczr\u0259 \u201cMis v\u0259 g\u00fcm\u00fc\u015f\u00fcn p2 elementl\u0259rl\u0259 xalkogenidl\u0259rinin v\u0259 onlar \u0259sas\u0131nda \u00e7oxkomponentli funksional materiallar\u0131n al\u0131nmas\u0131n\u0131n fiziki kimy\u0259vi \u0259saslar\u0131n\u0131 i\u015fl\u0259nm\u0259si\u201d m\u00f6vzusunda elmi i\u015f apar\u0131r.<\/p>\n<p><strong>\u018fM\u018fK F\u018fAL<\/strong><strong>\u0130<\/strong><strong>YY\u018fT<\/strong><strong>\u0130<\/strong><\/p>\n<p>2011-ci ild\u0259n hal-haz\u0131ra kimi Kimya v\u0259 biologiya fak\u00fclt\u0259sinin dekan\u0131d\u0131r.<br \/>\n1996-c\u0131 ild\u0259n hal-haz\u0131rad\u0259k GDU-nin, Kimya kafedras\u0131nda \u00e7al\u0131\u015f\u0131r.<br \/>\nT\u0259dris etdiyi f\u0259nl\u0259r: \u00dcmumi kimya, Qeyri \u00fczvi kimuya, Kimy\u0259vi material\u015f\u00fcnasl\u0131q<br \/>\n90-dan \u00e7ox m\u0259qal\u0259, bir sertifikat, 2 d\u0259rslik v\u0259 1 monoqrafiya m\u00fc\u0259llifidir. 20 magistr\u0259 r\u0259hb\u0259rlik edib.<\/p>\n<p><strong>T\u018fDQ<\/strong><strong>\u0130<\/strong><strong>QAT SAH\u018fS<\/strong><strong>\u0130<\/strong><\/p>\n<p>Mis v\u0259 g\u00fcm\u00fc\u015f\u00fcn \u0259m\u0259l\u0259 g\u0259tirdiyi funksional materiallar\u0131n al\u0131nmas\u0131n\u0131n fiziki-kimy\u0259vi \u0259saslar\u0131n\u0131n i\u015fl\u0259nm\u0259si.<\/p>\n<p><strong>BEYN\u018fLXALQ SEM<\/strong><strong>\u0130<\/strong><strong>NAR, S<\/strong><strong>\u0130<\/strong><strong>MPOZ<\/strong><strong>\u0130<\/strong><strong>UM V\u018f KONFRASLARDA <\/strong><strong>\u0130<\/strong><strong>\u015eT<\/strong><strong>\u0130<\/strong><strong>RAKI (\u00c7AP OLUNAN M\u018fQAL\u018fL\u018fR<\/strong><strong>\u0130<\/strong><strong>)\u00a0<\/strong><\/p>\n<p>\u2022 2007, Almatada \u201c\u0130mpakt of pollutions on animal and animal produkts, Ksp.Eap.Arw\u201d 982944.2008<br \/>\n\u2022 2012, \u201c\u0424\u0443\u043d\u0434\u0430\u043c\u0435\u043d\u0442\u0430\u043b\u044c\u043d\u044b\u0435 \u043f\u0440\u043e\u0431\u043b\u0435\u043c\u044b \u0438\u043e\u043d\u0438\u043a\u0438 \u0442\u0432\u0435\u0440\u0434\u043e\u0433\u043e \u0442\u0435\u043b\u0430,\u0427\u0435\u0440\u043d\u043e\u0433\u043e\u043b\u043e\u0432\u043a\u0430,2012\u201d<br \/>\n\u2022 2012, \u201c\u0412\u0441\u0435\u0440\u043e\u0441\u0441\u0438\u0439\u0441\u043a\u0430\u044f \u043a\u043e\u043d\u0444\u0435\u0440\u0435\u043d\u0446\u0438\u044f \u0445\u0438\u043c\u0438\u044f \u0442\u0432\u0435\u0440\u0434\u043e\u0433\u043e \u0442\u0435\u043b\u0430 \u0438 \u0444\u0443\u043d\u043a\u0446\u0438\u043e\u043d\u0430\u043b\u044c\u043d\u044b\u0435 \u043c\u0430\u0442\u0435\u0440\u0438\u0430\u043b\u044b,2012, \u0415\u043a\u0430\u0442\u0440\u0438\u043d\u0431\u0443\u0440\u0433.\u201d<br \/>\n\u2022 2012, \u201c\u0412\u0441\u0435\u0440\u043e\u0441\u0441.\u041a\u043e\u043d\u0444.\u00bb \u0421\u043e\u0432\u0440\u0435\u043c\u0435\u043d\u043d\u044b\u0435 \u043f\u0440\u043e\u0431\u043b\u0435\u043c\u044b \u0445\u0438\u043c\u0438\u0447\u0435\u0441\u043a\u043e\u0439 \u043d\u0430\u0443\u043a\u0438 \u0438 \u043e\u0431\u0440\u0430\u0437\u043e\u0432\u0430\u043d\u0438\u044f\u00bb\u0427\u0435\u0431\u043e\u043a\u0441\u0430\u0440\u044b,2012,\u201d<br \/>\n\u2022 2014, \u201c\u0425V \u043d\u0430\u0443\u0447\u043d\u043e-\u0442\u0435\u0445\u043d.\u043a\u043e\u043d\u0444. \u00ab\u041d\u0430\u0443\u043a\u0430\u0435\u043c\u043a\u0438\u0435 \u0445\u0438\u043c\u0438\u0447\u0435\u0441\u043a\u0438\u0435 \u0442\u0435\u0445\u043d\u043e\u043b\u043e\u0433\u0438\u0438 2014,\u00bb\u041c\u043e\u0441\u043a\u0432\u0430,2014\u201d<br \/>\n\u2022 2014, \u201cVIII \u041c\u0435\u0436\u0434\u0443\u043d\u0430\u0440\u043e\u0434\u043d\u043e\u0435 \u043d\u0430\u0443\u0447\u043d\u0430\u044f \u043a\u043e\u043d\u0444\u0440\u0435\u043d\u0446\u0438\u044f \u00ab\u041a\u0438\u043d\u0435\u0442\u0438\u043a\u0430 \u0438 \u043c\u0435\u0445\u0430\u043d\u0438\u0437\u043c \u043a\u0440\u0438\u0441\u0442\u0430\u043b\u043b\u0438\u0437\u0430\u0446\u0438\u0438 \u0432\u0435\u0449\u0435\u0441\u0442\u0432\u0430\u00bb,\u0418\u0432\u0430\u043d,2014,\u0441.141\u201d<br \/>\n2015, \u201cGDU,Muasir biologiya v\u0259 kimyan\u0131n m\u00fcasir probleml\u0259ri G\u0259nc\u0259-2015\u201d<br \/>\n\u2022 2015, \u201c\u0130nternational Conference Applied Mineralogy and Advanced materials. AMAM-2015, Castellaneta Marina, 2015\u201d<br \/>\n\u2022 2015, \u201cXV \u0130nternational Conference on Physics and Technology of Thin Films and Nanosystems (ICPTTFN-XV), Ivano-Frankivsk, Ukraine, 2015, p.337\u201d<br \/>\n\u2022 2015, \u201cXX \u0130nternational Conferenceon Chemical Thermodynamicin Russia, RCCT-2015, Nizhni Novgorod, 2014, p.82\u201d<br \/>\n\u2022 2015, \u201cXV \u0412\u0441\u0435\u0440\u043e\u0441\u0441\u0438\u0439\u0441\u043a\u0430\u044f \u043a\u043e\u043d\u0444\u0435\u0440\u0435\u043d\u0446\u0438\u044f \u00ab\u0412\u044b\u0441\u043e\u043a\u043e\u0447\u0438\u0441\u0442\u044b\u0435 \u0432\u0435\u0449\u0435\u0441\u0442\u0432\u0430 \u0438 \u043c\u0430\u0442\u0435\u0440\u0438\u0430\u043b\u044b. \u041f\u043e\u043b\u0443\u0447\u0435\u043d\u0438\u0435, \u0430\u043d\u0430\u043b\u0438\u0437, \u043f\u0440\u0438\u043c\u0435\u043d\u0435\u043d\u0438\u0435\u00bb, \u041d\u0438\u0436\u043d\u0438\u0439 \u041d\u043e\u0432\u0433\u043e\u0440\u043e\u0434, 2015, \u0441.116\u201d<br \/>\n\u2022 2015, \u201c\u041c\u0435\u0436\u0434\u0443\u043d\u0430\u0440\u043e\u0434\u043d\u0430\u044f \u043d\u0430\u0443\u0447\u043d\u0430\u044f \u043a\u043e\u043d\u0444\u0435\u0440\u0435\u043d\u0446\u0438\u044f \u00ab\u041f\u043e\u043b\u0438\u0444\u0443\u043d\u043a\u0446\u0438\u043e\u043d\u0430\u043b\u044c\u043d\u044b\u0435 \u0445\u0438\u043c\u0438\u0447\u0435\u0441\u043a\u0438\u0435 \u043c\u0430\u0442\u0435\u0440\u0438\u0430\u043b\u044b \u0438 \u0442\u0435\u0445\u043d\u043e\u043b\u043e\u0433\u0438\u0438\u00bb, \u0433.\u0422\u043e\u043c\u0441\u043a, \u0420\u043e\u0441\u0441\u0438\u044f, 2015, \u0442.1., \u0441.216\u201d<br \/>\n\u2022 2015, \u201cVII \u041d\u0430\u0443\u0447\u043d\u043e-\u043f\u0440\u0430\u043a\u0442\u0438\u0447\u0435\u0441\u043a\u0430\u044f \u043a\u043e\u043d\u0444\u0435\u0440\u0435\u043d\u0446\u0438\u044f \u00ab\u0421\u043e\u0432\u0440\u0435\u043c\u0435\u043d\u043d\u044b\u0435 \u043c\u0435\u0442\u043e\u0434\u044b \u0432 \u0442\u0435\u043e\u0440\u0435\u0442\u0438\u0447\u0435\u0441\u043a\u043e\u0439 \u0438 \u044d\u043a\u0441\u043f\u0435\u0440\u0438\u043c\u0435\u043d\u0442\u0430\u043b\u044c\u043d\u043e\u0439 \u044d\u043b\u0435\u043a\u0442\u0440\u043e\u0445\u0438\u043c\u0438\u0438\u00bb, 201 5, \u0439. \u041f\u043b\u0435\u0441, \u0418\u0432\u0430\u043d\u043e\u0432\u0441\u043a\u0430\u044f \u043e\u0431\u043b\u0430\u0441\u0442\u044c, \u0420\u043e\u0441\u0441\u0438\u044f, \u0441.205\u201d<br \/>\n\u2022 2015, \u201cVII \u0412\u0441\u0435\u0440\u043e\u0441. \u041a\u043e\u043d\u0444. \u00ab\u0444\u0438\u0437\u0438\u043a\u043e\u0445\u0438\u043c\u0438\u0447\u0435\u0441\u043a\u0438\u0435 \u043f\u0440\u043e\u0446\u0435\u0441\u0441\u044b \u0432 \u043a\u043e\u043d\u0434\u0435\u043d\u0441\u0438\u0440\u043e\u0432\u0430\u043d\u043d\u044b\u0445 \u0441\u0440\u0435\u0434\u0430\u0445 \u0438 \u043d\u0430 \u043c\u0435\u0436\u0444\u0430\u0437\u043d\u044b\u0445 \u0433\u0440\u0430\u043d\u0438\u0446\u0430\u0445-\u0424\u0410\u0413\u0420\u0410\u041d-2015\u00bb, \u0412\u043e\u0440\u043e\u043d\u0435\u0436, 2015, \u0441 337\u201d<\/p>\n<p><strong>SE\u00c7<\/strong><strong>\u0130<\/strong><strong>LM<\/strong><strong>\u0130<\/strong><strong>\u015e \u018fS\u018fRL\u018fR<\/strong><strong>\u0130<\/strong><\/p>\n<p>\u2022 \u0130.C.Alverdiyev. G\u0259ncl\u0259rin h\u0259rbi v\u0259t\u0259np\u0259rv\u0259rlik t\u0259rbiy\u0259si\u00abAz\u0259rbaycan dili v\u0259 \u0259d\u0259biyyat\u0131 t\u0259drisi\u00bb. Elmi \u2013 metodik jurnal, \u21161, 2001<br \/>\n\u2022 \u0130.C.Alverdiyev . H\u0259rbid\u0259 istifad\u0259 olunan kimy\u0259vi madd\u0259l\u0259r haqq\u0131nda ilk anlay\u0131\u015f \u00abKimya m\u0259kt\u0259bd\u0259\u00bb elmi n\u0259z\u0259ri v\u0259 metodik m\u0259cm\u00fc\u0259 \u21165 Bak\u0131 2004<br \/>\n\u2022 \u0415.\u0410.\u041c\u044f\u043c\u043c\u044f\u0434\u043e\u0432, \u0418.\u0414\u0436. \u0410\u043b\u0432\u0435\u0440\u0434\u0438\u0435\u0432 \u0418\u043c\u043f\u0430\u043a\u0442 \u043e\u0444 \u0441\u043e\u043c\u0435 \u043c\u0438\u043a\u0440\u043e\u043b\u0435\u043c\u0435\u043d\u0442\u0441 \u043e\u043d \u0430\u043d\u0438\u043c\u0430\u043b \u0449\u0435\u0430\u043b\u0442\u0449 \u0430\u043d\u0434 \u043f\u0435\u0440\u0444\u043e\u043c\u0430\u043d\u0436\u0435\u0441 \u0438\u043d \u0410\u0437\u0435\u0440\u0431\u0430\u0439\u0436\u0430\u043d \u0418\u043c\u043f\u0430\u043a\u0442 \u043e\u0444 \u043f\u043e\u043b\u043b\u0443\u0442\u0438\u043e\u043d\u0441 \u043e\u043d \u0430\u043d\u0438\u043c\u0430\u043b \u0430\u043d\u0434 \u0430\u043d\u0438\u043c\u0430\u043b \u043f\u0440\u043e\u0434\u0443\u043a\u0442\u0441, \u041a\u0441\u043f.\u0415\u0430\u043f.\u0410\u0440W. 982944. 2008<br \/>\n\u2022 \u0130.C.Alverdiyev. Q.B.Qurbanov, B.S.M\u0259mm\u0259dov, S.R.M\u0259rdanova, R.B.H\u0259s\u0259nova Az\u0259rbaycan\u0131n da\u011f m\u0259d\u0259nl\u0259rind\u0259 q\u0131z\u0131l\u0131n m\u00fcasir \u00fcsullarla al\u0131nmas\u0131 v\u0259 t\u0259yini \u00fcsullar\u0131GDU-nin Elmi \u0259s\u0259rl\u0259ri, \u211639 G\u0259nc\u0259-2010<br \/>\n\u2022 S.Baqheri, Z.\u018fliyeva, Y.Yusibov . \u0130.C.Alverdiyev. \u0424\u0430\u0437\u043e\u0432\u044b\u0435 \u0440\u0430\u0432\u043d\u043e\u0432\u0435\u0441\u044f \u043a\u0432\u0430\u0437\u0438\u0442\u0440\u043e\u0439\u043d\u043e\u0439 \u0441\u0438\u0441\u0442\u0435\u043c\u0435 \u0410g8SeS6-Ag8SnS6\u041c\u0435\u0436\u0434\u0443\u043d\u0430\u0440\u043e\u0434\u043d\u044b\u0439 \u0436\u0443\u0440\u043d\u0430\u043b \u043f\u0440\u0438\u043a\u043b\u0430\u0434\u043d\u044b\u0445 \u0438 \u0444\u0443\u043d\u0434\u0430\u043c\u0435\u043d\u0442\u0430\u043b\u044c\u043d\u044b\u0445 \u0438\u0441\u0441\u043b\u0435\u0434\u043e\u0432\u0430\u043d\u0438\u0439,\u0420\u0410\u0415,2014,\u04472,\u0441.45-51<br \/>\n\u2022 Yusibov Y.A, Abbasova V.A., Alverdiyev \u0130.J, Babanly M.B, Mashadieva L.F \u0130nvestigation of phase transitions and thermodynamic properties of Ag 8BIVX6 (BIV \u2013Ge, Sn, X-S Se) by EMF and DSC methods, XX \u0130nternational Conferenceon Chemical Thermodynamicin Russia, RCCT-2015, Nizhni Novgorod, 2014, p.82<br \/>\n\u2022 \u0410\u043b\u0432\u0435\u0440\u0434\u0438\u0435\u0432 \u0418.\u0414\u0436, \u042e\u0441\u0438\u0431\u043e\u0432 \u042e.\u0410, \u0411\u0430\u0431\u0430\u043d\u043b\u044b \u041c.\u0411, \u0413\u0443\u0441\u0435\u0439\u043d\u043e\u0432 \u0413.\u041c, \u0410\u0431\u0431\u0430\u0441\u043e\u0432\u0430 \u0412.\u0410 \u041d\u043e\u0432\u044b\u0435 \u0444\u0430\u0437\u044b \u043f\u0435\u0440\u0435\u043c\u0435\u043d\u043d\u043e\u0433\u043e \u0441\u043e\u0441\u0442\u0430\u0432\u0430 \u0432 \u0441\u0438\u0441\u0442\u0435\u043c\u0435 Cu-Ag-Ge-S \u041c\u0435\u0436\u0434\u0443\u043d\u0430\u0440\u043e\u0434\u043d\u0430\u044f \u043d\u0430\u0443\u0447\u043d\u0430\u044f \u043a\u043e\u043d\u0444\u0435\u0440\u0435\u043d\u0446\u0438\u044f \u00ab\u041f\u043e\u043b\u0438\u0444\u0443\u043d\u043a\u0446\u0438\u043e\u043d\u0430\u043b\u044c\u043d\u044b\u0435 \u0445\u0438\u043c\u0438\u0447\u0435\u0441\u043a\u0438\u0435 \u043c\u0430\u0442\u0435\u0440\u0438\u0430\u043b\u044b \u0438 \u0442\u0435\u0445\u043d\u043e\u043b\u043e\u0433\u0438\u0438\u00bb, \u0433.\u0422\u043e\u043c\u0441\u043a, \u0420\u043e\u0441\u0441\u0438\u044f, 2015, \u0442.1., \u0441.216<br \/>\n\u2022 \u0410\u043b\u0432\u0435\u0440\u0434\u0438\u0435\u0432 \u0418.\u0414\u0436, \u0410\u0431\u0431\u0430\u0441\u043e\u0432\u0430 \u0412.\u0410, \u042e\u0441\u0438\u0431\u043e\u0432 \u042e.\u0410, \u0411\u0430\u0431\u0430\u043d\u043b\u044b \u041c.\u0411,\u042d\u043b\u0435\u043a\u0442\u0440\u043e\u0445\u0438\u043c\u0438\u0447\u0435\u0441\u043a\u043e\u0435 \u0438\u0441\u0441\u043b\u0435\u0434\u043e\u0432\u0430\u043d\u0438\u0435 \u0442\u0435\u0440\u043c\u043e\u0434\u0438\u043d\u0430\u043c\u0438\u0447\u0435\u0441\u043a\u0438\u0445 \u0441\u0432\u043e\u0439\u0441\u0442\u0432 \u0441\u0438\u0441\u0442\u0435\u043c\u044b Cu8GeS6-Ag8 GeS6 , VII \u041d\u0430\u0443\u0447\u043d\u043e-\u043f\u0440\u0430\u043a\u0442\u0438\u0447\u0435\u0441\u043a\u0430\u044f \u043a\u043e\u043d\u0444\u0435\u0440\u0435\u043d\u0446\u0438\u044f \u00ab\u0421\u043e\u0432\u0440\u0435\u043c\u0435\u043d\u043d\u044b\u0435 \u043c\u0435\u0442\u043e\u0434\u044b \u0432 \u0442\u0435\u043e\u0440\u0435\u0442\u0438\u0447\u0435\u0441\u043a\u043e\u0439 \u0438 \u044d\u043a\u0441\u043f\u0435\u0440\u0438\u043c\u0435\u043d\u0442\u0430\u043b\u044c\u043d\u043e\u0439 \u044d\u043b\u0435\u043a\u0442\u0440\u043e\u0445\u0438\u043c\u0438\u0438\u00bb, 201 5, \u0439. \u041f\u043b\u0435\u0441, \u0418\u0432\u0430\u043d\u043e\u0432\u0441\u043a\u0430\u044f \u043e\u0431\u043b\u0430\u0441\u0442\u044c, \u0420\u043e\u0441\u0441\u0438\u044f, \u0441.205<br \/>\n\u2022 Yusibov Y.A, Abbasova V.A., Alverdiyev \u0130.J, Babanly M.B, Gahramanova A.S Crystallization and phase transition of solid solutions based on the Cu 8GeX6 \u2013Ag8 GeX6 (X-S, Se) systemsXV \u0130nternational Conference on Physics and Technology of Thin Films and Nanosystems (ICPTTFN-XV), Ivano-Frankivsk, Ukraine, 2015, p.337<br \/>\n\u2022 Yusibov Y.\u018f., Abbasova V.A., Alverdiyev \u0130.J, Babanly M.B Phase equilibria in the Cu2Se-Ag2Se-GeSe2 system and some properties of intermediate phase\u0130nternational Conference Applied Mineralogy and Advanced materials. AMAM-2015, Castellaneta Marina, 2015<\/p>\n<p><strong>K<\/strong><strong>\u0130<\/strong><strong>TABLAR<\/strong><\/p>\n<p>\u2022 Pedaqoji universitetl\u0259rd\u0259 qeyri-\u00fczvi v\u0259 \u00fczvi kimyan\u0131n t\u0259drisi prosesind\u0259 t\u0259l\u0259b\u0259l\u0259r\u0259 h\u0259rbi bilikl\u0259rin \u00f6yr\u0259dilm\u0259si yollar\u0131, Bak\u0131, \u00abMaarif\u00bb n\u0259\u015friyyat\u0131, 2000<br \/>\n\u2022 Kimyadan m\u00fcst\u0259qil i\u015fl\u0259rin t\u0259\u015fkili prosesind\u0259 t\u0259l\u0259b\u0259l\u0259rd\u0259 h\u0259rbi v\u0259t\u0259np\u0259rv\u0259rlik hissl\u0259rinin a\u015f\u0131lanmas\u0131 \u00abG\u0259nc\u0259 polyaqrafiya\u00bb G\u0259nc\u0259, 2008<br \/>\n\u2022 Qeyri-\u00fczvi kimyada x\u0259lit\u0259l\u0259r, GDU-nun n\u0259\u015friyyat\u0131 G\u0259nc\u0259-2009<br \/>\n\u2022 Qeyri-\u00fczvi madd\u0259l\u0259rin elektrik ke\u00e7iriciliyi, GDU-nun n\u0259\u015friyyat\u0131 G\u0259nc\u0259-2009<\/p>\n<p>\u2022 \u00dcmumi v\u0259 qeyri-\u00fczvi kimya praktikumu. D\u0259rs v\u0259saiti. Bak\u0131. \u201cElm\u201d, 2025-312 s\u0259h.<\/p>\n<p>\u2022 \u201cMis v\u0259 g\u00fcm\u00fc\u015f\u00fcn D\u00f6vri Sistemin 14-c\u00fc qrup elementl\u0259ri il\u0259 xalkogenidl\u0259ri v\u0259 onlar \u0259sas\u0131nda \u00e7oxkomponentli fazalar\u201d. Monoqrafiya. Bak\u0131. \u201cElm\u201d, 2025<\/p>\n","protected":false},"excerpt":{"rendered":"<p>Kimya elml\u0259ri doktoru, professor, qabaqc\u0131l t\u0259hsil i\u015f\u00e7isi, Kimya v\u0259 biologiya fak\u00fclt\u0259sinin dekan\u0131 E-mail: ialverdiyev@mail.ru Telefon i\u015f: (022) 256 11 18, 050 660 57 17 QISA B\u0130OQRAF\u0130K M\u018fLUMAT 21noyabr 1973-c\u00fc ild\u0259 G\u0259nc\u0259 \u015f\u0259h\u0259rind\u0259 anadan olub. 1980-1990-c\u0131 ill\u0259rd\u0259 G\u0259nc\u0259 \u015f\u0259h\u0259r Mir C\u0259lal ad\u0131na 39 sayl\u0131 orta m\u0259kt\u0259bind\u0259 t\u0259hsil alm\u0131\u015fd\u0131r. 1991-ci ild\u0259 G\u0259nc\u0259 D\u00f6vl\u0259t Universitetinin Biologiya-kimya ixtisas\u0131na \u0259la [&hellip;]<\/p>\n","protected":false},"author":3,"featured_media":698,"parent":0,"menu_order":0,"comment_status":"closed","ping_status":"closed","template":"","meta":{"footnotes":""},"categories":[42],"tags":[],"_links":{"self":[{"href":"https:\/\/bkf.gdu.edu.az\/index.php?rest_route=\/wp\/v2\/pages\/807"}],"collection":[{"href":"https:\/\/bkf.gdu.edu.az\/index.php?rest_route=\/wp\/v2\/pages"}],"about":[{"href":"https:\/\/bkf.gdu.edu.az\/index.php?rest_route=\/wp\/v2\/types\/page"}],"author":[{"embeddable":true,"href":"https:\/\/bkf.gdu.edu.az\/index.php?rest_route=\/wp\/v2\/users\/3"}],"replies":[{"embeddable":true,"href":"https:\/\/bkf.gdu.edu.az\/index.php?rest_route=%2Fwp%2Fv2%2Fcomments&post=807"}],"version-history":[{"count":3,"href":"https:\/\/bkf.gdu.edu.az\/index.php?rest_route=\/wp\/v2\/pages\/807\/revisions"}],"predecessor-version":[{"id":6652,"href":"https:\/\/bkf.gdu.edu.az\/index.php?rest_route=\/wp\/v2\/pages\/807\/revisions\/6652"}],"wp:featuredmedia":[{"embeddable":true,"href":"https:\/\/bkf.gdu.edu.az\/index.php?rest_route=\/wp\/v2\/media\/698"}],"wp:attachment":[{"href":"https:\/\/bkf.gdu.edu.az\/index.php?rest_route=%2Fwp%2Fv2%2Fmedia&parent=807"}],"wp:term":[{"taxonomy":"category","embeddable":true,"href":"https:\/\/bkf.gdu.edu.az\/index.php?rest_route=%2Fwp%2Fv2%2Fcategories&post=807"},{"taxonomy":"post_tag","embeddable":true,"href":"https:\/\/bkf.gdu.edu.az\/index.php?rest_route=%2Fwp%2Fv2%2Ftags&post=807"}],"curies":[{"name":"wp","href":"https:\/\/api.w.org\/{rel}","templated":true}]}}