{"id":885,"date":"2016-04-07T10:15:46","date_gmt":"2016-04-07T08:15:46","guid":{"rendered":"http:\/\/bkf.gdu.edu.az\/?page_id=885"},"modified":"2024-02-05T15:00:21","modified_gmt":"2024-02-05T13:00:21","slug":"bas-mu%c9%99llim-huseynova-p%c9%99rvan%c9%99-firuddin-qizi","status":"publish","type":"page","link":"https:\/\/bkf.gdu.edu.az\/?page_id=885","title":{"rendered":"dosent \u0259v\u0259zi H\u00dcSEYNOVA P\u018fRVAN\u018f F\u0130RUDD\u0130N QIZI"},"content":{"rendered":"<p><a href=\"http:\/\/bkf.gdu.edu.az\/wp-content\/uploads\/2016\/04\/ba\u015f-m\u00fc\u0259llim-H\u00fcseynova-P\u0259rvan\u0259-Firudin-q\u0131z\u0131.jpg\"><img loading=\"lazy\" decoding=\"async\" class=\"size-full wp-image-5450 alignleft\" src=\"http:\/\/bkf.gdu.edu.az\/wp-content\/uploads\/2024\/02\/pervane.jpg\" alt=\"\" width=\"226\" height=\"317\" \/><\/a><\/p>\n<p style=\"text-align: justify;\"><strong>QISA B\u0130OQRAF\u0130K M\u018fLUMAT<\/strong><br \/>\n1969-cu ild\u0259 G\u0259nc\u0259 \u015f\u0259h\u0259rind\u0259 ziyal\u0131 ail\u0259sind\u0259 anadan olmu\u015fdur. Ail\u0259lidir.<br \/>\nT\u0259hsili:<br \/>\n1993-c\u00fc ild\u0259 AzT\u0130 (indiki Az\u0259rbaycan Texnologiya Universiteti) f\u0259rql\u0259nm\u0259 diplomu il\u0259 bitirmi\u015fdir.<br \/>\nElmi d\u0259r\u0259c\u0259si v\u0259 adlar\u0131<br \/>\nAz\u0259rbaycan Respublikas\u0131 Prezidenti Yan\u0131nda Ali Attestasiya Komissiyas\u0131n\u0131n 18oktyabr 2017- c\u00fc il tarixli ( Pr. \u211626-k) q\u0259rar\u0131 il\u0259 Kimya \u00fczr\u0259 f\u0259ls\u0259f\u0259 doktoru elmi d\u0259r\u0259c\u0259si verilm\u0131\u015fdir.<br \/>\n\u018fM\u018fK F\u018fAL\u0130YY\u018fT\u0130<br \/>\n1995-ci ild\u0259n G\u0259nc\u0259 D\u00f6vl\u0259t Universitetind\u0259 Kimya kafedras\u0131nda ba\u015f laborant.<br \/>\n2001-2003-ci ill\u0259rd\u0259 G\u0259nc\u0259 D\u00f6vl\u0259t Universitetinin Kimya kafedras\u0131nda m\u00fc\u0259llim<br \/>\n2003-2022-cu ill\u0259rd\u0259 G\u0259nc\u0259 D\u00f6vl\u0259t Universitetinin Kimya kafedras\u0131nda ba\u015f m\u00fc\u0259llim<br \/>\n2022-ci ild\u0259n G\u0259nc\u0259 D\u00f6vl\u0259t Universitetinin Kimya kafedras\u0131nda dosent (attestats\u0131z)<br \/>\nT\u0259ltifl\u0259ri<br \/>\nG\u0259nc\u0259 D\u00f6v\u0259ltinin Universitetin 2018-ci il tarixli 2\/45 sayl\u0131 \u0259mri il\u0259 F\u0259xri f\u0259rmanla t\u0259ltif edilmi\u015fdir.<br \/>\nG\u0259nc\u0259 D\u00f6v\u0259ltinin Universitetin 2013-ci il tarixli \u0259mri il\u0259 F\u0259xri f\u0259rmanla t\u0259ltif edilmi\u015fdir.<br \/>\nT\u018fDQ\u0130QAT SAH\u018fS\u0130<br \/>\nKraun efirl\u0259rin enantiomerl\u0259r\u0259 ayr\u0131lmas\u0131 v\u0259 onlar\u0131n oliqomerl\u0259rinin kolonkal\u0131 xromatoqrafiyada t\u0259tbiqiELM\u0130 \u018fS\u018fRL\u018fR\u0130:<br \/>\nPEG-assisted controlled precipitation of calcium hydroxide and calcium carbonate nanostructures for cement reinforcement. Materials Chemistry and Physics. 2021. Vol.271. I\/say\u0131 46282 S\u0259h 1-10<br \/>\nFunctionalization of surgical meshes with antibacterial hybrid Ag@crown nanoparticles. Digest Journal of Nanomaterials and Biostructures. 2022 Vol 17 \u2116 1 say\u0131 24370 S\u0259h.11-19<br \/>\nX\u0440\u043e\u043c\u0430\u0442\u043e\u00ac\u0433\u0440\u0430\u0444\u0438\u0447\u0435\u0441\u043a\u0438\u0439 \u0441\u043f\u043e\u0441\u043e\u0431 \u0432\u044b\u0434\u0435\u043b\u0435\u043d\u0438\u044f \u0445\u0438\u0440\u0430\u043b\u044c\u043d\u043e\u0439 \u0441\u0442\u0440\u0443\u043a\u0442\u0443\u0440\u044b \u0438\u0437 \u0440\u0430\u0446\u0435\u043c\u0438\u0447\u0435\u0441\u043a\u043e\u0439 \u0441\u043c\u0435\u0441\u0438 \u043f\u043e \u043f\u0440\u0438\u043d\u0446\u0438\u043f\u0443 \u00ab\u0433\u043e\u0441\u0442\u044c-\u0445\u043e\u0437\u044f\u0438\u043d\u00bb. \/\/\u042d\u043d\u0446\u0438\u043a\u043e\u043f\u0435\u0434\u0438\u044f \u0418\u043d\u0436\u0435\u043d\u0435\u0440\u0430-\u0425\u0438\u043c\u0438\u043a\u0430 \u2116 2, \u0441.2-4<br \/>\nThe functionalization of magnetite nanoparticles by hydroksyl substituted diazacrown ether, able to mimic natural siderophores, and investigation of their antimicrobial activity.\/\/Juornal of Inclusion Phenomena and Macrocyclyc Chemistry . Vol. 85. Nos. 1-2. June 2016.<br \/>\n\u0420\u0430\u0437\u043d\u043e\u043b\u0438\u0433\u0430\u043d\u0434\u043d\u044b\u0435 \u041a\u043e\u043c\u043f\u043b\u0435\u043a\u0441\u044b \u0412\u043e\u043b\u044c\u0444\u0440\u0430\u043c\u0430(V\u0131) \u0421 \u041f\u0440\u043e\u0438\u0437\u0432\u043e\u0434\u043d\u044b\u043c\u0438 \u041e-\u0413\u0438\u0434\u0440\u043e\u043a\u0441\u0438\u0442\u0438\u043e\u0444\u0435\u043d\u043e\u043b\u0430 \u0418 \u0410\u043c\u0438\u043d\u043e\u0444\u0435\u043d\u043e\u043b\u0430\u043c\u0438 \u0418 \u0418\u0445 \u041f\u0440\u0438\u043c\u0435\u043d\u0435\u043d\u0438\u0435 \u041a \u0410\u043d\u0430\u043b\u0438\u0437\u0443 \u0421\u0442\u0430\u043b\u0438 \u0420\u043e\u0441. \u0445\u0438\u043c. \u0436. . 2023. \u0422. LXVII. \u2116. 1 p.49-56<br \/>\nX\u0440\u043e\u043c\u0430\u0442\u043e\u0433\u0440\u0430\u0444\u0438\u0447\u0435\u0441\u043a\u0438\u0439 \u0441\u043f\u043e\u0441\u043e\u0431 \u0432\u044b\u0434\u0435\u043b\u0435\u043d\u0438\u044f \u0445\u0438\u0440\u0430\u043b\u044c\u043d\u043e\u0439 \u0441\u0442\u0440\u0443\u043a\u0442\u0443\u0440\u044b \u0438\u0437 \u0440\u0430\u0446\u0435\u043c\u0438\u0447\u0435\u0441\u043a\u043e\u0439 \u0441\u043c\u0435\u0441\u0438 \u043f\u043e \u043f\u0440\u0438\u043d\u0446\u0438\u043f\u0443 \u00ab\u0433\u043e\u0441\u0442\u044c-\u0445\u043e\u0437\u044f\u0438\u043d\u00bb \u042d\u043d\u0446\u0438\u043a\u043e\u043f\u0435\u0434\u0438\u044f \u0418\u043d\u0436\u0435\u043d\u0435\u0440\u0430-\u0425\u0438\u043c\u0438\u043a\u0430 \u21162, \u0441.2-4.<br \/>\nBEYN\u018fLXALQ SEM\u0130NAR, S\u0130MPOZ\u0130UM V\u018f KONFRANSLARDA \u0130\u015eT\u0130RAKI<br \/>\nSynthesis and analytical application of crown ether with abjustable structure.Materials of the International Reasearch Practice Conference, March 19th-20th, 2015 Munich, Germany, p.45-47.<br \/>\nSupramolecular assemblies based on macroheterolytic compounds with PLGA and nanoparticles of iron metals and its oksides. \u0423\u0444\u0438\u043c\u0441\u043a\u0438\u0439 \u0433\u043e\u0441\u0443\u0434\u0430\u0440\u0441\u0442\u0432\u0435\u043d\u043d\u044b\u0439 \u043d\u0435\u0444\u0442\u044f\u043d\u043e\u0439 \u0442\u0435\u0445\u043d\u0438\u0447\u0435\u0441\u043a\u0438\u0439 \u0443\u043d\u0438\u0432\u0435\u0440\u0441\u0438\u0442\u0435\u0442. XXXIII \u041c\u0435\u0436\u0434\u0443\u043d\u0430\u0440\u043e\u0434\u043d\u043e\u0439 \u043d\u0430\u0443\u0447\u043d\u043e-\u0442\u0435\u0445\u043d\u0438\u0447\u0435\u0441\u043a\u043e\u0439 \u043a\u043e\u043d\u0444\u0435\u0440\u0435\u043d\u0446\u0438\u0438 \u00ab\u0425\u0438\u043c\u0438\u0447\u0435\u0441\u043a\u0438\u0435 \u0420\u0435\u0430\u043a\u0442\u0438\u0432\u044b, \u0420\u0435\u0430\u0433\u0435\u043d\u0442\u044b \u0418 \u041f\u0440\u043e\u0446\u0435\u0441\u0441\u044b \u041c\u0430\u043b\u043e\u0442\u043e\u043d\u043d\u0430\u0436\u043d\u043e\u0439 \u0425\u0438\u043c\u0438\u0438\u00bb \u0420\u0435\u0430\u043a\u0442\u0438\u0432-2020. \u0423\u0444a \u0130.say\u0131 2923 S\u0259h. 5<br \/>\n\u0421\u0442\u0430\u0431\u0438\u043b\u0438\u0437\u0430\u0446\u0438\u044f \u043d\u0430\u043d\u043e\u0447\u0430\u0441\u0442\u0438\u0446 \u043d\u0438\u043a\u0435\u043b\u044c\u044f \u0438 \u043a\u043e\u0431\u0430\u043b\u044c\u0442\u0430 \u043a\u0440\u0430\u0443\u043d-\u044d\u0444\u0438\u0440\u0430\u043c\u0438 \u043f\u0443\u0442\u0435\u043c \u043a\u043e\u043c\u043f\u043b\u0435\u043a\u0441\u043e\u043e\u0431\u0440\u0430\u0437\u043e\u0432\u0430\u043d\u0438\u044f. Koordinasion birl\u0259\u015fm\u0259l\u0259r kimyas\u0131. V Respublika Elmi konfrans\u0131Bak\u0131,2012. s\u0259h.10-12.<br \/>\n\u0420\u0430\u0437\u0434\u0435\u043b\u0435\u043d\u0438\u0435 \u043e\u043f\u0442\u0438\u0447\u0435\u0441\u043a\u0438\u0445 \u0438\u0437\u043e\u043c\u0435\u0440\u043e\u0432 \u0444\u0438\u0437\u0438\u043e\u043b\u043e\u0433\u0438\u0447\u0435\u0441\u043a\u0438 \u0430\u043a\u0442\u0438\u0432\u043d\u044b\u0445 \u0430\u043c\u0438\u043d\u043e\u0432. Neftkimya \u00fczr\u0259 VII Bak\u0131 Beyn\u0259lxalq Y.M\u0259mm\u0259d\u0259liyev Konfrans\u0131 Bak\u0131, 3-6 oktyabr, 2012 s. 262-263.<br \/>\nUsage of the flurenoxy substituted crown compounds in the allotment of optical isomers Sviridov Readings, 7th International Conference Chemistry and Chemical Education, 7-11 April, 2015 Minsk, Belarus, p.137.<br \/>\n\u0420\u0430\u0437\u0434\u0435\u043b\u0435\u043d\u0438\u0435 \u043e\u043f\u0442\u0438\u0447\u0435\u0441\u043a\u0438\u0445 \u0438\u0437\u043e\u043c\u0435\u0440\u043e\u0432 \u0444\u0438\u0437\u0438\u043e\u043b\u043e\u0433\u0438\u0447\u0435\u0441\u043a\u0438 \u0430\u043a\u0442\u0438\u0432\u043d\u044b\u0445 \u0430\u043c\u0438\u043d\u043e\u0432. Neftkimya \u00fczr\u0259 VII Bak\u0131 Beyn\u0259lxalq Y.M\u0259mm\u0259d\u0259liyev Konfrans\u0131 Bak\u0131, 3-6 oktyabr, 2012 s. 262-263.<br \/>\nK\u0130TABLAR<br \/>\nMiqdari analiz. D\u0259rs v\u0259saiti<br \/>\nV\u0259sfi analiz. D\u0259rs v\u0259saiti<br \/>\nDil bilgil\u0259ri<br \/>\nRus dili, \u0130ngilis dili<br \/>\nPartiyal\u0131\u011f\u0131:<br \/>\n2013-c\u00fc ild\u0259n YAP-\u0131n \u00fczv\u00fcd\u00fcr<\/p>\n","protected":false},"excerpt":{"rendered":"<p>QISA B\u0130OQRAF\u0130K M\u018fLUMAT 1969-cu ild\u0259 G\u0259nc\u0259 \u015f\u0259h\u0259rind\u0259 ziyal\u0131 ail\u0259sind\u0259 anadan olmu\u015fdur. Ail\u0259lidir. T\u0259hsili: 1993-c\u00fc ild\u0259 AzT\u0130 (indiki Az\u0259rbaycan Texnologiya Universiteti) f\u0259rql\u0259nm\u0259 diplomu il\u0259 bitirmi\u015fdir. Elmi d\u0259r\u0259c\u0259si v\u0259 adlar\u0131 Az\u0259rbaycan Respublikas\u0131 Prezidenti Yan\u0131nda Ali Attestasiya Komissiyas\u0131n\u0131n 18oktyabr 2017- c\u00fc il tarixli ( Pr. \u211626-k) q\u0259rar\u0131 il\u0259 Kimya \u00fczr\u0259 f\u0259ls\u0259f\u0259 doktoru elmi d\u0259r\u0259c\u0259si verilm\u0131\u015fdir. \u018fM\u018fK F\u018fAL\u0130YY\u018fT\u0130 1995-ci [&hellip;]<\/p>\n","protected":false},"author":3,"featured_media":5450,"parent":0,"menu_order":0,"comment_status":"closed","ping_status":"closed","template":"","meta":{"footnotes":""},"categories":[24],"tags":[],"_links":{"self":[{"href":"https:\/\/bkf.gdu.edu.az\/index.php?rest_route=\/wp\/v2\/pages\/885"}],"collection":[{"href":"https:\/\/bkf.gdu.edu.az\/index.php?rest_route=\/wp\/v2\/pages"}],"about":[{"href":"https:\/\/bkf.gdu.edu.az\/index.php?rest_route=\/wp\/v2\/types\/page"}],"author":[{"embeddable":true,"href":"https:\/\/bkf.gdu.edu.az\/index.php?rest_route=\/wp\/v2\/users\/3"}],"replies":[{"embeddable":true,"href":"https:\/\/bkf.gdu.edu.az\/index.php?rest_route=%2Fwp%2Fv2%2Fcomments&post=885"}],"version-history":[{"count":5,"href":"https:\/\/bkf.gdu.edu.az\/index.php?rest_route=\/wp\/v2\/pages\/885\/revisions"}],"predecessor-version":[{"id":5455,"href":"https:\/\/bkf.gdu.edu.az\/index.php?rest_route=\/wp\/v2\/pages\/885\/revisions\/5455"}],"wp:featuredmedia":[{"embeddable":true,"href":"https:\/\/bkf.gdu.edu.az\/index.php?rest_route=\/wp\/v2\/media\/5450"}],"wp:attachment":[{"href":"https:\/\/bkf.gdu.edu.az\/index.php?rest_route=%2Fwp%2Fv2%2Fmedia&parent=885"}],"wp:term":[{"taxonomy":"category","embeddable":true,"href":"https:\/\/bkf.gdu.edu.az\/index.php?rest_route=%2Fwp%2Fv2%2Fcategories&post=885"},{"taxonomy":"post_tag","embeddable":true,"href":"https:\/\/bkf.gdu.edu.az\/index.php?rest_route=%2Fwp%2Fv2%2Ftags&post=885"}],"curies":[{"name":"wp","href":"https:\/\/api.w.org\/{rel}","templated":true}]}}