{"id":905,"date":"2016-04-05T13:09:40","date_gmt":"2016-04-05T11:09:40","guid":{"rendered":"http:\/\/bkf.gdu.edu.az\/?page_id=905"},"modified":"2024-02-05T15:05:02","modified_gmt":"2024-02-05T13:05:02","slug":"bas-mu%c9%99llim-k%c9%99s%c9%99m%c9%99nli-x%c9%99yal%c9%99-hamlet-qizi","status":"publish","type":"page","link":"https:\/\/bkf.gdu.edu.az\/?page_id=905","title":{"rendered":"dosent \u0259v\u0259zi K\u018fS\u018fM\u018fNL\u0130 X\u018fYAL\u018f HAMLET QIZI"},"content":{"rendered":"<p><a href=\"http:\/\/bkf.gdu.edu.az\/wp-content\/uploads\/2016\/05\/ba\u015f-m\u00fc\u0259lim-K\u0259s\u0259m\u0259nli-X\u0259yal\u0259-Hamlet-q\u0131z\u0131.jpg\"><img loading=\"lazy\" decoding=\"async\" class=\"alignnone size-full wp-image-5457 alignleft\" src=\"http:\/\/bkf.gdu.edu.az\/wp-content\/uploads\/2024\/02\/k\u0259s\u0259m\u0259nli.jpg\" alt=\"\" width=\"222\" height=\"311\" \/><\/a><\/p>\n<p><strong>QISA B\u0130OQRAF\u0130K M\u018fLUMAT: 29 dekabr 1978-ci ild\u0259 G\u0259nc\u0259 \u015f\u0259h\u0259rind\u0259 ziyal\u0131 ail\u0259sind\u0259 anadan olmu\u015fdur. Ail\u0259lidir, bir \u00f6vlad\u0131 var.<br \/>\nT\u0259hsili:<br \/>\n1996-2000-ci ill\u0259rd\u0259 G\u0259nc\u0259 D\u00f6vl\u0259t Universitetinin Kimya-biologiya fak\u00fclt\u0259sinin Kimya ixtisas\u0131nda t\u0259hsil alaraq f\u0259rql\u0259nm\u0259 diplomu il\u0259 bitirmi\u015fdir.<br \/>\n2000-2002-ci ill\u0259rd\u0259 G\u0259nc\u0259 D\u00f6vl\u0259t Universitetinin \u00dczvi kimya ixtisas\u0131 \u00fczr\u0259 magistratura \u015f\u00f6b\u0259sind\u0259 t\u0259hsil alaraq f\u0259rql\u0259nm\u0259 diplomu il\u0259 bitirmi\u015fdir.<br \/>\nElmi d\u0259r\u0259c\u0259si v\u0259 adlar\u0131:<br \/>\nAz\u0259rbaycan Respublikas\u0131 Prezidenti yan\u0131nda Ali Attestasiya Komissiyas\u0131n\u0131n 15 fevral 2017-ci il tarixli (protokol \u2116 03-k) q\u0259rar\u0131 il\u0259 Kimya \u00fczr\u0259 f\u0259ls\u0259f\u0259 doktoru elmi d\u0259r\u0259c\u0259si verilmi\u015fdir.<br \/>\n\u018fm\u0259k f\u0259aliyy\u0259ti<br \/>\n2002-2011-ci ill\u0259rd\u0259G\u0259nc\u0259 D\u00f6vl\u0259t Universitetinin Kimya kafedras\u0131nda m\u00fc\u0259llim<br \/>\n2011-2022-ci ill\u0259rd\u0259 G\u0259nc\u0259 D\u00f6vl\u0259t Universitetinin Kimya kafedras\u0131nda ba\u015f m\u00fc\u0259llim<br \/>\n2022-ci ild\u0259n hal haz\u0131rad\u0259k G\u0259nc\u0259 D\u00f6vl\u0259t Universitetinin Kimya kafedras\u0131nda dosent (attestats\u0131z)<br \/>\nT\u0259ltifl\u0259ri<br \/>\nG\u0259nc\u0259 D\u00f6vl\u0259t Universitetinin 2017-ci il tarixli \u0259mri il\u0259 F\u0259xri F\u0259rmanla t\u0259ltif edilmi\u015fdir.<br \/>\nCertificat at Training on Student Approach (writing learning outcomes, Applying innovative student teaching, Learning and assessment methods) Baku-2020, 5-9 January<br \/>\nCertificate of Completion, for successfully completing the \u201cMolecule of the Week\u201d Project organized by Azerbaycan Chemical Society. September 3, 2021<br \/>\nCertificat of participation, for presentation \u201c1st \u0130nternational Symposium on Recent Advances in Fundamental and Applied Sciences (\u0130SFAS-2021), 10-12 september, 2021, Turkey<br \/>\nT\u0259dqiqat sah\u0259si<br \/>\nT\u0259rkibind\u0259 azot v\u0259 k\u00fck\u00fcrd saxlayan aromatikv\u0259 heterotsiklik fraqmentli sulfid v\u0259 m\u00fcxt\u0259lif imidazolinl\u0259rin t\u00f6r\u0259m\u0259l\u0259rinin sintezi, \u00e7evrilm\u0259l\u0259ri v\u0259m\u00fcxt\u0259lif markal\u0131 yanacaqlarda t\u0259tbiqinin t\u0259dqiqi<br \/>\nSe\u00e7ilmi\u015f elmi \u0259s\u0259rl\u0259ri1.Azk\u00fck\u00fcrdl\u00fc dizel yanacaqlar\u0131n\u0131n ya\u011flama v\u0259 antistatik xass\u0259l\u0259rinin y\u00fcks\u0259ldilm\u0259si\/\/Az\u0259rbaycan Kimya Jurnal\u0131, \u21161, 2012,s. 13-16<br \/>\n2.\u041f\u043e\u043b\u0443\u0447\u0435\u043d\u0438\u0435 \u0431\u0435\u043d\u0437\u0438\u043d\u043e\u0432 \u043a\u0430\u0442\u0430\u043b\u0438\u0442\u0438\u0447\u0435\u0441\u043a\u043e\u0433\u043e \u043a\u0440\u0435\u043a\u0438\u043d\u0433\u0430 \u043f\u0435\u0440\u0435\u0440\u0430\u0431\u043e\u0442\u043a\u043e\u0439 \u0441\u043c\u0435\u0441\u0438 \u043d\u0435\u0444\u0442\u044f\u043d\u043e\u0433\u043e \u0438 \u0440\u0430\u0441\u0442\u0438\u0442\u0435\u043b\u044c\u043d\u043e\u0433\u043e \u0441\u044b\u0440\u044c\u044f\/\/ \u041d\u0435\u0444\u0442\u0435\u043f\u0435\u0440\u0435\u0440\u0430\u0431\u043e\u0442\u043a\u0430 \u0438 \u043d\u0435\u0444\u0442\u0435\u0445\u0438\u043c\u0438\u044f, \u2116 11, 2012, \u0441. 15-18<br \/>\n3.\u0418\u0441\u043f\u043e\u043b\u044c\u0437\u043e\u0432\u0430\u043d\u0438\u0435 \u0443\u043b\u044c\u0442\u0440\u0430\u0437\u0432\u0443\u043a\u043e\u0432\u043e\u0439 \u043a\u0430\u0432\u0438\u0442\u0430\u0446\u0438\u0438 \u0432 \u0441\u0438\u043d\u0442\u0435\u0437\u0435 \u0430\u043c\u0438\u043d\u043e- \u0438 \u0433\u0438\u0434\u0440\u043e\u043a\u0441\u0438\u044d\u0442\u0438\u043b\u0438\u043c\u0438\u0434\u0430\u0437\u043e\u043b\u0438\u043d\u043e\u0432 \u0436\u0438\u0440\u043d\u044b\u0445 \u043a\u0438\u0441\u043b\u043e\u0442\/\/\u0410\u0432\u0442\u043e\u0433\u0430\u0437\u043e\u0437\u0430\u043f\u0440\u0430\u0432\u043e\u0447\u043d\u044b\u0439 \u043a\u043e\u043c\u043f\u043b\u0435\u043a\u0441 \u0438 \u0430\u043b\u044c\u0442\u0435\u0440\u043d\u0430\u0442\u0438\u0432\u043d\u043e\u0435 \u0442\u043e\u043f\u043b\u0438\u0432\u043e, \u2116 5(86), \u0441.8-12, \u041c\u043e\u0441\u043a\u0432\u0430-2014<br \/>\n4.Hydroxy- and Aminoethyl \u0130midazolines of Cottonseed Oil Fatty Acids as Additives for Diesel Fuels\/\/ Open Journal of Synthesis Theory and Applications, 2015, 4, 33-39. Scirp.org\/journal\/ojsta<br \/>\n5.Synthesis hydroxyethyl imidazolines of nature petroleum acids under the influence of cavitation effect\/\/ Azerbaijan Chemical Journal. No 4, 2020, page 60-64.<br \/>\n6.Application of linear programming methods to inteqrated pest management in walnut plantations of Azerbaijan \/\/ SYLWAN(Thomson Reuters)2019. 163 (1). P.129-136<br \/>\n7.Bitki ya\u011f\u0131 tur\u015fular\u0131n\u0131n imidazolinl\u0259rinin dizel yanacaqlar\u0131n\u0131n ya\u011flama keyfiyy\u0259tin\u0259 t\u0259sirinin t\u0259dqiqi \/\/ Pedaqoji Universitetin x\u0259b\u0259rl\u0259ri, Riyaziyyat v\u0259 t\u0259bi\u0259t elml\u0259ri seriyas\u0131,Bak\u0131 \u015f.2020. C. 68, \u2116 2.<br \/>\nBeyn\u0259lxalq seminar, simpozium v\u0259 konfranslarda i\u015ftirak\u0131:<br \/>\n1.\u041f\u0440\u0438\u0441\u0430\u0434\u043a\u0438\u043a\u0434\u0438\u0437\u0435\u043b\u044c\u043d\u044b\u043c\u0442\u043e\u043f\u043b\u0438\u0432\u0430\u043c\u043d\u0430\u043e\u0441\u043d\u043e\u0432\u0435\u0440\u0430\u0441\u0442\u0438\u0442\u0435\u043b\u044c\u043d\u043e\u0433\u043e\u0441\u044b\u0440\u044c\u044f.\/\/ \u041c\u0435\u0436\u0434\u0443\u043d\u0430\u0440\u043e\u0434\u043d\u044b\u0439 \u043a\u043e\u043d\u0433\u0440\u0435\u0441\u0441 \u00ab\u0411\u0438\u043e\u0442\u043e\u043f\u043b\u0438\u0432\u0430 -2012\u00bb, 17-18 \u0430\u043f\u0440\u0435\u043b\u044f,2012 \u0433\u043e\u0434\u0430, \u041c\u043e\u0441\u043a\u0432\u0430, \u0441.56<br \/>\n2.\u0130mprovement of the lubricating property of hydrotreated diesel fuels.\/\/ Euro-Eco-2012 Hannover, 29-30 November 2012, p.11<br \/>\n3.The study of the effect of individual fatty acids imidazolines on antistatic property of diesel fuels. \/\/ Euro-Eco-2013Hannover, 29-30. November 2013, p.11<br \/>\n4.The Application of imidazolines Synthesized on the Basis of Vegetable Oil Acids as Additives \u0130ncreasing Lubricity of Diesel Fuel.\/\/The 17th \u0130nternational Conference on Petroleum, Mineral Resours and Development.9-11 February, 2014,Cairo, Egypt<br \/>\n5.Synthesis of imidazolines on the basis of natural oil acids and their application as additives to diesel fuel.\/\/ 13th Ibn Sina Iiternational Conference on Pure and Applied Heterocyclic Chemistry, 14-17 february 2015,Hurghada, Egypt<br \/>\nT\u0259bii neft tur\u015fular\u0131n\u0131n hidroksietil imidazolinl\u0259rin dizel yanaca\u011f\u0131n\u0131n ya\u011flama xass\u0259sin\u0259 t\u0259sirinin t\u0259dqiqi.\/\/ \u041c\u0435\u0436\u0434\u0443\u043d\u0430\u0440\u043e\u0434\u043d\u0430\u044f \u043d\u0430\u0443\u0447\u043d\u043e-\u0442\u0435\u0445\u043d\u0438\u0447\u0435\u0441\u043a\u0430\u044f \u043a\u043e\u043d\u0444\u0435\u0440\u0435\u043d\u0446\u0438\u044f \u00ab\u041d\u0435\u0444\u0442\u0435\u0445\u0438\u043c\u0438\u0447\u0435\u0441\u043a\u0438\u0439 \u0441\u0438\u043d\u0442\u0435\u0437 \u0438 \u043a\u0430\u0442\u0430\u043b\u0438\u0437 \u0432 \u0441\u043b\u043e\u0436\u043d\u044b\u0445\u043a\u043e\u043d\u0434\u0435\u043d\u0441\u0438\u0440\u043e\u0432\u0430\u043d\u043d\u044b\u0445 \u0441\u0438\u0441\u0442\u0435\u043c\u0430\u0445\u00bb, \u043f\u043e\u0441\u0432\u044f\u0449\u0435\u043d\u043d\u043e\u0439100-\u043b\u0435\u0442\u043d\u0435\u043c\u0443 \u044e\u0431\u0438\u043b\u0435\u044e \u0430\u043a\u0430\u0434\u0435\u043c\u0438\u043a\u0430 \u0411.\u041a.\u0417\u0435\u0439\u043d\u0430\u043b\u043e\u0432\u0430\u0433.\u0411\u0430\u043a\u0443<br \/>\n7.\u0421\u0438\u043d\u0442\u0435\u0437 \u0430\u043c\u0438\u0434\u043e\u044d\u0442\u0438\u043b\u043e\u0432\u044b\u0445 \u0438\u043c\u0438\u0434\u0430\u0437\u043e\u043b\u0438\u043d\u043e\u0432 \u0436\u0438\u0440\u043d\u044b\u0445 \u043a\u0438\u0441\u043b\u043e\u0442.\/\/\u0410\u043a\u0442\u0443\u0430\u043b\u044c\u043d\u044b\u0435 \u0432\u043e\u043f\u0440\u043e\u0441\u044b \u043d\u0430\u0443\u043a\u0438 \u0438 \u0442\u0435\u0445\u043d\u0438\u043a\u0438\u0421\u0431\u043e\u0440\u043d\u0438\u043a \u043d\u0430\u0443\u0447\u043d\u044b\u0445 \u0442\u0440\u0443\u0434\u043e\u0432 \u043f\u043e \u0438\u0442\u043e\u0433\u0430\u043c\u041c\u0435\u0436\u0434\u0443\u043d\u0430\u0440\u043e\u0434\u043d\u043e\u0439 \u041d\u0430\u0443\u0447\u043d\u043e-\u041f\u0440\u0430\u043a\u0442\u0438\u0447\u0435\u0441\u043a\u043e\u0439 \u041a\u043e\u043d\u0444\u0435\u0440\u0435\u043d\u0446\u0438\u0438\u0433. \u0421\u0430\u043c\u0430\u0440\u0430. \u0412\u044b\u043f\u0443\u0441\u043a VII.11 \u0430\u043f\u0440\u0435\u043b\u044f 2020.\u0441\u0442\u0440.24-28<br \/>\n8.Synthesis of aminoethylimidazolines of fatty acids.\/\/1st\u0130nternational symposium on Recent Advances in Fundamental and Applied Sciences\u0130SFAS-2021 Turkey. 10-12 sentyabr 2021Study of the effect of individual fatty acids amidoethylimidazolines on the antistatic properties of diesel fuel \/\/ Bak\u0131 Ali Neft M\u0259kt\u0259binin (BANM) t\u0259\u015fkilat\u00e7\u0131l\u0131\u011f\u0131 il\u0259 \u00fcmummilli lider Heyd\u0259r \u018fliyevin anadan olmas\u0131n\u0131n 99-cu ild\u00f6n\u00fcm\u00fcn\u0259 h\u0259sr olunmu\u015f \u201cT\u0259l\u0259b\u0259 v\u0259 G\u0259nc T\u0259dqiqat\u00e7\u0131lar\u0131n III Beyn\u0259lxalq Elmi Konfrans\u0131\u201d, S\u0259h.445-446. 18-29 aprel 2022-ci il, Bak\u0131, Az\u0259rbaycan<br \/>\n10.The effect of natural petroleum acids aminoethylimidazolines on the lubrication quality of diesel fuels\/\/Actual Problems of Chemistry\u201d Dedicated to 98th anniversary of National Leader HeydarAliyev. May 25, 26 BAKU \u2013 2021,s\u0259h.126-129.<br \/>\n11.History of development and application of hetaril-containing dyes\/\/ Foundations and Trends in Modern Learning, \u0130nternational Scientific Conference, 12-13 January, 2023. Berlin, Germany.p.110-114.<br \/>\n12.Study of the method of synthesis and properties of ethers adipic acid\/\/ Challenges and Problems of Modern Science, Proceedings of the IV International Scientific and Practical Conference. 09-10 February 2023, p.14-18. London, United Kingdom<br \/>\n13. Application of fatty acid imidazolines as diesel fuel lubricating properties additives \/\/ Research Retrieval and Academic Letters. \u0130nternational Scientific Conference.12-13 May, 2023. Warsaw, Poland<br \/>\nK\u0130TABLAR:<br \/>\n1.\u00dczvi kimyan\u0131n tarixi v\u0259 metodologiyas\u0131. D\u0259rs v\u0259saiti 2021<br \/>\n2.\u00dczvi kimyan\u0131n m\u00fcasir probleml\u0259ri. D\u0259rs v\u0259saiti 2022 Warsaw<br \/>\nDil bilgil\u0259ri:<br \/>\nRus dili, \u0130ngilis dili<br \/>\nPartiyal\u0131l\u0131\u011f\u0131:<br \/>\n2001-ci ild\u0259n YAP-\u0131n \u00fczv\u00fcd\u00fcr<\/strong><\/p>\n","protected":false},"excerpt":{"rendered":"<p>QISA B\u0130OQRAF\u0130K M\u018fLUMAT: 29 dekabr 1978-ci ild\u0259 G\u0259nc\u0259 \u015f\u0259h\u0259rind\u0259 ziyal\u0131 ail\u0259sind\u0259 anadan olmu\u015fdur. Ail\u0259lidir, bir \u00f6vlad\u0131 var. T\u0259hsili: 1996-2000-ci ill\u0259rd\u0259 G\u0259nc\u0259 D\u00f6vl\u0259t Universitetinin Kimya-biologiya fak\u00fclt\u0259sinin Kimya ixtisas\u0131nda t\u0259hsil alaraq f\u0259rql\u0259nm\u0259 diplomu il\u0259 bitirmi\u015fdir. 2000-2002-ci ill\u0259rd\u0259 G\u0259nc\u0259 D\u00f6vl\u0259t Universitetinin \u00dczvi kimya ixtisas\u0131 \u00fczr\u0259 magistratura \u015f\u00f6b\u0259sind\u0259 t\u0259hsil alaraq f\u0259rql\u0259nm\u0259 diplomu il\u0259 bitirmi\u015fdir. Elmi d\u0259r\u0259c\u0259si v\u0259 adlar\u0131: Az\u0259rbaycan [&hellip;]<\/p>\n","protected":false},"author":3,"featured_media":5457,"parent":0,"menu_order":0,"comment_status":"closed","ping_status":"closed","template":"","meta":{"footnotes":""},"categories":[24],"tags":[],"_links":{"self":[{"href":"https:\/\/bkf.gdu.edu.az\/index.php?rest_route=\/wp\/v2\/pages\/905"}],"collection":[{"href":"https:\/\/bkf.gdu.edu.az\/index.php?rest_route=\/wp\/v2\/pages"}],"about":[{"href":"https:\/\/bkf.gdu.edu.az\/index.php?rest_route=\/wp\/v2\/types\/page"}],"author":[{"embeddable":true,"href":"https:\/\/bkf.gdu.edu.az\/index.php?rest_route=\/wp\/v2\/users\/3"}],"replies":[{"embeddable":true,"href":"https:\/\/bkf.gdu.edu.az\/index.php?rest_route=%2Fwp%2Fv2%2Fcomments&post=905"}],"version-history":[{"count":3,"href":"https:\/\/bkf.gdu.edu.az\/index.php?rest_route=\/wp\/v2\/pages\/905\/revisions"}],"predecessor-version":[{"id":5458,"href":"https:\/\/bkf.gdu.edu.az\/index.php?rest_route=\/wp\/v2\/pages\/905\/revisions\/5458"}],"wp:featuredmedia":[{"embeddable":true,"href":"https:\/\/bkf.gdu.edu.az\/index.php?rest_route=\/wp\/v2\/media\/5457"}],"wp:attachment":[{"href":"https:\/\/bkf.gdu.edu.az\/index.php?rest_route=%2Fwp%2Fv2%2Fmedia&parent=905"}],"wp:term":[{"taxonomy":"category","embeddable":true,"href":"https:\/\/bkf.gdu.edu.az\/index.php?rest_route=%2Fwp%2Fv2%2Fcategories&post=905"},{"taxonomy":"post_tag","embeddable":true,"href":"https:\/\/bkf.gdu.edu.az\/index.php?rest_route=%2Fwp%2Fv2%2Ftags&post=905"}],"curies":[{"name":"wp","href":"https:\/\/api.w.org\/{rel}","templated":true}]}}