{"id":910,"date":"2016-04-09T13:58:21","date_gmt":"2016-04-09T11:58:21","guid":{"rendered":"http:\/\/bkf.gdu.edu.az\/?page_id=910"},"modified":"2024-02-05T14:48:06","modified_gmt":"2024-02-05T12:48:06","slug":"bas-mu%c9%99llim-zeynalova-sevinc-vilayy%c9%99t-qizi","status":"publish","type":"page","link":"https:\/\/bkf.gdu.edu.az\/?page_id=910","title":{"rendered":"BA\u015e M\u00dc\u018fLL\u0130M ZEYNALOVA SEV\u0130NC V\u0130LAYY\u018fT QIZI"},"content":{"rendered":"<p><a href=\"http:\/\/bkf.gdu.edu.az\/wp-content\/uploads\/2016\/05\/ba\u015f-m\u00fc\u0259llim-Zeynalova-Sevinc-Vilay\u0259t-q\u0131z\u0131.jpg\"><img loading=\"lazy\" decoding=\"async\" class=\"alignnone size-full wp-image-5444 alignleft\" src=\"http:\/\/bkf.gdu.edu.az\/wp-content\/uploads\/2024\/02\/sevinc.jpg\" alt=\"\" width=\"231\" height=\"324\" \/><\/a><\/p>\n<p><strong>QISA B\u0130OQRAF\u0130K M\u018fLUMAT: 7 fevral 1966-c\u0131 il G\u0259nc\u0259 \u015f\u0259h\u0259rind\u0259 qulluq\u00e7u ail\u0259sind\u0259 anadan olmu\u015fdur. Ail\u0259li deyil.<br \/>\nT\u0259hsili:<br \/>\n1987-1993-ci ild\u0259 S\u0259m\u0259d A\u011famal\u0131o\u011flu ad\u0131na Az\u0259rbaycan K\u0259ndT\u0259s\u0259rr\u00fcfat\u0131 Akademiyas\u0131n\u0131n Baytarl\u0131q T\u0259bab\u0259ti fak\u00fclt\u0259sind\u0259t\u0259hsil alm\u0131\u015fam.<br \/>\n2019 cu ild\u0259n AMEA n\u0131n Botanika institutunun Biokimya \u00fczr\u0259 F\u0259ls\u0259f\u0259 Doktoru elmi d\u0259r\u0259c\u0259si \u00fczr\u0259 dissertant\u0131yam.<br \/>\nElmi d\u0259r\u0259c\u0259si v\u0259 adlar\u0131<br \/>\n\u018fM\u018fK F\u018fAL\u0130YY\u018fT\u0130<br \/>\n1995-1998-ci ill\u0259rd\u0259 H.Z\u0259rdabi adina KDP\u0130-d\u0259 (indiki G\u0259nc\u0259 D\u00f6vl\u0259t Universiteti) saat hesab\u0131 m\u00fc\u0259llim<br \/>\n1998-2001-ci ill\u0259rd\u0259 G\u0259nc\u0259 D\u00f6vl\u0259t Universitetinin Kimya kafdras\u0131nda m\u00fc\u0259llim<br \/>\n2001-2023-cu ill\u0259rd\u0259 G\u0259nc\u0259 D\u00f6vl\u0259t Universitetinin Kimya kafdras\u0131nda ba\u015f m\u00fc\u0259llim<br \/>\nT\u0259ltifl\u0259riG\u0259nc\u0259 D\u00f6v\u0259ltinin Universitetin 2022-c\u00fc il tarixli \u0259mri il\u0259 F\u0259xri f\u0259rmanla t\u0259ltif edilmi\u015fdir.<br \/>\nT\u018fDQ\u0130QAT SAH\u018fS\u0130<br \/>\n&#8220;Centaurea L. cinsinin bezi novlerinin seskveterpen laktonlartntn ve kumarin tdremelerinin tedqiqi\u201d<br \/>\nSE\u00c7\u0130LM\u0130\u015e ELM\u0130 \u018fS\u018fRL\u018fR\u0130:<br \/>\nBEYN\u018fLXALQ SEM\u0130NAR, S\u0130MPOZ\u0130UM V\u018f KONFRANSLARDA \u0130\u015eT\u0130RAKI<br \/>\nKation boyaqlarla boyama prosesinin kimy\u0259vi x\u00fcsusiyy\u0259tl\u0259rinin t\u0259dqiqi.<br \/>\nINVESTIGATION OF FEATURES OF CHEMICAL DYING PROCESS WITH CATHION DYERST\u00fcrkiyy\u0259 \u0421umburiyy\u0259ti 2015.Firat University \u00abJournal of Science\u00bb UDC 516: 121: 633: 86 N.M.\u018fl\u0259kb\u0259rov,S.V.Zeynalova<br \/>\nCentaurea salicifollia bieb.(s\u00f6y\u00fct yarpaq g\u00fcl\u0259v\u0259r) n\u00f6v\u00fcn\u00fcn t\u0259dqiqi v\u0259 antifunqal t\u0259siriM\u00dcAS\u0130R T\u018fB\u0130\u018fT V\u018f \u0130QT\u0130SAD ELML\u018fR\u0130N\u0130N AKTUAL PROBLEML\u018fR\u0130 2021 06-07 MAY(G\u0259nc\u0259)Bey.KonfZeynalova S.V., \u018fl\u0259sg\u0259rova \u018f.N., S\u0259rk\u0259rov S.V.,<br \/>\nCENTAURA SAL\u0130C\u0130FOLL\u0130A BIEB. \u0412\u0418\u0414 (\u0438\u0432\u0430 \u043b\u0438\u0441\u0442\u043e\u0432\u0430\u044f \u0440\u043e\u0437\u0430). \u0411\u0418\u041e\u0425\u0418\u041c\u0418\u0427\u0415\u0421\u041a\u0418\u0415 \u0421\u0412\u041e\u0419\u0421\u0422\u0412\u0410 \u0418 \u0410\u041d\u0422\u0418\u0424\u0423\u041d\u0418\u041a\u0410\u0426\u0418\u042f20 \u0434\u0435\u043a\u0430\u0431\u0440\u044f 2021 \u0433 ( \u041a\u0435\u043c\u0435\u0440\u043e\u0432\u043e) \u0415\u0441\u0442\u0435\u0441\u0442\u0432\u0435\u043d\u043d\u043e\u043d\u0430\u0443\u0447\u043d\u044b\u0439 \u0436\u0443\u0440\u043d\u0430\u043b \u00ab\u0422\u043e\u0447\u043d\u0430\u044f \u043d\u0430\u0443\u043a\u0430\u00bb www.t-nauka.ru<br \/>\nWITH CENTAUREA OVINA, CENTAUREA SALISIFOLIA BIEB LET&#8217;S PREPARE THE FOUNDATION FOR FUTURE DISEASES.INTERNATIONAL SCIENTIFIC JOURNAL\u00abGLOBAL SCIENCE AND INNOVATIONS 2022: CENTRAL ASIA\u00bbNUR-SULTAN, KAZAKHSTAN, APRIL 2022.<br \/>\nCentaureae ovina Pall. ex Willd. (qoyun g\u00fcl\u0259v\u0259ri) n\u00f6v\u00fcn\u00fcn antifunqall\u0131\u011f\u0131n\u0131n t\u0259dqiqi. &#8220;\u015eU\u015eA-QARABA\u011e konfrans&#8221;2022 Bak\u0131<br \/>\nK\u0130TABLAR<br \/>\nBiokimyadan T\u0259cr\u00fcb\u0259 M\u0259\u015f\u011f\u0259l\u0259l\u0259ri- adl\u0131 d\u0259rs v\u0259saiti Az\u0259rbaycan Reaspublikas\u0131 T\u0259hsil Nazirliyi\u0130SB \u21165-8066-1711 Bak\u0131 2008.<br \/>\nDil bilgil\u0259ri:<br \/>\nRus dili, \u0130ngilis dili<br \/>\nPartiyal\u0131\u011f\u0131:<br \/>\n2010-c\u00fc ild\u0259n YAP-\u0131n \u00fczv\u00fcd\u00fcr<\/strong><\/p>\n","protected":false},"excerpt":{"rendered":"<p>QISA B\u0130OQRAF\u0130K M\u018fLUMAT: 7 fevral 1966-c\u0131 il G\u0259nc\u0259 \u015f\u0259h\u0259rind\u0259 qulluq\u00e7u ail\u0259sind\u0259 anadan olmu\u015fdur. Ail\u0259li deyil. T\u0259hsili: 1987-1993-ci ild\u0259 S\u0259m\u0259d A\u011famal\u0131o\u011flu ad\u0131na Az\u0259rbaycan K\u0259ndT\u0259s\u0259rr\u00fcfat\u0131 Akademiyas\u0131n\u0131n Baytarl\u0131q T\u0259bab\u0259ti fak\u00fclt\u0259sind\u0259t\u0259hsil alm\u0131\u015fam. 2019 cu ild\u0259n AMEA n\u0131n Botanika institutunun Biokimya \u00fczr\u0259 F\u0259ls\u0259f\u0259 Doktoru elmi d\u0259r\u0259c\u0259si \u00fczr\u0259 dissertant\u0131yam. Elmi d\u0259r\u0259c\u0259si v\u0259 adlar\u0131 \u018fM\u018fK F\u018fAL\u0130YY\u018fT\u0130 1995-1998-ci ill\u0259rd\u0259 H.Z\u0259rdabi adina KDP\u0130-d\u0259 (indiki [&hellip;]<\/p>\n","protected":false},"author":3,"featured_media":5444,"parent":0,"menu_order":0,"comment_status":"closed","ping_status":"closed","template":"","meta":{"footnotes":""},"categories":[24],"tags":[],"_links":{"self":[{"href":"https:\/\/bkf.gdu.edu.az\/index.php?rest_route=\/wp\/v2\/pages\/910"}],"collection":[{"href":"https:\/\/bkf.gdu.edu.az\/index.php?rest_route=\/wp\/v2\/pages"}],"about":[{"href":"https:\/\/bkf.gdu.edu.az\/index.php?rest_route=\/wp\/v2\/types\/page"}],"author":[{"embeddable":true,"href":"https:\/\/bkf.gdu.edu.az\/index.php?rest_route=\/wp\/v2\/users\/3"}],"replies":[{"embeddable":true,"href":"https:\/\/bkf.gdu.edu.az\/index.php?rest_route=%2Fwp%2Fv2%2Fcomments&post=910"}],"version-history":[{"count":5,"href":"https:\/\/bkf.gdu.edu.az\/index.php?rest_route=\/wp\/v2\/pages\/910\/revisions"}],"predecessor-version":[{"id":5446,"href":"https:\/\/bkf.gdu.edu.az\/index.php?rest_route=\/wp\/v2\/pages\/910\/revisions\/5446"}],"wp:featuredmedia":[{"embeddable":true,"href":"https:\/\/bkf.gdu.edu.az\/index.php?rest_route=\/wp\/v2\/media\/5444"}],"wp:attachment":[{"href":"https:\/\/bkf.gdu.edu.az\/index.php?rest_route=%2Fwp%2Fv2%2Fmedia&parent=910"}],"wp:term":[{"taxonomy":"category","embeddable":true,"href":"https:\/\/bkf.gdu.edu.az\/index.php?rest_route=%2Fwp%2Fv2%2Fcategories&post=910"},{"taxonomy":"post_tag","embeddable":true,"href":"https:\/\/bkf.gdu.edu.az\/index.php?rest_route=%2Fwp%2Fv2%2Ftags&post=910"}],"curies":[{"name":"wp","href":"https:\/\/api.w.org\/{rel}","templated":true}]}}