{"id":916,"date":"2016-04-09T14:11:49","date_gmt":"2016-04-09T12:11:49","guid":{"rendered":"http:\/\/bkf.gdu.edu.az\/?page_id=916"},"modified":"2024-02-05T14:44:58","modified_gmt":"2024-02-05T12:44:58","slug":"bas-mu%c9%99llim-sadiqova-ulviyy%c9%99-eyyub-qizi","status":"publish","type":"page","link":"https:\/\/bkf.gdu.edu.az\/?page_id=916","title":{"rendered":"BA\u015e M\u00dc\u018fLL\u0130M SADIQOVA \u00dcLV\u0130YY\u018f EYYUB QIZI"},"content":{"rendered":"<p style=\"text-align: left;\"><strong><img loading=\"lazy\" decoding=\"async\" class=\"alignnone size-full wp-image-5442\" src=\"http:\/\/bkf.gdu.edu.az\/wp-content\/uploads\/2024\/02\/ulvvviye.jpg\" alt=\"\" width=\"242\" height=\"339\" \/>QISA B\u0130OQRAF\u0130K M\u018fLUMAT:<\/strong><br \/>\n15 avqust 1973-c\u00fc ild\u0259 G\u0259nc\u0259 \u015f\u0259h\u0259rind\u0259 ziyal\u0131 ail\u0259sind\u0259 anadan olmu\u015fdur. Ail\u0259lidir. \u0130ki \u00f6vlad\u0131 var.<br \/>\nT\u0259hsili:<br \/>\n1991-1996-c\u0131 ild\u0259 is\u0259 H.Z\u0259rdabi ad\u0131na G\u0259nc\u0259 D\u00f6vl\u0259t Pedaqoji \u0130nstitutunun (indiki G\u0259nc\u0259 D\u00f6vl\u0259t Universiteti) kimya v\u0259 biologiya ixtisas\u0131n\u0131 f\u0259rql\u0259nm\u0259 diplomu il\u0259 bitirmi\u015fdir<br \/>\n\u018fm\u0259k f\u0259aliyy\u0259ti<br \/>\n1998-2003-ci ill\u0259rd\u0259 G\u0259nc\u0259 D\u00f6vl\u0259t Universitetinin Kimya kafedras\u0131nda m\u00fc\u0259llim<br \/>\n2003-2023-c\u00fc ill\u0259rd\u0259 G\u0259nc\u0259 D\u00f6vl\u0259t Universitetinin Kimya kafedras\u0131nda ba\u015f m\u00fc\u0259llim<br \/>\nT\u0259ltifl\u0259riG\u0259nc\u0259 D\u00f6v\u0259ltinin Universitetin 1 oktyabr 2018- ci il tarixli \u21162\/127 say\u0131l\u0131 \u0259mri il\u0259 t\u0259ltif edilmi\u015fdir.<br \/>\nT\u0259dqiqat sah\u0259si<br \/>\n\u015e\u0259k\u0259rl\u0259in amidofosfit birl\u0259\u015fm\u0259l\u0259rin sintezi v\u0259 t\u0259dqiqi.<br \/>\nElmi \u0259s\u0259rl\u0259ri:<br \/>\nBEYN\u018fLXALQ SEM\u0130NAR, S\u0130MPOZ\u0130UM V\u018f KONFRANSLARDA \u0130\u015eT\u0130RAKI<br \/>\nNorbarnen karbon tur\u015fular\u0131n\u0131n qeyri-simmetrik propilenoksidl\u0259 reaksiyas\u0131. Beyn\u0259lxalq kimya v\u0259 kimya m\u00fch\u0259ndisliyi konfrans. Bak\u0131 s\u0259h.37<br \/>\nK\u0130TABLAR<br \/>\nFiziki v\u0259 kolloid kimya. D\u0259rs v\u0259saiti. 2019<br \/>\nDil bilgil\u0259ri<br \/>\nRus dili<br \/>\nPartiyal\u0131\u011f\u0131:<br \/>\n2003-c\u00fc ild\u0259n YAP-\u0131n \u00fczv\u00fcd\u00fcr.<\/p>\n","protected":false},"excerpt":{"rendered":"<p>QISA B\u0130OQRAF\u0130K M\u018fLUMAT: 15 avqust 1973-c\u00fc ild\u0259 G\u0259nc\u0259 \u015f\u0259h\u0259rind\u0259 ziyal\u0131 ail\u0259sind\u0259 anadan olmu\u015fdur. Ail\u0259lidir. \u0130ki \u00f6vlad\u0131 var. T\u0259hsili: 1991-1996-c\u0131 ild\u0259 is\u0259 H.Z\u0259rdabi ad\u0131na G\u0259nc\u0259 D\u00f6vl\u0259t Pedaqoji \u0130nstitutunun (indiki G\u0259nc\u0259 D\u00f6vl\u0259t Universiteti) kimya v\u0259 biologiya ixtisas\u0131n\u0131 f\u0259rql\u0259nm\u0259 diplomu il\u0259 bitirmi\u015fdir \u018fm\u0259k f\u0259aliyy\u0259ti 1998-2003-ci ill\u0259rd\u0259 G\u0259nc\u0259 D\u00f6vl\u0259t Universitetinin Kimya kafedras\u0131nda m\u00fc\u0259llim 2003-2023-c\u00fc ill\u0259rd\u0259 G\u0259nc\u0259 D\u00f6vl\u0259t Universitetinin Kimya [&hellip;]<\/p>\n","protected":false},"author":3,"featured_media":5442,"parent":0,"menu_order":0,"comment_status":"closed","ping_status":"closed","template":"","meta":{"footnotes":""},"categories":[24],"tags":[],"_links":{"self":[{"href":"https:\/\/bkf.gdu.edu.az\/index.php?rest_route=\/wp\/v2\/pages\/916"}],"collection":[{"href":"https:\/\/bkf.gdu.edu.az\/index.php?rest_route=\/wp\/v2\/pages"}],"about":[{"href":"https:\/\/bkf.gdu.edu.az\/index.php?rest_route=\/wp\/v2\/types\/page"}],"author":[{"embeddable":true,"href":"https:\/\/bkf.gdu.edu.az\/index.php?rest_route=\/wp\/v2\/users\/3"}],"replies":[{"embeddable":true,"href":"https:\/\/bkf.gdu.edu.az\/index.php?rest_route=%2Fwp%2Fv2%2Fcomments&post=916"}],"version-history":[{"count":4,"href":"https:\/\/bkf.gdu.edu.az\/index.php?rest_route=\/wp\/v2\/pages\/916\/revisions"}],"predecessor-version":[{"id":5443,"href":"https:\/\/bkf.gdu.edu.az\/index.php?rest_route=\/wp\/v2\/pages\/916\/revisions\/5443"}],"wp:featuredmedia":[{"embeddable":true,"href":"https:\/\/bkf.gdu.edu.az\/index.php?rest_route=\/wp\/v2\/media\/5442"}],"wp:attachment":[{"href":"https:\/\/bkf.gdu.edu.az\/index.php?rest_route=%2Fwp%2Fv2%2Fmedia&parent=916"}],"wp:term":[{"taxonomy":"category","embeddable":true,"href":"https:\/\/bkf.gdu.edu.az\/index.php?rest_route=%2Fwp%2Fv2%2Fcategories&post=916"},{"taxonomy":"post_tag","embeddable":true,"href":"https:\/\/bkf.gdu.edu.az\/index.php?rest_route=%2Fwp%2Fv2%2Ftags&post=916"}],"curies":[{"name":"wp","href":"https:\/\/api.w.org\/{rel}","templated":true}]}}